{"id":8552,"date":"2026-01-29T14:51:03","date_gmt":"2026-01-29T14:51:03","guid":{"rendered":"https:\/\/turkishtrade.co\/?post_type=product&#038;p=8552"},"modified":"2026-04-09T20:21:42","modified_gmt":"2026-04-09T20:21:42","slug":"mens-classic-black-leather-loafers","status":"publish","type":"product","link":"https:\/\/turkishtrade.co\/fr\/shop\/mens-classic-black-leather-loafers\/","title":{"rendered":"Mocassins classiques en cuir noir pour hommes Garantie | Mocassins classiques en cuir de veau noir pour hommes"},"content":{"rendered":"<p><strong>Mocassins classiques en cuir noir pour hommes<\/strong>. Qualit\u00e9 et design garantis.<\/p>\n<p>Entrez dans une sophistication in\u00e9gal\u00e9e gr\u00e2ce \u00e0 nos magnifiques <strong>Mocassins classiques en cuir noir pour hommes<\/strong>. Con\u00e7us pour l'homme exigeant, ces mocassins allient parfaitement style intemporel et confort moderne. Fabriqu\u00e9 \u00e0 partir du cuir de veau le plus fin, le dessus pr\u00e9sente une finition lisse et brillante qui en dit long sur la qualit\u00e9 et l'attention port\u00e9e aux d\u00e9tails. Ces mocassins <strong>Mocassins classiques en cuir noir pour hommes<\/strong> sont plus que de simples chaussures, elles sont un investissement dans une \u00e9l\u00e9gance durable.<\/p>\n<h3>Un confort et un savoir-faire in\u00e9gal\u00e9s<\/h3>\n<p>Profitez d'un confort luxueux \u00e0 chaque pas, gr\u00e2ce \u00e0 la doublure en cuir de ch\u00e8vre de premi\u00e8re qualit\u00e9. Cette doublure naturelle et douce assure une bonne respirabilit\u00e9 et une sensation de peluche sur la peau, ce qui rend ces chaussures tr\u00e8s agr\u00e9ables \u00e0 porter. <strong>Mocassins classiques en cuir noir pour hommes<\/strong> id\u00e9al pour un usage prolong\u00e9. La semelle en EVA, robuste mais remarquablement l\u00e9g\u00e8re, offre un excellent amorti et une grande souplesse, absorbant les chocs et garantissant le confort de vos pieds tout au long de la journ\u00e9e. Que vous passiez une journ\u00e9e de travail bien remplie ou que vous profitiez d'une soir\u00e9e d\u00e9contract\u00e9e, ces chaussures sont id\u00e9ales pour vous aider \u00e0 vous sentir \u00e0 l'aise. <strong>Mocassins classiques en cuir noir pour hommes<\/strong> offrent un confort sans compromis sur le style.<\/p>\n<h3>Un style polyvalent pour toutes les occasions<\/h3>\n<p>La couleur noire intemporelle et la silhouette de mocassin classique rendent ces chaussures incroyablement polyvalentes. Elles sont le compl\u00e9ment parfait d'un costume sur mesure pour les r\u00e9unions d'affaires, d'une paire de pantalons pour un look d\u00e9contract\u00e9, ou m\u00eame d'un jean pour un ensemble sophistiqu\u00e9 le week-end. Nos <strong>Mocassins classiques en cuir noir pour hommes<\/strong> sont un \u00e9l\u00e9ment essentiel de la garde-robe, promettant de rehausser n'importe quelle tenue gr\u00e2ce \u00e0 leur \u00e9l\u00e9gance inh\u00e9rente. Disponibles dans une large gamme de tailles europ\u00e9ennes (40, 41, 42, 43 et 44), ces chaussures de qualit\u00e9 sup\u00e9rieure vous permettent de trouver votre bonheur sans effort. <strong>Mocassins classiques en cuir noir pour hommes<\/strong>.<\/p>\n<h3>Opportunit\u00e9 de vente en gros pour les entreprises<\/h3>\n<p>Pour les d\u00e9taillants et les entreprises qui souhaitent proposer des chaussures de haute qualit\u00e9, ces <strong>Mocassins classiques en cuir noir pour hommes<\/strong> sont disponibles \u00e0 l'achat en gros avec une quantit\u00e9 minimum de 8 paires. Nous sommes fiers de fournir des produits de qualit\u00e9 sup\u00e9rieure qui r\u00e9pondent aux normes les plus strictes en mati\u00e8re d'artisanat et de design. Nos <strong>Mocassins classiques en cuir noir pour hommes<\/strong> repr\u00e9sentent un excellent compl\u00e9ment \u00e0 toute collection et s\u00e9duisent les clients qui appr\u00e9cient le luxe, le confort et la mode classique. Faites \u00e9quipe avec nous pour offrir \u00e0 votre client\u00e8le des produits de qualit\u00e9 exceptionnelle. <strong>Mocassins classiques en cuir noir pour hommes<\/strong> qui r\u00e9sistent \u00e0 l'\u00e9preuve du temps et des tendances. Il s'agit de l'ultime <strong>Mocassins classiques en cuir noir pour hommes<\/strong> pour un style sophistiqu\u00e9 et une utilisation pratique.<\/p>","protected":false},"excerpt":{"rendered":"<ul>\n<li>Tige en cuir de veau de premi\u00e8re qualit\u00e9 pour une finition \u00e9l\u00e9gante et durable.<\/li>\n<li>La doublure en cuir de ch\u00e8vre luxueux assure un confort et une respirabilit\u00e9 exceptionnels.<\/li>\n<li>La semelle EVA l\u00e9g\u00e8re et flexible offre un confort tout au long de la journ\u00e9e et une traction fiable.<\/li>\n<li>Mocassins classiques, parfaits pour les occasions formelles et d\u00e9contract\u00e9es.<\/li>\n<li>Disponible dans les tailles EU 40, 41, 42, 43, 44.<\/li>\n<li>Quantit\u00e9 minimale de commande : 8 paires.<\/li>\n<li>Prix de gros disponibles pour les achats en masse.<\/li>\n<\/ul>","protected":false},"featured_media":6773,"template":"","meta":{"_acf_changed":false,"_uag_custom_page_level_css":"","site-sidebar-layout":"default","site-content-layout":"","ast-site-content-layout":"default","site-content-style":"default","site-sidebar-style":"default","ast-global-header-display":"","ast-banner-title-visibility":"","ast-main-header-display":"","ast-hfb-above-header-display":"","ast-hfb-below-header-display":"","ast-hfb-mobile-header-display":"","site-post-title":"","ast-breadcrumbs-content":"","ast-featured-img":"","footer-sml-layout":"","ast-disable-related-posts":"","theme-transparent-header-meta":"","adv-header-id-meta":"","stick-header-meta":"","header-above-stick-meta":"","header-main-stick-meta":"","header-below-stick-meta":"","astra-migrate-meta-layouts":"default","ast-page-background-enabled":"default","ast-page-background-meta":{"desktop":{"background-color":"var(--ast-global-color-4)","background-image":"","background-repeat":"repeat","background-position":"center center","background-size":"auto","background-attachment":"scroll","background-type":"","background-media":"","overlay-type":"","overlay-color":"","overlay-opacity":"","overlay-gradient":""},"tablet":{"background-color":"","background-image":"","background-repeat":"repeat","background-position":"center center","background-size":"auto","background-attachment":"scroll","background-type":"","background-media":"","overlay-type":"","overlay-color":"","overlay-opacity":"","overlay-gradient":""},"mobile":{"background-color":"","background-image":"","background-repeat":"repeat","background-position":"center center","background-size":"auto","background-attachment":"scroll","background-type":"","background-media":"","overlay-type":"","overlay-color":"","overlay-opacity":"","overlay-gradient":""}},"ast-content-background-meta":{"desktop":{"background-color":"var(--ast-global-color-5)","background-image":"","background-repeat":"repeat","background-position":"center center","background-size":"auto","background-attachment":"scroll","background-type":"","background-media":"","overlay-type":"","overlay-color":"","overlay-opacity":"","overlay-gradient":""},"tablet":{"background-color":"var(--ast-global-color-5)","background-image":"","background-repeat":"repeat","background-position":"center center","background-size":"auto","background-attachment":"scroll","background-type":"","background-media":"","overlay-type":"","overlay-color":"","overlay-opacity":"","overlay-gradient":""},"mobile":{"background-color":"var(--ast-global-color-5)","background-image":"","background-repeat":"repeat","background-position":"center center","background-size":"auto","background-attachment":"scroll","background-type":"","background-media":"","overlay-type":"","overlay-color":"","overlay-opacity":"","overlay-gradient":""}}},"product_brand":[],"product_cat":[47,430,1200],"product_tag":[196,202,457,454,438,1249,324,184,210,281],"class_list":{"0":"post-8552","1":"product","2":"type-product","3":"status-publish","4":"has-post-thumbnail","6":"product_cat-classic","7":"product_cat-men","8":"product_cat-mens-shoes-2","9":"product_tag-black-leather-shoes","10":"product_tag-calf-leather","11":"product_tag-classic-loafers","12":"product_tag-elegant-footwear","13":"product_tag-eva-sole","14":"product_tag-goat-lining","15":"product_tag-mens-dress-shoes","16":"product_tag-slip-on-shoes","17":"product_tag-smart-casual","18":"product_tag-wholesale-shoes","19":"desktop-align-center","20":"tablet-align-center","21":"mobile-align-center","23":"first","24":"instock","25":"shipping-taxable","26":"purchasable","27":"product-type-variable","28":"has-default-attributes"},"acf":[],"uagb_featured_image_src":{"full":["https:\/\/turkishtrade.co\/wp-content\/uploads\/2026\/01\/2600QLOMN00019-BLACK.png",453,250,false],"thumbnail":["https:\/\/turkishtrade.co\/wp-content\/uploads\/2026\/01\/2600QLOMN00019-BLACK-150x150.png",150,150,true],"medium":["https:\/\/turkishtrade.co\/wp-content\/uploads\/2026\/01\/2600QLOMN00019-BLACK-300x166.png",300,166,true],"medium_large":["https:\/\/turkishtrade.co\/wp-content\/uploads\/2026\/01\/2600QLOMN00019-BLACK.png",453,250,false],"large":["https:\/\/turkishtrade.co\/wp-content\/uploads\/2026\/01\/2600QLOMN00019-BLACK.png",453,250,false],"1536x1536":["https:\/\/turkishtrade.co\/wp-content\/uploads\/2026\/01\/2600QLOMN00019-BLACK.png",453,250,false],"2048x2048":["https:\/\/turkishtrade.co\/wp-content\/uploads\/2026\/01\/2600QLOMN00019-BLACK.png",453,250,false],"trp-custom-language-flag":["https:\/\/turkishtrade.co\/wp-content\/uploads\/2026\/01\/2600QLOMN00019-BLACK-18x10.png",18,10,true],"woocommerce_thumbnail":["https:\/\/turkishtrade.co\/wp-content\/uploads\/2026\/01\/2600QLOMN00019-BLACK-400x250.png",400,250,true],"woocommerce_single":["https:\/\/turkishtrade.co\/wp-content\/uploads\/2026\/01\/2600QLOMN00019-BLACK.png",453,250,false],"woocommerce_gallery_thumbnail":["https:\/\/turkishtrade.co\/wp-content\/uploads\/2026\/01\/2600QLOMN00019-BLACK-100x100.png",100,100,true]},"uagb_author_info":{"display_name":"python python","author_link":"https:\/\/turkishtrade.co\/fr\/author\/"},"uagb_comment_info":0,"uagb_excerpt":"Premium calf leather upper for a sleek finish and durability. Luxurious goat leather lining ensures exceptional comfort and breathability. Lightweight and flexible EVA sole provides all-day comfort and reliable traction. Classic loafer design, perfect for both formal and smart-casual occasions. Available in EU sizes 40, 41, 42, 43, 44. Minimum order quantity: 8 pairs. Wholesale\u2026","_links":{"self":[{"href":"https:\/\/turkishtrade.co\/fr\/wp-json\/wp\/v2\/product\/8552","targetHints":{"allow":["GET"]}}],"collection":[{"href":"https:\/\/turkishtrade.co\/fr\/wp-json\/wp\/v2\/product"}],"about":[{"href":"https:\/\/turkishtrade.co\/fr\/wp-json\/wp\/v2\/types\/product"}],"wp:featuredmedia":[{"embeddable":true,"href":"https:\/\/turkishtrade.co\/fr\/wp-json\/wp\/v2\/media\/6773"}],"wp:attachment":[{"href":"https:\/\/turkishtrade.co\/fr\/wp-json\/wp\/v2\/media?parent=8552"}],"wp:term":[{"taxonomy":"product_brand","embeddable":true,"href":"https:\/\/turkishtrade.co\/fr\/wp-json\/wp\/v2\/product_brand?post=8552"},{"taxonomy":"product_cat","embeddable":true,"href":"https:\/\/turkishtrade.co\/fr\/wp-json\/wp\/v2\/product_cat?post=8552"},{"taxonomy":"product_tag","embeddable":true,"href":"https:\/\/turkishtrade.co\/fr\/wp-json\/wp\/v2\/product_tag?post=8552"}],"curies":[{"name":"wp","href":"https:\/\/api.w.org\/{rel}","templated":true}]}}