{"id":8534,"date":"2026-01-29T14:50:51","date_gmt":"2026-01-29T14:50:51","guid":{"rendered":"https:\/\/turkishtrade.co\/?post_type=product&#038;p=8534"},"modified":"2026-04-09T20:21:45","modified_gmt":"2026-04-09T20:21:45","slug":"mens-brown-leather-loafers-13","status":"publish","type":"product","link":"https:\/\/turkishtrade.co\/fr\/shop\/mens-brown-leather-loafers-13\/","title":{"rendered":"Mocassins en cuir brun pour hommes Sensational | Mocassins casual en cuir brun pour hommes"},"content":{"rendered":"<p><strong>Mocassins en cuir brun pour hommes<\/strong>. Une qualit\u00e9 et un design sensationnels.<\/p>\n<p>Profitez d'un confort in\u00e9gal\u00e9 et d'un style classique gr\u00e2ce \u00e0 nos produits exquis. <strong>Mocassins en cuir brun pour hommes<\/strong>. Fabriqu\u00e9s en cuir marron v\u00e9ritable de premi\u00e8re qualit\u00e9, ces mocassins sont con\u00e7us pour l'homme moderne qui appr\u00e9cie \u00e0 la fois l'\u00e9l\u00e9gance et la facilit\u00e9 d'utilisation au quotidien. La teinte riche et chaude du marron fait de ces <strong>Mocassins en cuir brun pour hommes<\/strong> incroyablement polyvalentes, elles s'associent facilement \u00e0 tout type de v\u00eatement, des pantalons d\u00e9contract\u00e9s aux jeans pr\u00e9f\u00e9r\u00e9s. Am\u00e9liorez votre collection de chaussures avec ces mod\u00e8les essentiels. <strong>Mocassins en cuir brun pour hommes<\/strong> qui allient parfaitement sophistication et confort pratique.<\/p>\n<h3>Confort et qualit\u00e9 in\u00e9gal\u00e9s dans chaque paire de mocassins en cuir brun pour hommes<\/h3>\n<p>Faites l'exp\u00e9rience d'un confort sup\u00e9rieur \u00e0 chaque pas, gr\u00e2ce \u00e0 la construction r\u00e9fl\u00e9chie de ces chaussures exceptionnelles. <strong>Mocassins en cuir brun pour hommes<\/strong>. L'int\u00e9rieur est dot\u00e9 d'une luxueuse doublure en cuir de ch\u00e8vre, r\u00e9put\u00e9e pour son incroyable douceur et sa respirabilit\u00e9. Cette doublure naturelle \u00e9vacue l'humidit\u00e9, ce qui permet \u00e0 vos pieds de rester au sec et \u00e0 l'aise tout au long de la journ\u00e9e, \u00e9vitant ainsi toute g\u00eane, m\u00eame apr\u00e8s un port prolong\u00e9. Oubliez les chaussures rigides et inflexibles ; notre collection de <strong>Mocassins en cuir brun pour hommes<\/strong> est con\u00e7u pour offrir un ajustement semblable \u00e0 celui d'un gant d\u00e8s le premier port, ce qui en fait un favori instantan\u00e9.<\/p>\n<h3>Technologie innovante de la semelle Eva pour nos mocassins en cuir brun pour hommes<\/h3>\n<p>Le secret de leur confort exceptionnel r\u00e9side dans la semelle Eva, l\u00e9g\u00e8re et flexible. Cette technologie de pointe permet d'absorber les chocs et d'amortir les chocs, r\u00e9duisant ainsi la pression sur les pieds et les articulations. Que vous naviguiez dans les rues anim\u00e9es de la ville ou que vous passiez une journ\u00e9e debout, la semelle Eva offre une base \u00e9lastique et de soutien. Cela fait de nos <strong>Mocassins en cuir brun pour hommes<\/strong> non seulement \u00e9l\u00e9gantes, mais aussi incroyablement pratiques pour un usage quotidien, \u00e9tablissant une nouvelle norme pour le confort des chaussures d\u00e9contract\u00e9es.<\/p>\n<h3>Style intemporel et polyvalence de ces mocassins en cuir marron pour homme<\/h3>\n<p>Orn\u00e9s d'une boucle m\u00e9tallique noire subtile mais distinctive sur l'empeigne, ces mocassins d\u00e9gagent un charme sophistiqu\u00e9. La silhouette classique du penny loafer est rehauss\u00e9e par des surpiq\u00fbres pr\u00e9cises et une finition en cuir de haute qualit\u00e9. Ces mocassins <strong>Mocassins en cuir brun pour hommes<\/strong> sont l'incarnation de l'\u00e9l\u00e9gance d\u00e9contract\u00e9e, parfaites pour un environnement de bureau d\u00e9contract\u00e9, des sorties le week-end ou m\u00eame des soir\u00e9es plus d\u00e9contract\u00e9es. Leur attrait intemporel leur permet de rester un \u00e9l\u00e9ment essentiel de votre garde-robe pour les ann\u00e9es \u00e0 venir, ce qui en fait un investissement judicieux.<\/p>\n<h3>Fabrication durable pour une usure durable avec nos mocassins en cuir marron pour hommes<\/h3>\n<p>Nous croyons en la cr\u00e9ation de chaussures qui r\u00e9sistent \u00e0 l'\u00e9preuve du temps. Chaque paire de nos <strong>Mocassins en cuir brun pour hommes<\/strong> est m\u00e9ticuleusement fabriqu\u00e9e avec le souci du d\u00e9tail, ce qui garantit sa durabilit\u00e9 et sa long\u00e9vit\u00e9. La tige robuste en cuir v\u00e9ritable vieillit magnifiquement, d\u00e9veloppant une patine unique au fil du temps, tandis que la semelle Eva robuste est con\u00e7ue pour r\u00e9sister \u00e0 l'usure quotidienne. Investissez dans une paire de <strong>Mocassins en cuir brun pour hommes<\/strong> qui ne se contente pas d'\u00eatre belle, mais qui offre une qualit\u00e9 durable et des performances fiables.<\/p>\n<h3>Possibilit\u00e9s de vente en gros de nos mocassins en cuir marron de premi\u00e8re qualit\u00e9 pour hommes<\/h3>\n<p>Pour les d\u00e9taillants d\u00e9sireux de proposer des chaussures haut de gamme, nos <strong>Mocassins en cuir brun pour hommes<\/strong> sont disponibles \u00e0 l'achat en gros. Avec une quantit\u00e9 minimale de commande de 8 paires, vous pouvez facilement vous approvisionner en ces mocassins populaires et de haute qualit\u00e9. Contactez-nous d\u00e8s aujourd'hui pour discuter des prix de gros et am\u00e9liorer vos offres de produits avec notre collection exceptionnelle de mocassins. <strong>Mocassins en cuir brun pour hommes<\/strong>.<\/p>","protected":false},"excerpt":{"rendered":"<ul>\n<li>Tige en cuir marron v\u00e9ritable de premi\u00e8re qualit\u00e9 pour une durabilit\u00e9 et un style intemporel.<\/li>\n<li>La doublure en cuir de ch\u00e8vre souple et respirant assure un confort tout au long de la journ\u00e9e.<\/li>\n<li>La semelle Eva, l\u00e9g\u00e8re et flexible, offre un amorti et un soutien sup\u00e9rieurs.<\/li>\n<li>Mocassins classiques et d\u00e9contract\u00e9s avec une \u00e9l\u00e9gante boucle m\u00e9tallique noire.<\/li>\n<li>Disponible en tailles europ\u00e9ennes 40, 41, 42, 43, 44.<\/li>\n<li>Possibilit\u00e9 de vente en gros avec une commande minimum de 8 paires.<\/li>\n<\/ul>","protected":false},"featured_media":6723,"template":"","meta":{"_acf_changed":false,"_uag_custom_page_level_css":"","site-sidebar-layout":"default","site-content-layout":"","ast-site-content-layout":"default","site-content-style":"default","site-sidebar-style":"default","ast-global-header-display":"","ast-banner-title-visibility":"","ast-main-header-display":"","ast-hfb-above-header-display":"","ast-hfb-below-header-display":"","ast-hfb-mobile-header-display":"","site-post-title":"","ast-breadcrumbs-content":"","ast-featured-img":"","footer-sml-layout":"","ast-disable-related-posts":"","theme-transparent-header-meta":"","adv-header-id-meta":"","stick-header-meta":"","header-above-stick-meta":"","header-main-stick-meta":"","header-below-stick-meta":"","astra-migrate-meta-layouts":"default","ast-page-background-enabled":"default","ast-page-background-meta":{"desktop":{"background-color":"var(--ast-global-color-4)","background-image":"","background-repeat":"repeat","background-position":"center center","background-size":"auto","background-attachment":"scroll","background-type":"","background-media":"","overlay-type":"","overlay-color":"","overlay-opacity":"","overlay-gradient":""},"tablet":{"background-color":"","background-image":"","background-repeat":"repeat","background-position":"center center","background-size":"auto","background-attachment":"scroll","background-type":"","background-media":"","overlay-type":"","overlay-color":"","overlay-opacity":"","overlay-gradient":""},"mobile":{"background-color":"","background-image":"","background-repeat":"repeat","background-position":"center center","background-size":"auto","background-attachment":"scroll","background-type":"","background-media":"","overlay-type":"","overlay-color":"","overlay-opacity":"","overlay-gradient":""}},"ast-content-background-meta":{"desktop":{"background-color":"var(--ast-global-color-5)","background-image":"","background-repeat":"repeat","background-position":"center center","background-size":"auto","background-attachment":"scroll","background-type":"","background-media":"","overlay-type":"","overlay-color":"","overlay-opacity":"","overlay-gradient":""},"tablet":{"background-color":"var(--ast-global-color-5)","background-image":"","background-repeat":"repeat","background-position":"center center","background-size":"auto","background-attachment":"scroll","background-type":"","background-media":"","overlay-type":"","overlay-color":"","overlay-opacity":"","overlay-gradient":""},"mobile":{"background-color":"var(--ast-global-color-5)","background-image":"","background-repeat":"repeat","background-position":"center center","background-size":"auto","background-attachment":"scroll","background-type":"","background-media":"","overlay-type":"","overlay-color":"","overlay-opacity":"","overlay-gradient":""}}},"product_brand":[],"product_cat":[48,49,430,1200],"product_tag":[147,512,220,287,189,286,1155,546,255,456],"class_list":{"0":"post-8534","1":"product","2":"type-product","3":"status-publish","4":"has-post-thumbnail","6":"product_cat-casual","7":"product_cat-loafer","8":"product_cat-men","9":"product_cat-mens-shoes-2","10":"product_tag-brown-loafers","11":"product_tag-casual-loafers","12":"product_tag-comfortable-loafers","13":"product_tag-eva-sole-shoes","14":"product_tag-goat-leather-lining","15":"product_tag-mens-leather-shoes","16":"product_tag-slip-on-loafers","17":"product_tag-stylish-mens-shoes","18":"product_tag-turkish-leather-shoes","19":"product_tag-wholesale-loafers","20":"desktop-align-center","21":"tablet-align-center","22":"mobile-align-center","24":"first","25":"instock","26":"shipping-taxable","27":"purchasable","28":"product-type-variable","29":"has-default-attributes"},"acf":[],"uagb_featured_image_src":{"full":["https:\/\/turkishtrade.co\/wp-content\/uploads\/2026\/01\/2600QLOMN00018-BROWN.png",453,250,false],"thumbnail":["https:\/\/turkishtrade.co\/wp-content\/uploads\/2026\/01\/2600QLOMN00018-BROWN-150x150.png",150,150,true],"medium":["https:\/\/turkishtrade.co\/wp-content\/uploads\/2026\/01\/2600QLOMN00018-BROWN-300x166.png",300,166,true],"medium_large":["https:\/\/turkishtrade.co\/wp-content\/uploads\/2026\/01\/2600QLOMN00018-BROWN.png",453,250,false],"large":["https:\/\/turkishtrade.co\/wp-content\/uploads\/2026\/01\/2600QLOMN00018-BROWN.png",453,250,false],"1536x1536":["https:\/\/turkishtrade.co\/wp-content\/uploads\/2026\/01\/2600QLOMN00018-BROWN.png",453,250,false],"2048x2048":["https:\/\/turkishtrade.co\/wp-content\/uploads\/2026\/01\/2600QLOMN00018-BROWN.png",453,250,false],"trp-custom-language-flag":["https:\/\/turkishtrade.co\/wp-content\/uploads\/2026\/01\/2600QLOMN00018-BROWN-18x10.png",18,10,true],"woocommerce_thumbnail":["https:\/\/turkishtrade.co\/wp-content\/uploads\/2026\/01\/2600QLOMN00018-BROWN-400x250.png",400,250,true],"woocommerce_single":["https:\/\/turkishtrade.co\/wp-content\/uploads\/2026\/01\/2600QLOMN00018-BROWN.png",453,250,false],"woocommerce_gallery_thumbnail":["https:\/\/turkishtrade.co\/wp-content\/uploads\/2026\/01\/2600QLOMN00018-BROWN-100x100.png",100,100,true]},"uagb_author_info":{"display_name":"python python","author_link":"https:\/\/turkishtrade.co\/fr\/author\/"},"uagb_comment_info":0,"uagb_excerpt":"Premium genuine brown leather upper for durability and timeless style. Soft and breathable goat leather lining ensures all-day comfort. Lightweight and flexible Eva sole provides superior cushioning and support. Classic casual loafer design with elegant black metallic buckle detail. Available in men's European sizes 40, 41, 42, 43, 44. Wholesale opportunities available with a minimum\u2026","_links":{"self":[{"href":"https:\/\/turkishtrade.co\/fr\/wp-json\/wp\/v2\/product\/8534","targetHints":{"allow":["GET"]}}],"collection":[{"href":"https:\/\/turkishtrade.co\/fr\/wp-json\/wp\/v2\/product"}],"about":[{"href":"https:\/\/turkishtrade.co\/fr\/wp-json\/wp\/v2\/types\/product"}],"wp:featuredmedia":[{"embeddable":true,"href":"https:\/\/turkishtrade.co\/fr\/wp-json\/wp\/v2\/media\/6723"}],"wp:attachment":[{"href":"https:\/\/turkishtrade.co\/fr\/wp-json\/wp\/v2\/media?parent=8534"}],"wp:term":[{"taxonomy":"product_brand","embeddable":true,"href":"https:\/\/turkishtrade.co\/fr\/wp-json\/wp\/v2\/product_brand?post=8534"},{"taxonomy":"product_cat","embeddable":true,"href":"https:\/\/turkishtrade.co\/fr\/wp-json\/wp\/v2\/product_cat?post=8534"},{"taxonomy":"product_tag","embeddable":true,"href":"https:\/\/turkishtrade.co\/fr\/wp-json\/wp\/v2\/product_tag?post=8534"}],"curies":[{"name":"wp","href":"https:\/\/api.w.org\/{rel}","templated":true}]}}