{"id":8532,"date":"2026-01-29T14:50:51","date_gmt":"2026-01-29T14:50:51","guid":{"rendered":"https:\/\/turkishtrade.co\/?post_type=product&#038;p=8532"},"modified":"2026-04-09T20:21:50","modified_gmt":"2026-04-09T20:21:50","slug":"mens-black-leather-oxford-shoes-6","status":"publish","type":"product","link":"https:\/\/turkishtrade.co\/fr\/shop\/mens-black-leather-oxford-shoes-6\/","title":{"rendered":"Chaussures Oxford en cuir noir pour hommes Authentic | Cap-Toe en cuir noir classique pour hommes"},"content":{"rendered":"<p><strong>Chaussures Oxford en cuir noir pour hommes<\/strong>. Qualit\u00e9 et design authentiques.<\/p>\n<p>Entrez dans l'\u00e9l\u00e9gance intemporelle avec notre collection exquise de <strong>Chaussures Oxford en cuir noir pour hommes<\/strong>. Con\u00e7us pour le gentleman exigeant, ces oxfords classiques \u00e0 bouts pointus sont l'incarnation de la sophistication et du style. Fabriqu\u00e9e \u00e0 partir du meilleur cuir de veau v\u00e9ritable, chaque paire pr\u00e9sente une qualit\u00e9 sup\u00e9rieure et une attention particuli\u00e8re aux d\u00e9tails. La finition noire \u00e9l\u00e9gante en fait l'accessoire id\u00e9al pour tout \u00e9v\u00e9nement formel, r\u00e9union d'affaires ou occasion d\u00e9contract\u00e9e haut de gamme. Lorsque vous choisissez nos <strong>Chaussures Oxford en cuir noir pour hommes<\/strong>, vous investissez dans un style durable et un confort in\u00e9gal\u00e9.<\/p>\n<h3>Qualit\u00e9 et confort in\u00e9gal\u00e9s<\/h3>\n<p>Notre <strong>Chaussures Oxford en cuir noir pour hommes<\/strong> ne se limitent pas \u00e0 l'esth\u00e9tique ; elles sont con\u00e7ues pour le confort et la durabilit\u00e9. L'ext\u00e9rieur est fabriqu\u00e9 en cuir de veau de premi\u00e8re qualit\u00e9, connu pour sa texture lisse, son \u00e9lasticit\u00e9 et sa capacit\u00e9 \u00e0 d\u00e9velopper une belle patine au fil du temps. \u00c0 l'int\u00e9rieur, vos pieds seront berc\u00e9s par une luxueuse doublure en cuir de ch\u00e8vre, offrant une respirabilit\u00e9 exceptionnelle et un toucher doux qui \u00e9vite toute g\u00eane, m\u00eame apr\u00e8s des heures de port. Cette combinaison judicieuse de mat\u00e9riaux garantit que ces <strong>Chaussures Oxford en cuir noir pour hommes<\/strong> offrent \u00e0 la fois \u00e9l\u00e9gance et confort.<\/p>\n<h3>Design classique, confort moderne<\/h3>\n<p>Le design de ces Oxfords est caract\u00e9ris\u00e9 par un cap-toe classique, une marque de fabrique des chaussures formelles traditionnelles. L'empeigne pr\u00e9sente des perforations subtiles et \u00e9l\u00e9gantes qui ajoutent une touche de caract\u00e8re distinctif sans compromettre l'attrait formel. La fermeture traditionnelle \u00e0 lacets assure un ajustement s\u00fbr et r\u00e9glable. La semelle l\u00e9g\u00e8re et flexible en EVA offre un excellent amorti et une bonne absorption des chocs, ce qui rend ces chaussures classiques \u00e9tonnamment confortables \u00e0 porter au quotidien. Disponibles dans une large gamme de tailles europ\u00e9ennes allant du 40 au 44, ces chaussures vous permettront de trouver la paire de chaussures id\u00e9ale. <strong>Chaussures Oxford en cuir noir pour hommes<\/strong> n'a jamais \u00e9t\u00e9 aussi facile.<\/p>\n<h3>Id\u00e9al pour les d\u00e9taillants : Possibilit\u00e9s de vente en gros<\/h3>\n<p>Pour les entreprises \u00e0 la recherche de chaussures formelles de haute qualit\u00e9, notre <strong>Chaussures Oxford en cuir noir pour hommes<\/strong> repr\u00e9sentent une opportunit\u00e9 exceptionnelle pour les grossistes. Avec une quantit\u00e9 minimale de commande de seulement 8 paires, les d\u00e9taillants peuvent facilement s'approvisionner en diff\u00e9rentes tailles pour r\u00e9pondre \u00e0 la demande des clients. Ces chaussures sont un \u00e9l\u00e9ment essentiel de toute collection de v\u00eatements formels pour hommes, promettant la satisfaction du client et la r\u00e9p\u00e9tition des affaires. Am\u00e9liorez votre inventaire avec ces chaussures de qualit\u00e9 sup\u00e9rieure. <strong>Chaussures Oxford en cuir noir pour hommes<\/strong>, Ces chaussures sont r\u00e9put\u00e9es pour leur savoir-faire et leur attrait classique. Offrez \u00e0 vos clients ce qu'il y a de mieux en mati\u00e8re de chaussures de ville et vous verrez vos ventes augmenter.<\/p>","protected":false},"excerpt":{"rendered":"<ul>\n<li><strong>Fabrication de premi\u00e8re qualit\u00e9 :<\/strong> Fabriqu\u00e9 en cuir de veau v\u00e9ritable pour une finition \u00e9l\u00e9gante et soign\u00e9e.<\/li>\n<li><strong>Confort sup\u00e9rieur :<\/strong> Doubl\u00e9 de cuir de ch\u00e8vre souple pour une respirabilit\u00e9 et un confort exceptionnels.<\/li>\n<li><strong>Design classique :<\/strong> Un style Oxford intemporel avec des d\u00e9tails perfor\u00e9s sophistiqu\u00e9s.<\/li>\n<li><strong>Durable et l\u00e9ger :<\/strong> \u00c9quip\u00e9e d'une semelle en EVA pour la flexibilit\u00e9 et la durabilit\u00e9.<\/li>\n<li><strong>Tailles disponibles :<\/strong> Tailles UE 40, 41, 42, 43, 44 pour garantir un ajustement parfait.<\/li>\n<li><strong>Opportunit\u00e9 de vente en gros :<\/strong> La commande minimale de 8 paires en fait un produit id\u00e9al pour les d\u00e9taillants.<\/li>\n<\/ul>","protected":false},"featured_media":6771,"template":"","meta":{"_acf_changed":false,"_uag_custom_page_level_css":"","site-sidebar-layout":"default","site-content-layout":"","ast-site-content-layout":"default","site-content-style":"default","site-sidebar-style":"default","ast-global-header-display":"","ast-banner-title-visibility":"","ast-main-header-display":"","ast-hfb-above-header-display":"","ast-hfb-below-header-display":"","ast-hfb-mobile-header-display":"","site-post-title":"","ast-breadcrumbs-content":"","ast-featured-img":"","footer-sml-layout":"","ast-disable-related-posts":"","theme-transparent-header-meta":"","adv-header-id-meta":"","stick-header-meta":"","header-above-stick-meta":"","header-main-stick-meta":"","header-below-stick-meta":"","astra-migrate-meta-layouts":"default","ast-page-background-enabled":"default","ast-page-background-meta":{"desktop":{"background-color":"var(--ast-global-color-4)","background-image":"","background-repeat":"repeat","background-position":"center center","background-size":"auto","background-attachment":"scroll","background-type":"","background-media":"","overlay-type":"","overlay-color":"","overlay-opacity":"","overlay-gradient":""},"tablet":{"background-color":"","background-image":"","background-repeat":"repeat","background-position":"center center","background-size":"auto","background-attachment":"scroll","background-type":"","background-media":"","overlay-type":"","overlay-color":"","overlay-opacity":"","overlay-gradient":""},"mobile":{"background-color":"","background-image":"","background-repeat":"repeat","background-position":"center center","background-size":"auto","background-attachment":"scroll","background-type":"","background-media":"","overlay-type":"","overlay-color":"","overlay-opacity":"","overlay-gradient":""}},"ast-content-background-meta":{"desktop":{"background-color":"var(--ast-global-color-5)","background-image":"","background-repeat":"repeat","background-position":"center center","background-size":"auto","background-attachment":"scroll","background-type":"","background-media":"","overlay-type":"","overlay-color":"","overlay-opacity":"","overlay-gradient":""},"tablet":{"background-color":"var(--ast-global-color-5)","background-image":"","background-repeat":"repeat","background-position":"center center","background-size":"auto","background-attachment":"scroll","background-type":"","background-media":"","overlay-type":"","overlay-color":"","overlay-opacity":"","overlay-gradient":""},"mobile":{"background-color":"var(--ast-global-color-5)","background-image":"","background-repeat":"repeat","background-position":"center center","background-size":"auto","background-attachment":"scroll","background-type":"","background-media":"","overlay-type":"","overlay-color":"","overlay-opacity":"","overlay-gradient":""}}},"product_brand":[],"product_cat":[47,430,1200],"product_tag":[653,809,287,952,189,615,766,324,262],"class_list":{"0":"post-8532","1":"product","2":"type-product","3":"status-publish","4":"has-post-thumbnail","6":"product_cat-classic","7":"product_cat-men","8":"product_cat-mens-shoes-2","9":"product_tag-black-oxfords","10":"product_tag-classic-mens-footwear","11":"product_tag-eva-sole-shoes","12":"product_tag-genuine-leather-shoes","13":"product_tag-goat-leather-lining","14":"product_tag-leather-formal-shoes","15":"product_tag-mens-black-leather-oxford-shoes","16":"product_tag-mens-dress-shoes","17":"product_tag-wholesale-mens-shoes","18":"desktop-align-center","19":"tablet-align-center","20":"mobile-align-center","22":"first","23":"instock","24":"shipping-taxable","25":"purchasable","26":"product-type-variable","27":"has-default-attributes"},"acf":[],"uagb_featured_image_src":{"full":["https:\/\/turkishtrade.co\/wp-content\/uploads\/2026\/01\/2600QLOMN00016-BLACK.png",453,250,false],"thumbnail":["https:\/\/turkishtrade.co\/wp-content\/uploads\/2026\/01\/2600QLOMN00016-BLACK-150x150.png",150,150,true],"medium":["https:\/\/turkishtrade.co\/wp-content\/uploads\/2026\/01\/2600QLOMN00016-BLACK-300x166.png",300,166,true],"medium_large":["https:\/\/turkishtrade.co\/wp-content\/uploads\/2026\/01\/2600QLOMN00016-BLACK.png",453,250,false],"large":["https:\/\/turkishtrade.co\/wp-content\/uploads\/2026\/01\/2600QLOMN00016-BLACK.png",453,250,false],"1536x1536":["https:\/\/turkishtrade.co\/wp-content\/uploads\/2026\/01\/2600QLOMN00016-BLACK.png",453,250,false],"2048x2048":["https:\/\/turkishtrade.co\/wp-content\/uploads\/2026\/01\/2600QLOMN00016-BLACK.png",453,250,false],"trp-custom-language-flag":["https:\/\/turkishtrade.co\/wp-content\/uploads\/2026\/01\/2600QLOMN00016-BLACK-18x10.png",18,10,true],"woocommerce_thumbnail":["https:\/\/turkishtrade.co\/wp-content\/uploads\/2026\/01\/2600QLOMN00016-BLACK-400x250.png",400,250,true],"woocommerce_single":["https:\/\/turkishtrade.co\/wp-content\/uploads\/2026\/01\/2600QLOMN00016-BLACK.png",453,250,false],"woocommerce_gallery_thumbnail":["https:\/\/turkishtrade.co\/wp-content\/uploads\/2026\/01\/2600QLOMN00016-BLACK-100x100.png",100,100,true]},"uagb_author_info":{"display_name":"python python","author_link":"https:\/\/turkishtrade.co\/fr\/author\/"},"uagb_comment_info":0,"uagb_excerpt":"Premium Craftsmanship: Made from genuine calf leather for a sleek, polished finish. Superior Comfort: Lined with soft goat leather for exceptional breathability and comfort. Classic Design: Timeless cap-toe Oxford style with sophisticated perforated detailing. Durable &amp; Lightweight: Equipped with an EVA sole for flexibility and long-lasting wear. Available Sizes: EU sizes 40, 41, 42, 43,\u2026","_links":{"self":[{"href":"https:\/\/turkishtrade.co\/fr\/wp-json\/wp\/v2\/product\/8532","targetHints":{"allow":["GET"]}}],"collection":[{"href":"https:\/\/turkishtrade.co\/fr\/wp-json\/wp\/v2\/product"}],"about":[{"href":"https:\/\/turkishtrade.co\/fr\/wp-json\/wp\/v2\/types\/product"}],"wp:featuredmedia":[{"embeddable":true,"href":"https:\/\/turkishtrade.co\/fr\/wp-json\/wp\/v2\/media\/6771"}],"wp:attachment":[{"href":"https:\/\/turkishtrade.co\/fr\/wp-json\/wp\/v2\/media?parent=8532"}],"wp:term":[{"taxonomy":"product_brand","embeddable":true,"href":"https:\/\/turkishtrade.co\/fr\/wp-json\/wp\/v2\/product_brand?post=8532"},{"taxonomy":"product_cat","embeddable":true,"href":"https:\/\/turkishtrade.co\/fr\/wp-json\/wp\/v2\/product_cat?post=8532"},{"taxonomy":"product_tag","embeddable":true,"href":"https:\/\/turkishtrade.co\/fr\/wp-json\/wp\/v2\/product_tag?post=8532"}],"curies":[{"name":"wp","href":"https:\/\/api.w.org\/{rel}","templated":true}]}}