{"id":8531,"date":"2026-01-29T14:50:51","date_gmt":"2026-01-29T14:50:51","guid":{"rendered":"https:\/\/turkishtrade.co\/?post_type=product&#038;p=8531"},"modified":"2026-04-09T20:21:54","modified_gmt":"2026-04-09T20:21:54","slug":"mens-classic-horse-bit-loafers","status":"publish","type":"product","link":"https:\/\/turkishtrade.co\/fr\/shop\/mens-classic-horse-bit-loafers\/","title":{"rendered":"Mocassins classiques en cuir pour hommes Sensational | Mocassins classiques en cuir pour hommes"},"content":{"rendered":"<p><strong>Mocassins classiques \u00e0 mors de cheval pour hommes<\/strong>. Une qualit\u00e9 et un design sensationnels.<\/p>\n<p>Entrez dans une sophistication intemporelle avec notre collection de <b>Mocassins classiques \u00e0 mors de cheval pour hommes<\/b>. Con\u00e7us pour les hommes exigeants, ces mocassins allient harmonieusement design traditionnel et confort moderne. La riche teinte marron fonc\u00e9 et la finition polie font de ces mocassins plus que de simples chaussures ; ils sont l'expression d'un go\u00fbt raffin\u00e9 et d'une qualit\u00e9 in\u00e9branlable.<\/p>\n<h3>Un savoir-faire in\u00e9gal\u00e9 et des mat\u00e9riaux de premi\u00e8re qualit\u00e9<\/h3>\n<p>Chaque paire de ces mocassins exquis est fabriqu\u00e9e \u00e0 partir des mat\u00e9riaux les plus nobles. La tige est en cuir de veau v\u00e9ritable, r\u00e9put\u00e9 pour sa texture lisse, son \u00e9clat naturel et sa remarquable durabilit\u00e9. Ce cuir de veau de qualit\u00e9 sup\u00e9rieure garantit que vos mocassins n'ont pas seulement un aspect spectaculaire, mais qu'ils r\u00e9sistent \u00e9galement \u00e0 l'\u00e9preuve du temps, en se moulant parfaitement \u00e0 vos pieds pour un ajustement sur mesure. L'ext\u00e9rieur robuste est compl\u00e9t\u00e9 par une somptueuse doublure en cuir de ch\u00e8vre, offrant un int\u00e9rieur exceptionnellement doux et respirant qui dorlote vos pieds \u00e0 chaque pas.<\/p>\n<h3>Style iconique et confort quotidien<\/h3>\n<p>La caract\u00e9ristique principale de ces <b>Mocassins classiques \u00e0 mors de cheval pour hommes<\/b> est l'embl\u00e9matique mors de cheval en m\u00e9tal, embl\u00e8me intemporel du luxe et de la distinction. Ce d\u00e9tail \u00e9l\u00e9gant fait passer la chaussure d'un simple mocassin \u00e0 une \u0153uvre d'art portable, parfaite pour ajouter une touche de classe aux ensembles formels et d\u00e9contract\u00e9s. Sous cet ext\u00e9rieur impeccable se cache un secret moderne de confort : la semelle EVA l\u00e9g\u00e8re et flexible. Cette technologie de semelle avanc\u00e9e offre un amorti et un soutien sup\u00e9rieurs, garantissant le confort, que vous naviguiez dans les rues de la ville ou que vous assistiez \u00e0 une r\u00e9union d'affaires importante. La semelle EVA offre \u00e9galement une excellente adh\u00e9rence, alliant s\u00e9curit\u00e9 et style sans effort.<\/p>\n<h3>Une polyvalence pour toutes les occasions<\/h3>\n<p>Notre <b>Mocassins classiques \u00e0 mors de cheval pour hommes<\/b> sont incroyablement polyvalents, ce qui en fait un compl\u00e9ment indispensable \u00e0 toute garde-robe. Associez-les \u00e0 un costume cintr\u00e9 pour une allure professionnelle soign\u00e9e, ou habillez-les d'un pantalon chino et d'un blazer pour une tenue \u00e9l\u00e9gante pour le week-end. Elles sont id\u00e9ales pour les rendez-vous d'affaires, les \u00e9v\u00e9nements formels ou tout simplement pour une soir\u00e9e sophistiqu\u00e9e. Avec des tailles allant du 40 au 44 de l'UE, il est facile de trouver la bonne taille, pour un maximum de confort et de style.<\/p>\n<h3>Disponibilit\u00e9 en gros pour les entreprises<\/h3>\n<p>Pour les d\u00e9taillants et les entreprises qui cherchent \u00e0 offrir des chaussures \u00e9l\u00e9gantes et de haute qualit\u00e9 \u00e0 leur client\u00e8le, ces mocassins classiques \u00e0 mors de cheval pour hommes sont disponibles pour l'achat en gros. Avec une quantit\u00e9 minimale de commande de 8 paires, vous pouvez facilement stocker votre inventaire avec un produit qui promet la satisfaction du client et la r\u00e9p\u00e9tition des affaires. Investissez dans un design intemporel et un savoir-faire sup\u00e9rieur avec ces mocassins distingu\u00e9s en cuir de veau et de ch\u00e8vre.<\/p>","protected":false},"excerpt":{"rendered":"<ul>\n<li>Tige en cuir de veau de premi\u00e8re qualit\u00e9 pour une \u00e9l\u00e9gance et une durabilit\u00e9 durables.<\/li>\n<li>La doublure en cuir de ch\u00e8vre luxueux assure un confort et une respirabilit\u00e9 exceptionnels.<\/li>\n<li>Il est dot\u00e9 d'un d\u00e9tail m\u00e9tallique classique et sophistiqu\u00e9 en forme de mors de cheval.<\/li>\n<li>\u00c9quip\u00e9e d'une semelle EVA l\u00e9g\u00e8re et flexible pour une utilisation tout au long de la journ\u00e9e.<\/li>\n<li>Disponible dans les tailles EU 40, 41, 42, 43, 44.<\/li>\n<li>Possibilit\u00e9 de vente en gros avec une commande minimum de 8 paires.<\/li>\n<\/ul>","protected":false},"featured_media":6770,"template":"","meta":{"_acf_changed":false,"_uag_custom_page_level_css":"","site-sidebar-layout":"default","site-content-layout":"","ast-site-content-layout":"default","site-content-style":"default","site-sidebar-style":"default","ast-global-header-display":"","ast-banner-title-visibility":"","ast-main-header-display":"","ast-hfb-above-header-display":"","ast-hfb-below-header-display":"","ast-hfb-mobile-header-display":"","site-post-title":"","ast-breadcrumbs-content":"","ast-featured-img":"","footer-sml-layout":"","ast-disable-related-posts":"","theme-transparent-header-meta":"","adv-header-id-meta":"","stick-header-meta":"","header-above-stick-meta":"","header-main-stick-meta":"","header-below-stick-meta":"","astra-migrate-meta-layouts":"default","ast-page-background-enabled":"default","ast-page-background-meta":{"desktop":{"background-color":"var(--ast-global-color-4)","background-image":"","background-repeat":"repeat","background-position":"center center","background-size":"auto","background-attachment":"scroll","background-type":"","background-media":"","overlay-type":"","overlay-color":"","overlay-opacity":"","overlay-gradient":""},"tablet":{"background-color":"","background-image":"","background-repeat":"repeat","background-position":"center center","background-size":"auto","background-attachment":"scroll","background-type":"","background-media":"","overlay-type":"","overlay-color":"","overlay-opacity":"","overlay-gradient":""},"mobile":{"background-color":"","background-image":"","background-repeat":"repeat","background-position":"center center","background-size":"auto","background-attachment":"scroll","background-type":"","background-media":"","overlay-type":"","overlay-color":"","overlay-opacity":"","overlay-gradient":""}},"ast-content-background-meta":{"desktop":{"background-color":"var(--ast-global-color-5)","background-image":"","background-repeat":"repeat","background-position":"center center","background-size":"auto","background-attachment":"scroll","background-type":"","background-media":"","overlay-type":"","overlay-color":"","overlay-opacity":"","overlay-gradient":""},"tablet":{"background-color":"var(--ast-global-color-5)","background-image":"","background-repeat":"repeat","background-position":"center center","background-size":"auto","background-attachment":"scroll","background-type":"","background-media":"","overlay-type":"","overlay-color":"","overlay-opacity":"","overlay-gradient":""},"mobile":{"background-color":"var(--ast-global-color-5)","background-image":"","background-repeat":"repeat","background-position":"center center","background-size":"auto","background-attachment":"scroll","background-type":"","background-media":"","overlay-type":"","overlay-color":"","overlay-opacity":"","overlay-gradient":""}}},"product_brand":[],"product_cat":[47,430,1200],"product_tag":[292,185,457,737,287,352,189,719,456],"class_list":{"0":"post-8531","1":"product","2":"type-product","3":"status-publish","4":"has-post-thumbnail","6":"product_cat-classic","7":"product_cat-men","8":"product_cat-mens-shoes-2","9":"product_tag-brown-leather-shoes","10":"product_tag-calf-leather-shoes","11":"product_tag-classic-loafers","12":"product_tag-dress-loafers","13":"product_tag-eva-sole-shoes","14":"product_tag-formal-loafers","15":"product_tag-goat-leather-lining","16":"product_tag-mens-leather-loafers","17":"product_tag-wholesale-loafers","18":"desktop-align-center","19":"tablet-align-center","20":"mobile-align-center","22":"first","23":"instock","24":"shipping-taxable","25":"purchasable","26":"product-type-variable","27":"has-default-attributes"},"acf":[],"uagb_featured_image_src":{"full":["https:\/\/turkishtrade.co\/wp-content\/uploads\/2026\/01\/2600QLOMN00015-BROWN.png",453,250,false],"thumbnail":["https:\/\/turkishtrade.co\/wp-content\/uploads\/2026\/01\/2600QLOMN00015-BROWN-150x150.png",150,150,true],"medium":["https:\/\/turkishtrade.co\/wp-content\/uploads\/2026\/01\/2600QLOMN00015-BROWN-300x166.png",300,166,true],"medium_large":["https:\/\/turkishtrade.co\/wp-content\/uploads\/2026\/01\/2600QLOMN00015-BROWN.png",453,250,false],"large":["https:\/\/turkishtrade.co\/wp-content\/uploads\/2026\/01\/2600QLOMN00015-BROWN.png",453,250,false],"1536x1536":["https:\/\/turkishtrade.co\/wp-content\/uploads\/2026\/01\/2600QLOMN00015-BROWN.png",453,250,false],"2048x2048":["https:\/\/turkishtrade.co\/wp-content\/uploads\/2026\/01\/2600QLOMN00015-BROWN.png",453,250,false],"trp-custom-language-flag":["https:\/\/turkishtrade.co\/wp-content\/uploads\/2026\/01\/2600QLOMN00015-BROWN-18x10.png",18,10,true],"woocommerce_thumbnail":["https:\/\/turkishtrade.co\/wp-content\/uploads\/2026\/01\/2600QLOMN00015-BROWN-400x250.png",400,250,true],"woocommerce_single":["https:\/\/turkishtrade.co\/wp-content\/uploads\/2026\/01\/2600QLOMN00015-BROWN.png",453,250,false],"woocommerce_gallery_thumbnail":["https:\/\/turkishtrade.co\/wp-content\/uploads\/2026\/01\/2600QLOMN00015-BROWN-100x100.png",100,100,true]},"uagb_author_info":{"display_name":"python python","author_link":"https:\/\/turkishtrade.co\/fr\/author\/"},"uagb_comment_info":0,"uagb_excerpt":"Premium calf leather upper for lasting elegance and durability. Luxurious goat leather lining ensures exceptional comfort and breathability. Features a sophisticated classic horse-bit metal detail. Equipped with a lightweight and flexible EVA sole for all-day wear. Available in EU sizes 40, 41, 42, 43, 44. Wholesale opportunities available with a minimum order of 8 pairs.","_links":{"self":[{"href":"https:\/\/turkishtrade.co\/fr\/wp-json\/wp\/v2\/product\/8531","targetHints":{"allow":["GET"]}}],"collection":[{"href":"https:\/\/turkishtrade.co\/fr\/wp-json\/wp\/v2\/product"}],"about":[{"href":"https:\/\/turkishtrade.co\/fr\/wp-json\/wp\/v2\/types\/product"}],"wp:featuredmedia":[{"embeddable":true,"href":"https:\/\/turkishtrade.co\/fr\/wp-json\/wp\/v2\/media\/6770"}],"wp:attachment":[{"href":"https:\/\/turkishtrade.co\/fr\/wp-json\/wp\/v2\/media?parent=8531"}],"wp:term":[{"taxonomy":"product_brand","embeddable":true,"href":"https:\/\/turkishtrade.co\/fr\/wp-json\/wp\/v2\/product_brand?post=8531"},{"taxonomy":"product_cat","embeddable":true,"href":"https:\/\/turkishtrade.co\/fr\/wp-json\/wp\/v2\/product_cat?post=8531"},{"taxonomy":"product_tag","embeddable":true,"href":"https:\/\/turkishtrade.co\/fr\/wp-json\/wp\/v2\/product_tag?post=8531"}],"curies":[{"name":"wp","href":"https:\/\/api.w.org\/{rel}","templated":true}]}}