{"id":8530,"date":"2026-01-29T14:50:50","date_gmt":"2026-01-29T14:50:50","guid":{"rendered":"https:\/\/turkishtrade.co\/?post_type=product&#038;p=8530"},"modified":"2026-04-09T20:22:00","modified_gmt":"2026-04-09T20:22:00","slug":"black-leather-classic-mens-shoes","status":"publish","type":"product","link":"https:\/\/turkishtrade.co\/fr\/shop\/black-leather-classic-mens-shoes\/","title":{"rendered":"Chaussures classiques en cuir noir pour hommes Best-Selling | avec doublure en ch\u00e8vre"},"content":{"rendered":"<p><strong>Chaussures classiques en cuir noir pour hommes<\/strong>. La qualit\u00e9 et le design les plus vendus.<\/p>\n<p>Entrez dans une \u00e9l\u00e9gance et un confort in\u00e9gal\u00e9s gr\u00e2ce \u00e0 nos magnifiques <strong>Chaussures classiques en cuir noir pour hommes<\/strong>. Con\u00e7ues pour le gentleman exigeant, ces chaussures allient savoir-faire traditionnel et confort moderne, ce qui en fait la pierre angulaire de toute garde-robe sophistiqu\u00e9e. Fabriqu\u00e9e \u00e0 partir du meilleur cuir de veau, la tige pr\u00e9sente une finition riche et lisse, compl\u00e9t\u00e9e par de subtils d\u00e9tails perfor\u00e9s sur l'empeigne et un bout de pied distingu\u00e9, exsudant un charme intemporel.<\/p>\n<h3>Qualit\u00e9 et confort in\u00e9gal\u00e9s<\/h3>\n<p>L'int\u00e9rieur de ces remarquables <strong>Chaussures classiques en cuir noir pour hommes<\/strong> est tout aussi impressionnante que son ext\u00e9rieur. Doubl\u00e9es de cuir de ch\u00e8vre de premi\u00e8re qualit\u00e9, elles offrent une respirabilit\u00e9 sup\u00e9rieure et une coupe souple, semblable \u00e0 celle d'un gant, qui s'adapte \u00e0 votre pied pour un confort tout au long de la journ\u00e9e. Dites adieu \u00e0 l'inconfort, car les propri\u00e9t\u00e9s naturelles du cuir de ch\u00e8vre garantissent une sensation de luxe \u00e0 chaque pas. La semelle en EVA, \u00e0 la fois robuste et l\u00e9g\u00e8re, offre un excellent amorti et un bon soutien, ce qui fait de ces chaussures des chaussures de sport de qualit\u00e9. <strong>Chaussures classiques en cuir noir pour hommes<\/strong> Id\u00e9al pour les longues journ\u00e9es pass\u00e9es debout, que ce soit dans une salle de r\u00e9union ou lors d'un \u00e9v\u00e9nement sp\u00e9cial.<\/p>\n<h3>Un style polyvalent pour toutes les occasions<\/h3>\n<p>Notre <strong>Chaussures classiques en cuir noir pour hommes<\/strong> sont l'exemple m\u00eame de la chaussure polyvalente. Leur conception \u00e9l\u00e9gante \u00e0 enfiler garantit la commodit\u00e9, tandis que leur esth\u00e9tique classique les rend adapt\u00e9es \u00e0 un large \u00e9ventail d'occasions. Associez-les \u00e0 un costume d'affaires pour un look professionnel, ou habillez-les d'un pantalon de tailleur et d'un manteau de sport pour un ensemble chic et d\u00e9contract\u00e9. Leur teinte noire profonde leur permet de s'int\u00e9grer parfaitement \u00e0 votre garde-robe, offrant ainsi des possibilit\u00e9s de style infinies. Ces chaussures sont con\u00e7ues pour laisser une impression durable, qu'il s'agisse d'un \u00e9v\u00e9nement formel ou d'une tenue de bureau de tous les jours.<\/p>\n<h3>Opportunit\u00e9 de vente en gros<\/h3>\n<p>Pour les d\u00e9taillants et les entreprises qui souhaitent proposer des chaussures de haute qualit\u00e9, ces <strong>Chaussures classiques en cuir noir pour hommes<\/strong> sont disponibles \u00e0 l'achat en gros. Nous demandons une commande minimum de 8 paires, ce qui vous permet de stocker ce style populaire. Offrez \u00e0 vos clients un m\u00e9lange de luxe, de confort et de style durable qui les fera revenir. Am\u00e9liorez votre inventaire gr\u00e2ce \u00e0 nos chaussures de sport m\u00e9ticuleusement fabriqu\u00e9es. <strong>Chaussures classiques en cuir noir pour hommes<\/strong>, Les produits de l'Union europ\u00e9enne sont des produits de qualit\u00e9, qui t\u00e9moignent de la qualit\u00e9 et de la mode intemporelle.<\/p>","protected":false},"excerpt":{"rendered":"<ul>\n<li>Tige en cuir de veau de premi\u00e8re qualit\u00e9 pour une durabilit\u00e9 sophistiqu\u00e9e.<\/li>\n<li>La doublure en cuir de ch\u00e8vre luxueux assure un confort et une respirabilit\u00e9 exceptionnels.<\/li>\n<li>Un mod\u00e8le intemporel \u00e0 enfiler, avec un bout \u00e9l\u00e9gant et des d\u00e9tails perfor\u00e9s.<\/li>\n<li>La semelle EVA l\u00e9g\u00e8re et flexible offre un confort tout au long de la journ\u00e9e et une adh\u00e9rence fiable.<\/li>\n<li>Disponible dans les tailles 40-44 pour garantir un ajustement parfait.<\/li>\n<li>Commandes en gros disponibles avec un minimum de 8 paires par commande.<\/li>\n<\/ul>","protected":false},"featured_media":6768,"template":"","meta":{"_acf_changed":false,"_uag_custom_page_level_css":"","site-sidebar-layout":"default","site-content-layout":"","ast-site-content-layout":"default","site-content-style":"default","site-sidebar-style":"default","ast-global-header-display":"","ast-banner-title-visibility":"","ast-main-header-display":"","ast-hfb-above-header-display":"","ast-hfb-below-header-display":"","ast-hfb-mobile-header-display":"","site-post-title":"","ast-breadcrumbs-content":"","ast-featured-img":"","footer-sml-layout":"","ast-disable-related-posts":"","theme-transparent-header-meta":"","adv-header-id-meta":"","stick-header-meta":"","header-above-stick-meta":"","header-main-stick-meta":"","header-below-stick-meta":"","astra-migrate-meta-layouts":"default","ast-page-background-enabled":"default","ast-page-background-meta":{"desktop":{"background-color":"var(--ast-global-color-4)","background-image":"","background-repeat":"repeat","background-position":"center center","background-size":"auto","background-attachment":"scroll","background-type":"","background-media":"","overlay-type":"","overlay-color":"","overlay-opacity":"","overlay-gradient":""},"tablet":{"background-color":"","background-image":"","background-repeat":"repeat","background-position":"center center","background-size":"auto","background-attachment":"scroll","background-type":"","background-media":"","overlay-type":"","overlay-color":"","overlay-opacity":"","overlay-gradient":""},"mobile":{"background-color":"","background-image":"","background-repeat":"repeat","background-position":"center center","background-size":"auto","background-attachment":"scroll","background-type":"","background-media":"","overlay-type":"","overlay-color":"","overlay-opacity":"","overlay-gradient":""}},"ast-content-background-meta":{"desktop":{"background-color":"var(--ast-global-color-5)","background-image":"","background-repeat":"repeat","background-position":"center center","background-size":"auto","background-attachment":"scroll","background-type":"","background-media":"","overlay-type":"","overlay-color":"","overlay-opacity":"","overlay-gradient":""},"tablet":{"background-color":"var(--ast-global-color-5)","background-image":"","background-repeat":"repeat","background-position":"center center","background-size":"auto","background-attachment":"scroll","background-type":"","background-media":"","overlay-type":"","overlay-color":"","overlay-opacity":"","overlay-gradient":""},"mobile":{"background-color":"var(--ast-global-color-5)","background-image":"","background-repeat":"repeat","background-position":"center center","background-size":"auto","background-attachment":"scroll","background-type":"","background-media":"","overlay-type":"","overlay-color":"","overlay-opacity":"","overlay-gradient":""}}},"product_brand":[],"product_cat":[47,430,1200],"product_tag":[196,405,202,458,145,438,251,1249,1083,281],"class_list":{"0":"post-8530","1":"product","2":"type-product","3":"status-publish","4":"has-post-thumbnail","6":"product_cat-classic","7":"product_cat-men","8":"product_cat-mens-shoes-2","9":"product_tag-black-leather-shoes","10":"product_tag-business-shoes","11":"product_tag-calf-leather","12":"product_tag-cap-toe-shoes","13":"product_tag-classic-shoes","14":"product_tag-eva-sole","15":"product_tag-formal-shoes","16":"product_tag-goat-lining","17":"product_tag-mens-slip-on","18":"product_tag-wholesale-shoes","19":"desktop-align-center","20":"tablet-align-center","21":"mobile-align-center","23":"first","24":"instock","25":"shipping-taxable","26":"purchasable","27":"product-type-variable","28":"has-default-attributes"},"acf":[],"uagb_featured_image_src":{"full":["https:\/\/turkishtrade.co\/wp-content\/uploads\/2026\/01\/2600QLOMN00014-BLACK.png",453,250,false],"thumbnail":["https:\/\/turkishtrade.co\/wp-content\/uploads\/2026\/01\/2600QLOMN00014-BLACK-150x150.png",150,150,true],"medium":["https:\/\/turkishtrade.co\/wp-content\/uploads\/2026\/01\/2600QLOMN00014-BLACK-300x166.png",300,166,true],"medium_large":["https:\/\/turkishtrade.co\/wp-content\/uploads\/2026\/01\/2600QLOMN00014-BLACK.png",453,250,false],"large":["https:\/\/turkishtrade.co\/wp-content\/uploads\/2026\/01\/2600QLOMN00014-BLACK.png",453,250,false],"1536x1536":["https:\/\/turkishtrade.co\/wp-content\/uploads\/2026\/01\/2600QLOMN00014-BLACK.png",453,250,false],"2048x2048":["https:\/\/turkishtrade.co\/wp-content\/uploads\/2026\/01\/2600QLOMN00014-BLACK.png",453,250,false],"trp-custom-language-flag":["https:\/\/turkishtrade.co\/wp-content\/uploads\/2026\/01\/2600QLOMN00014-BLACK-18x10.png",18,10,true],"woocommerce_thumbnail":["https:\/\/turkishtrade.co\/wp-content\/uploads\/2026\/01\/2600QLOMN00014-BLACK-400x250.png",400,250,true],"woocommerce_single":["https:\/\/turkishtrade.co\/wp-content\/uploads\/2026\/01\/2600QLOMN00014-BLACK.png",453,250,false],"woocommerce_gallery_thumbnail":["https:\/\/turkishtrade.co\/wp-content\/uploads\/2026\/01\/2600QLOMN00014-BLACK-100x100.png",100,100,true]},"uagb_author_info":{"display_name":"python python","author_link":"https:\/\/turkishtrade.co\/fr\/author\/"},"uagb_comment_info":0,"uagb_excerpt":"Premium calf leather upper for sophisticated durability. Luxurious goat leather lining ensures exceptional comfort and breathability. Timeless slip-on design with elegant cap toe and perforated detailing. Lightweight and flexible EVA sole provides all-day comfort and reliable grip. Available in men's sizes 40-44 to ensure a perfect fit. Wholesale orders available with a minimum of 8\u2026","_links":{"self":[{"href":"https:\/\/turkishtrade.co\/fr\/wp-json\/wp\/v2\/product\/8530","targetHints":{"allow":["GET"]}}],"collection":[{"href":"https:\/\/turkishtrade.co\/fr\/wp-json\/wp\/v2\/product"}],"about":[{"href":"https:\/\/turkishtrade.co\/fr\/wp-json\/wp\/v2\/types\/product"}],"wp:featuredmedia":[{"embeddable":true,"href":"https:\/\/turkishtrade.co\/fr\/wp-json\/wp\/v2\/media\/6768"}],"wp:attachment":[{"href":"https:\/\/turkishtrade.co\/fr\/wp-json\/wp\/v2\/media?parent=8530"}],"wp:term":[{"taxonomy":"product_brand","embeddable":true,"href":"https:\/\/turkishtrade.co\/fr\/wp-json\/wp\/v2\/product_brand?post=8530"},{"taxonomy":"product_cat","embeddable":true,"href":"https:\/\/turkishtrade.co\/fr\/wp-json\/wp\/v2\/product_cat?post=8530"},{"taxonomy":"product_tag","embeddable":true,"href":"https:\/\/turkishtrade.co\/fr\/wp-json\/wp\/v2\/product_tag?post=8530"}],"curies":[{"name":"wp","href":"https:\/\/api.w.org\/{rel}","templated":true}]}}