{"id":8529,"date":"2026-01-29T14:50:50","date_gmt":"2026-01-29T14:50:50","guid":{"rendered":"https:\/\/turkishtrade.co\/?post_type=product&#038;p=8529"},"modified":"2026-04-09T20:22:07","modified_gmt":"2026-04-09T20:22:07","slug":"mens-classic-calf-leather-loafers-3","status":"publish","type":"product","link":"https:\/\/turkishtrade.co\/fr\/shop\/mens-classic-calf-leather-loafers-3\/","title":{"rendered":"Mocassins classiques en cuir de veau pour hommes Best-Selling | Mocassins classiques en cuir de veau noir pour hommes"},"content":{"rendered":"<p><strong>Mocassins classiques en cuir de veau pour hommes<\/strong>. La qualit\u00e9 et le design les plus vendus.<\/p>\n<p>Entrez dans un monde in\u00e9gal\u00e9 de sophistication et de confort gr\u00e2ce \u00e0 nos magnifiques <strong>Mocassins classiques en cuir de veau pour hommes<\/strong>. Con\u00e7us pour l'homme exigeant, ces mocassins allient harmonieusement l'artisanat traditionnel \u00e0 l'ergonomie moderne, offrant des chaussures aussi \u00e9l\u00e9gantes que confortables. Que vous vous rendiez \u00e0 une r\u00e9union d'affaires, \u00e0 un \u00e9v\u00e9nement formel ou que vous profitiez simplement d'une sortie d\u00e9contract\u00e9e, ces chaussures en cuir de veau de premi\u00e8re qualit\u00e9 sont con\u00e7ues pour laisser une impression durable.<\/p>\n<h3>Un savoir-faire in\u00e9gal\u00e9 et des mat\u00e9riaux de premi\u00e8re qualit\u00e9<\/h3>\n<p>Chaque paire de nos <strong>Mocassins classiques en cuir de veau pour hommes<\/strong> t\u00e9moigne d'un savoir-faire artistique sup\u00e9rieur. La tige est m\u00e9ticuleusement fabriqu\u00e9e en cuir de veau pleine fleur, r\u00e9put\u00e9 pour sa texture souple, sa brillance naturelle et sa durabilit\u00e9 exceptionnelle. Ce mat\u00e9riau de qualit\u00e9 sup\u00e9rieure n'est pas seulement \u00e9l\u00e9gant, il se moule \u00e9galement \u00e0 votre pied au fil du temps, offrant un ajustement sur mesure. L'ext\u00e9rieur robuste est compl\u00e9t\u00e9 par une luxueuse doublure en cuir de ch\u00e8vre, r\u00e9put\u00e9e pour sa douceur et sa respirabilit\u00e9, afin que vos pieds restent au frais et \u00e0 l'aise tout au long de la journ\u00e9e.<\/p>\n<h3>Con\u00e7u pour un confort ultime et une grande polyvalence<\/h3>\n<p>Le confort est primordial dans notre philosophie de conception. La semelle l\u00e9g\u00e8re en EVA (\u00e9thyl\u00e8ne-ac\u00e9tate de vinyle) offre un amorti et une flexibilit\u00e9 exceptionnels, r\u00e9duisant la fatigue pendant les longues heures de port. Cette semelle innovante offre une excellente absorption des chocs et une bonne adh\u00e9rence, ce qui fait de ces mocassins un choix fiable pour des terrains et des conditions vari\u00e9s. La silhouette classique du penny loafer, finie dans une teinte noire intemporelle, fait de ces mocassins un choix fiable pour tous les terrains et toutes les conditions. <strong>Mocassins classiques en cuir de veau pour hommes<\/strong> incroyablement polyvalent. Associez-les \u00e0 des costumes cintr\u00e9s pour une allure professionnelle et pr\u00e9cise, ou habillez-les de chinos et d'un blazer pour un style d\u00e9contract\u00e9 et sophistiqu\u00e9.<\/p>\n<h3>Une d\u00e9claration d'\u00e9l\u00e9gance intemporelle<\/h3>\n<p>Au-del\u00e0 du confort et de la durabilit\u00e9, ces mocassins sont une v\u00e9ritable d\u00e9claration d'\u00e9l\u00e9gance intemporelle. Le profil \u00e9pur\u00e9, les d\u00e9tails subtils des coutures et l'embl\u00e9matique bride penny contribuent \u00e0 une esth\u00e9tique sophistiqu\u00e9e qui ne se d\u00e9modera jamais. Investir dans ces mocassins en cuir de veau, c'est choisir une chaussure qui restera un \u00e9l\u00e9ment essentiel de votre garde-robe pendant des ann\u00e9es, refl\u00e9tant un engagement envers la qualit\u00e9 et la mode classique.<\/p>\n<h3>Opportunit\u00e9 de vente en gros pour les entreprises<\/h3>\n<p>Pour les d\u00e9taillants et les entreprises qui souhaitent proposer des chaussures de haute qualit\u00e9, nos <strong>Mocassins classiques en cuir de veau pour hommes<\/strong> sont disponibles \u00e0 l'achat en gros. Avec une quantit\u00e9 minimale de commande de seulement 8 paires, vous pouvez facilement vous approvisionner en ces chaussures recherch\u00e9es et r\u00e9pondre \u00e0 la demande de votre client\u00e8le pour des chaussures pour hommes de qualit\u00e9 sup\u00e9rieure, confortables et \u00e9l\u00e9gantes. Am\u00e9liorez votre inventaire avec un produit qui garantit la satisfaction de vos clients et la fid\u00e9lisation de votre client\u00e8le. Contactez-nous d\u00e8s aujourd'hui pour en savoir plus sur nos options de vente en gros et proposer ces mocassins exceptionnels \u00e0 vos clients.<\/p>","protected":false},"excerpt":{"rendered":"<ul>\n<li>Fabriqu\u00e9 de mani\u00e8re experte en cuir de veau de haute qualit\u00e9 pour une durabilit\u00e9 sup\u00e9rieure et une finition raffin\u00e9e.<\/li>\n<li>Doublure int\u00e9rieure en cuir de ch\u00e8vre luxueux, offrant un confort et une respirabilit\u00e9 in\u00e9gal\u00e9s.<\/li>\n<li>Dot\u00e9e d'une semelle EVA l\u00e9g\u00e8re et flexible, elle assure un confort tout au long de la journ\u00e9e et une excellente adh\u00e9rence.<\/li>\n<li>Mocassins classiques et intemporels, parfaits pour les occasions formelles et les tenues d\u00e9contract\u00e9es.<\/li>\n<li>Disponible dans les tailles europ\u00e9ennes 40, 41, 42, 43 et 44 pour garantir un ajustement parfait.<\/li>\n<li>Possibilit\u00e9 de vente en gros avec une quantit\u00e9 minimale de 8 paires.<\/li>\n<\/ul>","protected":false},"featured_media":6766,"template":"","meta":{"_acf_changed":false,"_uag_custom_page_level_css":"","site-sidebar-layout":"default","site-content-layout":"","ast-site-content-layout":"default","site-content-style":"default","site-sidebar-style":"default","ast-global-header-display":"","ast-banner-title-visibility":"","ast-main-header-display":"","ast-hfb-above-header-display":"","ast-hfb-below-header-display":"","ast-hfb-mobile-header-display":"","site-post-title":"","ast-breadcrumbs-content":"","ast-featured-img":"","footer-sml-layout":"","ast-disable-related-posts":"","theme-transparent-header-meta":"","adv-header-id-meta":"","stick-header-meta":"","header-above-stick-meta":"","header-main-stick-meta":"","header-below-stick-meta":"","astra-migrate-meta-layouts":"default","ast-page-background-enabled":"default","ast-page-background-meta":{"desktop":{"background-color":"var(--ast-global-color-4)","background-image":"","background-repeat":"repeat","background-position":"center center","background-size":"auto","background-attachment":"scroll","background-type":"","background-media":"","overlay-type":"","overlay-color":"","overlay-opacity":"","overlay-gradient":""},"tablet":{"background-color":"","background-image":"","background-repeat":"repeat","background-position":"center center","background-size":"auto","background-attachment":"scroll","background-type":"","background-media":"","overlay-type":"","overlay-color":"","overlay-opacity":"","overlay-gradient":""},"mobile":{"background-color":"","background-image":"","background-repeat":"repeat","background-position":"center center","background-size":"auto","background-attachment":"scroll","background-type":"","background-media":"","overlay-type":"","overlay-color":"","overlay-opacity":"","overlay-gradient":""}},"ast-content-background-meta":{"desktop":{"background-color":"var(--ast-global-color-5)","background-image":"","background-repeat":"repeat","background-position":"center center","background-size":"auto","background-attachment":"scroll","background-type":"","background-media":"","overlay-type":"","overlay-color":"","overlay-opacity":"","overlay-gradient":""},"tablet":{"background-color":"var(--ast-global-color-5)","background-image":"","background-repeat":"repeat","background-position":"center center","background-size":"auto","background-attachment":"scroll","background-type":"","background-media":"","overlay-type":"","overlay-color":"","overlay-opacity":"","overlay-gradient":""},"mobile":{"background-color":"var(--ast-global-color-5)","background-image":"","background-repeat":"repeat","background-position":"center center","background-size":"auto","background-attachment":"scroll","background-type":"","background-media":"","overlay-type":"","overlay-color":"","overlay-opacity":"","overlay-gradient":""}}},"product_brand":[],"product_cat":[47,430,1200],"product_tag":[814,185,754,544,287,352,189,324,186,281],"class_list":{"0":"post-8529","1":"product","2":"type-product","3":"status-publish","4":"has-post-thumbnail","6":"product_cat-classic","7":"product_cat-men","8":"product_cat-mens-shoes-2","9":"product_tag-black-leather-loafers","10":"product_tag-calf-leather-shoes","11":"product_tag-classic-mens-shoes","12":"product_tag-elegant-loafers","13":"product_tag-eva-sole-shoes","14":"product_tag-formal-loafers","15":"product_tag-goat-leather-lining","16":"product_tag-mens-dress-shoes","17":"product_tag-mens-loafers","18":"product_tag-wholesale-shoes","19":"desktop-align-center","20":"tablet-align-center","21":"mobile-align-center","23":"first","24":"instock","25":"shipping-taxable","26":"purchasable","27":"product-type-variable","28":"has-default-attributes"},"acf":[],"uagb_featured_image_src":{"full":["https:\/\/turkishtrade.co\/wp-content\/uploads\/2026\/01\/2600QLOMN00013-BLACK.png",453,250,false],"thumbnail":["https:\/\/turkishtrade.co\/wp-content\/uploads\/2026\/01\/2600QLOMN00013-BLACK-150x150.png",150,150,true],"medium":["https:\/\/turkishtrade.co\/wp-content\/uploads\/2026\/01\/2600QLOMN00013-BLACK-300x166.png",300,166,true],"medium_large":["https:\/\/turkishtrade.co\/wp-content\/uploads\/2026\/01\/2600QLOMN00013-BLACK.png",453,250,false],"large":["https:\/\/turkishtrade.co\/wp-content\/uploads\/2026\/01\/2600QLOMN00013-BLACK.png",453,250,false],"1536x1536":["https:\/\/turkishtrade.co\/wp-content\/uploads\/2026\/01\/2600QLOMN00013-BLACK.png",453,250,false],"2048x2048":["https:\/\/turkishtrade.co\/wp-content\/uploads\/2026\/01\/2600QLOMN00013-BLACK.png",453,250,false],"trp-custom-language-flag":["https:\/\/turkishtrade.co\/wp-content\/uploads\/2026\/01\/2600QLOMN00013-BLACK-18x10.png",18,10,true],"woocommerce_thumbnail":["https:\/\/turkishtrade.co\/wp-content\/uploads\/2026\/01\/2600QLOMN00013-BLACK-400x250.png",400,250,true],"woocommerce_single":["https:\/\/turkishtrade.co\/wp-content\/uploads\/2026\/01\/2600QLOMN00013-BLACK.png",453,250,false],"woocommerce_gallery_thumbnail":["https:\/\/turkishtrade.co\/wp-content\/uploads\/2026\/01\/2600QLOMN00013-BLACK-100x100.png",100,100,true]},"uagb_author_info":{"display_name":"python python","author_link":"https:\/\/turkishtrade.co\/fr\/author\/"},"uagb_comment_info":0,"uagb_excerpt":"Expertly crafted from high-grade calf leather for superior durability and a refined finish. Features a luxurious goat leather interior lining, providing unparalleled comfort and breathability. Equipped with a lightweight and flexible EVA sole, ensuring all-day comfort and excellent traction. Timeless classic loafer design, perfect for both formal occasions and smart casual wear. Available in European\u2026","_links":{"self":[{"href":"https:\/\/turkishtrade.co\/fr\/wp-json\/wp\/v2\/product\/8529","targetHints":{"allow":["GET"]}}],"collection":[{"href":"https:\/\/turkishtrade.co\/fr\/wp-json\/wp\/v2\/product"}],"about":[{"href":"https:\/\/turkishtrade.co\/fr\/wp-json\/wp\/v2\/types\/product"}],"wp:featuredmedia":[{"embeddable":true,"href":"https:\/\/turkishtrade.co\/fr\/wp-json\/wp\/v2\/media\/6766"}],"wp:attachment":[{"href":"https:\/\/turkishtrade.co\/fr\/wp-json\/wp\/v2\/media?parent=8529"}],"wp:term":[{"taxonomy":"product_brand","embeddable":true,"href":"https:\/\/turkishtrade.co\/fr\/wp-json\/wp\/v2\/product_brand?post=8529"},{"taxonomy":"product_cat","embeddable":true,"href":"https:\/\/turkishtrade.co\/fr\/wp-json\/wp\/v2\/product_cat?post=8529"},{"taxonomy":"product_tag","embeddable":true,"href":"https:\/\/turkishtrade.co\/fr\/wp-json\/wp\/v2\/product_tag?post=8529"}],"curies":[{"name":"wp","href":"https:\/\/api.w.org\/{rel}","templated":true}]}}