{"id":8501,"date":"2026-01-29T14:50:40","date_gmt":"2026-01-29T14:50:40","guid":{"rendered":"https:\/\/turkishtrade.co\/?post_type=product&#038;p=8501"},"modified":"2026-04-09T20:22:37","modified_gmt":"2026-04-09T20:22:37","slug":"mens-black-double-monk-shoes","status":"publish","type":"product","link":"https:\/\/turkishtrade.co\/fr\/shop\/mens-black-double-monk-shoes\/","title":{"rendered":"Homme Noir Double Monk Shoes Ultimate | Homme Classique Cuir Noir Double"},"content":{"rendered":"<p><strong>Double Monk Shoes noir pour hommes<\/strong>. Qualit\u00e9 et design ultimes.<\/p>\n<p>D\u00e9couvrez l'incarnation de l'\u00e9l\u00e9gance intemporelle et de la sophistication moderne avec notre exquise collection d'objets d'art. <strong>Double Monk Shoes noir pour hommes<\/strong>. M\u00e9ticuleusement fabriqu\u00e9es pour r\u00e9pondre aux normes de qualit\u00e9 et de style les plus strictes, ces chaussures sont indispensables \u00e0 la garde-robe de tout gentleman exigeant. La silhouette \u00e9l\u00e9gante et le design distinctif \u00e0 double bride de moine en font un choix polyvalent, parfait pour une vari\u00e9t\u00e9 d'occasions, des r\u00e9unions d'affaires aux \u00e9v\u00e9nements formels en passant par les rencontres sociales sophistiqu\u00e9es.<\/p>\n<p>Chaque paire de ces <strong>Double Monk Shoes noir pour hommes<\/strong> est dot\u00e9e d'une tige en cuir de veau v\u00e9ritable, r\u00e9put\u00e9 pour sa texture douce, sa durabilit\u00e9 et sa capacit\u00e9 \u00e0 vieillir en beaut\u00e9. L'int\u00e9rieur est doubl\u00e9 de cuir de ch\u00e8vre souple, offrant un niveau de confort in\u00e9gal\u00e9 qui bercera vos pieds tout au long de la journ\u00e9e. Cette doublure luxueuse assure une bonne respirabilit\u00e9 et un ajustement souple et confortable, ce qui fait de ces chaussures un plaisir \u00e0 porter m\u00eame pendant de longues p\u00e9riodes. La semelle robuste mais flexible offre une traction et un soutien fiables, con\u00e7us pour le confort et la long\u00e9vit\u00e9.<\/p>\n<h3>Un savoir-faire et un style in\u00e9gal\u00e9s<\/h3>\n<p>Notre engagement en faveur d'un savoir-faire de qualit\u00e9 sup\u00e9rieure est \u00e9vident dans chaque point et chaque d\u00e9tail de ces chaussures de ville classiques. La double bride de moine, dot\u00e9e de deux \u00e9l\u00e9gantes boucles en argent poli, apporte une touche de raffinement qui les distingue des chaussures \u00e0 lacets traditionnelles. Ce design n'ajoute pas seulement une esth\u00e9tique sophistiqu\u00e9e, mais permet \u00e9galement un ajustement et un maintien s\u00fbrs. Qu'elles soient associ\u00e9es \u00e0 un costume d'affaires, \u00e0 un pantalon de tailleur ou \u00e0 un pantalon chino d\u00e9contract\u00e9, ces chaussures \u00e0 lacets sont id\u00e9ales pour les hommes d'affaires. <strong>Double Monk Shoes noir pour hommes<\/strong> rehausseront votre ensemble gr\u00e2ce \u00e0 leur classe inh\u00e9rente et \u00e0 leur sens de l'\u00e9l\u00e9gance.<\/p>\n<p>Disponibles dans une large gamme de pointures allant du 40 au 44, ces chaussures sont con\u00e7ues pour s'adapter parfaitement \u00e0 un large \u00e9ventail de pieds. La d\u00e9signation \u201cEva classic shoes\u201d t\u00e9moigne de leur design intemporel et de leur attrait durable, garantissant qu'elles resteront un \u00e9l\u00e9ment essentiel de votre collection pour les ann\u00e9es \u00e0 venir. Investissez dans une paire qui allie l'art de la cordonnerie traditionnelle \u00e0 un style contemporain, offrant \u00e0 la fois une pr\u00e9sence imposante et un confort exceptionnel.<\/p>\n<h3>Opportunit\u00e9 de vente en gros<\/h3>\n<p>Pour les d\u00e9taillants et les entreprises qui souhaitent proposer des chaussures haut de gamme, ces \u00e9l\u00e9gantes <strong>Double Monk Shoes noir pour hommes<\/strong> sont disponibles \u00e0 l'achat en gros avec une quantit\u00e9 minimale de commande de 8 paires. Offrez \u00e0 vos clients un produit qui repr\u00e9sente la qualit\u00e9, la sophistication et une compr\u00e9hension approfondie de la mode masculine classique. Contactez-nous d\u00e8s aujourd'hui pour discuter des options d'achat en gros et ajouter ces chaussures en cuir exquises \u00e0 votre inventaire.<\/p>","protected":false},"excerpt":{"rendered":"<ul>\n<li>Fabriqu\u00e9 \u00e0 la main avec une tige en cuir de veau de premi\u00e8re qualit\u00e9<\/li>\n<li>Doublure int\u00e9rieure en cuir de ch\u00e8vre luxueux pour un confort exceptionnel<\/li>\n<li>Double sangle \u00e9l\u00e9gante avec boucles en argent poli.<\/li>\n<li>Style classique et polyvalent convenant aux tenues formelles et aux tenues d'affaires d\u00e9contract\u00e9es<\/li>\n<li>Disponible en plusieurs tailles : 40, 41, 42, 43, 44<\/li>\n<li>Quantit\u00e9 minimale de commande de 8 paires ; disponibilit\u00e9 en gros pour les achats en masse<\/li>\n<\/ul>","protected":false},"featured_media":6756,"template":"","meta":{"_acf_changed":false,"_uag_custom_page_level_css":"","site-sidebar-layout":"default","site-content-layout":"","ast-site-content-layout":"default","site-content-style":"default","site-sidebar-style":"default","ast-global-header-display":"","ast-banner-title-visibility":"","ast-main-header-display":"","ast-hfb-above-header-display":"","ast-hfb-below-header-display":"","ast-hfb-mobile-header-display":"","site-post-title":"","ast-breadcrumbs-content":"","ast-featured-img":"","footer-sml-layout":"","ast-disable-related-posts":"","theme-transparent-header-meta":"","adv-header-id-meta":"","stick-header-meta":"","header-above-stick-meta":"","header-main-stick-meta":"","header-below-stick-meta":"","astra-migrate-meta-layouts":"default","ast-page-background-enabled":"default","ast-page-background-meta":{"desktop":{"background-color":"var(--ast-global-color-4)","background-image":"","background-repeat":"repeat","background-position":"center center","background-size":"auto","background-attachment":"scroll","background-type":"","background-media":"","overlay-type":"","overlay-color":"","overlay-opacity":"","overlay-gradient":""},"tablet":{"background-color":"","background-image":"","background-repeat":"repeat","background-position":"center center","background-size":"auto","background-attachment":"scroll","background-type":"","background-media":"","overlay-type":"","overlay-color":"","overlay-opacity":"","overlay-gradient":""},"mobile":{"background-color":"","background-image":"","background-repeat":"repeat","background-position":"center center","background-size":"auto","background-attachment":"scroll","background-type":"","background-media":"","overlay-type":"","overlay-color":"","overlay-opacity":"","overlay-gradient":""}},"ast-content-background-meta":{"desktop":{"background-color":"var(--ast-global-color-5)","background-image":"","background-repeat":"repeat","background-position":"center center","background-size":"auto","background-attachment":"scroll","background-type":"","background-media":"","overlay-type":"","overlay-color":"","overlay-opacity":"","overlay-gradient":""},"tablet":{"background-color":"var(--ast-global-color-5)","background-image":"","background-repeat":"repeat","background-position":"center center","background-size":"auto","background-attachment":"scroll","background-type":"","background-media":"","overlay-type":"","overlay-color":"","overlay-opacity":"","overlay-gradient":""},"mobile":{"background-color":"var(--ast-global-color-5)","background-image":"","background-repeat":"repeat","background-position":"center center","background-size":"auto","background-attachment":"scroll","background-type":"","background-media":"","overlay-type":"","overlay-color":"","overlay-opacity":"","overlay-gradient":""}}},"product_brand":[],"product_cat":[47,430,1200],"product_tag":[295,405,202,1333,1421,251,1249,227,281],"class_list":{"0":"post-8501","1":"product","2":"type-product","3":"status-publish","4":"has-post-thumbnail","6":"product_cat-classic","7":"product_cat-men","8":"product_cat-mens-shoes-2","9":"product_tag-black-dress-shoes","10":"product_tag-business-shoes","11":"product_tag-calf-leather","12":"product_tag-classic-monk-shoes","13":"product_tag-double-monk-straps","14":"product_tag-formal-shoes","15":"product_tag-goat-lining","16":"product_tag-leather-shoes","17":"product_tag-wholesale-shoes","18":"desktop-align-center","19":"tablet-align-center","20":"mobile-align-center","22":"first","23":"instock","24":"shipping-taxable","25":"purchasable","26":"product-type-variable","27":"has-default-attributes"},"acf":[],"uagb_featured_image_src":{"full":["https:\/\/turkishtrade.co\/wp-content\/uploads\/2026\/01\/2600QLOMN00005-BLACK.png",453,250,false],"thumbnail":["https:\/\/turkishtrade.co\/wp-content\/uploads\/2026\/01\/2600QLOMN00005-BLACK-150x150.png",150,150,true],"medium":["https:\/\/turkishtrade.co\/wp-content\/uploads\/2026\/01\/2600QLOMN00005-BLACK-300x166.png",300,166,true],"medium_large":["https:\/\/turkishtrade.co\/wp-content\/uploads\/2026\/01\/2600QLOMN00005-BLACK.png",453,250,false],"large":["https:\/\/turkishtrade.co\/wp-content\/uploads\/2026\/01\/2600QLOMN00005-BLACK.png",453,250,false],"1536x1536":["https:\/\/turkishtrade.co\/wp-content\/uploads\/2026\/01\/2600QLOMN00005-BLACK.png",453,250,false],"2048x2048":["https:\/\/turkishtrade.co\/wp-content\/uploads\/2026\/01\/2600QLOMN00005-BLACK.png",453,250,false],"trp-custom-language-flag":["https:\/\/turkishtrade.co\/wp-content\/uploads\/2026\/01\/2600QLOMN00005-BLACK-18x10.png",18,10,true],"woocommerce_thumbnail":["https:\/\/turkishtrade.co\/wp-content\/uploads\/2026\/01\/2600QLOMN00005-BLACK-400x250.png",400,250,true],"woocommerce_single":["https:\/\/turkishtrade.co\/wp-content\/uploads\/2026\/01\/2600QLOMN00005-BLACK.png",453,250,false],"woocommerce_gallery_thumbnail":["https:\/\/turkishtrade.co\/wp-content\/uploads\/2026\/01\/2600QLOMN00005-BLACK-100x100.png",100,100,true]},"uagb_author_info":{"display_name":"python python","author_link":"https:\/\/turkishtrade.co\/fr\/author\/"},"uagb_comment_info":0,"uagb_excerpt":"Handcrafted with premium calf leather upper Luxurious goat leather interior lining for exceptional comfort Features elegant double monk strap design with polished silver buckles Classic and versatile style suitable for formal and business casual wear Available in a range of sizes: 40, 41, 42, 43, 44 Minimum order quantity of 8 pairs; wholesale availability for\u2026","_links":{"self":[{"href":"https:\/\/turkishtrade.co\/fr\/wp-json\/wp\/v2\/product\/8501","targetHints":{"allow":["GET"]}}],"collection":[{"href":"https:\/\/turkishtrade.co\/fr\/wp-json\/wp\/v2\/product"}],"about":[{"href":"https:\/\/turkishtrade.co\/fr\/wp-json\/wp\/v2\/types\/product"}],"wp:featuredmedia":[{"embeddable":true,"href":"https:\/\/turkishtrade.co\/fr\/wp-json\/wp\/v2\/media\/6756"}],"wp:attachment":[{"href":"https:\/\/turkishtrade.co\/fr\/wp-json\/wp\/v2\/media?parent=8501"}],"wp:term":[{"taxonomy":"product_brand","embeddable":true,"href":"https:\/\/turkishtrade.co\/fr\/wp-json\/wp\/v2\/product_brand?post=8501"},{"taxonomy":"product_cat","embeddable":true,"href":"https:\/\/turkishtrade.co\/fr\/wp-json\/wp\/v2\/product_cat?post=8501"},{"taxonomy":"product_tag","embeddable":true,"href":"https:\/\/turkishtrade.co\/fr\/wp-json\/wp\/v2\/product_tag?post=8501"}],"curies":[{"name":"wp","href":"https:\/\/api.w.org\/{rel}","templated":true}]}}