{"id":8499,"date":"2026-01-29T14:50:40","date_gmt":"2026-01-29T14:50:40","guid":{"rendered":"https:\/\/turkishtrade.co\/?post_type=product&#038;p=8499"},"modified":"2026-04-09T20:22:43","modified_gmt":"2026-04-09T20:22:43","slug":"mens-calf-leather-sneaker","status":"publish","type":"product","link":"https:\/\/turkishtrade.co\/fr\/shop\/mens-calf-leather-sneaker\/","title":{"rendered":"Sneaker en cuir de veau pour hommes Luxury | Men's Premium Calf Leather Casual"},"content":{"rendered":"<p>Am\u00e9liorez votre jeu de chaussures gr\u00e2ce \u00e0 nos chaussures exquises. <strong>Sneaker en cuir de veau pour hommes<\/strong>, Cette chaussure est con\u00e7ue pour les personnes exigeantes qui appr\u00e9cient \u00e0 la fois le style et le confort. Cette basket d\u00e9contract\u00e9e haut de gamme est plus qu'une simple chaussure, c'est une d\u00e9claration de go\u00fbt raffin\u00e9 et de savoir-faire sup\u00e9rieur. Parfaite pour une myriade d'occasions, des sorties du week-end aux environnements de bureau \u00e9l\u00e9gants et d\u00e9contract\u00e9s, cette chaussure de sport de qualit\u00e9 sup\u00e9rieure est plus qu'une simple chaussure. <strong>Sneaker en cuir de veau pour hommes<\/strong> promet d'\u00eatre un \u00e9l\u00e9ment de base polyvalent dans toute garde-robe moderne. Son design intemporel lui permet de rester \u00e0 la mode saison apr\u00e8s saison, ce qui en fait un investissement judicieux pour votre collection.<\/p>\n<h3>Qualit\u00e9 et confort in\u00e9gal\u00e9s<\/h3>\n<p>Notre engagement en mati\u00e8re de qualit\u00e9 commence par les mat\u00e9riaux. L'empeigne de cet exceptionnel <strong>Sneaker en cuir de veau pour hommes<\/strong> est m\u00e9ticuleusement fabriqu\u00e9 en cuir de veau v\u00e9ritable de haute qualit\u00e9. Ce choix de mat\u00e9riau conf\u00e8re non seulement une finition luxueuse et lisse, mais offre \u00e9galement une durabilit\u00e9 remarquable et une esth\u00e9tique sophistiqu\u00e9e. Vous remarquerez un motif textur\u00e9 subtil et \u00e9l\u00e9gant sur le cuir, qui ajoute de la profondeur et du caract\u00e8re \u00e0 sa teinte naturelle brun clair\/tan. Ce d\u00e9tail complexe \u00e9l\u00e8ve la sneaker au-del\u00e0 de la chaussure d\u00e9contract\u00e9e ordinaire, en lui apportant une touche artistique unique.<\/p>\n<p>Profitez d'un confort in\u00e9gal\u00e9 \u00e0 chaque pas, gr\u00e2ce \u00e0 la somptueuse doublure en cuir de ch\u00e8vre. Contrairement aux alternatives synth\u00e9tiques, le cuir de ch\u00e8vre est connu pour son incroyable douceur, sa respirabilit\u00e9 et ses propri\u00e9t\u00e9s d'\u00e9vacuation de l'humidit\u00e9, garantissant \u00e0 vos pieds confort et fra\u00eecheur tout au long de la journ\u00e9e. Cette doublure de qualit\u00e9 sup\u00e9rieure berce votre pied, offrant une sensation sur mesure que seuls les mat\u00e9riaux naturels peuvent offrir. En compl\u00e9ment, la semelle l\u00e9g\u00e8re en EVA offre un excellent amorti et un bon soutien, absorbant les chocs et offrant une sensation de r\u00e9activit\u00e9. Cette combinaison de mat\u00e9riaux de qualit\u00e9 sup\u00e9rieure fait de ces baskets un v\u00e9ritable plaisir \u00e0 porter, m\u00eame pendant de longues p\u00e9riodes.<\/p>\n<h3>Style polyvalent et disponibilit\u00e9 en gros<\/h3>\n<p>Le design classique \u00e0 lacets, associ\u00e9 \u00e0 l'\u00e9l\u00e9gante couleur beige, rend cette basket d\u00e9contract\u00e9e pour homme incroyablement adaptable. Que vous les associiez \u00e0 un pantalon chino pour un look sophistiqu\u00e9 ou \u00e0 votre jean pr\u00e9f\u00e9r\u00e9 pour un week-end d\u00e9contract\u00e9, ces baskets rehausseront votre ensemble sans effort. Elles sont disponibles dans une large gamme de tailles pour hommes, notamment en EU 40, 41, 42, 43 et 44, ce qui permet de r\u00e9pondre aux besoins d'une large client\u00e8le.<\/p>\n<p>Pour les d\u00e9taillants et les entreprises \u00e0 la recherche de chaussures de haute qualit\u00e9, ces baskets en cuir de veau de premi\u00e8re qualit\u00e9 sont disponibles \u00e0 l'achat en gros. Nous demandons une commande minimum de 8 paires, ce qui vous permet de stocker une gamme de tailles souhaitables et de r\u00e9pondre efficacement aux demandes de vos clients. Investissez dans des chaussures qui se distinguent par leur qualit\u00e9, leur confort et leur style durable. Choisissez notre Sneaker en cuir de veau pour homme et offrez \u00e0 votre client\u00e8le un produit qui incarne vraiment le luxe d\u00e9contract\u00e9.<\/p>","protected":false},"excerpt":{"rendered":"<ul>\n<li>Fabriqu\u00e9 en cuir de veau v\u00e9ritable pour un aspect et un toucher haut de gamme.<\/li>\n<li>La doublure en cuir de ch\u00e8vre luxueux assure un confort et une respirabilit\u00e9 exceptionnels.<\/li>\n<li>Semelle EVA l\u00e9g\u00e8re et confortable pour une utilisation tout au long de la journ\u00e9e.<\/li>\n<li>Disponible en tailles polyvalentes pour hommes : EU 40, 41, 42, 43, 44.<\/li>\n<li>Design sophistiqu\u00e9 et d\u00e9contract\u00e9, parfait pour toutes sortes de tenues.<\/li>\n<li>Vente en gros possible avec une commande minimum de 8 paires.<\/li>\n<\/ul>","protected":false},"featured_media":6754,"template":"","meta":{"_acf_changed":false,"_uag_custom_page_level_css":"","site-sidebar-layout":"default","site-content-layout":"","ast-site-content-layout":"default","site-content-style":"default","site-sidebar-style":"default","ast-global-header-display":"","ast-banner-title-visibility":"","ast-main-header-display":"","ast-hfb-above-header-display":"","ast-hfb-below-header-display":"","ast-hfb-mobile-header-display":"","site-post-title":"","ast-breadcrumbs-content":"","ast-featured-img":"","footer-sml-layout":"","ast-disable-related-posts":"","theme-transparent-header-meta":"","adv-header-id-meta":"","stick-header-meta":"","header-above-stick-meta":"","header-main-stick-meta":"","header-below-stick-meta":"","astra-migrate-meta-layouts":"default","ast-page-background-enabled":"default","ast-page-background-meta":{"desktop":{"background-color":"var(--ast-global-color-4)","background-image":"","background-repeat":"repeat","background-position":"center center","background-size":"auto","background-attachment":"scroll","background-type":"","background-media":"","overlay-type":"","overlay-color":"","overlay-opacity":"","overlay-gradient":""},"tablet":{"background-color":"","background-image":"","background-repeat":"repeat","background-position":"center center","background-size":"auto","background-attachment":"scroll","background-type":"","background-media":"","overlay-type":"","overlay-color":"","overlay-opacity":"","overlay-gradient":""},"mobile":{"background-color":"","background-image":"","background-repeat":"repeat","background-position":"center center","background-size":"auto","background-attachment":"scroll","background-type":"","background-media":"","overlay-type":"","overlay-color":"","overlay-opacity":"","overlay-gradient":""}},"ast-content-background-meta":{"desktop":{"background-color":"var(--ast-global-color-5)","background-image":"","background-repeat":"repeat","background-position":"center center","background-size":"auto","background-attachment":"scroll","background-type":"","background-media":"","overlay-type":"","overlay-color":"","overlay-opacity":"","overlay-gradient":""},"tablet":{"background-color":"var(--ast-global-color-5)","background-image":"","background-repeat":"repeat","background-position":"center center","background-size":"auto","background-attachment":"scroll","background-type":"","background-media":"","overlay-type":"","overlay-color":"","overlay-opacity":"","overlay-gradient":""},"mobile":{"background-color":"var(--ast-global-color-5)","background-image":"","background-repeat":"repeat","background-position":"center center","background-size":"auto","background-attachment":"scroll","background-type":"","background-media":"","overlay-type":"","overlay-color":"","overlay-opacity":"","overlay-gradient":""}}},"product_brand":[],"product_cat":[48,430,1200,50],"product_tag":[185,449,438,1258,224,214,250,350,1412,1123],"class_list":{"0":"post-8499","1":"product","2":"type-product","3":"status-publish","4":"has-post-thumbnail","6":"product_cat-casual","7":"product_cat-men","8":"product_cat-mens-shoes-2","9":"product_cat-sneakers","10":"product_tag-calf-leather-shoes","11":"product_tag-casual-shoes","12":"product_tag-eva-sole","13":"product_tag-goat-lined-shoes","14":"product_tag-leather-sneakers","15":"product_tag-mens-sneakers","16":"product_tag-premium-leather","17":"product_tag-stylish-mens-footwear","18":"product_tag-tan-sneakers","19":"product_tag-wholesale-sneakers","20":"desktop-align-center","21":"tablet-align-center","22":"mobile-align-center","24":"first","25":"instock","26":"shipping-taxable","27":"purchasable","28":"product-type-variable","29":"has-default-attributes"},"acf":[],"uagb_featured_image_src":{"full":["https:\/\/turkishtrade.co\/wp-content\/uploads\/2026\/01\/2600QLOMN00003-BROWN.png",453,250,false],"thumbnail":["https:\/\/turkishtrade.co\/wp-content\/uploads\/2026\/01\/2600QLOMN00003-BROWN-150x150.png",150,150,true],"medium":["https:\/\/turkishtrade.co\/wp-content\/uploads\/2026\/01\/2600QLOMN00003-BROWN-300x166.png",300,166,true],"medium_large":["https:\/\/turkishtrade.co\/wp-content\/uploads\/2026\/01\/2600QLOMN00003-BROWN.png",453,250,false],"large":["https:\/\/turkishtrade.co\/wp-content\/uploads\/2026\/01\/2600QLOMN00003-BROWN.png",453,250,false],"1536x1536":["https:\/\/turkishtrade.co\/wp-content\/uploads\/2026\/01\/2600QLOMN00003-BROWN.png",453,250,false],"2048x2048":["https:\/\/turkishtrade.co\/wp-content\/uploads\/2026\/01\/2600QLOMN00003-BROWN.png",453,250,false],"trp-custom-language-flag":["https:\/\/turkishtrade.co\/wp-content\/uploads\/2026\/01\/2600QLOMN00003-BROWN-18x10.png",18,10,true],"woocommerce_thumbnail":["https:\/\/turkishtrade.co\/wp-content\/uploads\/2026\/01\/2600QLOMN00003-BROWN-400x250.png",400,250,true],"woocommerce_single":["https:\/\/turkishtrade.co\/wp-content\/uploads\/2026\/01\/2600QLOMN00003-BROWN.png",453,250,false],"woocommerce_gallery_thumbnail":["https:\/\/turkishtrade.co\/wp-content\/uploads\/2026\/01\/2600QLOMN00003-BROWN-100x100.png",100,100,true]},"uagb_author_info":{"display_name":"python python","author_link":"https:\/\/turkishtrade.co\/fr\/author\/"},"uagb_comment_info":0,"uagb_excerpt":"Crafted from genuine calf leather for a premium look and feel. Luxurious goat leather lining ensures exceptional comfort and breathability. Lightweight and supportive EVA sole for all-day wear. Available in versatile men's sizes: EU 40, 41, 42, 43, 44. Sophisticated casual design perfect for various outfits. Wholesale available with a minimum order of 8 pairs.","_links":{"self":[{"href":"https:\/\/turkishtrade.co\/fr\/wp-json\/wp\/v2\/product\/8499","targetHints":{"allow":["GET"]}}],"collection":[{"href":"https:\/\/turkishtrade.co\/fr\/wp-json\/wp\/v2\/product"}],"about":[{"href":"https:\/\/turkishtrade.co\/fr\/wp-json\/wp\/v2\/types\/product"}],"wp:featuredmedia":[{"embeddable":true,"href":"https:\/\/turkishtrade.co\/fr\/wp-json\/wp\/v2\/media\/6754"}],"wp:attachment":[{"href":"https:\/\/turkishtrade.co\/fr\/wp-json\/wp\/v2\/media?parent=8499"}],"wp:term":[{"taxonomy":"product_brand","embeddable":true,"href":"https:\/\/turkishtrade.co\/fr\/wp-json\/wp\/v2\/product_brand?post=8499"},{"taxonomy":"product_cat","embeddable":true,"href":"https:\/\/turkishtrade.co\/fr\/wp-json\/wp\/v2\/product_cat?post=8499"},{"taxonomy":"product_tag","embeddable":true,"href":"https:\/\/turkishtrade.co\/fr\/wp-json\/wp\/v2\/product_tag?post=8499"}],"curies":[{"name":"wp","href":"https:\/\/api.w.org\/{rel}","templated":true}]}}