{"id":8498,"date":"2026-01-29T14:50:40","date_gmt":"2026-01-29T14:50:40","guid":{"rendered":"https:\/\/turkishtrade.co\/?post_type=product&#038;p=8498"},"modified":"2026-04-09T20:22:49","modified_gmt":"2026-04-09T20:22:49","slug":"mens-leather-casual-sneakers-5","status":"publish","type":"product","link":"https:\/\/turkishtrade.co\/fr\/shop\/mens-leather-casual-sneakers-5\/","title":{"rendered":"Baskets casual en cuir pour hommes Baskets de luxe en cuir de veau de premi\u00e8re qualit\u00e9 pour hommes"},"content":{"rendered":"<p><strong>Baskets d\u00e9contract\u00e9es en cuir pour hommes<\/strong>. Qualit\u00e9 et design de luxe.<\/p>\n<p>Profitez d'un confort in\u00e9gal\u00e9 et d'un style intemporel gr\u00e2ce \u00e0 nos produits exquis. <strong>Baskets d\u00e9contract\u00e9es en cuir de veau de premi\u00e8re qualit\u00e9 pour hommes avec doublure en cuir de ch\u00e8vre<\/strong>. Con\u00e7ues pour les personnes exigeantes qui appr\u00e9cient \u00e0 la fois le luxe et l'aspect pratique, ces baskets sont plus que de simples chaussures - elles sont un investissement dans votre \u00e9l\u00e9gance quotidienne. Chaque paire est m\u00e9ticuleusement fabriqu\u00e9e en cuir de veau v\u00e9ritable, offrant un ext\u00e9rieur lisse et raffin\u00e9 qui d\u00e9veloppe une patine unique au fil du temps, ce qui vous permet de vous les approprier. La tige noire classique, parfaitement compl\u00e9t\u00e9e par une semelle blanche contrastante, assure \u00e0 ces chaussures un look unique. <strong>chaussures de sport d\u00e9contract\u00e9es en cuir pour hommes<\/strong> s'int\u00e8grent parfaitement \u00e0 toute garde-robe, qu'il s'agisse d'ensembles \u00e9l\u00e9gants ou de tenues d\u00e9contract\u00e9es pour le week-end.<\/p>\n<h3>Un confort in\u00e9gal\u00e9 et une qualit\u00e9 de fabrication sup\u00e9rieure<\/h3>\n<p>Ce qui diff\u00e9rencie ces <strong>chaussures de sport d\u00e9contract\u00e9es en cuir pour hommes<\/strong> est leur int\u00e9rieur exceptionnel. Nous savons que le v\u00e9ritable confort commence \u00e0 l'int\u00e9rieur, c'est pourquoi ces chaussures sont dot\u00e9es d'une somptueuse doublure en cuir de ch\u00e8vre. Cette mati\u00e8re naturelle est r\u00e9put\u00e9e pour son incroyable douceur, sa respirabilit\u00e9 et ses propri\u00e9t\u00e9s d'\u00e9vacuation de l'humidit\u00e9, ce qui permet \u00e0 vos pieds de rester confortables et frais tout au long de la journ\u00e9e, m\u00eame en cas de port prolong\u00e9. Dites adieu aux chaussures inconfortables et profitez du toucher moelleux de la doublure en cuir de ch\u00e8vre v\u00e9ritable \u00e0 chaque pas.<\/p>\n<p>Au-del\u00e0 des mat\u00e9riaux luxueux, ces chaussures de sport sont con\u00e7ues pour offrir des performances sup\u00e9rieures. La semelle l\u00e9g\u00e8re en EVA offre un excellent amorti et une bonne absorption des chocs, ce qui les rend id\u00e9ales pour les explorations urbaines, les trajets quotidiens ou tout simplement pour profiter de votre temps libre. La construction durable garantit la long\u00e9vit\u00e9, promettant que ces <strong>chaussures de sport d\u00e9contract\u00e9es en cuir pour hommes<\/strong> sera un \u00e9l\u00e9ment essentiel de votre collection pour les saisons \u00e0 venir. Disponibles dans une s\u00e9rie de tailles pratiques (40, 41, 42, 43 et 44), nous r\u00e9pondons \u00e0 un large \u00e9ventail de pr\u00e9f\u00e9rences, garantissant un ajustement parfait pour un confort ultime.<\/p>\n<h3>La polyvalence au service d'un design \u00e9l\u00e9gant<\/h3>\n<p>Nos baskets d\u00e9contract\u00e9es en cuir de veau de premi\u00e8re qualit\u00e9 sont l'incarnation de la chaussure polyvalente. Leur design minimaliste mais sophistiqu\u00e9 leur permet de s'habiller ou de se d\u00e9contracter avec aisance. Associez-les \u00e0 un pantalon chino ajust\u00e9 et \u00e0 une chemise impeccable pour un look d\u00e9contract\u00e9 raffin\u00e9, ou portez-les avec votre jean pr\u00e9f\u00e9r\u00e9 et un t-shirt pour une ambiance cool sans effort. Ces chaussures <strong>chaussures de sport d\u00e9contract\u00e9es en cuir pour hommes<\/strong> ne se limitent pas \u00e0 l'esth\u00e9tique ; ils offrent une solution confortable et \u00e9l\u00e9gante pour tous les aspects de votre vie. D\u00e9couvrez le m\u00e9lange parfait de savoir-faire traditionnel et de design moderne, tout en profitant des avantages de mat\u00e9riaux de premi\u00e8re qualit\u00e9 tels que le cuir de veau et une doublure en ch\u00e8vre douce. Pour les entreprises souhaitant stocker ces chaussures de haute qualit\u00e9, nous proposons des options de vente en gros attractives avec une quantit\u00e9 minimale de commande de seulement 8 paires, ce qui facilite l'acc\u00e8s de vos clients \u00e0 ces chaussures exceptionnelles.<\/p>","protected":false},"excerpt":{"rendered":"<ul>\n<li>Fabriqu\u00e9 en cuir de veau v\u00e9ritable pour un aspect et un toucher sophistiqu\u00e9s.<\/li>\n<li>La doublure int\u00e9rieure en cuir de ch\u00e8vre luxueux assure un confort et une respirabilit\u00e9 exceptionnels.<\/li>\n<li>Semelle EVA l\u00e9g\u00e8re et durable pour un soutien tout au long de la journ\u00e9e.<\/li>\n<li>Design noir \u00e9l\u00e9gant avec une semelle blanche nette, parfait pour un style polyvalent.<\/li>\n<li>Disponible dans une large gamme de tailles : 40, 41, 42, 43, 44<\/li>\n<li><strong>Les commandes en gros sont possibles avec une commande minimum de 8 paires.<\/strong><\/li>\n<\/ul>","protected":false},"featured_media":6720,"template":"","meta":{"_acf_changed":false,"_uag_custom_page_level_css":"","site-sidebar-layout":"default","site-content-layout":"","ast-site-content-layout":"default","site-content-style":"default","site-sidebar-style":"default","ast-global-header-display":"","ast-banner-title-visibility":"","ast-main-header-display":"","ast-hfb-above-header-display":"","ast-hfb-below-header-display":"","ast-hfb-mobile-header-display":"","site-post-title":"","ast-breadcrumbs-content":"","ast-featured-img":"","footer-sml-layout":"","ast-disable-related-posts":"","theme-transparent-header-meta":"","adv-header-id-meta":"","stick-header-meta":"","header-above-stick-meta":"","header-main-stick-meta":"","header-below-stick-meta":"","astra-migrate-meta-layouts":"default","ast-page-background-enabled":"default","ast-page-background-meta":{"desktop":{"background-color":"var(--ast-global-color-4)","background-image":"","background-repeat":"repeat","background-position":"center center","background-size":"auto","background-attachment":"scroll","background-type":"","background-media":"","overlay-type":"","overlay-color":"","overlay-opacity":"","overlay-gradient":""},"tablet":{"background-color":"","background-image":"","background-repeat":"repeat","background-position":"center center","background-size":"auto","background-attachment":"scroll","background-type":"","background-media":"","overlay-type":"","overlay-color":"","overlay-opacity":"","overlay-gradient":""},"mobile":{"background-color":"","background-image":"","background-repeat":"repeat","background-position":"center center","background-size":"auto","background-attachment":"scroll","background-type":"","background-media":"","overlay-type":"","overlay-color":"","overlay-opacity":"","overlay-gradient":""}},"ast-content-background-meta":{"desktop":{"background-color":"var(--ast-global-color-5)","background-image":"","background-repeat":"repeat","background-position":"center center","background-size":"auto","background-attachment":"scroll","background-type":"","background-media":"","overlay-type":"","overlay-color":"","overlay-opacity":"","overlay-gradient":""},"tablet":{"background-color":"var(--ast-global-color-5)","background-image":"","background-repeat":"repeat","background-position":"center center","background-size":"auto","background-attachment":"scroll","background-type":"","background-media":"","overlay-type":"","overlay-color":"","overlay-opacity":"","overlay-gradient":""},"mobile":{"background-color":"var(--ast-global-color-5)","background-image":"","background-repeat":"repeat","background-position":"center center","background-size":"auto","background-attachment":"scroll","background-type":"","background-media":"","overlay-type":"","overlay-color":"","overlay-opacity":"","overlay-gradient":""}}},"product_brand":[],"product_cat":[48,430,1200,50],"product_tag":[1120,202,449,1117,1249,224,214,764,1440,1123],"class_list":{"0":"post-8498","1":"product","2":"type-product","3":"status-publish","4":"has-post-thumbnail","6":"product_cat-casual","7":"product_cat-men","8":"product_cat-mens-shoes-2","9":"product_cat-sneakers","10":"product_tag-black-sneakers","11":"product_tag-calf-leather","12":"product_tag-casual-shoes","13":"product_tag-comfortable-sneakers","14":"product_tag-goat-lining","15":"product_tag-leather-sneakers","16":"product_tag-mens-sneakers","17":"product_tag-stylish-footwear","18":"product_tag-white-sole-shoes","19":"product_tag-wholesale-sneakers","20":"desktop-align-center","21":"tablet-align-center","22":"mobile-align-center","24":"first","25":"instock","26":"shipping-taxable","27":"purchasable","28":"product-type-variable","29":"has-default-attributes"},"acf":[],"uagb_featured_image_src":{"full":["https:\/\/turkishtrade.co\/wp-content\/uploads\/2026\/01\/2600QLOMN00002-BLACK.png",453,250,false],"thumbnail":["https:\/\/turkishtrade.co\/wp-content\/uploads\/2026\/01\/2600QLOMN00002-BLACK-150x150.png",150,150,true],"medium":["https:\/\/turkishtrade.co\/wp-content\/uploads\/2026\/01\/2600QLOMN00002-BLACK-300x166.png",300,166,true],"medium_large":["https:\/\/turkishtrade.co\/wp-content\/uploads\/2026\/01\/2600QLOMN00002-BLACK.png",453,250,false],"large":["https:\/\/turkishtrade.co\/wp-content\/uploads\/2026\/01\/2600QLOMN00002-BLACK.png",453,250,false],"1536x1536":["https:\/\/turkishtrade.co\/wp-content\/uploads\/2026\/01\/2600QLOMN00002-BLACK.png",453,250,false],"2048x2048":["https:\/\/turkishtrade.co\/wp-content\/uploads\/2026\/01\/2600QLOMN00002-BLACK.png",453,250,false],"trp-custom-language-flag":["https:\/\/turkishtrade.co\/wp-content\/uploads\/2026\/01\/2600QLOMN00002-BLACK-18x10.png",18,10,true],"woocommerce_thumbnail":["https:\/\/turkishtrade.co\/wp-content\/uploads\/2026\/01\/2600QLOMN00002-BLACK-400x250.png",400,250,true],"woocommerce_single":["https:\/\/turkishtrade.co\/wp-content\/uploads\/2026\/01\/2600QLOMN00002-BLACK.png",453,250,false],"woocommerce_gallery_thumbnail":["https:\/\/turkishtrade.co\/wp-content\/uploads\/2026\/01\/2600QLOMN00002-BLACK-100x100.png",100,100,true]},"uagb_author_info":{"display_name":"python python","author_link":"https:\/\/turkishtrade.co\/fr\/author\/"},"uagb_comment_info":0,"uagb_excerpt":"Crafted from genuine calf leather for a sophisticated look and feel Luxurious goat leather interior lining ensures exceptional comfort and breathability Features a lightweight and durable EVA sole for all-day support Sleek black design with a crisp white sole, perfect for versatile styling Available in a comprehensive size range: 40, 41, 42, 43, 44 Wholesale\u2026","_links":{"self":[{"href":"https:\/\/turkishtrade.co\/fr\/wp-json\/wp\/v2\/product\/8498","targetHints":{"allow":["GET"]}}],"collection":[{"href":"https:\/\/turkishtrade.co\/fr\/wp-json\/wp\/v2\/product"}],"about":[{"href":"https:\/\/turkishtrade.co\/fr\/wp-json\/wp\/v2\/types\/product"}],"wp:featuredmedia":[{"embeddable":true,"href":"https:\/\/turkishtrade.co\/fr\/wp-json\/wp\/v2\/media\/6720"}],"wp:attachment":[{"href":"https:\/\/turkishtrade.co\/fr\/wp-json\/wp\/v2\/media?parent=8498"}],"wp:term":[{"taxonomy":"product_brand","embeddable":true,"href":"https:\/\/turkishtrade.co\/fr\/wp-json\/wp\/v2\/product_brand?post=8498"},{"taxonomy":"product_cat","embeddable":true,"href":"https:\/\/turkishtrade.co\/fr\/wp-json\/wp\/v2\/product_cat?post=8498"},{"taxonomy":"product_tag","embeddable":true,"href":"https:\/\/turkishtrade.co\/fr\/wp-json\/wp\/v2\/product_tag?post=8498"}],"curies":[{"name":"wp","href":"https:\/\/api.w.org\/{rel}","templated":true}]}}