{"id":8469,"date":"2026-01-29T14:50:27","date_gmt":"2026-01-29T14:50:27","guid":{"rendered":"https:\/\/turkishtrade.co\/?post_type=product&#038;p=8469"},"modified":"2026-04-09T20:23:46","modified_gmt":"2026-04-09T20:23:46","slug":"mens-black-faux-leather-sport-shoes","status":"publish","type":"product","link":"https:\/\/turkishtrade.co\/fr\/shop\/mens-black-faux-leather-sport-shoes\/","title":{"rendered":"Chaussures de sport en similicuir noir pour hommes Best-Selling"},"content":{"rendered":"<p><strong>Chaussures de sport en similicuir noir pour hommes<\/strong>. La qualit\u00e9 et le design les plus vendus.<\/p>\n<p>Entrez dans un style et un confort in\u00e9gal\u00e9s gr\u00e2ce \u00e0 nos produits de qualit\u00e9 sup\u00e9rieure. <strong>Chaussures de sport en similicuir noir pour hommes<\/strong>. Con\u00e7ues pour l'homme moderne, ces baskets polyvalentes allient une esth\u00e9tique \u00e9l\u00e9gante \u00e0 une fonctionnalit\u00e9 pratique, ce qui les rend parfaites pour la routine quotidienne et les activit\u00e9s athl\u00e9tiques l\u00e9g\u00e8res. Le design enti\u00e8rement noir permet \u00e0 ces chaussures de s'int\u00e9grer parfaitement \u00e0 n'importe quelle garde-robe, offrant un look sophistiqu\u00e9 mais sportif qui se d\u00e9marque.<\/p>\n<h3>Un confort in\u00e9gal\u00e9 et une construction de qualit\u00e9<\/h3>\n<p>Fabriqu\u00e9es avec une attention m\u00e9ticuleuse aux d\u00e9tails, ces chaussures de sport sont dot\u00e9es d'une construction ext\u00e9rieure durable combinant un mat\u00e9riau en similicuir de haute qualit\u00e9 et des panneaux en maille respirante strat\u00e9giquement plac\u00e9s. Ce choix intelligent de mat\u00e9riaux contribue non seulement \u00e0 la robustesse de la chaussure, mais assure \u00e9galement une excellente circulation de l'air, ce qui permet \u00e0 vos pieds de rester au frais et \u00e0 l'aise tout au long de la journ\u00e9e. L'int\u00e9rieur est dot\u00e9 d'une doublure en tissu de sport souple, qui assure un ajustement et un soutien parfaits \u00e0 chaque pas. Qu'il s'agisse d'une marche rapide ou d'une journ\u00e9e d\u00e9contract\u00e9e, le confort du tissu int\u00e9rieur garantit une exp\u00e9rience de port agr\u00e9able pendant de longues p\u00e9riodes.<\/p>\n<h3>Con\u00e7u pour la performance et le port quotidien<\/h3>\n<p>Notre <strong>Chaussures de sport en similicuir noir pour hommes<\/strong> sont con\u00e7ues pour soutenir votre style de vie actif. La semelle robuste, mais l\u00e9g\u00e8re, offre une traction sup\u00e9rieure et une absorption des chocs, r\u00e9duisant l'impact sur vos articulations et am\u00e9liorant votre confort g\u00e9n\u00e9ral. La fermeture \u00e0 lacets assure un ajustement s\u00fbr et r\u00e9glable, s'adaptant aux contours uniques de votre pied. Que vous alliez \u00e0 la salle de sport, que vous fassiez vos courses ou que vous passiez simplement une journ\u00e9e d\u00e9contract\u00e9e avec vos amis, ces chaussures offrent un m\u00e9lange parfait de performance et d'\u00e9l\u00e9gance d\u00e9contract\u00e9e. La semelle \u00e9paisse contemporaine ajoute une touche de modernit\u00e9 et vous permet de rester \u00e0 la pointe de la mode.<\/p>\n<h3>Polyvalence et style \u00e0 chaque pas<\/h3>\n<p>Au-del\u00e0 de leurs capacit\u00e9s athl\u00e9tiques, ces <strong>Chaussures de sport en similicuir noir pour hommes<\/strong> t\u00e9moignent de la polyvalence de la mode. Leur finition noire monochrome permet de les associer \u00e0 un large \u00e9ventail de tenues, qu'il s'agisse de v\u00eatements de sport, de jeans, de shorts ou m\u00eame de pantalons \u00e9l\u00e9gants et d\u00e9contract\u00e9s. Elles constituent un ajout essentiel \u00e0 la collection de chaussures de tout homme exigeant, offrant une option fiable qui privil\u00e9gie \u00e0 la fois l'apparence et l'aspect pratique. D\u00e9couvrez la fusion parfaite de la qualit\u00e9 durable et du design contemporain \u00e0 chaque foul\u00e9e.<\/p>\n<h3>Opportunit\u00e9 de vente en gros<\/h3>\n<p>Pour les d\u00e9taillants et les entreprises qui cherchent \u00e0 stocker des chaussures de haute qualit\u00e9, nos chaussures de sport en similicuir noir pour hommes sont disponibles \u00e0 l'achat en gros. Avec une quantit\u00e9 minimale de commande de seulement 8 paires, vous pouvez facilement ajouter ces baskets populaires et \u00e9l\u00e9gantes \u00e0 votre inventaire, pour r\u00e9pondre aux clients qui recherchent des chaussures de sport durables, confortables et \u00e0 la mode. D\u00e9veloppez votre collection avec un produit qui promet la satisfaction du client et un fort potentiel de vente.<\/p>","protected":false},"excerpt":{"rendered":"<ul>\n<li><strong>Tailles :<\/strong> Disponible dans les tailles EU 40, 41, 42, 43, 44, 45<\/li>\n<li><strong>Mat\u00e9riau ext\u00e9rieur :<\/strong> Faux cuir de premi\u00e8re qualit\u00e9 et conception en maille respirante<\/li>\n<li><strong>Mat\u00e9riau int\u00e9rieur :<\/strong> Doublure en tissu sportif confortable pour un port tout au long de la journ\u00e9e<\/li>\n<li><strong>Conception :<\/strong> Chaussures de sport noires \u00e9l\u00e9gantes, \u00e0 lacets, avec une semelle moderne et \u00e9paisse.<\/li>\n<li><strong>Vente en gros :<\/strong> Quantit\u00e9 minimale de 8 paires pour les achats en gros<\/li>\n<\/ul>","protected":false},"featured_media":6689,"template":"","meta":{"_acf_changed":false,"_uag_custom_page_level_css":"","site-sidebar-layout":"default","site-content-layout":"","ast-site-content-layout":"default","site-content-style":"default","site-sidebar-style":"default","ast-global-header-display":"","ast-banner-title-visibility":"","ast-main-header-display":"","ast-hfb-above-header-display":"","ast-hfb-below-header-display":"","ast-hfb-mobile-header-display":"","site-post-title":"","ast-breadcrumbs-content":"","ast-featured-img":"","footer-sml-layout":"","ast-disable-related-posts":"","theme-transparent-header-meta":"","adv-header-id-meta":"","stick-header-meta":"","header-above-stick-meta":"","header-main-stick-meta":"","header-below-stick-meta":"","astra-migrate-meta-layouts":"default","ast-page-background-enabled":"default","ast-page-background-meta":{"desktop":{"background-color":"var(--ast-global-color-4)","background-image":"","background-repeat":"repeat","background-position":"center center","background-size":"auto","background-attachment":"scroll","background-type":"","background-media":"","overlay-type":"","overlay-color":"","overlay-opacity":"","overlay-gradient":""},"tablet":{"background-color":"","background-image":"","background-repeat":"repeat","background-position":"center center","background-size":"auto","background-attachment":"scroll","background-type":"","background-media":"","overlay-type":"","overlay-color":"","overlay-opacity":"","overlay-gradient":""},"mobile":{"background-color":"","background-image":"","background-repeat":"repeat","background-position":"center center","background-size":"auto","background-attachment":"scroll","background-type":"","background-media":"","overlay-type":"","overlay-color":"","overlay-opacity":"","overlay-gradient":""}},"ast-content-background-meta":{"desktop":{"background-color":"var(--ast-global-color-5)","background-image":"","background-repeat":"repeat","background-position":"center center","background-size":"auto","background-attachment":"scroll","background-type":"","background-media":"","overlay-type":"","overlay-color":"","overlay-opacity":"","overlay-gradient":""},"tablet":{"background-color":"var(--ast-global-color-5)","background-image":"","background-repeat":"repeat","background-position":"center center","background-size":"auto","background-attachment":"scroll","background-type":"","background-media":"","overlay-type":"","overlay-color":"","overlay-opacity":"","overlay-gradient":""},"mobile":{"background-color":"var(--ast-global-color-5)","background-image":"","background-repeat":"repeat","background-position":"center center","background-size":"auto","background-attachment":"scroll","background-type":"","background-media":"","overlay-type":"","overlay-color":"","overlay-opacity":"","overlay-gradient":""}}},"product_brand":[],"product_cat":[430,1200,51],"product_tag":[1481,1443,1483,1456,1480,1163,1482,1484,1486,1485],"class_list":{"0":"post-8469","1":"product","2":"type-product","3":"status-publish","4":"has-post-thumbnail","6":"product_cat-men","7":"product_cat-mens-shoes-2","8":"product_cat-sports","9":"product_tag-black-athletic-sneakers","10":"product_tag-chunky-sole-sneakers","11":"product_tag-comfortable-black-shoes","12":"product_tag-faux-leather-trainers","13":"product_tag-mens-black-faux-leather-sport-shoes","14":"product_tag-mens-casual-sneakers","15":"product_tag-mens-sports-footwear","16":"product_tag-mesh-running-shoes","17":"product_tag-sizes-40-45","18":"product_tag-wholesale-sport-shoes","19":"desktop-align-center","20":"tablet-align-center","21":"mobile-align-center","23":"first","24":"instock","25":"shipping-taxable","26":"purchasable","27":"product-type-variable","28":"has-default-attributes"},"acf":[],"uagb_featured_image_src":{"full":["https:\/\/turkishtrade.co\/wp-content\/uploads\/2026\/01\/2600OYNMN00030-BLACK.png",453,250,false],"thumbnail":["https:\/\/turkishtrade.co\/wp-content\/uploads\/2026\/01\/2600OYNMN00030-BLACK-150x150.png",150,150,true],"medium":["https:\/\/turkishtrade.co\/wp-content\/uploads\/2026\/01\/2600OYNMN00030-BLACK-300x166.png",300,166,true],"medium_large":["https:\/\/turkishtrade.co\/wp-content\/uploads\/2026\/01\/2600OYNMN00030-BLACK.png",453,250,false],"large":["https:\/\/turkishtrade.co\/wp-content\/uploads\/2026\/01\/2600OYNMN00030-BLACK.png",453,250,false],"1536x1536":["https:\/\/turkishtrade.co\/wp-content\/uploads\/2026\/01\/2600OYNMN00030-BLACK.png",453,250,false],"2048x2048":["https:\/\/turkishtrade.co\/wp-content\/uploads\/2026\/01\/2600OYNMN00030-BLACK.png",453,250,false],"trp-custom-language-flag":["https:\/\/turkishtrade.co\/wp-content\/uploads\/2026\/01\/2600OYNMN00030-BLACK-18x10.png",18,10,true],"woocommerce_thumbnail":["https:\/\/turkishtrade.co\/wp-content\/uploads\/2026\/01\/2600OYNMN00030-BLACK-400x250.png",400,250,true],"woocommerce_single":["https:\/\/turkishtrade.co\/wp-content\/uploads\/2026\/01\/2600OYNMN00030-BLACK.png",453,250,false],"woocommerce_gallery_thumbnail":["https:\/\/turkishtrade.co\/wp-content\/uploads\/2026\/01\/2600OYNMN00030-BLACK-100x100.png",100,100,true]},"uagb_author_info":{"display_name":"python python","author_link":"https:\/\/turkishtrade.co\/fr\/author\/"},"uagb_comment_info":0,"uagb_excerpt":"Sizes: Available in EU sizes 40, 41, 42, 43, 44, 45 Outer Material: Premium Faux Leather and breathable mesh design Inner Material: Comfortable sports fabric lining for all-day wear Design: Sleek black, lace-up sport shoes with a modern chunky sole Wholesale: Minimum order quantity of 8 pairs for bulk purchases","_links":{"self":[{"href":"https:\/\/turkishtrade.co\/fr\/wp-json\/wp\/v2\/product\/8469","targetHints":{"allow":["GET"]}}],"collection":[{"href":"https:\/\/turkishtrade.co\/fr\/wp-json\/wp\/v2\/product"}],"about":[{"href":"https:\/\/turkishtrade.co\/fr\/wp-json\/wp\/v2\/types\/product"}],"wp:featuredmedia":[{"embeddable":true,"href":"https:\/\/turkishtrade.co\/fr\/wp-json\/wp\/v2\/media\/6689"}],"wp:attachment":[{"href":"https:\/\/turkishtrade.co\/fr\/wp-json\/wp\/v2\/media?parent=8469"}],"wp:term":[{"taxonomy":"product_brand","embeddable":true,"href":"https:\/\/turkishtrade.co\/fr\/wp-json\/wp\/v2\/product_brand?post=8469"},{"taxonomy":"product_cat","embeddable":true,"href":"https:\/\/turkishtrade.co\/fr\/wp-json\/wp\/v2\/product_cat?post=8469"},{"taxonomy":"product_tag","embeddable":true,"href":"https:\/\/turkishtrade.co\/fr\/wp-json\/wp\/v2\/product_tag?post=8469"}],"curies":[{"name":"wp","href":"https:\/\/api.w.org\/{rel}","templated":true}]}}