{"id":8465,"date":"2026-01-29T14:50:26","date_gmt":"2026-01-29T14:50:26","guid":{"rendered":"https:\/\/turkishtrade.co\/?post_type=product&#038;p=8465"},"modified":"2026-04-09T20:24:26","modified_gmt":"2026-04-09T20:24:26","slug":"mens-black-faux-leather-sports-shoes","status":"publish","type":"product","link":"https:\/\/turkishtrade.co\/fr\/shop\/mens-black-faux-leather-sports-shoes\/","title":{"rendered":"Chaussures de sport en similicuir noir pour hommes Elite | avec int\u00e9rieur en tissu"},"content":{"rendered":"<p><strong>Chaussures de sport en simili-cuir pour hommes<\/strong>. Qualit\u00e9 et design d'\u00e9lite.<\/p>\n<p>Am\u00e9liorez votre jeu de chaussures avec nos chaussures incroyablement polyvalentes et \u00e9l\u00e9gantes. <b>Chaussures de sport en simili-cuir pour hommes<\/b>. Con\u00e7ues pour l'homme moderne qui appr\u00e9cie \u00e0 la fois l'esth\u00e9tique et le confort, ces baskets sont parfaites pour un large \u00e9ventail d'activit\u00e9s, des promenades d\u00e9contract\u00e9es aux sports l\u00e9gers. Leur design noir \u00e9l\u00e9gant leur permet de s'int\u00e9grer parfaitement \u00e0 toutes les garde-robes, ce qui en fait un compl\u00e9ment indispensable \u00e0 votre collection.<\/p>\n<p>Fabriqu\u00e9es avec un ext\u00e9rieur en similicuir durable, ces <b>Chaussures de sport en simili-cuir pour hommes<\/b> offrent un look sophistiqu\u00e9 sans compromis sur la r\u00e9sistance. Le similicuir de haute qualit\u00e9 offre une excellente protection et est facile \u00e0 nettoyer, ce qui permet \u00e0 vos chaussures de rester impeccables plus longtemps. \u00c0 l'int\u00e9rieur, vous trouverez une doublure en tissu doux et respirant qui enveloppe vos pieds de confort, ce qui les rend id\u00e9ales pour un port prolong\u00e9 tout au long de la journ\u00e9e. Dites adieu \u00e0 l'inconfort et bonjour au style sans effort !<\/p>\n<h3>Un confort et une praticit\u00e9 in\u00e9gal\u00e9s<\/h3>\n<p>Le confort est primordial, et ces chaussures de sport sont \u00e0 la hauteur. L'int\u00e9rieur en tissu assure une ventilation sup\u00e9rieure, gardant vos pieds au frais et au sec, m\u00eame pendant les p\u00e9riodes d'activit\u00e9. Disponibles dans une large gamme de tailles allant du 40 au 45, il est facile de trouver la chaussure id\u00e9ale. La semelle robuste offre une excellente adh\u00e9rence et un bon maintien, ce qui garantit la stabilit\u00e9, que vous soyez sur la piste, \u00e0 la salle de sport ou simplement en train de parcourir les rues de la ville. Il ne s'agit pas de n'importe quelles baskets ; elles sont con\u00e7ues pour la performance et le confort quotidien.<\/p>\n<h3>Con\u00e7us pour toutes les occasions<\/h3>\n<p>Bien qu'elles soient class\u00e9es dans la cat\u00e9gorie des chaussures de sport, leur finition noire \u00e9l\u00e9gante et leur design contemporain leur permettent de s'adapter sans effort \u00e0 diff\u00e9rents environnements. Associez-les \u00e0 votre tenue de sport pr\u00e9f\u00e9r\u00e9e pour une s\u00e9ance d'entra\u00eenement, ou habillez-les d'un jean et d'un t-shirt pour un look d\u00e9contract\u00e9 le week-end. L'esth\u00e9tique minimaliste garantit que ces <b>Chaussures de sport en simili-cuir pour hommes<\/b> sont un choix vraiment adaptable pour toute personne soucieuse de la mode. Nous comprenons le besoin de chaussures qui peuvent suivre votre style de vie dynamique, et ces chaussures sont con\u00e7ues pour cela.<\/p>\n<h3>Possibilit\u00e9s de vente en gros<\/h3>\n<p>Pour les entreprises qui souhaitent stocker des chaussures de haute qualit\u00e9 et tr\u00e8s demand\u00e9es, nous proposons des options de vente en gros attrayantes. Nos services <b>Chaussures de sport en simili-cuir pour hommes<\/b> sont disponibles pour des achats en gros avec une commande minimum de 8 paires. C'est une excellente occasion pour les d\u00e9taillants d'offrir \u00e0 leurs clients des chaussures de sport de qualit\u00e9 sup\u00e9rieure, \u00e9l\u00e9gantes et confortables, qui ne manqueront pas de faire fureur. Ne manquez pas l'occasion d'ajouter cet article populaire \u00e0 votre stock. D\u00e9couvrez le m\u00e9lange parfait de style, de confort et de durabilit\u00e9 \u00e0 chaque pas.<\/p>","protected":false},"excerpt":{"rendered":"<ul>\n<li>Tailles disponibles : 40, 41, 42, 43, 44, 45<\/li>\n<li>Ext\u00e9rieur en similicuir de premi\u00e8re qualit\u00e9 pour la durabilit\u00e9 et le style<\/li>\n<li>Int\u00e9rieur en tissu confortable pour une utilisation tout au long de la journ\u00e9e<\/li>\n<li>Con\u00e7u pour les activit\u00e9s sportives et l'utilisation quotidienne d\u00e9contract\u00e9e<\/li>\n<li>Les commandes en gros sont les bienvenues avec un minimum d'achat de 8 paires.<\/li>\n<\/ul>","protected":false},"featured_media":6676,"template":"","meta":{"_acf_changed":false,"_uag_custom_page_level_css":"","site-sidebar-layout":"default","site-content-layout":"","ast-site-content-layout":"default","site-content-style":"default","site-sidebar-style":"default","ast-global-header-display":"","ast-banner-title-visibility":"","ast-main-header-display":"","ast-hfb-above-header-display":"","ast-hfb-below-header-display":"","ast-hfb-mobile-header-display":"","site-post-title":"","ast-breadcrumbs-content":"","ast-featured-img":"","footer-sml-layout":"","ast-disable-related-posts":"","theme-transparent-header-meta":"","adv-header-id-meta":"","stick-header-meta":"","header-above-stick-meta":"","header-main-stick-meta":"","header-below-stick-meta":"","astra-migrate-meta-layouts":"default","ast-page-background-enabled":"default","ast-page-background-meta":{"desktop":{"background-color":"var(--ast-global-color-4)","background-image":"","background-repeat":"repeat","background-position":"center center","background-size":"auto","background-attachment":"scroll","background-type":"","background-media":"","overlay-type":"","overlay-color":"","overlay-opacity":"","overlay-gradient":""},"tablet":{"background-color":"","background-image":"","background-repeat":"repeat","background-position":"center center","background-size":"auto","background-attachment":"scroll","background-type":"","background-media":"","overlay-type":"","overlay-color":"","overlay-opacity":"","overlay-gradient":""},"mobile":{"background-color":"","background-image":"","background-repeat":"repeat","background-position":"center center","background-size":"auto","background-attachment":"scroll","background-type":"","background-media":"","overlay-type":"","overlay-color":"","overlay-opacity":"","overlay-gradient":""}},"ast-content-background-meta":{"desktop":{"background-color":"var(--ast-global-color-5)","background-image":"","background-repeat":"repeat","background-position":"center center","background-size":"auto","background-attachment":"scroll","background-type":"","background-media":"","overlay-type":"","overlay-color":"","overlay-opacity":"","overlay-gradient":""},"tablet":{"background-color":"var(--ast-global-color-5)","background-image":"","background-repeat":"repeat","background-position":"center center","background-size":"auto","background-attachment":"scroll","background-type":"","background-media":"","overlay-type":"","overlay-color":"","overlay-opacity":"","overlay-gradient":""},"mobile":{"background-color":"var(--ast-global-color-5)","background-image":"","background-repeat":"repeat","background-position":"center center","background-size":"auto","background-attachment":"scroll","background-type":"","background-media":"","overlay-type":"","overlay-color":"","overlay-opacity":"","overlay-gradient":""}}},"product_brand":[],"product_cat":[430,1200,51],"product_tag":[1459,1464,1467,1466,1465,1446,964,1445,1450,262],"class_list":{"0":"post-8465","1":"product","2":"type-product","3":"status-publish","4":"has-post-thumbnail","6":"product_cat-men","7":"product_cat-mens-shoes-2","8":"product_cat-sports","9":"product_tag-black-running-shoes","10":"product_tag-black-trainers","11":"product_tag-comfortable-trainers","12":"product_tag-durable-sports-shoes","13":"product_tag-fabric-interior-shoes","14":"product_tag-faux-leather-shoes","15":"product_tag-mens-casual-footwear","16":"product_tag-mens-sports-shoes","17":"product_tag-size-40-45-shoes","18":"product_tag-wholesale-mens-shoes","19":"desktop-align-center","20":"tablet-align-center","21":"mobile-align-center","23":"first","24":"instock","25":"shipping-taxable","26":"purchasable","27":"product-type-variable","28":"has-default-attributes"},"acf":[],"uagb_featured_image_src":{"full":["https:\/\/turkishtrade.co\/wp-content\/uploads\/2026\/01\/2600OYNMN00026-BLACK.png",453,250,false],"thumbnail":["https:\/\/turkishtrade.co\/wp-content\/uploads\/2026\/01\/2600OYNMN00026-BLACK-150x150.png",150,150,true],"medium":["https:\/\/turkishtrade.co\/wp-content\/uploads\/2026\/01\/2600OYNMN00026-BLACK-300x166.png",300,166,true],"medium_large":["https:\/\/turkishtrade.co\/wp-content\/uploads\/2026\/01\/2600OYNMN00026-BLACK.png",453,250,false],"large":["https:\/\/turkishtrade.co\/wp-content\/uploads\/2026\/01\/2600OYNMN00026-BLACK.png",453,250,false],"1536x1536":["https:\/\/turkishtrade.co\/wp-content\/uploads\/2026\/01\/2600OYNMN00026-BLACK.png",453,250,false],"2048x2048":["https:\/\/turkishtrade.co\/wp-content\/uploads\/2026\/01\/2600OYNMN00026-BLACK.png",453,250,false],"trp-custom-language-flag":["https:\/\/turkishtrade.co\/wp-content\/uploads\/2026\/01\/2600OYNMN00026-BLACK-18x10.png",18,10,true],"woocommerce_thumbnail":["https:\/\/turkishtrade.co\/wp-content\/uploads\/2026\/01\/2600OYNMN00026-BLACK-400x250.png",400,250,true],"woocommerce_single":["https:\/\/turkishtrade.co\/wp-content\/uploads\/2026\/01\/2600OYNMN00026-BLACK.png",453,250,false],"woocommerce_gallery_thumbnail":["https:\/\/turkishtrade.co\/wp-content\/uploads\/2026\/01\/2600OYNMN00026-BLACK-100x100.png",100,100,true]},"uagb_author_info":{"display_name":"python python","author_link":"https:\/\/turkishtrade.co\/fr\/author\/"},"uagb_comment_info":0,"uagb_excerpt":"Sizes available: 40, 41, 42, 43, 44, 45 Premium faux leather exterior for durability and style Comfortable fabric interior for all-day wear Designed for sports activities and casual everyday use Wholesale orders welcome with a minimum purchase of 8 pairs","_links":{"self":[{"href":"https:\/\/turkishtrade.co\/fr\/wp-json\/wp\/v2\/product\/8465","targetHints":{"allow":["GET"]}}],"collection":[{"href":"https:\/\/turkishtrade.co\/fr\/wp-json\/wp\/v2\/product"}],"about":[{"href":"https:\/\/turkishtrade.co\/fr\/wp-json\/wp\/v2\/types\/product"}],"wp:featuredmedia":[{"embeddable":true,"href":"https:\/\/turkishtrade.co\/fr\/wp-json\/wp\/v2\/media\/6676"}],"wp:attachment":[{"href":"https:\/\/turkishtrade.co\/fr\/wp-json\/wp\/v2\/media?parent=8465"}],"wp:term":[{"taxonomy":"product_brand","embeddable":true,"href":"https:\/\/turkishtrade.co\/fr\/wp-json\/wp\/v2\/product_brand?post=8465"},{"taxonomy":"product_cat","embeddable":true,"href":"https:\/\/turkishtrade.co\/fr\/wp-json\/wp\/v2\/product_cat?post=8465"},{"taxonomy":"product_tag","embeddable":true,"href":"https:\/\/turkishtrade.co\/fr\/wp-json\/wp\/v2\/product_tag?post=8465"}],"curies":[{"name":"wp","href":"https:\/\/api.w.org\/{rel}","templated":true}]}}