{"id":8464,"date":"2026-01-29T14:50:26","date_gmt":"2026-01-29T14:50:26","guid":{"rendered":"https:\/\/turkishtrade.co\/?post_type=product&#038;p=8464"},"modified":"2026-04-09T20:24:33","modified_gmt":"2026-04-09T20:24:33","slug":"mens-black-sports-sneakers-2","status":"publish","type":"product","link":"https:\/\/turkishtrade.co\/fr\/shop\/mens-black-sports-sneakers-2\/","title":{"rendered":"Baskets de sport noires pour hommes Garanties | Stylish Men's Black Faux Leather"},"content":{"rendered":"<p><strong>Baskets de sport noires pour hommes<\/strong>. Qualit\u00e9 et design garantis.<\/p>\n<p>D\u00e9couvrez l'alliance parfaite du style, du confort et de la performance avec notre <strong>Baskets de sport noires pour hommes<\/strong>. Con\u00e7ues pour l'homme moderne, ces baskets sont destin\u00e9es \u00e0 vous faire bouger, que vous alliez \u00e0 la salle de sport, que vous alliez courir ou que vous passiez simplement une journ\u00e9e d\u00e9contract\u00e9e. Fabriqu\u00e9es avec des mat\u00e9riaux de premi\u00e8re qualit\u00e9, ces <strong>Baskets de sport noires pour hommes<\/strong> offrent un soutien in\u00e9gal\u00e9 et une esth\u00e9tique \u00e9l\u00e9gante qui s'harmonise avec n'importe quelle tenue.<\/p>\n<h3>Un confort in\u00e9gal\u00e9 et une conception r\u00e9siliente<\/h3>\n<p>Notre <strong>Baskets de sport noires pour hommes<\/strong> se targue d'une conception bien pens\u00e9e. L'ext\u00e9rieur est en similicuir de haute qualit\u00e9, offrant \u00e0 la fois durabilit\u00e9 et aspect sophistiqu\u00e9, tandis que l'int\u00e9rieur est doubl\u00e9 d'un tissu doux et respirant. Cette combinaison assure un confort maximal, permettant \u00e0 vos pieds de rester au frais et soutenus tout au long de la journ\u00e9e. La semelle robuste offre une excellente adh\u00e9rence et un bon amorti, absorbant les chocs et assurant une foul\u00e9e souple. <strong>Baskets de sport noires pour hommes<\/strong> un choix id\u00e9al pour diverses activit\u00e9s. Disponible dans une large gamme de tailles allant du 40 au 45, il n'a jamais \u00e9t\u00e9 aussi facile de trouver la bonne taille.<\/p>\n<h3>Un style polyvalent pour tous les styles de vie<\/h3>\n<p>Il ne s'agit pas de n'importe quel <strong>Baskets de sport noires pour hommes<\/strong>; Elles constituent un \u00e9l\u00e9ment de mode polyvalent. Leur couleur noire classique, accentu\u00e9e par une semelle blanche frappante, les rend incroyablement faciles \u00e0 associer avec des v\u00eatements de sport, des jeans ou m\u00eame des ensembles \u00e9l\u00e9gants et d\u00e9contract\u00e9s. Rehaussez votre look de tous les jours avec des chaussures qui passent sans probl\u00e8me de l'activit\u00e9 physique \u00e0 la vie sociale. Le design contemporain vous assure de toujours sortir avec style, refl\u00e9tant un \u0153il attentif aux tendances modernes et \u00e0 la fonctionnalit\u00e9 pratique.<\/p>\n<h3>Un compl\u00e9ment essentiel \u00e0 votre garde-robe<\/h3>\n<p>Investissez dans la qualit\u00e9 et le style avec nos produits exceptionnels <strong>Baskets de sport noires pour hommes<\/strong>. Elles sont con\u00e7ues pour r\u00e9sister aux exigences d'un mode de vie actif sans jamais faire de compromis sur l'esth\u00e9tique. La fermeture \u00e0 lacets s\u00e9curis\u00e9e permet d'ajuster la chaussure, ce qui garantit une stabilit\u00e9 et un confort maximums. Pour les entreprises, ces chaussures <strong>Baskets de sport noires pour hommes<\/strong> sont disponibles en gros, avec une commande minimum de 8 paires, ce qui en fait un compl\u00e9ment fantastique \u00e0 toute collection de d\u00e9tail. Am\u00e9liorez votre collection de chaussures d\u00e8s aujourd'hui et d\u00e9couvrez la diff\u00e9rence qu'apporte un savoir-faire de qualit\u00e9 sup\u00e9rieure gr\u00e2ce \u00e0 nos chaussures \u00e9l\u00e9gantes. <strong>Baskets de sport noires pour hommes<\/strong>.<\/p>","protected":false},"excerpt":{"rendered":"<ul>\n<li>Faites l'exp\u00e9rience d'un confort et d'un style sup\u00e9rieurs avec nos baskets de sport noires pour hommes.<\/li>\n<li>Fabriqu\u00e9 avec un ext\u00e9rieur en similicuir durable et un int\u00e9rieur en tissu respirant.<\/li>\n<li>Disponible dans une large gamme de tailles : 40, 41, 42, 43, 44 et 45 pour un ajustement parfait.<\/li>\n<li>Con\u00e7u pour une utilisation polyvalente, id\u00e9al pour le sport, les s\u00e9ances d'entra\u00eenement ou les tenues d\u00e9contract\u00e9es \u00e0 la mode.<\/li>\n<li>Possibilit\u00e9 de vente en gros \u00e0 partir d'une quantit\u00e9 minimale de 8 paires.<\/li>\n<\/ul>","protected":false},"featured_media":6674,"template":"","meta":{"_acf_changed":false,"_uag_custom_page_level_css":"","site-sidebar-layout":"default","site-content-layout":"","ast-site-content-layout":"default","site-content-style":"default","site-sidebar-style":"default","ast-global-header-display":"","ast-banner-title-visibility":"","ast-main-header-display":"","ast-hfb-above-header-display":"","ast-hfb-below-header-display":"","ast-hfb-mobile-header-display":"","site-post-title":"","ast-breadcrumbs-content":"","ast-featured-img":"","footer-sml-layout":"","ast-disable-related-posts":"","theme-transparent-header-meta":"","adv-header-id-meta":"","stick-header-meta":"","header-above-stick-meta":"","header-main-stick-meta":"","header-below-stick-meta":"","astra-migrate-meta-layouts":"default","ast-page-background-enabled":"default","ast-page-background-meta":{"desktop":{"background-color":"var(--ast-global-color-4)","background-image":"","background-repeat":"repeat","background-position":"center center","background-size":"auto","background-attachment":"scroll","background-type":"","background-media":"","overlay-type":"","overlay-color":"","overlay-opacity":"","overlay-gradient":""},"tablet":{"background-color":"","background-image":"","background-repeat":"repeat","background-position":"center center","background-size":"auto","background-attachment":"scroll","background-type":"","background-media":"","overlay-type":"","overlay-color":"","overlay-opacity":"","overlay-gradient":""},"mobile":{"background-color":"","background-image":"","background-repeat":"repeat","background-position":"center center","background-size":"auto","background-attachment":"scroll","background-type":"","background-media":"","overlay-type":"","overlay-color":"","overlay-opacity":"","overlay-gradient":""}},"ast-content-background-meta":{"desktop":{"background-color":"var(--ast-global-color-5)","background-image":"","background-repeat":"repeat","background-position":"center center","background-size":"auto","background-attachment":"scroll","background-type":"","background-media":"","overlay-type":"","overlay-color":"","overlay-opacity":"","overlay-gradient":""},"tablet":{"background-color":"var(--ast-global-color-5)","background-image":"","background-repeat":"repeat","background-position":"center center","background-size":"auto","background-attachment":"scroll","background-type":"","background-media":"","overlay-type":"","overlay-color":"","overlay-opacity":"","overlay-gradient":""},"mobile":{"background-color":"var(--ast-global-color-5)","background-image":"","background-repeat":"repeat","background-position":"center center","background-size":"auto","background-attachment":"scroll","background-type":"","background-media":"","overlay-type":"","overlay-color":"","overlay-opacity":"","overlay-gradient":""}}},"product_brand":[],"product_cat":[430,1200,51],"product_tag":[1463,1120,216,1375,333,1462,1461,1361,1123],"class_list":{"0":"post-8464","1":"product","2":"type-product","3":"status-publish","4":"has-post-thumbnail","6":"product_cat-men","7":"product_cat-mens-shoes-2","8":"product_cat-sports","9":"product_tag-athletic-shoes","10":"product_tag-black-sneakers","11":"product_tag-casual-sneakers","12":"product_tag-comfort-sneakers","13":"product_tag-fashion-sneakers","14":"product_tag-faux-leather-sneakers","15":"product_tag-mens-black-sports-sneakers","16":"product_tag-sports-shoes","17":"product_tag-wholesale-sneakers","18":"desktop-align-center","19":"tablet-align-center","20":"mobile-align-center","22":"first","23":"instock","24":"shipping-taxable","25":"purchasable","26":"product-type-variable","27":"has-default-attributes"},"acf":[],"uagb_featured_image_src":{"full":["https:\/\/turkishtrade.co\/wp-content\/uploads\/2026\/01\/2600OYNMN00025-BLACK.png",453,250,false],"thumbnail":["https:\/\/turkishtrade.co\/wp-content\/uploads\/2026\/01\/2600OYNMN00025-BLACK-150x150.png",150,150,true],"medium":["https:\/\/turkishtrade.co\/wp-content\/uploads\/2026\/01\/2600OYNMN00025-BLACK-300x166.png",300,166,true],"medium_large":["https:\/\/turkishtrade.co\/wp-content\/uploads\/2026\/01\/2600OYNMN00025-BLACK.png",453,250,false],"large":["https:\/\/turkishtrade.co\/wp-content\/uploads\/2026\/01\/2600OYNMN00025-BLACK.png",453,250,false],"1536x1536":["https:\/\/turkishtrade.co\/wp-content\/uploads\/2026\/01\/2600OYNMN00025-BLACK.png",453,250,false],"2048x2048":["https:\/\/turkishtrade.co\/wp-content\/uploads\/2026\/01\/2600OYNMN00025-BLACK.png",453,250,false],"trp-custom-language-flag":["https:\/\/turkishtrade.co\/wp-content\/uploads\/2026\/01\/2600OYNMN00025-BLACK-18x10.png",18,10,true],"woocommerce_thumbnail":["https:\/\/turkishtrade.co\/wp-content\/uploads\/2026\/01\/2600OYNMN00025-BLACK-400x250.png",400,250,true],"woocommerce_single":["https:\/\/turkishtrade.co\/wp-content\/uploads\/2026\/01\/2600OYNMN00025-BLACK.png",453,250,false],"woocommerce_gallery_thumbnail":["https:\/\/turkishtrade.co\/wp-content\/uploads\/2026\/01\/2600OYNMN00025-BLACK-100x100.png",100,100,true]},"uagb_author_info":{"display_name":"python python","author_link":"https:\/\/turkishtrade.co\/fr\/author\/"},"uagb_comment_info":0,"uagb_excerpt":"Experience superior comfort and style with our Men's Black Sports Sneakers. Crafted with a durable faux leather exterior and a breathable fabric interior. Available in a wide range of sizes: 40, 41, 42, 43, 44, and 45 for the perfect fit. Designed for versatile use, ideal for sports, gym workouts, or fashionable casual wear. Wholesale\u2026","_links":{"self":[{"href":"https:\/\/turkishtrade.co\/fr\/wp-json\/wp\/v2\/product\/8464","targetHints":{"allow":["GET"]}}],"collection":[{"href":"https:\/\/turkishtrade.co\/fr\/wp-json\/wp\/v2\/product"}],"about":[{"href":"https:\/\/turkishtrade.co\/fr\/wp-json\/wp\/v2\/types\/product"}],"wp:featuredmedia":[{"embeddable":true,"href":"https:\/\/turkishtrade.co\/fr\/wp-json\/wp\/v2\/media\/6674"}],"wp:attachment":[{"href":"https:\/\/turkishtrade.co\/fr\/wp-json\/wp\/v2\/media?parent=8464"}],"wp:term":[{"taxonomy":"product_brand","embeddable":true,"href":"https:\/\/turkishtrade.co\/fr\/wp-json\/wp\/v2\/product_brand?post=8464"},{"taxonomy":"product_cat","embeddable":true,"href":"https:\/\/turkishtrade.co\/fr\/wp-json\/wp\/v2\/product_cat?post=8464"},{"taxonomy":"product_tag","embeddable":true,"href":"https:\/\/turkishtrade.co\/fr\/wp-json\/wp\/v2\/product_tag?post=8464"}],"curies":[{"name":"wp","href":"https:\/\/api.w.org\/{rel}","templated":true}]}}