{"id":8463,"date":"2026-01-29T14:50:25","date_gmt":"2026-01-29T14:50:25","guid":{"rendered":"https:\/\/turkishtrade.co\/product\/men-2600oynmn00024\/"},"modified":"2026-04-09T20:24:47","modified_gmt":"2026-04-09T20:24:47","slug":"mens-black-sports-shoes-4","status":"publish","type":"product","link":"https:\/\/turkishtrade.co\/fr\/shop\/mens-black-sports-shoes-4\/","title":{"rendered":"Chaussures de sport pour hommes, noires Chaussures de sport pour hommes, noires Tissu Faux cuir"},"content":{"rendered":"<p>Am\u00e9liorez votre jeu et votre style avec notre ultime <strong>Chaussures de sport noires pour hommes<\/strong>. Con\u00e7ues pour des performances de pointe et un confort quotidien, ces chaussures de sport polyvalentes sont indispensables \u00e0 tout homme actif. Que vous alliez \u00e0 la salle de sport, que vous alliez courir ou que vous recherchiez simplement une chaussure \u00e9l\u00e9gante et confortable \u00e0 porter au quotidien, ces chaussures de sport noires pour hommes sont \u00e0 la hauteur de toutes les attentes. Leur design noir \u00e9l\u00e9gant leur permet de s'int\u00e9grer parfaitement \u00e0 n'importe quelle garde-robe, ce qui en fait un ajout essentiel \u00e0 votre collection de chaussures. Faites l'exp\u00e9rience de la fusion parfaite entre un design moderne et une fonctionnalit\u00e9 pratique.<\/p>\n<h3>Confort in\u00e9gal\u00e9 et m\u00e9lange de mat\u00e9riaux de qualit\u00e9 sup\u00e9rieure<\/h3>\n<p>Faites l'exp\u00e9rience d'un confort sup\u00e9rieur gr\u00e2ce \u00e0 nos <strong>Chaussures de sport noires pour hommes<\/strong>. L'int\u00e9rieur est dot\u00e9 d'une doublure en tissu doux et respirant qui assure une ventilation maximale et r\u00e9duit la fatigue, ce qui permet \u00e0 vos pieds de rester frais m\u00eame en cas d'utilisation prolong\u00e9e. L'ext\u00e9rieur est en similicuir de haute qualit\u00e9, offrant une excellente durabilit\u00e9 et une r\u00e9sistance \u00e0 l'usure, tout en offrant une finition sophistiqu\u00e9e. Cette combinaison intelligente de tissu \u00e0 l'int\u00e9rieur et de faux cuir \u00e0 l'ext\u00e9rieur garantit une chaussure \u00e0 la fois robuste et incroyablement confortable. Disponible dans une large gamme de pointures (40, 41, 42, 43, 44 et 45), il est facile de trouver la chaussure id\u00e9ale.<\/p>\n<h3>Con\u00e7u pour des modes de vie dynamiques<\/h3>\n<p>Notre <strong>Chaussures de sport noires pour hommes<\/strong> ne sont pas seulement esth\u00e9tiques, elles sont con\u00e7ues pour l'action. Leur conception athl\u00e9tique offre un soutien et une flexibilit\u00e9 consid\u00e9rables, ce qui les rend adapt\u00e9es \u00e0 diverses activit\u00e9s sportives et \u00e0 des s\u00e9ances d'entra\u00eenement intenses. Qu'il s'agisse de s\u00e9ances d'entra\u00eenement intenses ou de promenades tranquilles, la semelle r\u00e9active offre une excellente absorption des chocs et une bonne adh\u00e9rence, ce qui garantit la stabilit\u00e9 sur diverses surfaces. Le syst\u00e8me de la\u00e7age s\u00e9curis\u00e9 offre un ajustement serr\u00e9 et r\u00e9glable, am\u00e9liorant les performances g\u00e9n\u00e9rales et le confort tout au long de la journ\u00e9e. Investissez dans des chaussures qui soutiennent votre style de vie dynamique sans faire de compromis sur le style ou la fonctionnalit\u00e9 avec ces exceptionnelles chaussures de sport noires pour hommes.<\/p>\n<h3>Opportunit\u00e9 de vente en gros pour les entreprises<\/h3>\n<p>Pour les d\u00e9taillants et les entreprises qui cherchent \u00e0 stocker des chaussures de haute qualit\u00e9, nos <strong>Chaussures de sport noires pour hommes<\/strong> sont disponibles \u00e0 l'achat en gros. Avec une quantit\u00e9 minimale de commande de seulement 8 paires, il est facile d'ajouter ces baskets populaires et \u00e9l\u00e9gantes \u00e0 votre inventaire. B\u00e9n\u00e9ficiez de prix de gros comp\u00e9titifs et offrez \u00e0 vos clients un produit qui allie esth\u00e9tique moderne et durabilit\u00e9 pratique. Ces chaussures repr\u00e9sentent une excellente proposition de valeur, attirant une large client\u00e8le \u00e0 la recherche de chaussures de sport fiables et \u00e0 la mode. Am\u00e9liorez votre offre de produits avec ces chaussures de sport noires pour hommes et r\u00e9pondez \u00e0 la demande croissante de chaussures de sport de qualit\u00e9.<\/p>\n<p>Choisissez nos chaussures de sport noires pour hommes pour un m\u00e9lange imbattable de style, de confort et de performance. Parfaites pour l'homme moderne qui exige la qualit\u00e9 \u00e0 chaque pas. Ne manquez pas cette fantastique opportunit\u00e9 de d\u00e9couvrir des chaussures de qualit\u00e9 sup\u00e9rieure ou d'\u00e9largir votre collection de vente au d\u00e9tail.<\/p>","protected":false},"excerpt":{"rendered":"<ul>\n<li>Tailles disponibles : 40, 41, 42, 43, 44, 45<\/li>\n<li>M\u00e9lange haut de gamme de tissu respirant (int\u00e9rieur) et de similicuir durable (ext\u00e9rieur)<\/li>\n<li>Con\u00e7ue pour un confort, une flexibilit\u00e9 et des performances athl\u00e9tiques optimales<\/li>\n<li>Polyvalent pour les activit\u00e9s sportives, les entra\u00eenements en salle de sport et les tenues d\u00e9contract\u00e9es de tous les jours<\/li>\n<li>Quantit\u00e9 minimale de commande : 8 paires pour les achats en gros<\/li>\n<li>Prix de gros et disponibilit\u00e9 pour les clients professionnels<\/li>\n<\/ul>","protected":false},"featured_media":6670,"template":"","meta":{"_acf_changed":false,"_uag_custom_page_level_css":"","site-sidebar-layout":"default","site-content-layout":"","ast-site-content-layout":"default","site-content-style":"default","site-sidebar-style":"default","ast-global-header-display":"","ast-banner-title-visibility":"","ast-main-header-display":"","ast-hfb-above-header-display":"","ast-hfb-below-header-display":"","ast-hfb-mobile-header-display":"","site-post-title":"","ast-breadcrumbs-content":"","ast-featured-img":"","footer-sml-layout":"","ast-disable-related-posts":"","theme-transparent-header-meta":"","adv-header-id-meta":"","stick-header-meta":"","header-above-stick-meta":"","header-main-stick-meta":"","header-below-stick-meta":"","astra-migrate-meta-layouts":"default","ast-page-background-enabled":"default","ast-page-background-meta":{"desktop":{"background-color":"var(--ast-global-color-4)","background-image":"","background-repeat":"repeat","background-position":"center center","background-size":"auto","background-attachment":"scroll","background-type":"","background-media":"","overlay-type":"","overlay-color":"","overlay-opacity":"","overlay-gradient":""},"tablet":{"background-color":"","background-image":"","background-repeat":"repeat","background-position":"center center","background-size":"auto","background-attachment":"scroll","background-type":"","background-media":"","overlay-type":"","overlay-color":"","overlay-opacity":"","overlay-gradient":""},"mobile":{"background-color":"","background-image":"","background-repeat":"repeat","background-position":"center center","background-size":"auto","background-attachment":"scroll","background-type":"","background-media":"","overlay-type":"","overlay-color":"","overlay-opacity":"","overlay-gradient":""}},"ast-content-background-meta":{"desktop":{"background-color":"var(--ast-global-color-5)","background-image":"","background-repeat":"repeat","background-position":"center center","background-size":"auto","background-attachment":"scroll","background-type":"","background-media":"","overlay-type":"","overlay-color":"","overlay-opacity":"","overlay-gradient":""},"tablet":{"background-color":"var(--ast-global-color-5)","background-image":"","background-repeat":"repeat","background-position":"center center","background-size":"auto","background-attachment":"scroll","background-type":"","background-media":"","overlay-type":"","overlay-color":"","overlay-opacity":"","overlay-gradient":""},"mobile":{"background-color":"var(--ast-global-color-5)","background-image":"","background-repeat":"repeat","background-position":"center center","background-size":"auto","background-attachment":"scroll","background-type":"","background-media":"","overlay-type":"","overlay-color":"","overlay-opacity":"","overlay-gradient":""}}},"product_brand":[],"product_cat":[430,1200,51],"product_tag":[1459,1454,290,1460,1457,1456,1455,1453,1063,1458],"class_list":{"0":"post-8463","1":"product","2":"type-product","3":"status-publish","4":"has-post-thumbnail","6":"product_cat-men","7":"product_cat-mens-shoes-2","8":"product_cat-sports","9":"product_tag-black-running-shoes","10":"product_tag-black-sports-shoes","11":"product_tag-comfortable-mens-shoes","12":"product_tag-durable-sports-footwear","13":"product_tag-fabric-sports-trainers","14":"product_tag-faux-leather-trainers","15":"product_tag-mens-athletic-shoes","16":"product_tag-mens-black-sports-shoes","17":"product_tag-turkish-trade-shoes","18":"product_tag-wholesale-sports-shoes","19":"desktop-align-center","20":"tablet-align-center","21":"mobile-align-center","23":"first","24":"instock","25":"shipping-taxable","26":"purchasable","27":"product-type-variable","28":"has-default-attributes"},"acf":[],"uagb_featured_image_src":{"full":["https:\/\/turkishtrade.co\/wp-content\/uploads\/2026\/01\/2600OYNMN00024-BLACK.png",453,250,false],"thumbnail":["https:\/\/turkishtrade.co\/wp-content\/uploads\/2026\/01\/2600OYNMN00024-BLACK-150x150.png",150,150,true],"medium":["https:\/\/turkishtrade.co\/wp-content\/uploads\/2026\/01\/2600OYNMN00024-BLACK-300x166.png",300,166,true],"medium_large":["https:\/\/turkishtrade.co\/wp-content\/uploads\/2026\/01\/2600OYNMN00024-BLACK.png",453,250,false],"large":["https:\/\/turkishtrade.co\/wp-content\/uploads\/2026\/01\/2600OYNMN00024-BLACK.png",453,250,false],"1536x1536":["https:\/\/turkishtrade.co\/wp-content\/uploads\/2026\/01\/2600OYNMN00024-BLACK.png",453,250,false],"2048x2048":["https:\/\/turkishtrade.co\/wp-content\/uploads\/2026\/01\/2600OYNMN00024-BLACK.png",453,250,false],"trp-custom-language-flag":["https:\/\/turkishtrade.co\/wp-content\/uploads\/2026\/01\/2600OYNMN00024-BLACK-18x10.png",18,10,true],"woocommerce_thumbnail":["https:\/\/turkishtrade.co\/wp-content\/uploads\/2026\/01\/2600OYNMN00024-BLACK-400x250.png",400,250,true],"woocommerce_single":["https:\/\/turkishtrade.co\/wp-content\/uploads\/2026\/01\/2600OYNMN00024-BLACK.png",453,250,false],"woocommerce_gallery_thumbnail":["https:\/\/turkishtrade.co\/wp-content\/uploads\/2026\/01\/2600OYNMN00024-BLACK-100x100.png",100,100,true]},"uagb_author_info":{"display_name":"python python","author_link":"https:\/\/turkishtrade.co\/fr\/author\/"},"uagb_comment_info":0,"uagb_excerpt":"Sizes available: 40, 41, 42, 43, 44, 45 Premium blend of breathable fabric (inside) and durable faux leather (outside) Designed for optimal comfort, flexibility, and athletic performance Versatile for sports activities, gym workouts, and everyday casual wear Minimum order quantity: 8 pairs for bulk purchasing Wholesale pricing and availability for business customers","_links":{"self":[{"href":"https:\/\/turkishtrade.co\/fr\/wp-json\/wp\/v2\/product\/8463","targetHints":{"allow":["GET"]}}],"collection":[{"href":"https:\/\/turkishtrade.co\/fr\/wp-json\/wp\/v2\/product"}],"about":[{"href":"https:\/\/turkishtrade.co\/fr\/wp-json\/wp\/v2\/types\/product"}],"wp:featuredmedia":[{"embeddable":true,"href":"https:\/\/turkishtrade.co\/fr\/wp-json\/wp\/v2\/media\/6670"}],"wp:attachment":[{"href":"https:\/\/turkishtrade.co\/fr\/wp-json\/wp\/v2\/media?parent=8463"}],"wp:term":[{"taxonomy":"product_brand","embeddable":true,"href":"https:\/\/turkishtrade.co\/fr\/wp-json\/wp\/v2\/product_brand?post=8463"},{"taxonomy":"product_cat","embeddable":true,"href":"https:\/\/turkishtrade.co\/fr\/wp-json\/wp\/v2\/product_cat?post=8463"},{"taxonomy":"product_tag","embeddable":true,"href":"https:\/\/turkishtrade.co\/fr\/wp-json\/wp\/v2\/product_tag?post=8463"}],"curies":[{"name":"wp","href":"https:\/\/api.w.org\/{rel}","templated":true}]}}