{"id":8440,"date":"2026-01-29T14:50:16","date_gmt":"2026-01-29T14:50:16","guid":{"rendered":"https:\/\/turkishtrade.co\/?post_type=product&#038;p=8440"},"modified":"2026-04-09T20:25:09","modified_gmt":"2026-04-09T20:25:09","slug":"black-faux-leather-sports-shoes","status":"publish","type":"product","link":"https:\/\/turkishtrade.co\/fr\/shop\/black-faux-leather-sports-shoes\/","title":{"rendered":"Noir Faux cuir Chaussures de sport Elite | Hommes Dynamic"},"content":{"rendered":"<p><strong>Chaussures de sport en similicuir noir<\/strong>. Qualit\u00e9 et design d'\u00e9lite.<\/p>\n<p>\u00c9levez votre collection de chaussures gr\u00e2ce \u00e0 nos chaussures exquises. <strong>Chaussures de sport Dynamic en similicuir noir pour hommes<\/strong>. Con\u00e7ues pour l'homme moderne qui appr\u00e9cie \u00e0 la fois le style et le confort, ces chaussures de sport noires sont un m\u00e9lange parfait de construction robuste et d'esth\u00e9tique contemporaine. Que vous sortiez pour une journ\u00e9e d\u00e9contract\u00e9e, que vous alliez faire des courses ou que vous recherchiez simplement une chaussure de tous les jours \u00e0 la fois confortable et \u00e0 la mode, ces chaussures de sport sont id\u00e9ales. <b>Chaussures de sport en similicuir noir<\/b> sont le choix id\u00e9al pour leur polyvalence et leur attrait durable.<\/p>\n<h3>Un confort in\u00e9gal\u00e9 et un design sup\u00e9rieur<\/h3>\n<p>Faites l'exp\u00e9rience d'un confort in\u00e9gal\u00e9 gr\u00e2ce au design bien pens\u00e9 de ces chaussures d'inspiration athl\u00e9tique. L'int\u00e9rieur est fabriqu\u00e9 \u00e0 partir d'un tissu doux et respirant, pour que vos pieds restent confortables et frais, m\u00eame apr\u00e8s une utilisation prolong\u00e9e. L'ext\u00e9rieur est en similicuir de haute qualit\u00e9, offrant une excellente durabilit\u00e9 et une finition noire sophistiqu\u00e9e et \u00e9l\u00e9gante, facile \u00e0 associer \u00e0 n'importe quelle tenue. La semelle \u00e9paisse et r\u00e9sistante ajoute non seulement une touche de modernit\u00e9 au design, mais offre \u00e9galement une adh\u00e9rence et un soutien exceptionnels, ce qui fait de ces chaussures plus que de simples chaussures d\u00e9contract\u00e9es ; elles sont pr\u00eates pour les performances et les aventures quotidiennes.<\/p>\n<h3>Une polyvalence pour toutes les occasions<\/h3>\n<p>Notre <b>Chaussures de sport en similicuir noir<\/b> sont incroyablement polyvalents. Leur couleur noire intemporelle et leur \u00e9l\u00e9gante texture en similicuir les destinent \u00e0 de nombreuses occasions, des rencontres d\u00e9contract\u00e9es aux activit\u00e9s sportives l\u00e9g\u00e8res. Elles font le lien entre les v\u00eatements de sport et les tenues d\u00e9contract\u00e9es, vous permettant de conserver un look soign\u00e9 sans sacrifier le confort. La construction robuste de ces chaussures leur permet de r\u00e9sister \u00e0 l'usure quotidienne, promettant des performances durables et un style inalt\u00e9rable qui vous donne une allure \u00e9l\u00e9gante.<\/p>\n<h3>Disponible pour l'achat individuel et la vente en gros<\/h3>\n<p>Nous sommes fiers de proposer ces produits \u00e9l\u00e9gants <b>Chaussures de sport en similicuir noir<\/b> dans une large gamme de pointures, notamment 40, 41, 42, 43, 44 et 45, ce qui garantit un ajustement parfait pour de nombreuses personnes. Pour les entreprises et les d\u00e9taillants qui cherchent \u00e0 stocker des chaussures pour hommes de haute qualit\u00e9 et \u00e0 la mode, ces chaussures sont \u00e9galement disponibles \u00e0 l'achat en gros. Avec une commande minimum de seulement 8 paires, il est plus facile que jamais de proposer ces chaussures de sport en faux cuir noir \u00e0 vos clients. Investissez dans une paire qui allie un savoir-faire sup\u00e9rieur \u00e0 un design tendance et \u00e0 un confort pratique.<\/p>","protected":false},"excerpt":{"rendered":"<ul>\n<li>Ext\u00e9rieur en similicuir de premi\u00e8re qualit\u00e9 pour la durabilit\u00e9 et l'\u00e9l\u00e9gance.<\/li>\n<li>L'int\u00e9rieur en tissu confortable permet de le porter tout au long de la journ\u00e9e.<\/li>\n<li>Un design sportif moderne avec une semelle \u00e9paisse et robuste.<\/li>\n<li>Disponible dans une large gamme de tailles pour hommes : 40, 41, 42, 43, 44, 45.<\/li>\n<li>Vente en gros possible avec une commande minimum de 8 paires.<\/li>\n<\/ul>","protected":false},"featured_media":6830,"template":"","meta":{"_acf_changed":false,"_uag_custom_page_level_css":"","site-sidebar-layout":"default","site-content-layout":"","ast-site-content-layout":"default","site-content-style":"default","site-sidebar-style":"default","ast-global-header-display":"","ast-banner-title-visibility":"","ast-main-header-display":"","ast-hfb-above-header-display":"","ast-hfb-below-header-display":"","ast-hfb-mobile-header-display":"","site-post-title":"","ast-breadcrumbs-content":"","ast-featured-img":"","footer-sml-layout":"","ast-disable-related-posts":"","theme-transparent-header-meta":"","adv-header-id-meta":"","stick-header-meta":"","header-above-stick-meta":"","header-main-stick-meta":"","header-below-stick-meta":"","astra-migrate-meta-layouts":"default","ast-page-background-enabled":"default","ast-page-background-meta":{"desktop":{"background-color":"var(--ast-global-color-4)","background-image":"","background-repeat":"repeat","background-position":"center center","background-size":"auto","background-attachment":"scroll","background-type":"","background-media":"","overlay-type":"","overlay-color":"","overlay-opacity":"","overlay-gradient":""},"tablet":{"background-color":"","background-image":"","background-repeat":"repeat","background-position":"center center","background-size":"auto","background-attachment":"scroll","background-type":"","background-media":"","overlay-type":"","overlay-color":"","overlay-opacity":"","overlay-gradient":""},"mobile":{"background-color":"","background-image":"","background-repeat":"repeat","background-position":"center center","background-size":"auto","background-attachment":"scroll","background-type":"","background-media":"","overlay-type":"","overlay-color":"","overlay-opacity":"","overlay-gradient":""}},"ast-content-background-meta":{"desktop":{"background-color":"var(--ast-global-color-5)","background-image":"","background-repeat":"repeat","background-position":"center center","background-size":"auto","background-attachment":"scroll","background-type":"","background-media":"","overlay-type":"","overlay-color":"","overlay-opacity":"","overlay-gradient":""},"tablet":{"background-color":"var(--ast-global-color-5)","background-image":"","background-repeat":"repeat","background-position":"center center","background-size":"auto","background-attachment":"scroll","background-type":"","background-media":"","overlay-type":"","overlay-color":"","overlay-opacity":"","overlay-gradient":""},"mobile":{"background-color":"var(--ast-global-color-5)","background-image":"","background-repeat":"repeat","background-position":"center center","background-size":"auto","background-attachment":"scroll","background-type":"","background-media":"","overlay-type":"","overlay-color":"","overlay-opacity":"","overlay-gradient":""}}},"product_brand":[],"product_cat":[430,1200,51],"product_tag":[1508,1506,1120,331,340,1507,1509,1462,1445,262],"class_list":{"0":"post-8440","1":"product","2":"type-product","3":"status-publish","4":"has-post-thumbnail","6":"product_cat-men","7":"product_cat-mens-shoes-2","8":"product_cat-sports","9":"product_tag-athletic-style-shoes","10":"product_tag-black-faux-leather-sports-shoes","11":"product_tag-black-sneakers","12":"product_tag-chunky-sole-shoes","13":"product_tag-comfortable-mens-footwear","14":"product_tag-durable-casual-shoes","15":"product_tag-everyday-wear-shoes","16":"product_tag-faux-leather-sneakers","17":"product_tag-mens-sports-shoes","18":"product_tag-wholesale-mens-shoes","19":"desktop-align-center","20":"tablet-align-center","21":"mobile-align-center","23":"first","24":"instock","25":"shipping-taxable","26":"purchasable","27":"product-type-variable","28":"has-default-attributes"},"acf":[],"uagb_featured_image_src":{"full":["https:\/\/turkishtrade.co\/wp-content\/uploads\/2026\/01\/2600OYNMN00021-BLACK.png",453,250,false],"thumbnail":["https:\/\/turkishtrade.co\/wp-content\/uploads\/2026\/01\/2600OYNMN00021-BLACK-150x150.png",150,150,true],"medium":["https:\/\/turkishtrade.co\/wp-content\/uploads\/2026\/01\/2600OYNMN00021-BLACK-300x166.png",300,166,true],"medium_large":["https:\/\/turkishtrade.co\/wp-content\/uploads\/2026\/01\/2600OYNMN00021-BLACK.png",453,250,false],"large":["https:\/\/turkishtrade.co\/wp-content\/uploads\/2026\/01\/2600OYNMN00021-BLACK.png",453,250,false],"1536x1536":["https:\/\/turkishtrade.co\/wp-content\/uploads\/2026\/01\/2600OYNMN00021-BLACK.png",453,250,false],"2048x2048":["https:\/\/turkishtrade.co\/wp-content\/uploads\/2026\/01\/2600OYNMN00021-BLACK.png",453,250,false],"trp-custom-language-flag":["https:\/\/turkishtrade.co\/wp-content\/uploads\/2026\/01\/2600OYNMN00021-BLACK-18x10.png",18,10,true],"woocommerce_thumbnail":["https:\/\/turkishtrade.co\/wp-content\/uploads\/2026\/01\/2600OYNMN00021-BLACK-400x250.png",400,250,true],"woocommerce_single":["https:\/\/turkishtrade.co\/wp-content\/uploads\/2026\/01\/2600OYNMN00021-BLACK.png",453,250,false],"woocommerce_gallery_thumbnail":["https:\/\/turkishtrade.co\/wp-content\/uploads\/2026\/01\/2600OYNMN00021-BLACK-100x100.png",100,100,true]},"uagb_author_info":{"display_name":"python python","author_link":"https:\/\/turkishtrade.co\/fr\/author\/"},"uagb_comment_info":0,"uagb_excerpt":"Premium faux leather exterior for durability and sleek appeal. Comfortable fabric interior ensures all-day wearability. Modern sports design with a robust chunky sole. Available in a wide range of men's sizes: 40, 41, 42, 43, 44, 45. Wholesale available with a minimum order of 8 pairs.","_links":{"self":[{"href":"https:\/\/turkishtrade.co\/fr\/wp-json\/wp\/v2\/product\/8440","targetHints":{"allow":["GET"]}}],"collection":[{"href":"https:\/\/turkishtrade.co\/fr\/wp-json\/wp\/v2\/product"}],"about":[{"href":"https:\/\/turkishtrade.co\/fr\/wp-json\/wp\/v2\/types\/product"}],"wp:featuredmedia":[{"embeddable":true,"href":"https:\/\/turkishtrade.co\/fr\/wp-json\/wp\/v2\/media\/6830"}],"wp:attachment":[{"href":"https:\/\/turkishtrade.co\/fr\/wp-json\/wp\/v2\/media?parent=8440"}],"wp:term":[{"taxonomy":"product_brand","embeddable":true,"href":"https:\/\/turkishtrade.co\/fr\/wp-json\/wp\/v2\/product_brand?post=8440"},{"taxonomy":"product_cat","embeddable":true,"href":"https:\/\/turkishtrade.co\/fr\/wp-json\/wp\/v2\/product_cat?post=8440"},{"taxonomy":"product_tag","embeddable":true,"href":"https:\/\/turkishtrade.co\/fr\/wp-json\/wp\/v2\/product_tag?post=8440"}],"curies":[{"name":"wp","href":"https:\/\/api.w.org\/{rel}","templated":true}]}}