{"id":8439,"date":"2026-01-29T14:50:16","date_gmt":"2026-01-29T14:50:16","guid":{"rendered":"https:\/\/turkishtrade.co\/?post_type=product&#038;p=8439"},"modified":"2026-04-09T20:25:15","modified_gmt":"2026-04-09T20:25:15","slug":"mens-black-faux-leather-sports-shoes-7","status":"publish","type":"product","link":"https:\/\/turkishtrade.co\/fr\/shop\/mens-black-faux-leather-sports-shoes-7\/","title":{"rendered":"Chaussures de sport en similicuir noir pour hommes Best-Selling | avec doublure en tissu"},"content":{"rendered":"<p><strong>Chaussures de sport en simili-cuir pour hommes<\/strong>. La qualit\u00e9 et le design les plus vendus.<\/p>\n<p>D\u00e9couvrez l'alliance parfaite du style, du confort et de la durabilit\u00e9 gr\u00e2ce \u00e0 nos produits d'exception. <b>Chaussures de sport en simili-cuir pour hommes<\/b>. Con\u00e7ues pour l'homme moderne, ces baskets polyvalentes sont id\u00e9ales pour une promenade dans le parc ou une journ\u00e9e d\u00e9contract\u00e9e entre amis. Le design sophistiqu\u00e9 tout en noir avec une semelle interm\u00e9diaire blanche frappante offre une esth\u00e9tique contemporaine qui compl\u00e8te sans effort n'importe quelle tenue, ce qui en fait un ajout indispensable \u00e0 votre collection de chaussures.<\/p>\n<h3>Un confort in\u00e9gal\u00e9 et un design sup\u00e9rieur<\/h3>\n<p>Con\u00e7ues pour \u00eatre port\u00e9es toute la journ\u00e9e, ces <b>Chaussures de sport en simili-cuir pour hommes<\/b> Priorit\u00e9 au confort. L'int\u00e9rieur est dot\u00e9 d'une doublure en tissu doux et respirant qui assure un ajustement confortable et a\u00e9r\u00e9, \u00e9vitant ainsi toute g\u00eane, m\u00eame pendant les p\u00e9riodes d'activit\u00e9 prolong\u00e9es. \u00c0 l'ext\u00e9rieur, le mat\u00e9riau en similicuir de qualit\u00e9 sup\u00e9rieure offre une apparence \u00e9l\u00e9gante et une protection robuste contre l'usure quotidienne. Cette combinaison judicieuse de mat\u00e9riaux garantit \u00e0 la fois la long\u00e9vit\u00e9 et une sensation de luxe, ce qui distingue ces chaussures de sport.<\/p>\n<h3>Performance et polyvalence pour chaque \u00e9tape<\/h3>\n<p>Que vous alliez \u00e0 la salle de sport, que vous fassiez des courses ou que vous profitiez simplement d'une journ\u00e9e de d\u00e9tente, notre <b>Chaussures de sport en simili-cuir pour hommes<\/b> offrent des performances fiables. La semelle robuste offre une excellente adh\u00e9rence et un bon soutien, garantissant la stabilit\u00e9 sur diverses surfaces. Disponible dans une gamme compl\u00e8te de tailles allant du 40 au 45, nous garantissons un ajustement parfait pour un large \u00e9ventail de pieds. La conception ergonomique soutient le mouvement naturel de votre pied, r\u00e9duisant la fatigue et am\u00e9liorant votre exp\u00e9rience globale. Il ne s'agit pas de simples chaussures, mais d'un investissement dans votre confort et votre mode de vie actif.<\/p>\n<h3>Une qualit\u00e9 digne de confiance et des possibilit\u00e9s de vente en gros<\/h3>\n<p>Nous sommes fiers de la qualit\u00e9 de fabrication de nos chaussures. Chaque paire de <b>Chaussures de sport en simili-cuir pour hommes<\/b> est m\u00e9ticuleusement construite pour r\u00e9pondre \u00e0 des normes \u00e9lev\u00e9es, promettant une durabilit\u00e9 et une performance constante. Pour les d\u00e9taillants qui cherchent \u00e0 stocker des chaussures de sport de haute qualit\u00e9 et tr\u00e8s demand\u00e9es, ces chaussures sont un excellent choix. Avec une quantit\u00e9 minimale de commande de seulement 8 paires, nous offrons des opportunit\u00e9s de vente en gros attrayantes \u00e0 nos partenaires. Am\u00e9liorez votre inventaire et offrez \u00e0 vos clients des chaussures de sport en similicuir noir pour hommes de premi\u00e8re qualit\u00e9 qui allient style, confort et qualit\u00e9 durable.<\/p>","protected":false},"excerpt":{"rendered":"<ul>\n<li>Chaussures de sport \u00e9l\u00e9gantes en similicuir noir pour hommes, \u00e0 porter de mani\u00e8re polyvalente<\/li>\n<li>Doublure int\u00e9rieure en tissu confortable pour une aisance tout au long de la journ\u00e9e<\/li>\n<li>Ext\u00e9rieur en similicuir durable pour une finition \u00e9l\u00e9gante et r\u00e9sistante<\/li>\n<li>Disponible dans une large gamme de tailles : 40, 41, 42, 43, 44, 45<\/li>\n<li>Commande minimum : 8 paires (disponibilit\u00e9 en gros pour les d\u00e9taillants !)<\/li>\n<\/ul>","protected":false},"featured_media":6828,"template":"","meta":{"_acf_changed":false,"_uag_custom_page_level_css":"","site-sidebar-layout":"default","site-content-layout":"","ast-site-content-layout":"default","site-content-style":"default","site-sidebar-style":"default","ast-global-header-display":"","ast-banner-title-visibility":"","ast-main-header-display":"","ast-hfb-above-header-display":"","ast-hfb-below-header-display":"","ast-hfb-mobile-header-display":"","site-post-title":"","ast-breadcrumbs-content":"","ast-featured-img":"","footer-sml-layout":"","ast-disable-related-posts":"","theme-transparent-header-meta":"","adv-header-id-meta":"","stick-header-meta":"","header-above-stick-meta":"","header-main-stick-meta":"","header-below-stick-meta":"","astra-migrate-meta-layouts":"default","ast-page-background-enabled":"default","ast-page-background-meta":{"desktop":{"background-color":"var(--ast-global-color-4)","background-image":"","background-repeat":"repeat","background-position":"center center","background-size":"auto","background-attachment":"scroll","background-type":"","background-media":"","overlay-type":"","overlay-color":"","overlay-opacity":"","overlay-gradient":""},"tablet":{"background-color":"","background-image":"","background-repeat":"repeat","background-position":"center center","background-size":"auto","background-attachment":"scroll","background-type":"","background-media":"","overlay-type":"","overlay-color":"","overlay-opacity":"","overlay-gradient":""},"mobile":{"background-color":"","background-image":"","background-repeat":"repeat","background-position":"center center","background-size":"auto","background-attachment":"scroll","background-type":"","background-media":"","overlay-type":"","overlay-color":"","overlay-opacity":"","overlay-gradient":""}},"ast-content-background-meta":{"desktop":{"background-color":"var(--ast-global-color-5)","background-image":"","background-repeat":"repeat","background-position":"center center","background-size":"auto","background-attachment":"scroll","background-type":"","background-media":"","overlay-type":"","overlay-color":"","overlay-opacity":"","overlay-gradient":""},"tablet":{"background-color":"var(--ast-global-color-5)","background-image":"","background-repeat":"repeat","background-position":"center center","background-size":"auto","background-attachment":"scroll","background-type":"","background-media":"","overlay-type":"","overlay-color":"","overlay-opacity":"","overlay-gradient":""},"mobile":{"background-color":"var(--ast-global-color-5)","background-image":"","background-repeat":"repeat","background-position":"center center","background-size":"auto","background-attachment":"scroll","background-type":"","background-media":"","overlay-type":"","overlay-color":"","overlay-opacity":"","overlay-gradient":""}}},"product_brand":[],"product_cat":[430,1200,51],"product_tag":[1487,1117,1474,1446,1504,1505,1476,1473,1444],"class_list":{"0":"post-8439","1":"product","2":"type-product","3":"status-publish","4":"has-post-thumbnail","6":"product_cat-men","7":"product_cat-mens-shoes-2","8":"product_cat-sports","9":"product_tag-black-athletic-shoes","10":"product_tag-comfortable-sneakers","11":"product_tag-durable-sneakers","12":"product_tag-faux-leather-shoes","13":"product_tag-mens-black-faux-leather-sports-shoes","14":"product_tag-mens-black-sneakers","15":"product_tag-mens-trainers","16":"product_tag-sports-footwear","17":"product_tag-sports-sneakers","18":"desktop-align-center","19":"tablet-align-center","20":"mobile-align-center","22":"first","23":"instock","24":"shipping-taxable","25":"purchasable","26":"product-type-variable","27":"has-default-attributes"},"acf":[],"uagb_featured_image_src":{"full":["https:\/\/turkishtrade.co\/wp-content\/uploads\/2026\/01\/2600OYNMN00020-BLACK.png",453,250,false],"thumbnail":["https:\/\/turkishtrade.co\/wp-content\/uploads\/2026\/01\/2600OYNMN00020-BLACK-150x150.png",150,150,true],"medium":["https:\/\/turkishtrade.co\/wp-content\/uploads\/2026\/01\/2600OYNMN00020-BLACK-300x166.png",300,166,true],"medium_large":["https:\/\/turkishtrade.co\/wp-content\/uploads\/2026\/01\/2600OYNMN00020-BLACK.png",453,250,false],"large":["https:\/\/turkishtrade.co\/wp-content\/uploads\/2026\/01\/2600OYNMN00020-BLACK.png",453,250,false],"1536x1536":["https:\/\/turkishtrade.co\/wp-content\/uploads\/2026\/01\/2600OYNMN00020-BLACK.png",453,250,false],"2048x2048":["https:\/\/turkishtrade.co\/wp-content\/uploads\/2026\/01\/2600OYNMN00020-BLACK.png",453,250,false],"trp-custom-language-flag":["https:\/\/turkishtrade.co\/wp-content\/uploads\/2026\/01\/2600OYNMN00020-BLACK-18x10.png",18,10,true],"woocommerce_thumbnail":["https:\/\/turkishtrade.co\/wp-content\/uploads\/2026\/01\/2600OYNMN00020-BLACK-400x250.png",400,250,true],"woocommerce_single":["https:\/\/turkishtrade.co\/wp-content\/uploads\/2026\/01\/2600OYNMN00020-BLACK.png",453,250,false],"woocommerce_gallery_thumbnail":["https:\/\/turkishtrade.co\/wp-content\/uploads\/2026\/01\/2600OYNMN00020-BLACK-100x100.png",100,100,true]},"uagb_author_info":{"display_name":"python python","author_link":"https:\/\/turkishtrade.co\/fr\/author\/"},"uagb_comment_info":0,"uagb_excerpt":"Stylish Men's Black Faux Leather Sports Shoes for versatile wear Comfortable fabric interior lining ensures all-day ease Durable faux leather exterior for a sleek and resilient finish Available in a wide range of sizes: 40, 41, 42, 43, 44, 45 Minimum order: 8 pairs (Wholesale availability for retailers!)","_links":{"self":[{"href":"https:\/\/turkishtrade.co\/fr\/wp-json\/wp\/v2\/product\/8439","targetHints":{"allow":["GET"]}}],"collection":[{"href":"https:\/\/turkishtrade.co\/fr\/wp-json\/wp\/v2\/product"}],"about":[{"href":"https:\/\/turkishtrade.co\/fr\/wp-json\/wp\/v2\/types\/product"}],"wp:featuredmedia":[{"embeddable":true,"href":"https:\/\/turkishtrade.co\/fr\/wp-json\/wp\/v2\/media\/6828"}],"wp:attachment":[{"href":"https:\/\/turkishtrade.co\/fr\/wp-json\/wp\/v2\/media?parent=8439"}],"wp:term":[{"taxonomy":"product_brand","embeddable":true,"href":"https:\/\/turkishtrade.co\/fr\/wp-json\/wp\/v2\/product_brand?post=8439"},{"taxonomy":"product_cat","embeddable":true,"href":"https:\/\/turkishtrade.co\/fr\/wp-json\/wp\/v2\/product_cat?post=8439"},{"taxonomy":"product_tag","embeddable":true,"href":"https:\/\/turkishtrade.co\/fr\/wp-json\/wp\/v2\/product_tag?post=8439"}],"curies":[{"name":"wp","href":"https:\/\/api.w.org\/{rel}","templated":true}]}}