{"id":8435,"date":"2026-01-29T14:50:16","date_gmt":"2026-01-29T14:50:16","guid":{"rendered":"https:\/\/turkishtrade.co\/?post_type=product&#038;p=8435"},"modified":"2026-04-09T20:25:46","modified_gmt":"2026-04-09T20:25:46","slug":"mens-black-sports-shoes-3","status":"publish","type":"product","link":"https:\/\/turkishtrade.co\/fr\/shop\/mens-black-sports-shoes-3\/","title":{"rendered":"Hommes Noirs Chaussures de sport Incredible | Hommes Noirs Faux cuir &amp;"},"content":{"rendered":"<p>Am\u00e9liorez votre jeu de chaussures gr\u00e2ce \u00e0 nos chaussures exceptionnelles <strong>Chaussures de sport noires pour hommes<\/strong>, Ces chaussures ont \u00e9t\u00e9 m\u00e9ticuleusement con\u00e7ues pour offrir \u00e0 la fois style et performance. Ces chaussures polyvalentes sont un ajout essentiel \u00e0 la garde-robe de tout homme, offrant un m\u00e9lange parfait de confort, de durabilit\u00e9 et d'esth\u00e9tique \u00e9l\u00e9gante. Que vous alliez \u00e0 la salle de sport, que vous fassiez une promenade d\u00e9contract\u00e9e ou que vous ayez simplement besoin de chaussures fiables pour tous les jours, nos <strong>Chaussures de sport noires pour hommes<\/strong> sont con\u00e7us pour r\u00e9pondre \u00e0 vos exigences.<\/p>\n<h3>Un confort in\u00e9gal\u00e9 et des mat\u00e9riaux de premi\u00e8re qualit\u00e9<\/h3>\n<p>Notre <strong>Chaussures de sport noires pour hommes<\/strong> sont de construction robuste, avec une couche ext\u00e9rieure en similicuir de haute qualit\u00e9, offrant une excellente durabilit\u00e9 et une finition sophistiqu\u00e9e. La doublure int\u00e9rieure est fabriqu\u00e9e en tissu doux et respirant, pour un confort optimal tout au long de la journ\u00e9e. Cette combinaison intelligente de mat\u00e9riaux permet non seulement \u00e0 ces <strong>Chaussures de sport noires pour hommes<\/strong> La semelle robuste offre une excellente adh\u00e9rence et un bon maintien, ce qui en fait la chaussure id\u00e9ale pour de nombreuses activit\u00e9s. La semelle robuste offre une excellente adh\u00e9rence et un bon maintien, ce qui les rend id\u00e9ales pour diverses activit\u00e9s.<\/p>\n<h3>Design \u00e9pur\u00e9 et attrait polyvalent<\/h3>\n<p>Le design noir intemporel de ces <strong>Chaussures de sport noires pour hommes<\/strong> les rend incroyablement polyvalents. Elles s'associent sans effort \u00e0 un large \u00e9ventail de tenues, des v\u00eatements de sport aux jeans d\u00e9contract\u00e9s, en passant par les ensembles \u00e9l\u00e9gants. La silhouette profil\u00e9e assure un look moderne qui ne se d\u00e9mode jamais. Disponibles dans une large gamme de tailles allant du 40 au 45, il est facile de trouver la chaussure id\u00e9ale. Rehaussez votre look quotidien avec des chaussures qui comprennent vraiment l'\u00e9quilibre entre la mode et la fonction.<\/p>\n<h3>Id\u00e9al pour les acheteurs en gros<\/h3>\n<p>Pour les entreprises qui cherchent \u00e0 stocker des chaussures de haute qualit\u00e9 et tr\u00e8s demand\u00e9es, nos <strong>Chaussures de sport noires pour hommes<\/strong> sont un excellent choix. Nous proposons des options de vente en gros attrayantes, avec une quantit\u00e9 minimale de commande de seulement 8 paires. Il est donc facile pour les d\u00e9taillants d'ajouter ces chaussures populaires et fiables \u00e0 leur assortiment. <strong>Chaussures de sport noires pour hommes<\/strong> \u00e0 leur inventaire, r\u00e9pondant ainsi aux besoins d'une large client\u00e8le \u00e0 la recherche de chaussures de sport durables et \u00e9l\u00e9gantes. Ne manquez pas l'occasion de fournir \u00e0 vos clients des chaussures de premier ordre qui promettent \u00e0 la fois satisfaction et valeur.<\/p>\n<p>Investissez dans des chaussures qui r\u00e9sistent \u00e0 l'\u00e9preuve du temps et des tendances. Nos <strong>Chaussures de sport noires pour hommes<\/strong> sont plus que de simples chaussures ; elles repr\u00e9sentent un engagement envers la qualit\u00e9, le confort et un style durable. D\u00e9couvrez la diff\u00e9rence que des mat\u00e9riaux de qualit\u00e9 sup\u00e9rieure et un design bien pens\u00e9 peuvent faire dans votre vie quotidienne. Choisissez nos <strong>Chaussures de sport noires pour hommes<\/strong> pour un m\u00e9lange in\u00e9gal\u00e9 de performance et d'\u00e9l\u00e9gance.<\/p>","protected":false},"excerpt":{"rendered":"<ul>\n<li>Faites l'exp\u00e9rience d'un confort ultime avec nos chaussures de sport noires pour hommes.<\/li>\n<li>Fabriqu\u00e9 avec un ext\u00e9rieur en similicuir durable et un int\u00e9rieur en tissu doux.<\/li>\n<li>Disponible dans une large gamme de tailles : 40, 41, 42, 43, 44, 45.<\/li>\n<li>Design \u00e9l\u00e9gant, enti\u00e8rement noir, parfait pour le sport, les sorties d\u00e9contract\u00e9es ou la vie de tous les jours.<\/li>\n<li>Possibilit\u00e9 de vente en gros avec une commande minimum de 8 paires.<\/li>\n<\/ul>","protected":false},"featured_media":6817,"template":"","meta":{"_acf_changed":false,"_uag_custom_page_level_css":"","site-sidebar-layout":"default","site-content-layout":"","ast-site-content-layout":"default","site-content-style":"default","site-sidebar-style":"default","ast-global-header-display":"","ast-banner-title-visibility":"","ast-main-header-display":"","ast-hfb-above-header-display":"","ast-hfb-below-header-display":"","ast-hfb-mobile-header-display":"","site-post-title":"","ast-breadcrumbs-content":"","ast-featured-img":"","footer-sml-layout":"","ast-disable-related-posts":"","theme-transparent-header-meta":"","adv-header-id-meta":"","stick-header-meta":"","header-above-stick-meta":"","header-main-stick-meta":"","header-below-stick-meta":"","astra-migrate-meta-layouts":"default","ast-page-background-enabled":"default","ast-page-background-meta":{"desktop":{"background-color":"var(--ast-global-color-4)","background-image":"","background-repeat":"repeat","background-position":"center center","background-size":"auto","background-attachment":"scroll","background-type":"","background-media":"","overlay-type":"","overlay-color":"","overlay-opacity":"","overlay-gradient":""},"tablet":{"background-color":"","background-image":"","background-repeat":"repeat","background-position":"center center","background-size":"auto","background-attachment":"scroll","background-type":"","background-media":"","overlay-type":"","overlay-color":"","overlay-opacity":"","overlay-gradient":""},"mobile":{"background-color":"","background-image":"","background-repeat":"repeat","background-position":"center center","background-size":"auto","background-attachment":"scroll","background-type":"","background-media":"","overlay-type":"","overlay-color":"","overlay-opacity":"","overlay-gradient":""}},"ast-content-background-meta":{"desktop":{"background-color":"var(--ast-global-color-5)","background-image":"","background-repeat":"repeat","background-position":"center center","background-size":"auto","background-attachment":"scroll","background-type":"","background-media":"","overlay-type":"","overlay-color":"","overlay-opacity":"","overlay-gradient":""},"tablet":{"background-color":"var(--ast-global-color-5)","background-image":"","background-repeat":"repeat","background-position":"center center","background-size":"auto","background-attachment":"scroll","background-type":"","background-media":"","overlay-type":"","overlay-color":"","overlay-opacity":"","overlay-gradient":""},"mobile":{"background-color":"var(--ast-global-color-5)","background-image":"","background-repeat":"repeat","background-position":"center center","background-size":"auto","background-attachment":"scroll","background-type":"","background-media":"","overlay-type":"","overlay-color":"","overlay-opacity":"","overlay-gradient":""}}},"product_brand":[],"product_cat":[430,1200,51],"product_tag":[1120,1449,1474,1446,1455,1453,1361,1458],"class_list":{"0":"post-8435","1":"product","2":"type-product","3":"status-publish","4":"has-post-thumbnail","6":"product_cat-men","7":"product_cat-mens-shoes-2","8":"product_cat-sports","9":"product_tag-black-sneakers","10":"product_tag-comfortable-sports-shoes","11":"product_tag-durable-sneakers","12":"product_tag-faux-leather-shoes","13":"product_tag-mens-athletic-shoes","14":"product_tag-mens-black-sports-shoes","15":"product_tag-sports-shoes","16":"product_tag-wholesale-sports-shoes","17":"desktop-align-center","18":"tablet-align-center","19":"mobile-align-center","21":"first","22":"instock","23":"shipping-taxable","24":"purchasable","25":"product-type-variable","26":"has-default-attributes"},"acf":[],"uagb_featured_image_src":{"full":["https:\/\/turkishtrade.co\/wp-content\/uploads\/2026\/01\/2600OYNMN00016-BLACK.png",453,250,false],"thumbnail":["https:\/\/turkishtrade.co\/wp-content\/uploads\/2026\/01\/2600OYNMN00016-BLACK-150x150.png",150,150,true],"medium":["https:\/\/turkishtrade.co\/wp-content\/uploads\/2026\/01\/2600OYNMN00016-BLACK-300x166.png",300,166,true],"medium_large":["https:\/\/turkishtrade.co\/wp-content\/uploads\/2026\/01\/2600OYNMN00016-BLACK.png",453,250,false],"large":["https:\/\/turkishtrade.co\/wp-content\/uploads\/2026\/01\/2600OYNMN00016-BLACK.png",453,250,false],"1536x1536":["https:\/\/turkishtrade.co\/wp-content\/uploads\/2026\/01\/2600OYNMN00016-BLACK.png",453,250,false],"2048x2048":["https:\/\/turkishtrade.co\/wp-content\/uploads\/2026\/01\/2600OYNMN00016-BLACK.png",453,250,false],"trp-custom-language-flag":["https:\/\/turkishtrade.co\/wp-content\/uploads\/2026\/01\/2600OYNMN00016-BLACK-18x10.png",18,10,true],"woocommerce_thumbnail":["https:\/\/turkishtrade.co\/wp-content\/uploads\/2026\/01\/2600OYNMN00016-BLACK-400x250.png",400,250,true],"woocommerce_single":["https:\/\/turkishtrade.co\/wp-content\/uploads\/2026\/01\/2600OYNMN00016-BLACK.png",453,250,false],"woocommerce_gallery_thumbnail":["https:\/\/turkishtrade.co\/wp-content\/uploads\/2026\/01\/2600OYNMN00016-BLACK-100x100.png",100,100,true]},"uagb_author_info":{"display_name":"python python","author_link":"https:\/\/turkishtrade.co\/fr\/author\/"},"uagb_comment_info":0,"uagb_excerpt":"Experience ultimate comfort with our premium Men's Black Sports Shoes. Crafted with a durable faux leather exterior and soft fabric interior. Available in a wide range of sizes: 40, 41, 42, 43, 44, 45. Sleek, all-black design perfect for sports, casual outings, or everyday wear. Wholesale opportunities available with a minimum order of 8 pairs.","_links":{"self":[{"href":"https:\/\/turkishtrade.co\/fr\/wp-json\/wp\/v2\/product\/8435","targetHints":{"allow":["GET"]}}],"collection":[{"href":"https:\/\/turkishtrade.co\/fr\/wp-json\/wp\/v2\/product"}],"about":[{"href":"https:\/\/turkishtrade.co\/fr\/wp-json\/wp\/v2\/types\/product"}],"wp:featuredmedia":[{"embeddable":true,"href":"https:\/\/turkishtrade.co\/fr\/wp-json\/wp\/v2\/media\/6817"}],"wp:attachment":[{"href":"https:\/\/turkishtrade.co\/fr\/wp-json\/wp\/v2\/media?parent=8435"}],"wp:term":[{"taxonomy":"product_brand","embeddable":true,"href":"https:\/\/turkishtrade.co\/fr\/wp-json\/wp\/v2\/product_brand?post=8435"},{"taxonomy":"product_cat","embeddable":true,"href":"https:\/\/turkishtrade.co\/fr\/wp-json\/wp\/v2\/product_cat?post=8435"},{"taxonomy":"product_tag","embeddable":true,"href":"https:\/\/turkishtrade.co\/fr\/wp-json\/wp\/v2\/product_tag?post=8435"}],"curies":[{"name":"wp","href":"https:\/\/api.w.org\/{rel}","templated":true}]}}