{"id":8410,"date":"2026-01-29T14:50:06","date_gmt":"2026-01-29T14:50:06","guid":{"rendered":"https:\/\/turkishtrade.co\/?post_type=product&#038;p=8410"},"modified":"2026-04-09T20:26:24","modified_gmt":"2026-04-09T20:26:24","slug":"mens-faux-leather-sports-shoes-5","status":"publish","type":"product","link":"https:\/\/turkishtrade.co\/fr\/shop\/mens-faux-leather-sports-shoes-5\/","title":{"rendered":"Chaussures de sport en similicuir pour hommes Premium | Noir"},"content":{"rendered":"<p>Am\u00e9liorez votre collection de chaussures gr\u00e2ce \u00e0 nos chaussures de qualit\u00e9 sup\u00e9rieure. <strong>Chaussures de sport en similicuir pour hommes<\/strong>. Con\u00e7ues pour l'homme moderne qui appr\u00e9cie \u00e0 la fois le style et la substance, ces chaussures de sport allient une esth\u00e9tique sophistiqu\u00e9e \u00e0 une durabilit\u00e9 pratique. Que vous alliez \u00e0 la salle de sport, que vous fassiez une marche rapide ou que vous profitiez simplement d'une journ\u00e9e d\u00e9contract\u00e9e, ces baskets polyvalentes sont con\u00e7ues pour vous offrir un maximum de confort et de soutien sans compromettre votre look.<\/p>\n<p>Fabriqu\u00e9es avec un ext\u00e9rieur en similicuir de haute qualit\u00e9, ces <strong>Chaussures de sport en similicuir pour hommes<\/strong> offrent une finition \u00e9l\u00e9gante et raffin\u00e9e qui est \u00e0 la fois facile \u00e0 entretenir et durable. L'ext\u00e9rieur offre une excellente protection, tandis que l'int\u00e9rieur est dot\u00e9 d'une doublure en tissu doux et respirant. Cette combinaison intelligente garantit le confort et l'a\u00e9ration de vos pieds, m\u00eame en cas de port prolong\u00e9. Le coloris noir classique, compl\u00e9t\u00e9 par une semelle interm\u00e9diaire blanche frappante et une semelle ext\u00e9rieure noire robuste, fait de ces chaussures un ajout polyvalent \u00e0 toute garde-robe, s'associant sans effort \u00e0 diverses tenues.<\/p>\n<h3>Confort et durabilit\u00e9 in\u00e9gal\u00e9s<\/h3>\n<p>Faites l'exp\u00e9rience d'un confort in\u00e9gal\u00e9 \u00e0 chaque pas gr\u00e2ce \u00e0 la conception r\u00e9fl\u00e9chie de ces chaussures de sport. La semelle robuste est sp\u00e9cialement con\u00e7ue pour offrir une absorption sup\u00e9rieure des chocs et une adh\u00e9rence fiable sur diverses surfaces, offrant ainsi une stabilit\u00e9 et r\u00e9duisant la fatigue du pied. De la pointure 40 \u00e0 45, chaque paire de <strong>Chaussures de sport en similicuir pour hommes<\/strong> est m\u00e9ticuleusement fabriqu\u00e9e pour garantir un ajustement parfait, offrant le soutien dont vous avez besoin pour vos aventures quotidiennes. Le syst\u00e8me de la\u00e7age s\u00e9curis\u00e9 am\u00e9liore encore l'ajustement, pour que vos pieds restent confortablement enferm\u00e9s.<\/p>\n<h3>Un style polyvalent pour toutes les occasions<\/h3>\n<p>Nos chaussures de sport en similicuir noir ne sont pas uniquement destin\u00e9es \u00e0 l'athl\u00e9tisme ; leur design \u00e9l\u00e9gant les rend parfaites pour un large \u00e9ventail d'environnements d\u00e9contract\u00e9s et semi-d\u00e9contract\u00e9s. Associez-les \u00e0 un jean pour un look d\u00e9contract\u00e9 le week-end, ou \u00e0 une tenue de sport pour vos s\u00e9ances d'entra\u00eenement. Le contraste intemporel entre le noir et le blanc garantit que ces chaussures restent un choix \u00e0 la mode saison apr\u00e8s saison. Investissez dans des chaussures qui s'adaptent \u00e0 votre style de vie dynamique, offrant \u00e0 la fois performance et panache. Ces chaussures <strong>Chaussures de sport en similicuir pour hommes<\/strong> repr\u00e9sentent vraiment le meilleur des deux mondes.<\/p>\n<h3>Opportunit\u00e9s pour le commerce de gros<\/h3>\n<p>Pour les d\u00e9taillants et les entreprises qui souhaitent proposer des chaussures de haute qualit\u00e9 et \u00e0 la mode, ces <strong>Chaussures de sport en similicuir pour hommes<\/strong> sont disponibles \u00e0 l'achat en gros. Avec une quantit\u00e9 minimale de commande de seulement 8 paires, vous pouvez facilement ajouter ces baskets pour hommes \u00e0 votre inventaire. Offrez \u00e0 vos clients un produit qui se distingue par sa qualit\u00e9, son confort et son design contemporain. Notre processus de vente en gros efficace garantit une livraison rapide et un excellent service \u00e0 la client\u00e8le, ce qui facilite l'offre de ces populaires chaussures de sport en similicuir.<\/p>","protected":false},"excerpt":{"rendered":"<ul>\n<li>Ext\u00e9rieur en similicuir de premi\u00e8re qualit\u00e9 et int\u00e9rieur en tissu respirant<\/li>\n<li>Disponible en tailles UE : 40, 41, 42, 43, 44, 45<\/li>\n<li>Semelle robuste pour une adh\u00e9rence sup\u00e9rieure et un confort tout au long de la journ\u00e9e<\/li>\n<li>Esth\u00e9tique noire \u00e9pur\u00e9e avec semelle interm\u00e9diaire blanche contrast\u00e9e<\/li>\n<li>Id\u00e9al pour les v\u00eatements d\u00e9contract\u00e9s, les sports l\u00e9gers et les activit\u00e9s quotidiennes<\/li>\n<li>Possibilit\u00e9 de vente en gros avec une commande minimum de 8 paires.<\/li>\n<\/ul>","protected":false},"featured_media":6803,"template":"","meta":{"_acf_changed":false,"_uag_custom_page_level_css":"","site-sidebar-layout":"default","site-content-layout":"","ast-site-content-layout":"default","site-content-style":"default","site-sidebar-style":"default","ast-global-header-display":"","ast-banner-title-visibility":"","ast-main-header-display":"","ast-hfb-above-header-display":"","ast-hfb-below-header-display":"","ast-hfb-mobile-header-display":"","site-post-title":"","ast-breadcrumbs-content":"","ast-featured-img":"","footer-sml-layout":"","ast-disable-related-posts":"","theme-transparent-header-meta":"","adv-header-id-meta":"","stick-header-meta":"","header-above-stick-meta":"","header-main-stick-meta":"","header-below-stick-meta":"","astra-migrate-meta-layouts":"default","ast-page-background-enabled":"default","ast-page-background-meta":{"desktop":{"background-color":"var(--ast-global-color-4)","background-image":"","background-repeat":"repeat","background-position":"center center","background-size":"auto","background-attachment":"scroll","background-type":"","background-media":"","overlay-type":"","overlay-color":"","overlay-opacity":"","overlay-gradient":""},"tablet":{"background-color":"","background-image":"","background-repeat":"repeat","background-position":"center center","background-size":"auto","background-attachment":"scroll","background-type":"","background-media":"","overlay-type":"","overlay-color":"","overlay-opacity":"","overlay-gradient":""},"mobile":{"background-color":"","background-image":"","background-repeat":"repeat","background-position":"center center","background-size":"auto","background-attachment":"scroll","background-type":"","background-media":"","overlay-type":"","overlay-color":"","overlay-opacity":"","overlay-gradient":""}},"ast-content-background-meta":{"desktop":{"background-color":"var(--ast-global-color-5)","background-image":"","background-repeat":"repeat","background-position":"center center","background-size":"auto","background-attachment":"scroll","background-type":"","background-media":"","overlay-type":"","overlay-color":"","overlay-opacity":"","overlay-gradient":""},"tablet":{"background-color":"var(--ast-global-color-5)","background-image":"","background-repeat":"repeat","background-position":"center center","background-size":"auto","background-attachment":"scroll","background-type":"","background-media":"","overlay-type":"","overlay-color":"","overlay-opacity":"","overlay-gradient":""},"mobile":{"background-color":"var(--ast-global-color-5)","background-image":"","background-repeat":"repeat","background-position":"center center","background-size":"auto","background-attachment":"scroll","background-type":"","background-media":"","overlay-type":"","overlay-color":"","overlay-opacity":"","overlay-gradient":""}}},"product_brand":[],"product_cat":[430,1200,51],"product_tag":[1500,1464,449,1117,439,1462,198,1445,281],"class_list":{"0":"post-8410","1":"product","2":"type-product","3":"status-publish","4":"has-post-thumbnail","6":"product_cat-men","7":"product_cat-mens-shoes-2","8":"product_cat-sports","9":"product_tag-athletic-shoes-men","10":"product_tag-black-trainers","11":"product_tag-casual-shoes","12":"product_tag-comfortable-sneakers","13":"product_tag-durable-shoes","14":"product_tag-faux-leather-sneakers","15":"product_tag-mens-fashion","16":"product_tag-mens-sports-shoes","17":"product_tag-wholesale-shoes","18":"desktop-align-center","19":"tablet-align-center","20":"mobile-align-center","22":"first","23":"instock","24":"shipping-taxable","25":"purchasable","26":"product-type-variable","27":"has-default-attributes"},"acf":[],"uagb_featured_image_src":{"full":["https:\/\/turkishtrade.co\/wp-content\/uploads\/2026\/01\/2600OYNMN00014-WHITE-BLACK.png",453,250,false],"thumbnail":["https:\/\/turkishtrade.co\/wp-content\/uploads\/2026\/01\/2600OYNMN00014-WHITE-BLACK-150x150.png",150,150,true],"medium":["https:\/\/turkishtrade.co\/wp-content\/uploads\/2026\/01\/2600OYNMN00014-WHITE-BLACK-300x166.png",300,166,true],"medium_large":["https:\/\/turkishtrade.co\/wp-content\/uploads\/2026\/01\/2600OYNMN00014-WHITE-BLACK.png",453,250,false],"large":["https:\/\/turkishtrade.co\/wp-content\/uploads\/2026\/01\/2600OYNMN00014-WHITE-BLACK.png",453,250,false],"1536x1536":["https:\/\/turkishtrade.co\/wp-content\/uploads\/2026\/01\/2600OYNMN00014-WHITE-BLACK.png",453,250,false],"2048x2048":["https:\/\/turkishtrade.co\/wp-content\/uploads\/2026\/01\/2600OYNMN00014-WHITE-BLACK.png",453,250,false],"trp-custom-language-flag":["https:\/\/turkishtrade.co\/wp-content\/uploads\/2026\/01\/2600OYNMN00014-WHITE-BLACK-18x10.png",18,10,true],"woocommerce_thumbnail":["https:\/\/turkishtrade.co\/wp-content\/uploads\/2026\/01\/2600OYNMN00014-WHITE-BLACK-400x250.png",400,250,true],"woocommerce_single":["https:\/\/turkishtrade.co\/wp-content\/uploads\/2026\/01\/2600OYNMN00014-WHITE-BLACK.png",453,250,false],"woocommerce_gallery_thumbnail":["https:\/\/turkishtrade.co\/wp-content\/uploads\/2026\/01\/2600OYNMN00014-WHITE-BLACK-100x100.png",100,100,true]},"uagb_author_info":{"display_name":"python python","author_link":"https:\/\/turkishtrade.co\/fr\/author\/"},"uagb_comment_info":0,"uagb_excerpt":"Premium Faux Leather Exterior with Breathable Fabric Interior Available in EU Sizes: 40, 41, 42, 43, 44, 45 Robust Sole Design for Superior Grip and All-Day Comfort Sleek Black Aesthetic with Contrasting White Midsole Ideal for Casual Wear, Light Sports, and Everyday Activities Wholesale opportunities available with a minimum order of 8 pairs","_links":{"self":[{"href":"https:\/\/turkishtrade.co\/fr\/wp-json\/wp\/v2\/product\/8410","targetHints":{"allow":["GET"]}}],"collection":[{"href":"https:\/\/turkishtrade.co\/fr\/wp-json\/wp\/v2\/product"}],"about":[{"href":"https:\/\/turkishtrade.co\/fr\/wp-json\/wp\/v2\/types\/product"}],"wp:featuredmedia":[{"embeddable":true,"href":"https:\/\/turkishtrade.co\/fr\/wp-json\/wp\/v2\/media\/6803"}],"wp:attachment":[{"href":"https:\/\/turkishtrade.co\/fr\/wp-json\/wp\/v2\/media?parent=8410"}],"wp:term":[{"taxonomy":"product_brand","embeddable":true,"href":"https:\/\/turkishtrade.co\/fr\/wp-json\/wp\/v2\/product_brand?post=8410"},{"taxonomy":"product_cat","embeddable":true,"href":"https:\/\/turkishtrade.co\/fr\/wp-json\/wp\/v2\/product_cat?post=8410"},{"taxonomy":"product_tag","embeddable":true,"href":"https:\/\/turkishtrade.co\/fr\/wp-json\/wp\/v2\/product_tag?post=8410"}],"curies":[{"name":"wp","href":"https:\/\/api.w.org\/{rel}","templated":true}]}}