{"id":8408,"date":"2026-01-29T14:50:06","date_gmt":"2026-01-29T14:50:06","guid":{"rendered":"https:\/\/turkishtrade.co\/?post_type=product&#038;p=8408"},"modified":"2026-04-09T20:26:40","modified_gmt":"2026-04-09T20:26:40","slug":"mens-black-faux-leather-sports-shoes-2","status":"publish","type":"product","link":"https:\/\/turkishtrade.co\/fr\/shop\/mens-black-faux-leather-sports-shoes-2\/","title":{"rendered":"Chaussures de sport en similicuir noir pour hommes avec semelle grise"},"content":{"rendered":"<p>Entrez dans le confort et le style avec nos produits de qualit\u00e9 sup\u00e9rieure <strong>Chaussures de sport en simili-cuir pour hommes<\/strong>. Con\u00e7ues pour l'homme moderne qui appr\u00e9cie \u00e0 la fois l'esth\u00e9tique et la performance, ces chaussures polyvalentes sont parfaites pour un large \u00e9ventail d'activit\u00e9s, des courses quotidiennes aux sports l\u00e9gers. L'ext\u00e9rieur noir \u00e9l\u00e9gant de ces <strong>Chaussures de sport en simili-cuir pour hommes<\/strong> est fabriqu\u00e9 en similicuir de haute qualit\u00e9, offrant un aspect sophistiqu\u00e9 tout en garantissant la durabilit\u00e9 et la facilit\u00e9 d'entretien.<\/p>\n<p>\u00c0 l'int\u00e9rieur, vous trouverez une doublure en tissu doux et respirant qui garantit un confort maximal tout au long de la journ\u00e9e. Cette combinaison judicieuse de mat\u00e9riaux fait de ces <strong>Chaussures de sport en simili-cuir pour hommes<\/strong> Id\u00e9ale pour une utilisation prolong\u00e9e, elle permet \u00e0 vos pieds de se sentir frais et soutenus. La semelle grise frappante ajoute non seulement une touche contemporaine au design g\u00e9n\u00e9ral, mais offre \u00e9galement une excellente adh\u00e9rence et un bon amorti, pour que chaque pas soit confortable.<\/p>\n<p>Disponibles dans une large gamme de pointures allant du 40 au 45, il est facile de trouver la chaussure id\u00e9ale. Que vous alliez \u00e0 la salle de sport, que vous fassiez une promenade d\u00e9contract\u00e9e ou que vous ayez simplement besoin d'une paire de chaussures fiable pour la vie de tous les jours, nos <strong>Chaussures de sport en simili-cuir pour hommes<\/strong> sont un excellent choix. Leur construction robuste et l'attention port\u00e9e aux d\u00e9tails vous permettent d'investir dans des chaussures qui dureront.<\/p>\n<h3>Confort et durabilit\u00e9 in\u00e9gal\u00e9s<\/h3>\n<p>Notre <strong>Chaussures de sport en simili-cuir pour hommes<\/strong> sont con\u00e7ues pour un confort durable. Le design ergonomique soutient la vo\u00fbte plantaire naturelle, r\u00e9duisant ainsi la fatigue. L'ext\u00e9rieur en similicuir n'est pas seulement \u00e9l\u00e9gant, il est aussi r\u00e9sistant \u00e0 l'usure et aux d\u00e9chirures. <strong>Chaussures de sport en simili-cuir pour hommes<\/strong> conservent leur aspect impeccable au fil du temps. Associ\u00e9es \u00e0 l'int\u00e9rieur en tissu doux, ces chaussures offrent un ajustement confortable mais souple.<\/p>\n<h3>Une polyvalence \u00e9l\u00e9gante pour toutes les occasions<\/h3>\n<p>Ces <strong>Chaussures de sport en simili-cuir pour hommes<\/strong> s'int\u00e8grent sans effort dans les garde-robes les plus diverses. Leur combinaison intemporelle de noir et de gris les rend incroyablement polyvalents. Ils peuvent \u00eatre associ\u00e9s \u00e0 des jeans, des joggers ou m\u00eame des pantalons d\u00e9contract\u00e9s. Rehaussez votre style de tous les jours avec ces chaussures exceptionnelles. <strong>Chaussures de sport en simili-cuir pour hommes<\/strong> qui promettent d'\u00eatre un incontournable de votre collection de chaussures.<\/p>\n<p>Pour les entreprises qui souhaitent stocker des chaussures de haute qualit\u00e9, nos <strong>Chaussures de sport en simili-cuir pour hommes<\/strong> sont disponibles \u00e0 l'achat en gros. Avec une commande minimum de 8 paires, vous pouvez facilement offrir \u00e0 vos clients des options \u00e9l\u00e9gantes et confortables. Ces paires de chaussures ont \u00e9t\u00e9 con\u00e7ues pour \u00eatre utilis\u00e9es dans le cadre d'un programme de formation. <strong>Chaussures de sport en simili-cuir pour hommes<\/strong> repr\u00e9sentent un excellent rapport qualit\u00e9-prix et plaisent \u00e0 une large client\u00e8le, ce qui en fait un compl\u00e9ment judicieux \u00e0 tout inventaire de vente au d\u00e9tail. Investissez dans le confort et le style sup\u00e9rieurs de nos <strong>Chaussures de sport en simili-cuir pour hommes<\/strong> aujourd'hui.<\/p>","protected":false},"excerpt":{"rendered":"<ul>\n<li>Tailles disponibles : 40, 41, 42, 43, 44, 45<\/li>\n<li>Mati\u00e8re : Int\u00e9rieur en tissu doux pour le confort, ext\u00e9rieur en similicuir durable pour le style.<\/li>\n<li>Design : Style sportif moderne avec une semelle grise frappante.<\/li>\n<li>Polyvalence : Id\u00e9al pour les tenues d\u00e9contract\u00e9es, les sports l\u00e9gers et les activit\u00e9s quotidiennes.<\/li>\n<li>Disponibilit\u00e9 en gros : Commande minimum de 8 paires.<\/li>\n<\/ul>","protected":false},"featured_media":6799,"template":"","meta":{"_acf_changed":false,"_uag_custom_page_level_css":"","site-sidebar-layout":"default","site-content-layout":"","ast-site-content-layout":"default","site-content-style":"default","site-sidebar-style":"default","ast-global-header-display":"","ast-banner-title-visibility":"","ast-main-header-display":"","ast-hfb-above-header-display":"","ast-hfb-below-header-display":"","ast-hfb-mobile-header-display":"","site-post-title":"","ast-breadcrumbs-content":"","ast-featured-img":"","footer-sml-layout":"","ast-disable-related-posts":"","theme-transparent-header-meta":"","adv-header-id-meta":"","stick-header-meta":"","header-above-stick-meta":"","header-main-stick-meta":"","header-below-stick-meta":"","astra-migrate-meta-layouts":"default","ast-page-background-enabled":"default","ast-page-background-meta":{"desktop":{"background-color":"var(--ast-global-color-4)","background-image":"","background-repeat":"repeat","background-position":"center center","background-size":"auto","background-attachment":"scroll","background-type":"","background-media":"","overlay-type":"","overlay-color":"","overlay-opacity":"","overlay-gradient":""},"tablet":{"background-color":"","background-image":"","background-repeat":"repeat","background-position":"center center","background-size":"auto","background-attachment":"scroll","background-type":"","background-media":"","overlay-type":"","overlay-color":"","overlay-opacity":"","overlay-gradient":""},"mobile":{"background-color":"","background-image":"","background-repeat":"repeat","background-position":"center center","background-size":"auto","background-attachment":"scroll","background-type":"","background-media":"","overlay-type":"","overlay-color":"","overlay-opacity":"","overlay-gradient":""}},"ast-content-background-meta":{"desktop":{"background-color":"var(--ast-global-color-5)","background-image":"","background-repeat":"repeat","background-position":"center center","background-size":"auto","background-attachment":"scroll","background-type":"","background-media":"","overlay-type":"","overlay-color":"","overlay-opacity":"","overlay-gradient":""},"tablet":{"background-color":"var(--ast-global-color-5)","background-image":"","background-repeat":"repeat","background-position":"center center","background-size":"auto","background-attachment":"scroll","background-type":"","background-media":"","overlay-type":"","overlay-color":"","overlay-opacity":"","overlay-gradient":""},"mobile":{"background-color":"var(--ast-global-color-5)","background-image":"","background-repeat":"repeat","background-position":"center center","background-size":"auto","background-attachment":"scroll","background-type":"","background-media":"","overlay-type":"","overlay-color":"","overlay-opacity":"","overlay-gradient":""}}},"product_brand":[],"product_cat":[430,1200,51],"product_tag":[1495,1493,1494,1466,333,1496,1163,1445,1476,281],"class_list":{"0":"post-8408","1":"product","2":"type-product","3":"status-publish","4":"has-post-thumbnail","6":"product_cat-men","7":"product_cat-mens-shoes-2","8":"product_cat-sports","9":"product_tag-athletic-footwear-men","10":"product_tag-black-faux-leather-shoes","11":"product_tag-comfort-sports-shoes","12":"product_tag-durable-sports-shoes","13":"product_tag-fashion-sneakers","14":"product_tag-grey-sole-shoes","15":"product_tag-mens-casual-sneakers","16":"product_tag-mens-sports-shoes","17":"product_tag-mens-trainers","18":"product_tag-wholesale-shoes","19":"desktop-align-center","20":"tablet-align-center","21":"mobile-align-center","23":"first","24":"instock","25":"shipping-taxable","26":"purchasable","27":"product-type-variable","28":"has-default-attributes"},"acf":[],"uagb_featured_image_src":{"full":["https:\/\/turkishtrade.co\/wp-content\/uploads\/2026\/01\/2600OYNMN00012-BLACK.png",453,250,false],"thumbnail":["https:\/\/turkishtrade.co\/wp-content\/uploads\/2026\/01\/2600OYNMN00012-BLACK-150x150.png",150,150,true],"medium":["https:\/\/turkishtrade.co\/wp-content\/uploads\/2026\/01\/2600OYNMN00012-BLACK-300x166.png",300,166,true],"medium_large":["https:\/\/turkishtrade.co\/wp-content\/uploads\/2026\/01\/2600OYNMN00012-BLACK.png",453,250,false],"large":["https:\/\/turkishtrade.co\/wp-content\/uploads\/2026\/01\/2600OYNMN00012-BLACK.png",453,250,false],"1536x1536":["https:\/\/turkishtrade.co\/wp-content\/uploads\/2026\/01\/2600OYNMN00012-BLACK.png",453,250,false],"2048x2048":["https:\/\/turkishtrade.co\/wp-content\/uploads\/2026\/01\/2600OYNMN00012-BLACK.png",453,250,false],"trp-custom-language-flag":["https:\/\/turkishtrade.co\/wp-content\/uploads\/2026\/01\/2600OYNMN00012-BLACK-18x10.png",18,10,true],"woocommerce_thumbnail":["https:\/\/turkishtrade.co\/wp-content\/uploads\/2026\/01\/2600OYNMN00012-BLACK-400x250.png",400,250,true],"woocommerce_single":["https:\/\/turkishtrade.co\/wp-content\/uploads\/2026\/01\/2600OYNMN00012-BLACK.png",453,250,false],"woocommerce_gallery_thumbnail":["https:\/\/turkishtrade.co\/wp-content\/uploads\/2026\/01\/2600OYNMN00012-BLACK-100x100.png",100,100,true]},"uagb_author_info":{"display_name":"python python","author_link":"https:\/\/turkishtrade.co\/fr\/author\/"},"uagb_comment_info":0,"uagb_excerpt":"Sizes Available: 40, 41, 42, 43, 44, 45 Material: Soft fabric interior for comfort, durable faux leather exterior for style. Design: Modern sports style with a striking grey sole. Versatility: Ideal for casual wear, light sports, and everyday activities. Wholesale Availability: Minimum order of 8 pairs.","_links":{"self":[{"href":"https:\/\/turkishtrade.co\/fr\/wp-json\/wp\/v2\/product\/8408","targetHints":{"allow":["GET"]}}],"collection":[{"href":"https:\/\/turkishtrade.co\/fr\/wp-json\/wp\/v2\/product"}],"about":[{"href":"https:\/\/turkishtrade.co\/fr\/wp-json\/wp\/v2\/types\/product"}],"wp:featuredmedia":[{"embeddable":true,"href":"https:\/\/turkishtrade.co\/fr\/wp-json\/wp\/v2\/media\/6799"}],"wp:attachment":[{"href":"https:\/\/turkishtrade.co\/fr\/wp-json\/wp\/v2\/media?parent=8408"}],"wp:term":[{"taxonomy":"product_brand","embeddable":true,"href":"https:\/\/turkishtrade.co\/fr\/wp-json\/wp\/v2\/product_brand?post=8408"},{"taxonomy":"product_cat","embeddable":true,"href":"https:\/\/turkishtrade.co\/fr\/wp-json\/wp\/v2\/product_cat?post=8408"},{"taxonomy":"product_tag","embeddable":true,"href":"https:\/\/turkishtrade.co\/fr\/wp-json\/wp\/v2\/product_tag?post=8408"}],"curies":[{"name":"wp","href":"https:\/\/api.w.org\/{rel}","templated":true}]}}