{"id":8406,"date":"2026-01-29T14:50:05","date_gmt":"2026-01-29T14:50:05","guid":{"rendered":"https:\/\/turkishtrade.co\/?post_type=product&#038;p=8406"},"modified":"2026-04-09T20:26:49","modified_gmt":"2026-04-09T20:26:49","slug":"mens-black-sports-shoes-2","status":"publish","type":"product","link":"https:\/\/turkishtrade.co\/fr\/shop\/mens-black-sports-shoes-2\/","title":{"rendered":"Chaussures de sport noires pour hommes Proven | Chaussures de sport en simili-cuir pour hommes"},"content":{"rendered":"<p>Am\u00e9liorez votre jeu de chaussures avec notre <b>Chaussures de sport noires pour hommes<\/b>, Ces chaussures ont \u00e9t\u00e9 con\u00e7ues pour offrir un m\u00e9lange parfait de style, de confort et de performance. Que vous alliez \u00e0 la salle de sport, que vous alliez courir ou que vous passiez simplement une journ\u00e9e d\u00e9contract\u00e9e, ces chaussures de sport polyvalentes sont votre compagnon id\u00e9al. Fabriqu\u00e9es avec une attention m\u00e9ticuleuse aux d\u00e9tails, ces chaussures de sport polyvalentes sont le compagnon id\u00e9al. <b>Chaussures de sport noires pour hommes<\/b> ne se limitent pas \u00e0 l'esth\u00e9tique ; ils sont con\u00e7us pour durer et \u00eatre port\u00e9s tout au long de la journ\u00e9e.<\/p>\n<h3>Confort in\u00e9gal\u00e9 et qualit\u00e9 sup\u00e9rieure des mat\u00e9riaux<\/h3>\n<p>Profitez d'un confort in\u00e9gal\u00e9 \u00e0 chaque foul\u00e9e. L'int\u00e9rieur de ces <b>Chaussures de sport noires pour hommes<\/b> est dot\u00e9e d'une doublure en tissu doux et respirant qui permet \u00e0 vos pieds de rester au frais et au sec, m\u00eame lors d'activit\u00e9s intenses. Dites adieu \u00e0 l'inconfort et bonjour \u00e0 une sensation de fra\u00eecheur tout au long de la journ\u00e9e. L'ext\u00e9rieur est en similicuir de haute qualit\u00e9, ce qui lui conf\u00e8re un aspect \u00e9l\u00e9gant et sophistiqu\u00e9 tout en offrant une excellente r\u00e9sistance \u00e0 l'usure et aux d\u00e9chirures. Cette combinaison de mat\u00e9riaux fait de ces <b>Chaussures de sport noires pour hommes<\/b> un choix judicieux pour les activit\u00e9s sportives et la mode de tous les jours.<\/p>\n<p>Notre engagement en faveur de la qualit\u00e9 s'\u00e9tend \u00e0 la coupe, avec des tailles disponibles de 40 \u00e0 45, garantissant une adaptation parfaite \u00e0 un large \u00e9ventail de pieds. La conception robuste de la semelle, visible sur l'image, offre une excellente traction et un bon maintien, ce qui fait de ces chaussures un produit de qualit\u00e9. <b>Chaussures de sport noires pour hommes<\/b> adapt\u00e9e \u00e0 divers terrains et activit\u00e9s. La fermeture \u00e0 lacets s\u00e9curisante am\u00e9liore encore l'ajustement, vous donnant confiance \u00e0 chaque mouvement.<\/p>\n<h3>La polyvalence au service de tous les modes de vie<\/h3>\n<p>Ces <b>Chaussures de sport noires pour hommes<\/b> sont incroyablement polyvalents. Leur design classique enti\u00e8rement noir permet de les associer \u00e0 presque toutes les tenues, des v\u00eatements de sport aux jeans et pantalons d\u00e9contract\u00e9s. Passez sans probl\u00e8me de votre routine d'entra\u00eenement \u00e0 vos rencontres sociales sans avoir \u00e0 changer de chaussures. Leur construction robuste leur permet de r\u00e9sister aux rigueurs du sport, tandis que leur aspect raffin\u00e9 leur permet d'\u00eatre toujours \u00e0 leur place dans un cadre plus d\u00e9contract\u00e9. Investissez dans des chaussures qui soutiennent votre style de vie dynamique.<\/p>\n<h3>Possibilit\u00e9s de vente en gros<\/h3>\n<p>Pour les entreprises et les d\u00e9taillants qui souhaitent proposer des chaussures de sport \u00e9l\u00e9gantes et de haute qualit\u00e9, nos <b>Chaussures de sport noires pour hommes<\/b> sont disponibles \u00e0 l'achat en gros. Avec une quantit\u00e9 minimale de commande de seulement 8 paires, il est facile de s'approvisionner avec un produit qui pla\u00eet toujours aux clients \u00e0 la recherche de confort, de style et de durabilit\u00e9. Am\u00e9liorez votre inventaire avec un choix populaire et pratique. Contactez-nous d\u00e8s aujourd'hui pour en savoir plus sur nos prix de gros et nos possibilit\u00e9s de partenariat pour ces produits exceptionnels. <b>Chaussures de sport noires pour hommes<\/b>.<\/p>","protected":false},"excerpt":{"rendered":"<ul>\n<li>Design \u00e9l\u00e9gant enti\u00e8rement noir pour un style polyvalent<\/li>\n<li>Ext\u00e9rieur en similicuir durable combin\u00e9 \u00e0 un int\u00e9rieur en tissu respirant<\/li>\n<li>Disponible dans les tailles EU 40, 41, 42, 43, 44, 45<\/li>\n<li>Id\u00e9al pour les activit\u00e9s sportives, les v\u00eatements quotidiens et les sorties d\u00e9contract\u00e9es<\/li>\n<li>Options de vente en gros disponibles avec une commande minimum de 8 paires<\/li>\n<\/ul>","protected":false},"featured_media":6795,"template":"","meta":{"_acf_changed":false,"_uag_custom_page_level_css":"","site-sidebar-layout":"default","site-content-layout":"","ast-site-content-layout":"default","site-content-style":"default","site-sidebar-style":"default","ast-global-header-display":"","ast-banner-title-visibility":"","ast-main-header-display":"","ast-hfb-above-header-display":"","ast-hfb-below-header-display":"","ast-hfb-mobile-header-display":"","site-post-title":"","ast-breadcrumbs-content":"","ast-featured-img":"","footer-sml-layout":"","ast-disable-related-posts":"","theme-transparent-header-meta":"","adv-header-id-meta":"","stick-header-meta":"","header-above-stick-meta":"","header-main-stick-meta":"","header-below-stick-meta":"","astra-migrate-meta-layouts":"default","ast-page-background-enabled":"default","ast-page-background-meta":{"desktop":{"background-color":"var(--ast-global-color-4)","background-image":"","background-repeat":"repeat","background-position":"center center","background-size":"auto","background-attachment":"scroll","background-type":"","background-media":"","overlay-type":"","overlay-color":"","overlay-opacity":"","overlay-gradient":""},"tablet":{"background-color":"","background-image":"","background-repeat":"repeat","background-position":"center center","background-size":"auto","background-attachment":"scroll","background-type":"","background-media":"","overlay-type":"","overlay-color":"","overlay-opacity":"","overlay-gradient":""},"mobile":{"background-color":"","background-image":"","background-repeat":"repeat","background-position":"center center","background-size":"auto","background-attachment":"scroll","background-type":"","background-media":"","overlay-type":"","overlay-color":"","overlay-opacity":"","overlay-gradient":""}},"ast-content-background-meta":{"desktop":{"background-color":"var(--ast-global-color-5)","background-image":"","background-repeat":"repeat","background-position":"center center","background-size":"auto","background-attachment":"scroll","background-type":"","background-media":"","overlay-type":"","overlay-color":"","overlay-opacity":"","overlay-gradient":""},"tablet":{"background-color":"var(--ast-global-color-5)","background-image":"","background-repeat":"repeat","background-position":"center center","background-size":"auto","background-attachment":"scroll","background-type":"","background-media":"","overlay-type":"","overlay-color":"","overlay-opacity":"","overlay-gradient":""},"mobile":{"background-color":"var(--ast-global-color-5)","background-image":"","background-repeat":"repeat","background-position":"center center","background-size":"auto","background-attachment":"scroll","background-type":"","background-media":"","overlay-type":"","overlay-color":"","overlay-opacity":"","overlay-gradient":""}}},"product_brand":[],"product_cat":[430,1200,51],"product_tag":[1475,1120,1449,1474,1446,1453,1491,1063,281],"class_list":{"0":"post-8406","1":"product","2":"type-product","3":"status-publish","4":"has-post-thumbnail","6":"product_cat-men","7":"product_cat-mens-shoes-2","8":"product_cat-sports","9":"product_tag-athletic-footwear","10":"product_tag-black-sneakers","11":"product_tag-comfortable-sports-shoes","12":"product_tag-durable-sneakers","13":"product_tag-faux-leather-shoes","14":"product_tag-mens-black-sports-shoes","15":"product_tag-sports-trainers","16":"product_tag-turkish-trade-shoes","17":"product_tag-wholesale-shoes","18":"desktop-align-center","19":"tablet-align-center","20":"mobile-align-center","22":"first","23":"instock","24":"shipping-taxable","25":"purchasable","26":"product-type-variable","27":"has-default-attributes"},"acf":[],"uagb_featured_image_src":{"full":["https:\/\/turkishtrade.co\/wp-content\/uploads\/2026\/01\/2600OYNMN00010-BLACK.png",453,250,false],"thumbnail":["https:\/\/turkishtrade.co\/wp-content\/uploads\/2026\/01\/2600OYNMN00010-BLACK-150x150.png",150,150,true],"medium":["https:\/\/turkishtrade.co\/wp-content\/uploads\/2026\/01\/2600OYNMN00010-BLACK-300x166.png",300,166,true],"medium_large":["https:\/\/turkishtrade.co\/wp-content\/uploads\/2026\/01\/2600OYNMN00010-BLACK.png",453,250,false],"large":["https:\/\/turkishtrade.co\/wp-content\/uploads\/2026\/01\/2600OYNMN00010-BLACK.png",453,250,false],"1536x1536":["https:\/\/turkishtrade.co\/wp-content\/uploads\/2026\/01\/2600OYNMN00010-BLACK.png",453,250,false],"2048x2048":["https:\/\/turkishtrade.co\/wp-content\/uploads\/2026\/01\/2600OYNMN00010-BLACK.png",453,250,false],"trp-custom-language-flag":["https:\/\/turkishtrade.co\/wp-content\/uploads\/2026\/01\/2600OYNMN00010-BLACK-18x10.png",18,10,true],"woocommerce_thumbnail":["https:\/\/turkishtrade.co\/wp-content\/uploads\/2026\/01\/2600OYNMN00010-BLACK-400x250.png",400,250,true],"woocommerce_single":["https:\/\/turkishtrade.co\/wp-content\/uploads\/2026\/01\/2600OYNMN00010-BLACK.png",453,250,false],"woocommerce_gallery_thumbnail":["https:\/\/turkishtrade.co\/wp-content\/uploads\/2026\/01\/2600OYNMN00010-BLACK-100x100.png",100,100,true]},"uagb_author_info":{"display_name":"python python","author_link":"https:\/\/turkishtrade.co\/fr\/author\/"},"uagb_comment_info":0,"uagb_excerpt":"Sleek all-black design for versatile styling Durable faux leather exterior combined with a breathable fabric interior Available in EU sizes 40, 41, 42, 43, 44, 45 Ideal for sports activities, daily wear, and casual outings Wholesale options available with a minimum order of 8 pairs","_links":{"self":[{"href":"https:\/\/turkishtrade.co\/fr\/wp-json\/wp\/v2\/product\/8406","targetHints":{"allow":["GET"]}}],"collection":[{"href":"https:\/\/turkishtrade.co\/fr\/wp-json\/wp\/v2\/product"}],"about":[{"href":"https:\/\/turkishtrade.co\/fr\/wp-json\/wp\/v2\/types\/product"}],"wp:featuredmedia":[{"embeddable":true,"href":"https:\/\/turkishtrade.co\/fr\/wp-json\/wp\/v2\/media\/6795"}],"wp:attachment":[{"href":"https:\/\/turkishtrade.co\/fr\/wp-json\/wp\/v2\/media?parent=8406"}],"wp:term":[{"taxonomy":"product_brand","embeddable":true,"href":"https:\/\/turkishtrade.co\/fr\/wp-json\/wp\/v2\/product_brand?post=8406"},{"taxonomy":"product_cat","embeddable":true,"href":"https:\/\/turkishtrade.co\/fr\/wp-json\/wp\/v2\/product_cat?post=8406"},{"taxonomy":"product_tag","embeddable":true,"href":"https:\/\/turkishtrade.co\/fr\/wp-json\/wp\/v2\/product_tag?post=8406"}],"curies":[{"name":"wp","href":"https:\/\/api.w.org\/{rel}","templated":true}]}}