{"id":8380,"date":"2026-01-29T14:49:52","date_gmt":"2026-01-29T14:49:52","guid":{"rendered":"https:\/\/turkishtrade.co\/?post_type=product&#038;p=8380"},"modified":"2026-04-09T20:27:19","modified_gmt":"2026-04-09T20:27:19","slug":"mens-faux-leather-sports-shoes-4","status":"publish","type":"product","link":"https:\/\/turkishtrade.co\/fr\/shop\/mens-faux-leather-sports-shoes-4\/","title":{"rendered":"Chaussures de sport en similicuir pour hommes Incredible | Chaussures de sport en similicuir pour hommes Beige"},"content":{"rendered":"<p><strong>Chaussures de sport en similicuir pour hommes<\/strong>. Une qualit\u00e9 et un design incroyables.<\/p>\n<p>Am\u00e9liorez votre style et votre confort quotidiens gr\u00e2ce \u00e0 nos produits de qualit\u00e9 sup\u00e9rieure. <b>Chaussures de sport en similicuir pour hommes<\/b>. Con\u00e7ues pour l'homme moderne, ces <b>chaussures de sport en similicuir pour hommes<\/b> allient harmonieusement esth\u00e9tique contemporaine et fonctionnalit\u00e9 robuste. Fabriqu\u00e9es avec un ext\u00e9rieur en similicuir sophistiqu\u00e9 compl\u00e9t\u00e9 par un int\u00e9rieur en tissu respirant, ces <b>chaussures de sport en similicuir pour hommes<\/b> assurent \u00e0 la fois la durabilit\u00e9 et le confort de vos pieds tout au long de la journ\u00e9e.<\/p>\n<h3>Un design et un confort in\u00e9gal\u00e9s<\/h3>\n<p>Notre <b>Chaussures de sport en similicuir pour hommes<\/b> se distinguent par leur design distinctif. La tige beige \u00e9l\u00e9gante, disponible dans les tailles EU 40-44, offre un look polyvalent qui s'associe sans effort \u00e0 diverses tenues d\u00e9contract\u00e9es et semi-sportives. Mais ce qui change vraiment la donne, c'est la semelle TPU innovante. Cette technologie de pointe permet une absorption sup\u00e9rieure des chocs, une adh\u00e9rence exceptionnelle et une flexibilit\u00e9 remarquable. <b>chaussures de sport en similicuir pour hommes<\/b> Id\u00e9ale pour une utilisation prolong\u00e9e et des activit\u00e9s athl\u00e9tiques l\u00e9g\u00e8res. Chaque pas est amorti et soutenu, transformant votre exp\u00e9rience de la marche.<\/p>\n<p>La construction bien pens\u00e9e comprend une doublure int\u00e9rieure en tissu qui favorise la circulation de l'air, gardant vos pieds au frais et \u00e0 l'aise m\u00eame lors d'une utilisation prolong\u00e9e. L'ext\u00e9rieur en similicuir ajoute non seulement une touche de sophistication, mais offre \u00e9galement une excellente r\u00e9sistance \u00e0 l'usure, garantissant ainsi que vos pieds resteront bien au chaud. <b>chaussures de sport en similicuir pour hommes<\/b> conservent leur aspect impeccable au fil du temps.<\/p>\n<h3>Votre opportunit\u00e9 id\u00e9ale de vente en gros<\/h3>\n<p>Pour les d\u00e9taillants et les entreprises \u00e0 la recherche de chaussures de haute qualit\u00e9, ces <b>Chaussures de sport en similicuir pour hommes<\/b> repr\u00e9sentent une opportunit\u00e9 exceptionnelle. Nous proposons des prix de gros comp\u00e9titifs avec une quantit\u00e9 minimale de commande de seulement 8 paires, ce qui vous permet de stocker facilement un produit qui promet d'\u00eatre tr\u00e8s demand\u00e9. Offrez \u00e0 vos clients un m\u00e9lange de style, de confort et de durabilit\u00e9 qui caract\u00e9rise ces chaussures. <b>chaussures de sport en similicuir pour hommes<\/b> sur le march\u00e9. Ne manquez pas d'ajouter ces \u00e9l\u00e9ments essentiels <b>chaussures de sport en similicuir pour hommes<\/b> \u00e0 votre collection.<\/p>","protected":false},"excerpt":{"rendered":"<ul>\n<li>Ext\u00e9rieur en similicuir de premi\u00e8re qualit\u00e9 et int\u00e9rieur en tissu respirant<\/li>\n<li>Semelle TPU innovante pour un confort, une adh\u00e9rence et une flexibilit\u00e9 sup\u00e9rieurs<\/li>\n<li>Disponible dans les tailles EU 40, 41, 42, 43, 44<\/li>\n<li>Design beige \u00e9l\u00e9gant convenant aux sports et aux tenues d\u00e9contract\u00e9es<\/li>\n<li>Vente en gros possible avec une commande minimum de 8 paires<\/li>\n<\/ul>","protected":false},"featured_media":6834,"template":"","meta":{"_acf_changed":false,"_uag_custom_page_level_css":"","site-sidebar-layout":"default","site-content-layout":"","ast-site-content-layout":"default","site-content-style":"default","site-sidebar-style":"default","ast-global-header-display":"","ast-banner-title-visibility":"","ast-main-header-display":"","ast-hfb-above-header-display":"","ast-hfb-below-header-display":"","ast-hfb-mobile-header-display":"","site-post-title":"","ast-breadcrumbs-content":"","ast-featured-img":"","footer-sml-layout":"","ast-disable-related-posts":"","theme-transparent-header-meta":"","adv-header-id-meta":"","stick-header-meta":"","header-above-stick-meta":"","header-main-stick-meta":"","header-below-stick-meta":"","astra-migrate-meta-layouts":"default","ast-page-background-enabled":"default","ast-page-background-meta":{"desktop":{"background-color":"var(--ast-global-color-4)","background-image":"","background-repeat":"repeat","background-position":"center center","background-size":"auto","background-attachment":"scroll","background-type":"","background-media":"","overlay-type":"","overlay-color":"","overlay-opacity":"","overlay-gradient":""},"tablet":{"background-color":"","background-image":"","background-repeat":"repeat","background-position":"center center","background-size":"auto","background-attachment":"scroll","background-type":"","background-media":"","overlay-type":"","overlay-color":"","overlay-opacity":"","overlay-gradient":""},"mobile":{"background-color":"","background-image":"","background-repeat":"repeat","background-position":"center center","background-size":"auto","background-attachment":"scroll","background-type":"","background-media":"","overlay-type":"","overlay-color":"","overlay-opacity":"","overlay-gradient":""}},"ast-content-background-meta":{"desktop":{"background-color":"var(--ast-global-color-5)","background-image":"","background-repeat":"repeat","background-position":"center center","background-size":"auto","background-attachment":"scroll","background-type":"","background-media":"","overlay-type":"","overlay-color":"","overlay-opacity":"","overlay-gradient":""},"tablet":{"background-color":"var(--ast-global-color-5)","background-image":"","background-repeat":"repeat","background-position":"center center","background-size":"auto","background-attachment":"scroll","background-type":"","background-media":"","overlay-type":"","overlay-color":"","overlay-opacity":"","overlay-gradient":""},"mobile":{"background-color":"var(--ast-global-color-5)","background-image":"","background-repeat":"repeat","background-position":"center center","background-size":"auto","background-attachment":"scroll","background-type":"","background-media":"","overlay-type":"","overlay-color":"","overlay-opacity":"","overlay-gradient":""}}},"product_brand":[],"product_cat":[430,1200,51],"product_tag":[1463,423,216,1467,982,1462,969,1445,1521,281],"class_list":{"0":"post-8380","1":"product","2":"type-product","3":"status-publish","4":"has-post-thumbnail","6":"product_cat-men","7":"product_cat-mens-shoes-2","8":"product_cat-sports","9":"product_tag-athletic-shoes","10":"product_tag-beige-mens-shoes","11":"product_tag-casual-sneakers","12":"product_tag-comfortable-trainers","13":"product_tag-durable-footwear","14":"product_tag-faux-leather-sneakers","15":"product_tag-mens-fashion-shoes","16":"product_tag-mens-sports-shoes","17":"product_tag-tpu-sole-shoes","18":"product_tag-wholesale-shoes","19":"desktop-align-center","20":"tablet-align-center","21":"mobile-align-center","23":"first","24":"instock","25":"shipping-taxable","26":"purchasable","27":"product-type-variable","28":"has-default-attributes"},"acf":[],"uagb_featured_image_src":{"full":["https:\/\/turkishtrade.co\/wp-content\/uploads\/2026\/01\/2600OYNMN00006-BEIGE.png",453,250,false],"thumbnail":["https:\/\/turkishtrade.co\/wp-content\/uploads\/2026\/01\/2600OYNMN00006-BEIGE-150x150.png",150,150,true],"medium":["https:\/\/turkishtrade.co\/wp-content\/uploads\/2026\/01\/2600OYNMN00006-BEIGE-300x166.png",300,166,true],"medium_large":["https:\/\/turkishtrade.co\/wp-content\/uploads\/2026\/01\/2600OYNMN00006-BEIGE.png",453,250,false],"large":["https:\/\/turkishtrade.co\/wp-content\/uploads\/2026\/01\/2600OYNMN00006-BEIGE.png",453,250,false],"1536x1536":["https:\/\/turkishtrade.co\/wp-content\/uploads\/2026\/01\/2600OYNMN00006-BEIGE.png",453,250,false],"2048x2048":["https:\/\/turkishtrade.co\/wp-content\/uploads\/2026\/01\/2600OYNMN00006-BEIGE.png",453,250,false],"trp-custom-language-flag":["https:\/\/turkishtrade.co\/wp-content\/uploads\/2026\/01\/2600OYNMN00006-BEIGE-18x10.png",18,10,true],"woocommerce_thumbnail":["https:\/\/turkishtrade.co\/wp-content\/uploads\/2026\/01\/2600OYNMN00006-BEIGE-400x250.png",400,250,true],"woocommerce_single":["https:\/\/turkishtrade.co\/wp-content\/uploads\/2026\/01\/2600OYNMN00006-BEIGE.png",453,250,false],"woocommerce_gallery_thumbnail":["https:\/\/turkishtrade.co\/wp-content\/uploads\/2026\/01\/2600OYNMN00006-BEIGE-100x100.png",100,100,true]},"uagb_author_info":{"display_name":"python python","author_link":"https:\/\/turkishtrade.co\/fr\/author\/"},"uagb_comment_info":0,"uagb_excerpt":"Premium faux leather exterior with breathable fabric interior Innovative TPU sole for superior comfort, grip, and flexibility Available in sizes EU 40, 41, 42, 43, 44 Stylish beige design suitable for sports and casual wear Wholesale available with a minimum order of 8 pairs","_links":{"self":[{"href":"https:\/\/turkishtrade.co\/fr\/wp-json\/wp\/v2\/product\/8380","targetHints":{"allow":["GET"]}}],"collection":[{"href":"https:\/\/turkishtrade.co\/fr\/wp-json\/wp\/v2\/product"}],"about":[{"href":"https:\/\/turkishtrade.co\/fr\/wp-json\/wp\/v2\/types\/product"}],"wp:featuredmedia":[{"embeddable":true,"href":"https:\/\/turkishtrade.co\/fr\/wp-json\/wp\/v2\/media\/6834"}],"wp:attachment":[{"href":"https:\/\/turkishtrade.co\/fr\/wp-json\/wp\/v2\/media?parent=8380"}],"wp:term":[{"taxonomy":"product_brand","embeddable":true,"href":"https:\/\/turkishtrade.co\/fr\/wp-json\/wp\/v2\/product_brand?post=8380"},{"taxonomy":"product_cat","embeddable":true,"href":"https:\/\/turkishtrade.co\/fr\/wp-json\/wp\/v2\/product_cat?post=8380"},{"taxonomy":"product_tag","embeddable":true,"href":"https:\/\/turkishtrade.co\/fr\/wp-json\/wp\/v2\/product_tag?post=8380"}],"curies":[{"name":"wp","href":"https:\/\/api.w.org\/{rel}","templated":true}]}}