{"id":8379,"date":"2026-01-29T14:49:52","date_gmt":"2026-01-29T14:49:52","guid":{"rendered":"https:\/\/turkishtrade.co\/?post_type=product&#038;p=8379"},"modified":"2026-04-09T20:27:25","modified_gmt":"2026-04-09T20:27:25","slug":"mens-black-faux-leather-sports-shoes-3","status":"publish","type":"product","link":"https:\/\/turkishtrade.co\/fr\/shop\/mens-black-faux-leather-sports-shoes-3\/","title":{"rendered":"Chaussures de sport en similicuir noir pour hommes Sensational"},"content":{"rendered":"<p><strong>Chaussures de sport en simili-cuir pour hommes<\/strong>. Une qualit\u00e9 et un design sensationnels.<\/p>\n<p>Profitez d'un confort in\u00e9gal\u00e9 et d'un style moderne gr\u00e2ce \u00e0 notre syst\u00e8me exclusif d'information sur la sant\u00e9. <b>Chaussures de sport en simili-cuir pour hommes<\/b>. Con\u00e7ues pour les personnes dynamiques, ces chaussures allient harmonieusement durabilit\u00e9 et esth\u00e9tique contemporaine. Dot\u00e9es d'un ext\u00e9rieur en similicuir \u00e9l\u00e9gant et d'un int\u00e9rieur en tissu doux et respirant, ces chaussures ont \u00e9t\u00e9 con\u00e7ues pour r\u00e9pondre aux besoins de tous. <b>Chaussures de sport en simili-cuir pour hommes<\/b> offrent une combinaison id\u00e9ale de r\u00e9sistance et de portabilit\u00e9 pour chaque voyage actif. Ce ne sont pas de simples chaussures, elles sont le prolongement de votre mode de vie actif, vous assurant confort et \u00e9l\u00e9gance, du trajet du matin \u00e0 l'entra\u00eenement du soir. Le design minimaliste mais audacieux de ces <b>Chaussures de sport en simili-cuir pour hommes<\/b> en fait un \u00e9l\u00e9ment de base polyvalent de toute garde-robe.<\/p>\n<p>Les fondements de ces projets d'exception sont les suivants <b>Chaussures de sport en simili-cuir pour hommes<\/b> r\u00e9side dans sa semelle TPU avanc\u00e9e. Cette technologie de semelle innovante permet une absorption sup\u00e9rieure des chocs, offrant un amorti r\u00e9actif \u00e0 chaque foul\u00e9e, que vous alliez \u00e0 la salle de sport, que vous alliez courir ou que vous vous d\u00e9placiez dans les rues de la ville. Le mat\u00e9riau TPU durable assure une excellente adh\u00e9rence et une longue dur\u00e9e de vie, ce qui fait de ces chaussures des chaussures de sport de qualit\u00e9. <b>Chaussures de sport en simili-cuir pour hommes<\/b> un compagnon fiable pour toutes vos activit\u00e9s. La construction soign\u00e9e, qui comprend une doublure interne en tissu, assure une respirabilit\u00e9 optimale, gardant vos pieds au frais et \u00e0 l'aise tout au long de la journ\u00e9e. Faites l'exp\u00e9rience d'un m\u00e9lange parfait de soutien et de flexibilit\u00e9 \u00e0 chacun de vos pas.<\/p>\n<p>Au-del\u00e0 de la performance, ces <b>Chaussures de sport en simili-cuir pour hommes<\/b> se distinguent par leur design noir polyvalent qui s'adapte sans effort \u00e0 toutes les tenues. Qu'il s'agisse de v\u00eatements athl\u00e9tiques d\u00e9contract\u00e9s ou d'ensembles quotidiens plus d\u00e9contract\u00e9s, leur profil \u00e9pur\u00e9 et leur \u00e9l\u00e9gance discr\u00e8te en font un choix parfait. Disponibles dans une large gamme de pointures (40, 41, 42, 43 et 44), elles vous permettent de trouver facilement votre chaussure id\u00e9ale et vous garantissent un confort optimal. Rehaussez votre collection de chaussures avec ces chaussures \u00e9l\u00e9gantes et fonctionnelles. <b>Chaussures de sport en simili-cuir pour hommes<\/b>, Ces chaussures sont con\u00e7ues pour r\u00e9pondre aux exigences d'une vie active et \u00e0 la mode. Elles sont con\u00e7ues pour la performance et stylis\u00e9es pour \u00eatre port\u00e9es au quotidien, afin que vous soyez toujours au top de votre forme.<\/p>\n<h3>Opportunit\u00e9s de vente en gros pour les chaussures de sport en similicuir noir pour hommes<\/h3>\n<p>Pour les entreprises qui souhaitent stocker des chaussures de sport populaires et de haute qualit\u00e9, nos <b>Chaussures de sport en simili-cuir pour hommes<\/b> sont un excellent choix. Avec une quantit\u00e9 minimale de commande de seulement 8 paires, ces chaussures repr\u00e9sentent une opportunit\u00e9 fantastique pour les d\u00e9taillants d'offrir \u00e0 leurs clients un style et un confort haut de gamme. Profitez de la demande de chaussures de sport durables et \u00e0 la mode pour les hommes avec ces chaussures populaires. <b>Chaussures de sport en simili-cuir pour hommes<\/b>. En vous associant \u00e0 nous, vous offrez \u00e0 votre client\u00e8le une valeur exceptionnelle et des produits recherch\u00e9s qui allient esth\u00e9tique et fonctionnalit\u00e9. Ces chaussures seront certainement un best-seller dans votre inventaire.<\/p>","protected":false},"excerpt":{"rendered":"<ul>\n<li>Ext\u00e9rieur en similicuir pour une esth\u00e9tique moderne<\/li>\n<li>Doublure int\u00e9rieure en tissu confortable et respirant<\/li>\n<li>Semelle TPU avanc\u00e9e pour une meilleure absorption des chocs et une meilleure adh\u00e9rence<\/li>\n<li>Disponible en tailles : 40, 41, 42, 43, 44<\/li>\n<li>Id\u00e9al pour le sport, les tenues d\u00e9contract\u00e9es et les activit\u00e9s quotidiennes<\/li>\n<li>Vente en gros possible avec une commande minimum de 8 paires<\/li>\n<\/ul>","protected":false},"featured_media":6832,"template":"","meta":{"_acf_changed":false,"_uag_custom_page_level_css":"","site-sidebar-layout":"default","site-content-layout":"","ast-site-content-layout":"default","site-content-style":"default","site-sidebar-style":"default","ast-global-header-display":"","ast-banner-title-visibility":"","ast-main-header-display":"","ast-hfb-above-header-display":"","ast-hfb-below-header-display":"","ast-hfb-mobile-header-display":"","site-post-title":"","ast-breadcrumbs-content":"","ast-featured-img":"","footer-sml-layout":"","ast-disable-related-posts":"","theme-transparent-header-meta":"","adv-header-id-meta":"","stick-header-meta":"","header-above-stick-meta":"","header-main-stick-meta":"","header-below-stick-meta":"","astra-migrate-meta-layouts":"default","ast-page-background-enabled":"default","ast-page-background-meta":{"desktop":{"background-color":"var(--ast-global-color-4)","background-image":"","background-repeat":"repeat","background-position":"center center","background-size":"auto","background-attachment":"scroll","background-type":"","background-media":"","overlay-type":"","overlay-color":"","overlay-opacity":"","overlay-gradient":""},"tablet":{"background-color":"","background-image":"","background-repeat":"repeat","background-position":"center center","background-size":"auto","background-attachment":"scroll","background-type":"","background-media":"","overlay-type":"","overlay-color":"","overlay-opacity":"","overlay-gradient":""},"mobile":{"background-color":"","background-image":"","background-repeat":"repeat","background-position":"center center","background-size":"auto","background-attachment":"scroll","background-type":"","background-media":"","overlay-type":"","overlay-color":"","overlay-opacity":"","overlay-gradient":""}},"ast-content-background-meta":{"desktop":{"background-color":"var(--ast-global-color-5)","background-image":"","background-repeat":"repeat","background-position":"center center","background-size":"auto","background-attachment":"scroll","background-type":"","background-media":"","overlay-type":"","overlay-color":"","overlay-opacity":"","overlay-gradient":""},"tablet":{"background-color":"var(--ast-global-color-5)","background-image":"","background-repeat":"repeat","background-position":"center center","background-size":"auto","background-attachment":"scroll","background-type":"","background-media":"","overlay-type":"","overlay-color":"","overlay-opacity":"","overlay-gradient":""},"mobile":{"background-color":"var(--ast-global-color-5)","background-image":"","background-repeat":"repeat","background-position":"center center","background-size":"auto","background-attachment":"scroll","background-type":"","background-media":"","overlay-type":"","overlay-color":"","overlay-opacity":"","overlay-gradient":""}}},"product_brand":[],"product_cat":[430,1200,51],"product_tag":[1524,1475,1120,290,1446,198,1445,1451,452,281],"class_list":{"0":"post-8379","1":"product","2":"type-product","3":"status-publish","4":"has-post-thumbnail","6":"product_cat-men","7":"product_cat-mens-shoes-2","8":"product_cat-sports","9":"product_tag-active-shoes","10":"product_tag-athletic-footwear","11":"product_tag-black-sneakers","12":"product_tag-comfortable-mens-shoes","13":"product_tag-faux-leather-shoes","14":"product_tag-mens-fashion","15":"product_tag-mens-sports-shoes","16":"product_tag-modern-sneakers","17":"product_tag-tpu-sole","18":"product_tag-wholesale-shoes","19":"desktop-align-center","20":"tablet-align-center","21":"mobile-align-center","23":"first","24":"instock","25":"shipping-taxable","26":"purchasable","27":"product-type-variable","28":"has-default-attributes"},"acf":[],"uagb_featured_image_src":{"full":["https:\/\/turkishtrade.co\/wp-content\/uploads\/2026\/01\/2600OYNMN00005-BLACK.png",453,250,false],"thumbnail":["https:\/\/turkishtrade.co\/wp-content\/uploads\/2026\/01\/2600OYNMN00005-BLACK-150x150.png",150,150,true],"medium":["https:\/\/turkishtrade.co\/wp-content\/uploads\/2026\/01\/2600OYNMN00005-BLACK-300x166.png",300,166,true],"medium_large":["https:\/\/turkishtrade.co\/wp-content\/uploads\/2026\/01\/2600OYNMN00005-BLACK.png",453,250,false],"large":["https:\/\/turkishtrade.co\/wp-content\/uploads\/2026\/01\/2600OYNMN00005-BLACK.png",453,250,false],"1536x1536":["https:\/\/turkishtrade.co\/wp-content\/uploads\/2026\/01\/2600OYNMN00005-BLACK.png",453,250,false],"2048x2048":["https:\/\/turkishtrade.co\/wp-content\/uploads\/2026\/01\/2600OYNMN00005-BLACK.png",453,250,false],"trp-custom-language-flag":["https:\/\/turkishtrade.co\/wp-content\/uploads\/2026\/01\/2600OYNMN00005-BLACK-18x10.png",18,10,true],"woocommerce_thumbnail":["https:\/\/turkishtrade.co\/wp-content\/uploads\/2026\/01\/2600OYNMN00005-BLACK-400x250.png",400,250,true],"woocommerce_single":["https:\/\/turkishtrade.co\/wp-content\/uploads\/2026\/01\/2600OYNMN00005-BLACK.png",453,250,false],"woocommerce_gallery_thumbnail":["https:\/\/turkishtrade.co\/wp-content\/uploads\/2026\/01\/2600OYNMN00005-BLACK-100x100.png",100,100,true]},"uagb_author_info":{"display_name":"python python","author_link":"https:\/\/turkishtrade.co\/fr\/author\/"},"uagb_comment_info":0,"uagb_excerpt":"Sleek faux leather exterior for a modern aesthetic Comfortable and breathable fabric interior lining Advanced TPU sole for superior shock absorption and grip Available in sizes: 40, 41, 42, 43, 44 Ideal for sports, casual wear, and daily activities Wholesale available with a minimum order of 8 pairs","_links":{"self":[{"href":"https:\/\/turkishtrade.co\/fr\/wp-json\/wp\/v2\/product\/8379","targetHints":{"allow":["GET"]}}],"collection":[{"href":"https:\/\/turkishtrade.co\/fr\/wp-json\/wp\/v2\/product"}],"about":[{"href":"https:\/\/turkishtrade.co\/fr\/wp-json\/wp\/v2\/types\/product"}],"wp:featuredmedia":[{"embeddable":true,"href":"https:\/\/turkishtrade.co\/fr\/wp-json\/wp\/v2\/media\/6832"}],"wp:attachment":[{"href":"https:\/\/turkishtrade.co\/fr\/wp-json\/wp\/v2\/media?parent=8379"}],"wp:term":[{"taxonomy":"product_brand","embeddable":true,"href":"https:\/\/turkishtrade.co\/fr\/wp-json\/wp\/v2\/product_brand?post=8379"},{"taxonomy":"product_cat","embeddable":true,"href":"https:\/\/turkishtrade.co\/fr\/wp-json\/wp\/v2\/product_cat?post=8379"},{"taxonomy":"product_tag","embeddable":true,"href":"https:\/\/turkishtrade.co\/fr\/wp-json\/wp\/v2\/product_tag?post=8379"}],"curies":[{"name":"wp","href":"https:\/\/api.w.org\/{rel}","templated":true}]}}