{"id":8376,"date":"2026-01-29T14:49:52","date_gmt":"2026-01-29T14:49:52","guid":{"rendered":"https:\/\/turkishtrade.co\/?post_type=product&#038;p=8376"},"modified":"2026-04-09T20:27:47","modified_gmt":"2026-04-09T20:27:47","slug":"mens-faux-leather-sports-shoes-3","status":"publish","type":"product","link":"https:\/\/turkishtrade.co\/fr\/shop\/mens-faux-leather-sports-shoes-3\/","title":{"rendered":"Chaussures de sport en simili-cuir pour hommes imbattable | Chaussures de sport en simili-cuir pour hommes"},"content":{"rendered":"<p>Am\u00e9liorez votre jeu de chaussures avec notre <strong>Chaussures de sport en similicuir pour hommes<\/strong>, Ces baskets hautes ont \u00e9t\u00e9 con\u00e7ues avec soin pour allier style et performance. Ces baskets montantes allient robustesse et esth\u00e9tique contemporaine, ce qui en fait un \u00e9l\u00e9ment essentiel de toute garde-robe. Con\u00e7ues avec un ext\u00e9rieur en simili-cuir de haute qualit\u00e9, ces <strong>Chaussures de sport en similicuir pour hommes<\/strong> offrent une excellente r\u00e9sistance \u00e0 l'usure, garantissant leur long\u00e9vit\u00e9, que ce soit dans la rue ou dans le cadre d'activit\u00e9s sportives l\u00e9g\u00e8res.<\/p>\n<p>A l'int\u00e9rieur, vos pieds b\u00e9n\u00e9ficieront d'un confort in\u00e9gal\u00e9 gr\u00e2ce \u00e0 la doublure en tissu doux et respirant. Cette conception bien pens\u00e9e assure une circulation de l'air et un amorti optimaux, ce qui fait de ces chaussures des chaussures de sport de qualit\u00e9. <strong>Chaussures de sport en similicuir pour hommes<\/strong> confortable pour une utilisation prolong\u00e9e. La combinaison du similicuir marron riche et des accents noirs frappants, y compris les lacets, la semelle et le col rembourr\u00e9 de la cheville, cr\u00e9e un contraste visuellement attrayant qui se d\u00e9marque. Ces baskets montantes offrent un excellent maintien de la cheville, une caract\u00e9ristique essentielle pour toute personne active \u00e0 la recherche de chaussures fiables.<\/p>\n<h3>Style et durabilit\u00e9 in\u00e9gal\u00e9s<\/h3>\n<p>Notre <strong>Chaussures de sport en similicuir pour hommes<\/strong> ne se contentent pas d'\u00eatre esth\u00e9tiques, elles sont con\u00e7ues pour l'action. La construction robuste garantit que ces chaussures peuvent r\u00e9pondre aux exigences quotidiennes, ce qui les rend incroyablement polyvalentes. Des explorations urbaines aux aventures du week-end, ces chaussures de sport vous permettront de vous d\u00e9placer en toute confiance. La semelle robuste offre une adh\u00e9rence et une stabilit\u00e9 sup\u00e9rieures, ce qui renforce encore la fonctionnalit\u00e9 de ces chaussures exceptionnelles. <strong>Chaussures de sport en similicuir pour hommes<\/strong>. D\u00e9couvrez la fusion parfaite entre un design \u00e0 la pointe de la mode et une r\u00e9sistance pratique.<\/p>\n<h3>Le confort au service de la performance<\/h3>\n<p>Nous comprenons l'importance d'un ajustement confortable, c'est pourquoi ces <strong>Chaussures de sport en similicuir pour hommes<\/strong> sont disponibles dans une large gamme de pointures allant du 40 au 44. Chaque paire est con\u00e7ue pour offrir un ajustement confortable, s'adaptant aux contours naturels de votre pied. Les \u00e9l\u00e9ments de conception athl\u00e9tique garantissent qu'il ne s'agit pas d'un simple effet de mode, mais d'une v\u00e9ritable fonctionnalit\u00e9. <strong>Chaussures de sport en similicuir pour hommes<\/strong> capable de supporter diverses activit\u00e9s. Am\u00e9liorez votre confort et votre style au quotidien avec une paire vraiment performante.<\/p>\n<h3>Possibilit\u00e9s de vente en gros<\/h3>\n<p>Pour les d\u00e9taillants et les entreprises qui cherchent \u00e0 stocker des chaussures de haute qualit\u00e9, ces <strong>Chaussures de sport en similicuir pour hommes<\/strong> sont disponibles \u00e0 l'achat en gros. Avec une commande minimale de seulement 8 paires, vous pouvez facilement offrir \u00e0 vos clients cette option populaire et durable. Investissez dans nos <strong>Chaussures de sport en similicuir pour hommes<\/strong> et offrez \u00e0 votre client\u00e8le des chaussures qui allient parfaitement le charme robuste \u00e0 la fonctionnalit\u00e9 moderne. Ces chaussures polyvalentes \u00e0 tige haute sont indispensables \u00e0 tous ceux qui recherchent des chaussures de sport \u00e9l\u00e9gantes et fiables.<\/p>","protected":false},"excerpt":{"rendered":"<ul>\n<li>Conception \u00e9l\u00e9gante de la tige haute pour un attrait moderne.<\/li>\n<li>L'ext\u00e9rieur en similicuir durable offre une protection robuste.<\/li>\n<li>La doublure en tissu confortable assure la respirabilit\u00e9 et le soutien.<\/li>\n<li>Disponible en plusieurs tailles : 40, 41, 42, 43, 44.<\/li>\n<li>Parfait pour le sport, les tenues d\u00e9contract\u00e9es et les aventures de tous les jours.<\/li>\n<li>Vente en gros possible pour des commandes minimales de 8 paires.<\/li>\n<\/ul>","protected":false},"featured_media":6844,"template":"","meta":{"_acf_changed":false,"_uag_custom_page_level_css":"","site-sidebar-layout":"default","site-content-layout":"","ast-site-content-layout":"default","site-content-style":"default","site-sidebar-style":"default","ast-global-header-display":"","ast-banner-title-visibility":"","ast-main-header-display":"","ast-hfb-above-header-display":"","ast-hfb-below-header-display":"","ast-hfb-mobile-header-display":"","site-post-title":"","ast-breadcrumbs-content":"","ast-featured-img":"","footer-sml-layout":"","ast-disable-related-posts":"","theme-transparent-header-meta":"","adv-header-id-meta":"","stick-header-meta":"","header-above-stick-meta":"","header-main-stick-meta":"","header-below-stick-meta":"","astra-migrate-meta-layouts":"default","ast-page-background-enabled":"default","ast-page-background-meta":{"desktop":{"background-color":"var(--ast-global-color-4)","background-image":"","background-repeat":"repeat","background-position":"center center","background-size":"auto","background-attachment":"scroll","background-type":"","background-media":"","overlay-type":"","overlay-color":"","overlay-opacity":"","overlay-gradient":""},"tablet":{"background-color":"","background-image":"","background-repeat":"repeat","background-position":"center center","background-size":"auto","background-attachment":"scroll","background-type":"","background-media":"","overlay-type":"","overlay-color":"","overlay-opacity":"","overlay-gradient":""},"mobile":{"background-color":"","background-image":"","background-repeat":"repeat","background-position":"center center","background-size":"auto","background-attachment":"scroll","background-type":"","background-media":"","overlay-type":"","overlay-color":"","overlay-opacity":"","overlay-gradient":""}},"ast-content-background-meta":{"desktop":{"background-color":"var(--ast-global-color-5)","background-image":"","background-repeat":"repeat","background-position":"center center","background-size":"auto","background-attachment":"scroll","background-type":"","background-media":"","overlay-type":"","overlay-color":"","overlay-opacity":"","overlay-gradient":""},"tablet":{"background-color":"var(--ast-global-color-5)","background-image":"","background-repeat":"repeat","background-position":"center center","background-size":"auto","background-attachment":"scroll","background-type":"","background-media":"","overlay-type":"","overlay-color":"","overlay-opacity":"","overlay-gradient":""},"mobile":{"background-color":"var(--ast-global-color-5)","background-image":"","background-repeat":"repeat","background-position":"center center","background-size":"auto","background-attachment":"scroll","background-type":"","background-media":"","overlay-type":"","overlay-color":"","overlay-opacity":"","overlay-gradient":""}}},"product_brand":[],"product_cat":[430,1200,51],"product_tag":[1463,1516,1130,1474,1517,1497,1515,1473,1458],"class_list":{"0":"post-8376","1":"product","2":"type-product","3":"status-publish","4":"has-post-thumbnail","6":"product_cat-men","7":"product_cat-mens-shoes-2","8":"product_cat-sports","9":"product_tag-athletic-shoes","10":"product_tag-black-and-brown-shoes","11":"product_tag-brown-sneakers","12":"product_tag-durable-sneakers","13":"product_tag-fashion-sports-shoes","14":"product_tag-mens-faux-leather-sports-shoes","15":"product_tag-mens-high-top-sneakers","16":"product_tag-sports-footwear","17":"product_tag-wholesale-sports-shoes","18":"desktop-align-center","19":"tablet-align-center","20":"mobile-align-center","22":"first","23":"instock","24":"shipping-taxable","25":"purchasable","26":"product-type-variable","27":"has-default-attributes"},"acf":[],"uagb_featured_image_src":{"full":["https:\/\/turkishtrade.co\/wp-content\/uploads\/2026\/01\/2600OYNMN00002-BEIGE.png",453,250,false],"thumbnail":["https:\/\/turkishtrade.co\/wp-content\/uploads\/2026\/01\/2600OYNMN00002-BEIGE-150x150.png",150,150,true],"medium":["https:\/\/turkishtrade.co\/wp-content\/uploads\/2026\/01\/2600OYNMN00002-BEIGE-300x166.png",300,166,true],"medium_large":["https:\/\/turkishtrade.co\/wp-content\/uploads\/2026\/01\/2600OYNMN00002-BEIGE.png",453,250,false],"large":["https:\/\/turkishtrade.co\/wp-content\/uploads\/2026\/01\/2600OYNMN00002-BEIGE.png",453,250,false],"1536x1536":["https:\/\/turkishtrade.co\/wp-content\/uploads\/2026\/01\/2600OYNMN00002-BEIGE.png",453,250,false],"2048x2048":["https:\/\/turkishtrade.co\/wp-content\/uploads\/2026\/01\/2600OYNMN00002-BEIGE.png",453,250,false],"trp-custom-language-flag":["https:\/\/turkishtrade.co\/wp-content\/uploads\/2026\/01\/2600OYNMN00002-BEIGE-18x10.png",18,10,true],"woocommerce_thumbnail":["https:\/\/turkishtrade.co\/wp-content\/uploads\/2026\/01\/2600OYNMN00002-BEIGE-400x250.png",400,250,true],"woocommerce_single":["https:\/\/turkishtrade.co\/wp-content\/uploads\/2026\/01\/2600OYNMN00002-BEIGE.png",453,250,false],"woocommerce_gallery_thumbnail":["https:\/\/turkishtrade.co\/wp-content\/uploads\/2026\/01\/2600OYNMN00002-BEIGE-100x100.png",100,100,true]},"uagb_author_info":{"display_name":"python python","author_link":"https:\/\/turkishtrade.co\/fr\/author\/"},"uagb_comment_info":0,"uagb_excerpt":"Stylish high-top design for modern appeal. Durable faux leather exterior offers rugged protection. Comfortable fabric lining ensures breathability and support. Available in versatile sizes: 40, 41, 42, 43, 44. Perfect for sports, casual wear, and everyday adventures. Wholesale available for minimum orders of 8 pairs.","_links":{"self":[{"href":"https:\/\/turkishtrade.co\/fr\/wp-json\/wp\/v2\/product\/8376","targetHints":{"allow":["GET"]}}],"collection":[{"href":"https:\/\/turkishtrade.co\/fr\/wp-json\/wp\/v2\/product"}],"about":[{"href":"https:\/\/turkishtrade.co\/fr\/wp-json\/wp\/v2\/types\/product"}],"wp:featuredmedia":[{"embeddable":true,"href":"https:\/\/turkishtrade.co\/fr\/wp-json\/wp\/v2\/media\/6844"}],"wp:attachment":[{"href":"https:\/\/turkishtrade.co\/fr\/wp-json\/wp\/v2\/media?parent=8376"}],"wp:term":[{"taxonomy":"product_brand","embeddable":true,"href":"https:\/\/turkishtrade.co\/fr\/wp-json\/wp\/v2\/product_brand?post=8376"},{"taxonomy":"product_cat","embeddable":true,"href":"https:\/\/turkishtrade.co\/fr\/wp-json\/wp\/v2\/product_cat?post=8376"},{"taxonomy":"product_tag","embeddable":true,"href":"https:\/\/turkishtrade.co\/fr\/wp-json\/wp\/v2\/product_tag?post=8376"}],"curies":[{"name":"wp","href":"https:\/\/api.w.org\/{rel}","templated":true}]}}