{"id":8375,"date":"2026-01-29T14:49:49","date_gmt":"2026-01-29T14:49:49","guid":{"rendered":"https:\/\/turkishtrade.co\/product\/men-2600oynmn00001\/"},"modified":"2026-04-09T20:28:03","modified_gmt":"2026-04-09T20:28:03","slug":"black-faux-leather-sneakers","status":"publish","type":"product","link":"https:\/\/turkishtrade.co\/fr\/shop\/black-faux-leather-sneakers\/","title":{"rendered":"Black Faux Leather Sneakers Proven | Men's Black Faux Leather Sports"},"content":{"rendered":"<p>Am\u00e9liorez votre jeu de chaussures gr\u00e2ce \u00e0 nos chaussures exceptionnelles <strong>baskets en faux cuir noir<\/strong>, Ces baskets ont \u00e9t\u00e9 m\u00e9ticuleusement con\u00e7ues pour l'homme moderne qui appr\u00e9cie \u00e0 la fois le style et la substance. Ces baskets polyvalentes sont un m\u00e9lange parfait de fonctionnalit\u00e9 athl\u00e9tique et de mode contemporaine, ce qui en fait un compl\u00e9ment indispensable \u00e0 toute garde-robe. Fabriqu\u00e9es avec un ext\u00e9rieur en faux cuir de premi\u00e8re qualit\u00e9, ces chaussures offrent un look \u00e9l\u00e9gant et sophistiqu\u00e9 qui est remarquablement durable et facile \u00e0 entretenir, garantissant qu'elles restent un choix incontournable pour d'innombrables occasions. Si vous \u00eates \u00e0 la recherche de chaussures <strong>baskets en faux cuir noir<\/strong> qui ne font pas de compromis sur l'esth\u00e9tique, votre recherche s'arr\u00eate ici.<\/p>\n<p>Profitez d'un confort in\u00e9gal\u00e9 \u00e0 chaque foul\u00e9e, gr\u00e2ce \u00e0 la construction soign\u00e9e de ces baskets de sport. L'int\u00e9rieur est doubl\u00e9 d'un tissu doux et respirant, offrant un environnement douillet \u00e0 vos pieds, que vous alliez \u00e0 la salle de sport, que vous exploriez la ville ou que vous profitiez simplement d'une journ\u00e9e d\u00e9contract\u00e9e. La semelle robuste mais l\u00e9g\u00e8re offre un excellent soutien et une bonne absorption des chocs. <strong>baskets en faux cuir noir<\/strong> id\u00e9ales pour une utilisation prolong\u00e9e. Disponibles dans une large gamme de tailles europ\u00e9ennes allant du 40 au 44, ces chaussures \u00e9l\u00e9gantes vous conviendront parfaitement. <strong>baskets en faux cuir noir<\/strong> est sans effort.<\/p>\n<h3>Style et durabilit\u00e9 in\u00e9gal\u00e9s<\/h3>\n<p>Nos v\u00eatements pour hommes <strong>baskets de sport en faux cuir noir<\/strong> se distinguent par leur design distinctif. L'esth\u00e9tique enti\u00e8rement noire, compl\u00e9t\u00e9e par de subtiles variations de textures et une silhouette moderne, permet \u00e0 ces baskets de s'associer parfaitement \u00e0 toutes les tenues, qu'elles soient athl\u00e9tiques ou d\u00e9contract\u00e9es. La semelle \u00e9paisse ajoute non seulement une touche tendance, mais am\u00e9liore \u00e9galement la stabilit\u00e9 et l'adh\u00e9rence, pour une foul\u00e9e assur\u00e9e sur toutes les surfaces. Vous appr\u00e9cierez les d\u00e9tails complexes et la qualit\u00e9 de fabrication de chaque paire de ces baskets. <strong>baskets en faux cuir noir<\/strong>, garantissant un produit con\u00e7u pour durer.<\/p>\n<p>Au-del\u00e0 de leur aspect saisissant, ces <strong>baskets en faux cuir noir<\/strong> sont con\u00e7us pour une vie pratique. Le similicuir de haute qualit\u00e9 r\u00e9siste mieux aux \u00e9raflures et aux marques que le cuir traditionnel, et le nettoyage est un jeu d'enfant - un simple coup de chiffon suffit souvent \u00e0 leur redonner un aspect impeccable. Cette combinaison de style, de confort et de facilit\u00e9 d'entretien en fait un choix exceptionnel pour les personnes tr\u00e8s occup\u00e9es qui recherchent des fauteuils fiables et \u00e0 la mode. <strong>baskets en faux cuir noir<\/strong>.<\/p>\n<h3>Opportunit\u00e9 de vente en gros<\/h3>\n<p>Pour les d\u00e9taillants et les entreprises qui souhaitent proposer des chaussures de haute qualit\u00e9 et tr\u00e8s demand\u00e9es, ces <strong>baskets en faux cuir noir<\/strong> sont disponibles \u00e0 l'achat en gros. Avec une quantit\u00e9 minimale de commande de seulement 8 paires, vous pouvez facilement vous approvisionner en ces populaires baskets de sport pour hommes et satisfaire votre client\u00e8le. Am\u00e9liorez votre inventaire avec un produit qui promet de satisfaire vos clients et de les fid\u00e9liser.<\/p>\n<p>Investissez dans une paire de nos <strong>baskets en faux cuir noir<\/strong> et d\u00e9couvrez la fusion parfaite d'un style durable, d'un confort sup\u00e9rieur et d'une durabilit\u00e9 exceptionnelle. Plus que de simples chaussures, elles sont une d\u00e9claration de praticit\u00e9 sophistiqu\u00e9e pour l'homme actif.<\/p>","protected":false},"excerpt":{"rendered":"<ul>\n<li>Ext\u00e9rieur en similicuir noir de premi\u00e8re qualit\u00e9 pour un style \u00e9l\u00e9gant et une grande durabilit\u00e9.<\/li>\n<li>L'int\u00e9rieur en tissu confortable assure une bonne respirabilit\u00e9 et un port tout au long de la journ\u00e9e.<\/li>\n<li>Conception polyvalente, id\u00e9ale pour les activit\u00e9s sportives ou la mode d\u00e9contract\u00e9e de tous les jours.<\/li>\n<li>Disponible dans les tailles EU 40, 41, 42, 43, 44.<\/li>\n<li>Des options de vente en gros sont disponibles avec une commande minimum de 8 paires.<\/li>\n<\/ul>","protected":false},"featured_media":6841,"template":"","meta":{"_acf_changed":false,"_uag_custom_page_level_css":"","site-sidebar-layout":"default","site-content-layout":"","ast-site-content-layout":"default","site-content-style":"default","site-sidebar-style":"default","ast-global-header-display":"","ast-banner-title-visibility":"","ast-main-header-display":"","ast-hfb-above-header-display":"","ast-hfb-below-header-display":"","ast-hfb-mobile-header-display":"","site-post-title":"","ast-breadcrumbs-content":"","ast-featured-img":"","footer-sml-layout":"","ast-disable-related-posts":"","theme-transparent-header-meta":"","adv-header-id-meta":"","stick-header-meta":"","header-above-stick-meta":"","header-main-stick-meta":"","header-below-stick-meta":"","astra-migrate-meta-layouts":"default","ast-page-background-enabled":"default","ast-page-background-meta":{"desktop":{"background-color":"var(--ast-global-color-4)","background-image":"","background-repeat":"repeat","background-position":"center center","background-size":"auto","background-attachment":"scroll","background-type":"","background-media":"","overlay-type":"","overlay-color":"","overlay-opacity":"","overlay-gradient":""},"tablet":{"background-color":"","background-image":"","background-repeat":"repeat","background-position":"center center","background-size":"auto","background-attachment":"scroll","background-type":"","background-media":"","overlay-type":"","overlay-color":"","overlay-opacity":"","overlay-gradient":""},"mobile":{"background-color":"","background-image":"","background-repeat":"repeat","background-position":"center center","background-size":"auto","background-attachment":"scroll","background-type":"","background-media":"","overlay-type":"","overlay-color":"","overlay-opacity":"","overlay-gradient":""}},"ast-content-background-meta":{"desktop":{"background-color":"var(--ast-global-color-5)","background-image":"","background-repeat":"repeat","background-position":"center center","background-size":"auto","background-attachment":"scroll","background-type":"","background-media":"","overlay-type":"","overlay-color":"","overlay-opacity":"","overlay-gradient":""},"tablet":{"background-color":"var(--ast-global-color-5)","background-image":"","background-repeat":"repeat","background-position":"center center","background-size":"auto","background-attachment":"scroll","background-type":"","background-media":"","overlay-type":"","overlay-color":"","overlay-opacity":"","overlay-gradient":""},"mobile":{"background-color":"var(--ast-global-color-5)","background-image":"","background-repeat":"repeat","background-position":"center center","background-size":"auto","background-attachment":"scroll","background-type":"","background-media":"","overlay-type":"","overlay-color":"","overlay-opacity":"","overlay-gradient":""}}},"product_brand":[],"product_cat":[430,1200,50,51],"product_tag":[1475,1120,216,1443,1474,1518,1446,1445,1519,1123],"class_list":{"0":"post-8375","1":"product","2":"type-product","3":"status-publish","4":"has-post-thumbnail","6":"product_cat-men","7":"product_cat-mens-shoes-2","8":"product_cat-sneakers","9":"product_cat-sports","10":"product_tag-athletic-footwear","11":"product_tag-black-sneakers","12":"product_tag-casual-sneakers","13":"product_tag-chunky-sole-sneakers","14":"product_tag-durable-sneakers","15":"product_tag-eu-40-44-shoes","16":"product_tag-faux-leather-shoes","17":"product_tag-mens-sports-shoes","18":"product_tag-stylish-black-trainers","19":"product_tag-wholesale-sneakers","20":"desktop-align-center","21":"tablet-align-center","22":"mobile-align-center","24":"first","25":"instock","26":"shipping-taxable","27":"purchasable","28":"product-type-variable","29":"has-default-attributes"},"acf":[],"uagb_featured_image_src":{"full":["https:\/\/turkishtrade.co\/wp-content\/uploads\/2026\/01\/2600OYNMN00001-BLACK.png",453,250,false],"thumbnail":["https:\/\/turkishtrade.co\/wp-content\/uploads\/2026\/01\/2600OYNMN00001-BLACK-150x150.png",150,150,true],"medium":["https:\/\/turkishtrade.co\/wp-content\/uploads\/2026\/01\/2600OYNMN00001-BLACK-300x166.png",300,166,true],"medium_large":["https:\/\/turkishtrade.co\/wp-content\/uploads\/2026\/01\/2600OYNMN00001-BLACK.png",453,250,false],"large":["https:\/\/turkishtrade.co\/wp-content\/uploads\/2026\/01\/2600OYNMN00001-BLACK.png",453,250,false],"1536x1536":["https:\/\/turkishtrade.co\/wp-content\/uploads\/2026\/01\/2600OYNMN00001-BLACK.png",453,250,false],"2048x2048":["https:\/\/turkishtrade.co\/wp-content\/uploads\/2026\/01\/2600OYNMN00001-BLACK.png",453,250,false],"trp-custom-language-flag":["https:\/\/turkishtrade.co\/wp-content\/uploads\/2026\/01\/2600OYNMN00001-BLACK-18x10.png",18,10,true],"woocommerce_thumbnail":["https:\/\/turkishtrade.co\/wp-content\/uploads\/2026\/01\/2600OYNMN00001-BLACK-400x250.png",400,250,true],"woocommerce_single":["https:\/\/turkishtrade.co\/wp-content\/uploads\/2026\/01\/2600OYNMN00001-BLACK.png",453,250,false],"woocommerce_gallery_thumbnail":["https:\/\/turkishtrade.co\/wp-content\/uploads\/2026\/01\/2600OYNMN00001-BLACK-100x100.png",100,100,true]},"uagb_author_info":{"display_name":"python python","author_link":"https:\/\/turkishtrade.co\/fr\/author\/"},"uagb_comment_info":0,"uagb_excerpt":"Premium black faux leather exterior for sleek style and durability. Comfortable fabric interior ensures breathability and all-day wear. Versatile design, ideal for sports activities or casual everyday fashion. Available in EU sizes 40, 41, 42, 43, 44. Wholesale options available with a minimum order of 8 pairs.","_links":{"self":[{"href":"https:\/\/turkishtrade.co\/fr\/wp-json\/wp\/v2\/product\/8375","targetHints":{"allow":["GET"]}}],"collection":[{"href":"https:\/\/turkishtrade.co\/fr\/wp-json\/wp\/v2\/product"}],"about":[{"href":"https:\/\/turkishtrade.co\/fr\/wp-json\/wp\/v2\/types\/product"}],"wp:featuredmedia":[{"embeddable":true,"href":"https:\/\/turkishtrade.co\/fr\/wp-json\/wp\/v2\/media\/6841"}],"wp:attachment":[{"href":"https:\/\/turkishtrade.co\/fr\/wp-json\/wp\/v2\/media?parent=8375"}],"wp:term":[{"taxonomy":"product_brand","embeddable":true,"href":"https:\/\/turkishtrade.co\/fr\/wp-json\/wp\/v2\/product_brand?post=8375"},{"taxonomy":"product_cat","embeddable":true,"href":"https:\/\/turkishtrade.co\/fr\/wp-json\/wp\/v2\/product_cat?post=8375"},{"taxonomy":"product_tag","embeddable":true,"href":"https:\/\/turkishtrade.co\/fr\/wp-json\/wp\/v2\/product_tag?post=8375"}],"curies":[{"name":"wp","href":"https:\/\/api.w.org\/{rel}","templated":true}]}}