{"id":8359,"date":"2026-01-29T14:49:35","date_gmt":"2026-01-29T14:49:35","guid":{"rendered":"https:\/\/turkishtrade.co\/?post_type=product&#038;p=8359"},"modified":"2026-04-09T20:28:07","modified_gmt":"2026-04-09T20:28:07","slug":"kids-black-sports-shoes-2","status":"publish","type":"product","link":"https:\/\/turkishtrade.co\/fr\/shop\/kids-black-sports-shoes-2\/","title":{"rendered":"Kids Black Sports Shoes Authentic | Kids Black Sports Sneakers with"},"content":{"rendered":"<p><strong>Chaussures de sport noires pour enfants<\/strong>. Qualit\u00e9 et design authentiques.<\/p>\n<p>D\u00e9couvrez le m\u00e9lange ultime de style, de confort et de durabilit\u00e9 avec nos produits de qualit\u00e9 sup\u00e9rieure. <strong>Chaussures de sport noires pour enfants<\/strong>. Con\u00e7ues pour les enfants \u00e9nergiques, ces baskets polyvalentes sont con\u00e7ues pour r\u00e9sister aux rigueurs des jeux quotidiens, des activit\u00e9s scolaires et de tout ce qui se passe entre les deux. D'une esth\u00e9tique noire \u00e9l\u00e9gante, ces chaussures s'associent sans effort \u00e0 n'importe quelle tenue, ce qui en fait un \u00e9l\u00e9ment essentiel de la garde-robe des enfants actifs.<\/p>\n<h3>Durabilit\u00e9 et confort in\u00e9gal\u00e9s<\/h3>\n<p>Fabriqu\u00e9es en mati\u00e8re synth\u00e9tique (poly) de haute qualit\u00e9, ces <strong>Chaussures de sport noires pour enfants<\/strong> sont construits pour durer. Leur construction robuste leur permet d'affronter d'innombrables aventures, de la cour de r\u00e9cr\u00e9ation au terrain de sport. La conception privil\u00e9gie le confort de votre enfant, en incorporant des \u00e9l\u00e9ments respirants et une semelle \u00e9paisse de soutien qui amortit chaque pas. Cette construction bien pens\u00e9e signifie des pieds plus heureux, m\u00eame apr\u00e8s des heures de course, de saut et d'exploration.<\/p>\n<h3>Une conception innovante pour des modes de vie actifs<\/h3>\n<p>L'une des caract\u00e9ristiques les plus remarquables de ces <strong>Chaussures de sport noires pour enfants<\/strong> est le syst\u00e8me de la\u00e7age \u00e0 genouill\u00e8re tr\u00e8s pratique. Dites adieu aux t\u00e2tonnements avec les lacets traditionnels - le syst\u00e8me \u00e0 bascule permet des ajustements rapides et faciles, garantissant un ajustement parfait et s\u00fbr \u00e0 chaque fois. Cela permet non seulement de gagner du temps, mais aussi d'aider les enfants \u00e0 mettre et \u00e0 enlever leurs chaussures de mani\u00e8re autonome. La semelle robuste offre une excellente traction, assurant la stabilit\u00e9 et emp\u00eachant les glissades sur diverses surfaces, ce qui en fait les chaussures parfaites pour les enfants. <strong>Chaussures de sport noires pour enfants<\/strong> pour tout environnement.<\/p>\n<h3>Parfait pour toutes les occasions<\/h3>\n<p>Que ce soit pour l'\u00e9cole, l'entra\u00eenement sportif ou les sorties d\u00e9contract\u00e9es du week-end, ces <strong>Chaussures de sport noires pour enfants<\/strong> sont incroyablement polyvalents. Leur couleur noire classique leur permet de r\u00e9pondre \u00e0 la plupart des politiques en mati\u00e8re d'uniformes scolaires, tandis que leur conception athl\u00e9tique leur conf\u00e8re la fonctionnalit\u00e9 n\u00e9cessaire pour l'\u00e9ducation physique et les activit\u00e9s extrascolaires. Disponibles dans une large gamme de pointures allant du 30 au 35, il est facile de trouver la chaussure id\u00e9ale pour votre enfant en pleine croissance. Am\u00e9liorez leur collection de chaussures avec une paire qui les accompagne dans chacun de leurs mouvements.<\/p>\n<h3>Possibilit\u00e9s de vente en gros<\/h3>\n<p>Pour les d\u00e9taillants et les entreprises qui cherchent \u00e0 stocker des chaussures pour enfants de haute qualit\u00e9, nos <strong>Chaussures de sport noires pour enfants<\/strong> sont disponibles \u00e0 l'achat en gros. Avec une quantit\u00e9 minimale de commande de 8 paires, vous pouvez facilement ajouter ces baskets populaires, durables et \u00e9l\u00e9gantes \u00e0 votre inventaire. Contactez-nous d\u00e8s aujourd'hui pour en savoir plus sur nos options de vente en gros et offrez \u00e0 vos clients ces fantastiques chaussures de sport. <strong>Chaussures de sport noires pour enfants<\/strong> que les parents et les enfants vont adorer.<\/p>","protected":false},"excerpt":{"rendered":"<ul>\n<li>Design \u00e9l\u00e9gant enti\u00e8rement noir pour un style polyvalent.<\/li>\n<li>Construction en mat\u00e9riau synth\u00e9tique (poly) durable.<\/li>\n<li>Lacets \u00e0 bascule pratiques pour un enfilage facile et un maintien s\u00fbr.<\/li>\n<li>Semelle confortable et \u00e9paisse pour un meilleur soutien et une meilleure adh\u00e9rence.<\/li>\n<li>Id\u00e9al pour l'\u00e9cole, le sport et les activit\u00e9s quotidiennes.<\/li>\n<li>Disponible en taille enfant : 30, 31, 32, 33, 34, 35.<\/li>\n<li>Vente en gros possible avec une commande minimum de 8 paires.<\/li>\n<\/ul>","protected":false},"featured_media":6787,"template":"","meta":{"_acf_changed":false,"_uag_custom_page_level_css":"","site-sidebar-layout":"default","site-content-layout":"","ast-site-content-layout":"default","site-content-style":"default","site-sidebar-style":"default","ast-global-header-display":"","ast-banner-title-visibility":"","ast-main-header-display":"","ast-hfb-above-header-display":"","ast-hfb-below-header-display":"","ast-hfb-mobile-header-display":"","site-post-title":"","ast-breadcrumbs-content":"","ast-featured-img":"","footer-sml-layout":"","ast-disable-related-posts":"","theme-transparent-header-meta":"","adv-header-id-meta":"","stick-header-meta":"","header-above-stick-meta":"","header-main-stick-meta":"","header-below-stick-meta":"","astra-migrate-meta-layouts":"default","ast-page-background-enabled":"default","ast-page-background-meta":{"desktop":{"background-color":"var(--ast-global-color-4)","background-image":"","background-repeat":"repeat","background-position":"center center","background-size":"auto","background-attachment":"scroll","background-type":"","background-media":"","overlay-type":"","overlay-color":"","overlay-opacity":"","overlay-gradient":""},"tablet":{"background-color":"","background-image":"","background-repeat":"repeat","background-position":"center center","background-size":"auto","background-attachment":"scroll","background-type":"","background-media":"","overlay-type":"","overlay-color":"","overlay-opacity":"","overlay-gradient":""},"mobile":{"background-color":"","background-image":"","background-repeat":"repeat","background-position":"center center","background-size":"auto","background-attachment":"scroll","background-type":"","background-media":"","overlay-type":"","overlay-color":"","overlay-opacity":"","overlay-gradient":""}},"ast-content-background-meta":{"desktop":{"background-color":"var(--ast-global-color-5)","background-image":"","background-repeat":"repeat","background-position":"center center","background-size":"auto","background-attachment":"scroll","background-type":"","background-media":"","overlay-type":"","overlay-color":"","overlay-opacity":"","overlay-gradient":""},"tablet":{"background-color":"var(--ast-global-color-5)","background-image":"","background-repeat":"repeat","background-position":"center center","background-size":"auto","background-attachment":"scroll","background-type":"","background-media":"","overlay-type":"","overlay-color":"","overlay-opacity":"","overlay-gradient":""},"mobile":{"background-color":"var(--ast-global-color-5)","background-image":"","background-repeat":"repeat","background-position":"center center","background-size":"auto","background-attachment":"scroll","background-type":"","background-media":"","overlay-type":"","overlay-color":"","overlay-opacity":"","overlay-gradient":""}}},"product_brand":[],"product_cat":[433,65],"product_tag":[1487,1574,1547,1573,1569,1577,1566,1575,1550,1576],"class_list":{"0":"post-8359","1":"product","2":"type-product","3":"status-publish","4":"has-post-thumbnail","6":"product_cat-child","7":"product_cat-child-shoes","8":"product_tag-black-athletic-shoes","9":"product_tag-childrens-sneakers","10":"product_tag-durable-kids-shoes","11":"product_tag-kids-black-sports-shoes","12":"product_tag-kids-running-shoes","13":"product_tag-play-shoes","14":"product_tag-school-shoes","15":"product_tag-toggle-lace-shoes","16":"product_tag-wholesale-kids-shoes","17":"product_tag-youth-sports-footwear","18":"desktop-align-center","19":"tablet-align-center","20":"mobile-align-center","22":"first","23":"instock","24":"shipping-taxable","25":"purchasable","26":"product-type-variable","27":"has-default-attributes"},"acf":[],"uagb_featured_image_src":{"full":["https:\/\/turkishtrade.co\/wp-content\/uploads\/2026\/01\/2600OYNBY00038-BLACK.png",453,250,false],"thumbnail":["https:\/\/turkishtrade.co\/wp-content\/uploads\/2026\/01\/2600OYNBY00038-BLACK-150x150.png",150,150,true],"medium":["https:\/\/turkishtrade.co\/wp-content\/uploads\/2026\/01\/2600OYNBY00038-BLACK-300x166.png",300,166,true],"medium_large":["https:\/\/turkishtrade.co\/wp-content\/uploads\/2026\/01\/2600OYNBY00038-BLACK.png",453,250,false],"large":["https:\/\/turkishtrade.co\/wp-content\/uploads\/2026\/01\/2600OYNBY00038-BLACK.png",453,250,false],"1536x1536":["https:\/\/turkishtrade.co\/wp-content\/uploads\/2026\/01\/2600OYNBY00038-BLACK.png",453,250,false],"2048x2048":["https:\/\/turkishtrade.co\/wp-content\/uploads\/2026\/01\/2600OYNBY00038-BLACK.png",453,250,false],"trp-custom-language-flag":["https:\/\/turkishtrade.co\/wp-content\/uploads\/2026\/01\/2600OYNBY00038-BLACK-18x10.png",18,10,true],"woocommerce_thumbnail":["https:\/\/turkishtrade.co\/wp-content\/uploads\/2026\/01\/2600OYNBY00038-BLACK-400x250.png",400,250,true],"woocommerce_single":["https:\/\/turkishtrade.co\/wp-content\/uploads\/2026\/01\/2600OYNBY00038-BLACK.png",453,250,false],"woocommerce_gallery_thumbnail":["https:\/\/turkishtrade.co\/wp-content\/uploads\/2026\/01\/2600OYNBY00038-BLACK-100x100.png",100,100,true]},"uagb_author_info":{"display_name":"python python","author_link":"https:\/\/turkishtrade.co\/fr\/author\/"},"uagb_comment_info":0,"uagb_excerpt":"Sleek all-black design for versatile styling. Durable synthetic (poly) material construction. Convenient toggle laces for easy on\/off and secure fit. Comfortable chunky sole for enhanced support and grip. Ideal for school, sports, and everyday active wear. Available in children's sizes: 30, 31, 32, 33, 34, 35. Wholesale available with a minimum order of 8 Pairs.","_links":{"self":[{"href":"https:\/\/turkishtrade.co\/fr\/wp-json\/wp\/v2\/product\/8359","targetHints":{"allow":["GET"]}}],"collection":[{"href":"https:\/\/turkishtrade.co\/fr\/wp-json\/wp\/v2\/product"}],"about":[{"href":"https:\/\/turkishtrade.co\/fr\/wp-json\/wp\/v2\/types\/product"}],"wp:featuredmedia":[{"embeddable":true,"href":"https:\/\/turkishtrade.co\/fr\/wp-json\/wp\/v2\/media\/6787"}],"wp:attachment":[{"href":"https:\/\/turkishtrade.co\/fr\/wp-json\/wp\/v2\/media?parent=8359"}],"wp:term":[{"taxonomy":"product_brand","embeddable":true,"href":"https:\/\/turkishtrade.co\/fr\/wp-json\/wp\/v2\/product_brand?post=8359"},{"taxonomy":"product_cat","embeddable":true,"href":"https:\/\/turkishtrade.co\/fr\/wp-json\/wp\/v2\/product_cat?post=8359"},{"taxonomy":"product_tag","embeddable":true,"href":"https:\/\/turkishtrade.co\/fr\/wp-json\/wp\/v2\/product_tag?post=8359"}],"curies":[{"name":"wp","href":"https:\/\/api.w.org\/{rel}","templated":true}]}}