{"id":8354,"date":"2026-01-29T14:49:34","date_gmt":"2026-01-29T14:49:34","guid":{"rendered":"https:\/\/turkishtrade.co\/?post_type=product&#038;p=8354"},"modified":"2026-04-09T20:28:19","modified_gmt":"2026-04-09T20:28:19","slug":"mens-calf-leather-loafers-11","status":"publish","type":"product","link":"https:\/\/turkishtrade.co\/fr\/shop\/mens-calf-leather-loafers-11\/","title":{"rendered":"Loafers en cuir de veau pour hommes Unbeatable | Men's Premium Calf Leather Buckle"},"content":{"rendered":"<p><strong>Mocassins en cuir de veau pour hommes<\/strong>. Une qualit\u00e9 et un design imbattables.<\/p>\n<p>Entrez dans un style et un confort in\u00e9gal\u00e9s gr\u00e2ce \u00e0 nos magnifiques <strong>Mocassins \u00e0 boucle en cuir de veau de qualit\u00e9 sup\u00e9rieure pour hommes<\/strong>. Con\u00e7us pour l'homme exigeant, ces mocassins allient harmonieusement un savoir-faire traditionnel \u00e0 des caract\u00e9ristiques de confort modernes. Chaque paire est m\u00e9ticuleusement fabriqu\u00e9e en utilisant le meilleur cuir de veau v\u00e9ritable pour l'ext\u00e9rieur, garantissant non seulement un look \u00e9l\u00e9gant et poli, mais aussi une durabilit\u00e9 exceptionnelle qui r\u00e9siste \u00e0 l'\u00e9preuve du temps. Il ne s'agit pas de simples chaussures, mais d'un investissement dans une qualit\u00e9 durable et un style sophistiqu\u00e9.<\/p>\n<p>Ce qui distingue vraiment ces <strong>Mocassins en cuir de veau pour hommes<\/strong> est la combinaison judicieuse de mat\u00e9riaux de premi\u00e8re qualit\u00e9. Alors que l'ext\u00e9rieur est en cuir de veau r\u00e9sistant, l'int\u00e9rieur est doubl\u00e9 d'un cuir de ch\u00e8vre incroyablement doux. Cette doublure luxueuse offre une respirabilit\u00e9 sup\u00e9rieure et une sensation de douceur sur la peau, faisant de chaque pas un plaisir. Le d\u00e9tail classique de la boucle ajoute une touche d'\u00e9l\u00e9gance raffin\u00e9e, rendant ces mocassins adapt\u00e9s \u00e0 une multitude d'occasions, de la tenue d'affaires d\u00e9contract\u00e9e aux rassemblements plus formels.<\/p>\n<h3>Un confort et une durabilit\u00e9 in\u00e9gal\u00e9s<\/h3>\n<p>Le confort est primordial, et notre <strong>Mocassins en cuir de veau pour hommes<\/strong> gr\u00e2ce \u00e0 leur semelle EVA innovante. Contrairement aux semelles lourdes traditionnelles, la semelle EVA est remarquablement l\u00e9g\u00e8re et offre une excellente absorption des chocs et un bon amorti sans compromettre la durabilit\u00e9 ou l'adh\u00e9rence. Que vous naviguiez dans les rues de la ville ou que vous passiez une longue journ\u00e9e debout, vous appr\u00e9cierez le soutien \u00e0 la fois robuste et flexible de ces mocassins. La construction robuste garantit la long\u00e9vit\u00e9 de ces chaussures classiques, qui resteront un \u00e9l\u00e9ment essentiel de votre garde-robe pendant des ann\u00e9es.<\/p>\n<p>Ces produits polyvalents <strong>Mocassins en cuir de veau<\/strong> sont plus que de simples chaussures ; elles sont l'expression d'un go\u00fbt raffin\u00e9. Leur design intemporel leur permet de s'adapter \u00e0 un large \u00e9ventail de tenues, des costumes aux pantalons \u00e9l\u00e9gants, en passant par les jeans sophistiqu\u00e9s. La riche teinte marron fonc\u00e9 ajoute une touche de chaleur et de sophistication, ce qui en fait un compl\u00e9ment indispensable \u00e0 la collection de tout homme moderne. Disponibles dans les pointures 39, 40, 41c, 42c, 43, 44 et 45, elles s'adaptent parfaitement \u00e0 chaque pied.<\/p>\n<p>Pour les entreprises qui souhaitent offrir des chaussures de qualit\u00e9 \u00e0 leur client\u00e8le, ces <strong>Mocassins en cuir de veau pour hommes<\/strong> sont disponibles \u00e0 l'achat en gros avec une commande minimum de 8 paires. Offrez \u00e0 vos clients le m\u00e9lange ultime de style, de confort et de qualit\u00e9. D\u00e9couvrez la diff\u00e9rence que font le cuir de veau v\u00e9ritable, la doublure en cuir de ch\u00e8vre et la confortable semelle en EVA. Am\u00e9liorez votre collection de chaussures aujourd'hui avec ces mocassins intemporels de haute qualit\u00e9.<\/p>","protected":false},"excerpt":{"rendered":"<ul>\n<li>Fabriqu\u00e9 en cuir de veau v\u00e9ritable de premi\u00e8re qualit\u00e9 pour une durabilit\u00e9 exceptionnelle et une \u00e9l\u00e9gance intemporelle.<\/li>\n<li>La doublure int\u00e9rieure en cuir de ch\u00e8vre luxueusement souple offre un confort ultime et une grande respirabilit\u00e9.<\/li>\n<li>La semelle EVA durable et l\u00e9g\u00e8re offre une traction sup\u00e9rieure, un amorti et un confort tout au long de la journ\u00e9e.<\/li>\n<li>Ces mocassins sont dot\u00e9s d'une boucle \u00e9l\u00e9gante qui rehausse leur sophistication classique.<\/li>\n<li>Disponible dans une large gamme de tailles : 39, 40, 41c, 42c, 43, 44, 45.<\/li>\n<li>Possibilit\u00e9 de vente en gros avec une commande minimum de 8 paires.<\/li>\n<\/ul>","protected":false},"featured_media":6893,"template":"","meta":{"_acf_changed":false,"_uag_custom_page_level_css":"","site-sidebar-layout":"default","site-content-layout":"","ast-site-content-layout":"default","site-content-style":"default","site-sidebar-style":"default","ast-global-header-display":"","ast-banner-title-visibility":"","ast-main-header-display":"","ast-hfb-above-header-display":"","ast-hfb-below-header-display":"","ast-hfb-mobile-header-display":"","site-post-title":"","ast-breadcrumbs-content":"","ast-featured-img":"","footer-sml-layout":"","ast-disable-related-posts":"","theme-transparent-header-meta":"","adv-header-id-meta":"","stick-header-meta":"","header-above-stick-meta":"","header-main-stick-meta":"","header-below-stick-meta":"","astra-migrate-meta-layouts":"default","ast-page-background-enabled":"default","ast-page-background-meta":{"desktop":{"background-color":"var(--ast-global-color-4)","background-image":"","background-repeat":"repeat","background-position":"center center","background-size":"auto","background-attachment":"scroll","background-type":"","background-media":"","overlay-type":"","overlay-color":"","overlay-opacity":"","overlay-gradient":""},"tablet":{"background-color":"","background-image":"","background-repeat":"repeat","background-position":"center center","background-size":"auto","background-attachment":"scroll","background-type":"","background-media":"","overlay-type":"","overlay-color":"","overlay-opacity":"","overlay-gradient":""},"mobile":{"background-color":"","background-image":"","background-repeat":"repeat","background-position":"center center","background-size":"auto","background-attachment":"scroll","background-type":"","background-media":"","overlay-type":"","overlay-color":"","overlay-opacity":"","overlay-gradient":""}},"ast-content-background-meta":{"desktop":{"background-color":"var(--ast-global-color-5)","background-image":"","background-repeat":"repeat","background-position":"center center","background-size":"auto","background-attachment":"scroll","background-type":"","background-media":"","overlay-type":"","overlay-color":"","overlay-opacity":"","overlay-gradient":""},"tablet":{"background-color":"var(--ast-global-color-5)","background-image":"","background-repeat":"repeat","background-position":"center center","background-size":"auto","background-attachment":"scroll","background-type":"","background-media":"","overlay-type":"","overlay-color":"","overlay-opacity":"","overlay-gradient":""},"mobile":{"background-color":"var(--ast-global-color-5)","background-image":"","background-repeat":"repeat","background-position":"center center","background-size":"auto","background-attachment":"scroll","background-type":"","background-media":"","overlay-type":"","overlay-color":"","overlay-opacity":"","overlay-gradient":""}}},"product_brand":[],"product_cat":[47,430,1200],"product_tag":[315,263,754,287,260,189,286,738,255,456],"class_list":{"0":"post-8354","1":"product","2":"type-product","3":"status-publish","4":"has-post-thumbnail","6":"product_cat-classic","7":"product_cat-men","8":"product_cat-mens-shoes-2","9":"product_tag-buckle-loafers","10":"product_tag-calf-leather-loafers","11":"product_tag-classic-mens-shoes","12":"product_tag-eva-sole-shoes","13":"product_tag-genuine-leather-footwear","14":"product_tag-goat-leather-lining","15":"product_tag-mens-leather-shoes","16":"product_tag-smart-casual-loafers","17":"product_tag-turkish-leather-shoes","18":"product_tag-wholesale-loafers","19":"desktop-align-center","20":"tablet-align-center","21":"mobile-align-center","23":"first","24":"instock","25":"shipping-taxable","26":"purchasable","27":"product-type-variable","28":"has-default-attributes"},"acf":[],"uagb_featured_image_src":{"full":["https:\/\/turkishtrade.co\/wp-content\/uploads\/2026\/01\/2600NZWMN00038-BROWN.png",453,250,false],"thumbnail":["https:\/\/turkishtrade.co\/wp-content\/uploads\/2026\/01\/2600NZWMN00038-BROWN-150x150.png",150,150,true],"medium":["https:\/\/turkishtrade.co\/wp-content\/uploads\/2026\/01\/2600NZWMN00038-BROWN-300x166.png",300,166,true],"medium_large":["https:\/\/turkishtrade.co\/wp-content\/uploads\/2026\/01\/2600NZWMN00038-BROWN.png",453,250,false],"large":["https:\/\/turkishtrade.co\/wp-content\/uploads\/2026\/01\/2600NZWMN00038-BROWN.png",453,250,false],"1536x1536":["https:\/\/turkishtrade.co\/wp-content\/uploads\/2026\/01\/2600NZWMN00038-BROWN.png",453,250,false],"2048x2048":["https:\/\/turkishtrade.co\/wp-content\/uploads\/2026\/01\/2600NZWMN00038-BROWN.png",453,250,false],"trp-custom-language-flag":["https:\/\/turkishtrade.co\/wp-content\/uploads\/2026\/01\/2600NZWMN00038-BROWN-18x10.png",18,10,true],"woocommerce_thumbnail":["https:\/\/turkishtrade.co\/wp-content\/uploads\/2026\/01\/2600NZWMN00038-BROWN-400x250.png",400,250,true],"woocommerce_single":["https:\/\/turkishtrade.co\/wp-content\/uploads\/2026\/01\/2600NZWMN00038-BROWN.png",453,250,false],"woocommerce_gallery_thumbnail":["https:\/\/turkishtrade.co\/wp-content\/uploads\/2026\/01\/2600NZWMN00038-BROWN-100x100.png",100,100,true]},"uagb_author_info":{"display_name":"python python","author_link":"https:\/\/turkishtrade.co\/fr\/author\/"},"uagb_comment_info":0,"uagb_excerpt":"Crafted from premium genuine calf leather for exceptional durability and timeless elegance. Luxuriously soft goat leather inner lining provides ultimate comfort and breathability. Durable and lightweight EVA sole offers superior traction, cushioning, and all-day comfort. Features an elegant buckle detail, enhancing the classic sophistication of these loafers. Available in a comprehensive range of sizes: 39,\u2026","_links":{"self":[{"href":"https:\/\/turkishtrade.co\/fr\/wp-json\/wp\/v2\/product\/8354","targetHints":{"allow":["GET"]}}],"collection":[{"href":"https:\/\/turkishtrade.co\/fr\/wp-json\/wp\/v2\/product"}],"about":[{"href":"https:\/\/turkishtrade.co\/fr\/wp-json\/wp\/v2\/types\/product"}],"wp:featuredmedia":[{"embeddable":true,"href":"https:\/\/turkishtrade.co\/fr\/wp-json\/wp\/v2\/media\/6893"}],"wp:attachment":[{"href":"https:\/\/turkishtrade.co\/fr\/wp-json\/wp\/v2\/media?parent=8354"}],"wp:term":[{"taxonomy":"product_brand","embeddable":true,"href":"https:\/\/turkishtrade.co\/fr\/wp-json\/wp\/v2\/product_brand?post=8354"},{"taxonomy":"product_cat","embeddable":true,"href":"https:\/\/turkishtrade.co\/fr\/wp-json\/wp\/v2\/product_cat?post=8354"},{"taxonomy":"product_tag","embeddable":true,"href":"https:\/\/turkishtrade.co\/fr\/wp-json\/wp\/v2\/product_tag?post=8354"}],"curies":[{"name":"wp","href":"https:\/\/api.w.org\/{rel}","templated":true}]}}