{"id":8353,"date":"2026-01-29T14:49:34","date_gmt":"2026-01-29T14:49:34","guid":{"rendered":"https:\/\/turkishtrade.co\/?post_type=product&#038;p=8353"},"modified":"2026-04-09T20:28:22","modified_gmt":"2026-04-09T20:28:22","slug":"mens-black-leather-monk-strap-shoes","status":"publish","type":"product","link":"https:\/\/turkishtrade.co\/fr\/shop\/mens-black-leather-monk-strap-shoes\/","title":{"rendered":"Chaussures Monk Strap en cuir noir pour hommes Incredible | Classic"},"content":{"rendered":"<p><strong>Chaussures en cuir noir pour hommes<\/strong>. Une qualit\u00e9 et un design incroyables.<\/p>\n<p>Entrez dans un univers de style raffin\u00e9 et de confort exceptionnel avec notre Classic <b>Chaussures en cuir noir pour hommes<\/b>. Ces chaussures ne sont pas seulement des chaussures ; elles sont une d\u00e9claration de go\u00fbt sophistiqu\u00e9 et un investissement dans une qualit\u00e9 durable. Con\u00e7ues pour le gentleman moderne qui appr\u00e9cie l'esth\u00e9tique classique, ces chaussures \u00e0 lani\u00e8res monk allient le savoir-faire traditionnel aux besoins contemporains, vous garantissant une allure \u00e9l\u00e9gante et un confort optimal du matin au soir.<\/p>\n<h3>Un savoir-faire in\u00e9gal\u00e9 et des mat\u00e9riaux de premi\u00e8re qualit\u00e9<\/h3>\n<p>Chaque paire de ces exquises <b>Chaussures en cuir noir pour hommes<\/b> est m\u00e9ticuleusement fabriqu\u00e9 \u00e0 partir des mat\u00e9riaux les plus nobles. L'ext\u00e9rieur est en cuir de veau v\u00e9ritable, r\u00e9put\u00e9 pour sa texture lisse, sa durabilit\u00e9 et sa capacit\u00e9 \u00e0 d\u00e9velopper une belle patine au fil du temps. \u00c0 l'int\u00e9rieur, vos pieds seront berc\u00e9s par une doublure en cuir de ch\u00e8vre v\u00e9ritable, douce et respirante, qui garantit un confort sup\u00e9rieur et des propri\u00e9t\u00e9s d'\u00e9vacuation de l'humidit\u00e9, ce qui les rend id\u00e9ales pour un usage prolong\u00e9. La combinaison de ces cuirs de qualit\u00e9 sup\u00e9rieure garantit \u00e0 la fois la long\u00e9vit\u00e9 et une sensation de luxe.<\/p>\n<h3>Un design \u00e9l\u00e9gant pour toutes les occasions<\/h3>\n<p>Le design distinctif de la bride monacale, avec une boucle en argent poli, ajoute une touche d'\u00e9l\u00e9gance unique \u00e0 ces chaussures noires classiques. Ce style polyvalent fait de nos <b>Chaussures en cuir noir pour hommes<\/b> parfaites pour un large \u00e9ventail d'occasions. Que vous assistiez \u00e0 une r\u00e9union d'affaires formelle, \u00e0 une soir\u00e9e sophistiqu\u00e9e ou que vous souhaitiez simplement rehausser votre tenue d\u00e9contract\u00e9e, ces chaussures compl\u00e8teront votre look sans effort. Leur attrait intemporel vous assure qu'elles resteront un \u00e9l\u00e9ment essentiel de votre garde-robe pour les ann\u00e9es \u00e0 venir.<\/p>\n<h3>Un confort qui dure toute la journ\u00e9e<\/h3>\n<p>Au-del\u00e0 de leur apparence \u00e9tonnante, le confort est primordial. Ces chaussures sont dot\u00e9es d'une semelle EVA \u00e0 la fois l\u00e9g\u00e8re et durable. L'EVA (\u00e9thyl\u00e8ne-ac\u00e9tate de vinyle) offre un excellent amorti, une absorption des chocs et une grande souplesse, ce qui r\u00e9duit la fatigue et vous permet de rester debout plus longtemps sans ressentir d'inconfort. La semelle pr\u00e9sente \u00e9galement un motif d'adh\u00e9rence subtil, offrant une bonne stabilit\u00e9 sur diverses surfaces. Disponible dans une gamme compl\u00e8te de pointures europ\u00e9ennes allant de 39 \u00e0 45, nous garantissons un ajustement parfait pour chaque client exigeant.<\/p>\n<p>Pour les entreprises qui souhaitent stocker des chaussures de haute qualit\u00e9, ces <b>Chaussures en cuir noir pour hommes<\/b> sont disponibles \u00e0 l'achat en gros avec une quantit\u00e9 minimum de 8 paires. Offrez \u00e0 vos clients un produit qui incarne l'\u00e9l\u00e9gance, le confort et la qualit\u00e9 de fabrication sup\u00e9rieure. Am\u00e9liorez votre collection de chaussures avec une paire qui r\u00e9sistera \u00e0 l'\u00e9preuve du temps.<\/p>","protected":false},"excerpt":{"rendered":"<ul>\n<li>Fabriqu\u00e9 en cuir de veau v\u00e9ritable de premi\u00e8re qualit\u00e9 pour un attrait sophistiqu\u00e9.<\/li>\n<li>Doublure en cuir de ch\u00e8vre v\u00e9ritable pour un confort ultime et une bonne respirabilit\u00e9.<\/li>\n<li>Bracelet monk styl\u00e9 avec boucle \u00e9l\u00e9gante et polie.<\/li>\n<li>\u00c9quip\u00e9e d'une semelle EVA l\u00e9g\u00e8re et confortable pour une utilisation tout au long de la journ\u00e9e.<\/li>\n<li>Disponible dans une large gamme de tailles europ\u00e9ennes : 39, 40, 41, 42, 43, 44, 45.<\/li>\n<li>Possibilit\u00e9 de vente en gros avec une commande minimum de 8 paires.<\/li>\n<\/ul>","protected":false},"featured_media":6892,"template":"","meta":{"_acf_changed":false,"_uag_custom_page_level_css":"","site-sidebar-layout":"default","site-content-layout":"","ast-site-content-layout":"default","site-content-style":"default","site-sidebar-style":"default","ast-global-header-display":"","ast-banner-title-visibility":"","ast-main-header-display":"","ast-hfb-above-header-display":"","ast-hfb-below-header-display":"","ast-hfb-mobile-header-display":"","site-post-title":"","ast-breadcrumbs-content":"","ast-featured-img":"","footer-sml-layout":"","ast-disable-related-posts":"","theme-transparent-header-meta":"","adv-header-id-meta":"","stick-header-meta":"","header-above-stick-meta":"","header-main-stick-meta":"","header-below-stick-meta":"","astra-migrate-meta-layouts":"default","ast-page-background-enabled":"default","ast-page-background-meta":{"desktop":{"background-color":"var(--ast-global-color-4)","background-image":"","background-repeat":"repeat","background-position":"center center","background-size":"auto","background-attachment":"scroll","background-type":"","background-media":"","overlay-type":"","overlay-color":"","overlay-opacity":"","overlay-gradient":""},"tablet":{"background-color":"","background-image":"","background-repeat":"repeat","background-position":"center center","background-size":"auto","background-attachment":"scroll","background-type":"","background-media":"","overlay-type":"","overlay-color":"","overlay-opacity":"","overlay-gradient":""},"mobile":{"background-color":"","background-image":"","background-repeat":"repeat","background-position":"center center","background-size":"auto","background-attachment":"scroll","background-type":"","background-media":"","overlay-type":"","overlay-color":"","overlay-opacity":"","overlay-gradient":""}},"ast-content-background-meta":{"desktop":{"background-color":"var(--ast-global-color-5)","background-image":"","background-repeat":"repeat","background-position":"center center","background-size":"auto","background-attachment":"scroll","background-type":"","background-media":"","overlay-type":"","overlay-color":"","overlay-opacity":"","overlay-gradient":""},"tablet":{"background-color":"var(--ast-global-color-5)","background-image":"","background-repeat":"repeat","background-position":"center center","background-size":"auto","background-attachment":"scroll","background-type":"","background-media":"","overlay-type":"","overlay-color":"","overlay-opacity":"","overlay-gradient":""},"mobile":{"background-color":"var(--ast-global-color-5)","background-image":"","background-repeat":"repeat","background-position":"center center","background-size":"auto","background-attachment":"scroll","background-type":"","background-media":"","overlay-type":"","overlay-color":"","overlay-opacity":"","overlay-gradient":""}}},"product_brand":[],"product_cat":[47,430,1200],"product_tag":[196,391,405,145,438,251,221,215,261],"class_list":{"0":"post-8353","1":"product","2":"type-product","3":"status-publish","4":"has-post-thumbnail","6":"product_cat-classic","7":"product_cat-men","8":"product_cat-mens-shoes-2","9":"product_tag-black-leather-shoes","10":"product_tag-buckle-shoes","11":"product_tag-business-shoes","12":"product_tag-classic-shoes","13":"product_tag-eva-sole","14":"product_tag-formal-shoes","15":"product_tag-genuine-leather","16":"product_tag-leather-loafers","17":"product_tag-monk-strap-shoes","18":"desktop-align-center","19":"tablet-align-center","20":"mobile-align-center","22":"first","23":"instock","24":"shipping-taxable","25":"purchasable","26":"product-type-variable","27":"has-default-attributes"},"acf":[],"uagb_featured_image_src":{"full":["https:\/\/turkishtrade.co\/wp-content\/uploads\/2026\/01\/2600NZWMN00037-BLACK.png",453,250,false],"thumbnail":["https:\/\/turkishtrade.co\/wp-content\/uploads\/2026\/01\/2600NZWMN00037-BLACK-150x150.png",150,150,true],"medium":["https:\/\/turkishtrade.co\/wp-content\/uploads\/2026\/01\/2600NZWMN00037-BLACK-300x166.png",300,166,true],"medium_large":["https:\/\/turkishtrade.co\/wp-content\/uploads\/2026\/01\/2600NZWMN00037-BLACK.png",453,250,false],"large":["https:\/\/turkishtrade.co\/wp-content\/uploads\/2026\/01\/2600NZWMN00037-BLACK.png",453,250,false],"1536x1536":["https:\/\/turkishtrade.co\/wp-content\/uploads\/2026\/01\/2600NZWMN00037-BLACK.png",453,250,false],"2048x2048":["https:\/\/turkishtrade.co\/wp-content\/uploads\/2026\/01\/2600NZWMN00037-BLACK.png",453,250,false],"trp-custom-language-flag":["https:\/\/turkishtrade.co\/wp-content\/uploads\/2026\/01\/2600NZWMN00037-BLACK-18x10.png",18,10,true],"woocommerce_thumbnail":["https:\/\/turkishtrade.co\/wp-content\/uploads\/2026\/01\/2600NZWMN00037-BLACK-400x250.png",400,250,true],"woocommerce_single":["https:\/\/turkishtrade.co\/wp-content\/uploads\/2026\/01\/2600NZWMN00037-BLACK.png",453,250,false],"woocommerce_gallery_thumbnail":["https:\/\/turkishtrade.co\/wp-content\/uploads\/2026\/01\/2600NZWMN00037-BLACK-100x100.png",100,100,true]},"uagb_author_info":{"display_name":"python python","author_link":"https:\/\/turkishtrade.co\/fr\/author\/"},"uagb_comment_info":0,"uagb_excerpt":"Crafted from premium genuine calf leather exterior for sophisticated appeal. Features a soft genuine goat leather lining for ultimate comfort and breathability. Stylish monk strap design with a sleek, polished buckle detail. Equipped with a lightweight and comfortable EVA sole for all-day wear. Available in a wide range of EU sizes: 39, 40, 41, 42,\u2026","_links":{"self":[{"href":"https:\/\/turkishtrade.co\/fr\/wp-json\/wp\/v2\/product\/8353","targetHints":{"allow":["GET"]}}],"collection":[{"href":"https:\/\/turkishtrade.co\/fr\/wp-json\/wp\/v2\/product"}],"about":[{"href":"https:\/\/turkishtrade.co\/fr\/wp-json\/wp\/v2\/types\/product"}],"wp:featuredmedia":[{"embeddable":true,"href":"https:\/\/turkishtrade.co\/fr\/wp-json\/wp\/v2\/media\/6892"}],"wp:attachment":[{"href":"https:\/\/turkishtrade.co\/fr\/wp-json\/wp\/v2\/media?parent=8353"}],"wp:term":[{"taxonomy":"product_brand","embeddable":true,"href":"https:\/\/turkishtrade.co\/fr\/wp-json\/wp\/v2\/product_brand?post=8353"},{"taxonomy":"product_cat","embeddable":true,"href":"https:\/\/turkishtrade.co\/fr\/wp-json\/wp\/v2\/product_cat?post=8353"},{"taxonomy":"product_tag","embeddable":true,"href":"https:\/\/turkishtrade.co\/fr\/wp-json\/wp\/v2\/product_tag?post=8353"}],"curies":[{"name":"wp","href":"https:\/\/api.w.org\/{rel}","templated":true}]}}