{"id":8351,"date":"2026-01-29T14:49:34","date_gmt":"2026-01-29T14:49:34","guid":{"rendered":"https:\/\/turkishtrade.co\/?post_type=product&#038;p=8351"},"modified":"2026-04-09T20:28:27","modified_gmt":"2026-04-09T20:28:27","slug":"black-perforated-leather-loafers","status":"publish","type":"product","link":"https:\/\/turkishtrade.co\/fr\/shop\/black-perforated-leather-loafers\/","title":{"rendered":"Black Perforated Leather Loafers Exclusive | Men's Black Perforated Genuine Leather"},"content":{"rendered":"<p><strong>Mocassins en cuir perfor\u00e9 noir<\/strong>. Qualit\u00e9 et design exclusifs.<\/p>\n<p>Entrez dans un m\u00e9lange parfait de style intemporel et de confort moderne avec notre collection exclusive de v\u00eatements pour hommes. <strong>Mocassins en cuir perfor\u00e9 noir<\/strong>. Con\u00e7us pour l'homme exigeant, ces mocassins sont plus que de simples chaussures ; ils sont une d\u00e9claration d'\u00e9l\u00e9gance sophistiqu\u00e9e et d\u00e9contract\u00e9e. Fabriqu\u00e9es \u00e0 partir du cuir v\u00e9ritable le plus fin, m\u00e9ticuleusement s\u00e9lectionn\u00e9 \u00e0 partir de peaux de veau et de ch\u00e8vre, ces chaussures promettent non seulement une sensation de luxe, mais aussi une durabilit\u00e9 remarquable qui r\u00e9siste \u00e0 l'\u00e9preuve du temps.<\/p>\n<h3>Un savoir-faire exquis et des mat\u00e9riaux de premi\u00e8re qualit\u00e9<\/h3>\n<p>La marque de fabrique de ces mocassins exceptionnels r\u00e9side dans leur fabrication exquise. Chaque paire pr\u00e9sente un motif perfor\u00e9 distinctif sur l'empeigne, qui non seulement ajoute une texture visuelle unique, mais assure \u00e9galement une meilleure respirabilit\u00e9, gardant vos pieds au frais et \u00e0 l'aise tout au long de la journ\u00e9e. La construction en cuir v\u00e9ritable garantit un ajustement sup\u00e9rieur qui se moule \u00e0 votre pied au fil du temps, offrant un confort in\u00e9gal\u00e9 \u00e0 chaque pas. Ces chaussures <strong>mocassins en cuir perfor\u00e9 noir<\/strong> sont con\u00e7us pour offrir une qualit\u00e9 et un style durables, ce qui en fait un investissement judicieux pour toute garde-robe.<\/p>\n<p>Le confort est primordial, et nos mocassins sont \u00e0 la hauteur. La semelle EVA l\u00e9g\u00e8re et flexible offre une excellente absorption des chocs et une traction sup\u00e9rieure, garantissant stabilit\u00e9 et facilit\u00e9, que vous naviguiez dans les rues de la ville ou que vous vous d\u00e9tendiez lors d'une escapade le week-end. La conception \u00e0 enfiler offre une commodit\u00e9 ultime, vous permettant de passer sans effort d'une activit\u00e9 \u00e0 l'autre sans compromettre le style. Disponibles dans une large gamme de pointures allant du 39 au 45, il est facile de trouver la chaussure id\u00e9ale.<\/p>\n<h3>Une polyvalence pour toutes les occasions<\/h3>\n<p>Ces produits polyvalents <strong>mocassins noirs pour hommes<\/strong> sont con\u00e7ues pour s'adapter \u00e0 une myriade de tenues et d'occasions. Associez-les \u00e0 un pantalon de tailleur et \u00e0 un blazer pour une tenue de bureau \u00e9l\u00e9gante et d\u00e9contract\u00e9e, ou \u00e0 un pantalon chino et \u00e0 un polo pour un ensemble d\u00e9contract\u00e9 mais raffin\u00e9 le week-end. La teinte noire classique leur permet de s'int\u00e9grer parfaitement \u00e0 toutes les garde-robes, ce qui en fait un \u00e9l\u00e9ment indispensable pour les hommes qui accordent de l'importance \u00e0 la mode et \u00e0 la fonction. Les perforations \u00e9l\u00e9gantes ajoutent une touche de modernit\u00e9 \u00e0 la silhouette traditionnelle des mocassins et vous permettent de vous d\u00e9marquer.<\/p>\n<h3>Pourquoi choisir nos mocassins en cuir perfor\u00e9 noir ?<\/h3>\n<p>Choisir nos mocassins, c'est investir dans des chaussures qui offrent une qualit\u00e9 sup\u00e9rieure, un confort exceptionnel et un style ind\u00e9niable. Nous nous engageons \u00e0 fournir des produits qui non seulement r\u00e9pondent aux attentes, mais les d\u00e9passent. <strong>mocassins en cuir perfor\u00e9 noir<\/strong> t\u00e9moignent de cet engagement. Faites l'exp\u00e9rience de la diff\u00e9rence que font les mat\u00e9riaux de qualit\u00e9 sup\u00e9rieure et l'expertise artisanale. Pour les entreprises qui souhaitent stocker des chaussures pour hommes de haute qualit\u00e9, ces mocassins sont disponibles en gros, avec une commande minimum de 8 paires. Am\u00e9liorez votre collection de chaussures ou \u00e9largissez votre offre de produits avec une chaussure qui promet la satisfaction.<\/p>","protected":false},"excerpt":{"rendered":"<ul>\n<li>Fabriqu\u00e9 en cuir v\u00e9ritable de premi\u00e8re qualit\u00e9 (veau et ch\u00e8vre) pour une durabilit\u00e9 exceptionnelle et un toucher luxueux.<\/li>\n<li>Il est dot\u00e9 d'un \u00e9l\u00e9gant design perfor\u00e9 qui am\u00e9liore la respirabilit\u00e9 et ajoute une texture visuelle sophistiqu\u00e9e.<\/li>\n<li>Dot\u00e9e d'une semelle EVA l\u00e9g\u00e8re et flexible, elle garantit un confort et un soutien sup\u00e9rieurs tout au long de la journ\u00e9e.<\/li>\n<li>Mocassins classiques \u00e0 enfiler, id\u00e9aux pour un style polyvalent, des sorties d\u00e9contract\u00e9es aux \u00e9v\u00e9nements chics et d\u00e9contract\u00e9s.<\/li>\n<li>Disponible dans une large gamme de tailles : 39, 40, 41, 42, 43, 44, 45.<\/li>\n<li>Disponibilit\u00e9 en gros : Quantit\u00e9 minimale de commande de 8 paires.<\/li>\n<\/ul>","protected":false},"featured_media":6890,"template":"","meta":{"_acf_changed":false,"_uag_custom_page_level_css":"","site-sidebar-layout":"default","site-content-layout":"","ast-site-content-layout":"default","site-content-style":"default","site-sidebar-style":"default","ast-global-header-display":"","ast-banner-title-visibility":"","ast-main-header-display":"","ast-hfb-above-header-display":"","ast-hfb-below-header-display":"","ast-hfb-mobile-header-display":"","site-post-title":"","ast-breadcrumbs-content":"","ast-featured-img":"","footer-sml-layout":"","ast-disable-related-posts":"","theme-transparent-header-meta":"","adv-header-id-meta":"","stick-header-meta":"","header-above-stick-meta":"","header-main-stick-meta":"","header-below-stick-meta":"","astra-migrate-meta-layouts":"default","ast-page-background-enabled":"default","ast-page-background-meta":{"desktop":{"background-color":"var(--ast-global-color-4)","background-image":"","background-repeat":"repeat","background-position":"center center","background-size":"auto","background-attachment":"scroll","background-type":"","background-media":"","overlay-type":"","overlay-color":"","overlay-opacity":"","overlay-gradient":""},"tablet":{"background-color":"","background-image":"","background-repeat":"repeat","background-position":"center center","background-size":"auto","background-attachment":"scroll","background-type":"","background-media":"","overlay-type":"","overlay-color":"","overlay-opacity":"","overlay-gradient":""},"mobile":{"background-color":"","background-image":"","background-repeat":"repeat","background-position":"center center","background-size":"auto","background-attachment":"scroll","background-type":"","background-media":"","overlay-type":"","overlay-color":"","overlay-opacity":"","overlay-gradient":""}},"ast-content-background-meta":{"desktop":{"background-color":"var(--ast-global-color-5)","background-image":"","background-repeat":"repeat","background-position":"center center","background-size":"auto","background-attachment":"scroll","background-type":"","background-media":"","overlay-type":"","overlay-color":"","overlay-opacity":"","overlay-gradient":""},"tablet":{"background-color":"var(--ast-global-color-5)","background-image":"","background-repeat":"repeat","background-position":"center center","background-size":"auto","background-attachment":"scroll","background-type":"","background-media":"","overlay-type":"","overlay-color":"","overlay-opacity":"","overlay-gradient":""},"mobile":{"background-color":"var(--ast-global-color-5)","background-image":"","background-repeat":"repeat","background-position":"center center","background-size":"auto","background-attachment":"scroll","background-type":"","background-media":"","overlay-type":"","overlay-color":"","overlay-opacity":"","overlay-gradient":""}}},"product_brand":[],"product_cat":[48,49,430,1200],"product_tag":[370,449,211,438,221,227,186,686,184,546],"class_list":{"0":"post-8351","1":"product","2":"type-product","3":"status-publish","4":"has-post-thumbnail","6":"product_cat-casual","7":"product_cat-loafer","8":"product_cat-men","9":"product_cat-mens-shoes-2","10":"product_tag-black-loafers","11":"product_tag-casual-shoes","12":"product_tag-comfort-footwear","13":"product_tag-eva-sole","14":"product_tag-genuine-leather","15":"product_tag-leather-shoes","16":"product_tag-mens-loafers","17":"product_tag-perforated-shoes","18":"product_tag-slip-on-shoes","19":"product_tag-stylish-mens-shoes","20":"desktop-align-center","21":"tablet-align-center","22":"mobile-align-center","24":"first","25":"instock","26":"shipping-taxable","27":"purchasable","28":"product-type-variable","29":"has-default-attributes"},"acf":[],"uagb_featured_image_src":{"full":["https:\/\/turkishtrade.co\/wp-content\/uploads\/2026\/01\/2600NZWMN00035-BLACK.png",453,250,false],"thumbnail":["https:\/\/turkishtrade.co\/wp-content\/uploads\/2026\/01\/2600NZWMN00035-BLACK-150x150.png",150,150,true],"medium":["https:\/\/turkishtrade.co\/wp-content\/uploads\/2026\/01\/2600NZWMN00035-BLACK-300x166.png",300,166,true],"medium_large":["https:\/\/turkishtrade.co\/wp-content\/uploads\/2026\/01\/2600NZWMN00035-BLACK.png",453,250,false],"large":["https:\/\/turkishtrade.co\/wp-content\/uploads\/2026\/01\/2600NZWMN00035-BLACK.png",453,250,false],"1536x1536":["https:\/\/turkishtrade.co\/wp-content\/uploads\/2026\/01\/2600NZWMN00035-BLACK.png",453,250,false],"2048x2048":["https:\/\/turkishtrade.co\/wp-content\/uploads\/2026\/01\/2600NZWMN00035-BLACK.png",453,250,false],"trp-custom-language-flag":["https:\/\/turkishtrade.co\/wp-content\/uploads\/2026\/01\/2600NZWMN00035-BLACK-18x10.png",18,10,true],"woocommerce_thumbnail":["https:\/\/turkishtrade.co\/wp-content\/uploads\/2026\/01\/2600NZWMN00035-BLACK-400x250.png",400,250,true],"woocommerce_single":["https:\/\/turkishtrade.co\/wp-content\/uploads\/2026\/01\/2600NZWMN00035-BLACK.png",453,250,false],"woocommerce_gallery_thumbnail":["https:\/\/turkishtrade.co\/wp-content\/uploads\/2026\/01\/2600NZWMN00035-BLACK-100x100.png",100,100,true]},"uagb_author_info":{"display_name":"python python","author_link":"https:\/\/turkishtrade.co\/fr\/author\/"},"uagb_comment_info":0,"uagb_excerpt":"Crafted from premium genuine leather (calf and goat) for exceptional durability and luxurious feel. Features an elegant perforated design, enhancing breathability and adding a sophisticated visual texture. Equipped with a lightweight and flexible EVA sole, ensuring superior comfort and support for all-day wear. Classic slip-on loafer style, ideal for versatile styling from casual outings to\u2026","_links":{"self":[{"href":"https:\/\/turkishtrade.co\/fr\/wp-json\/wp\/v2\/product\/8351","targetHints":{"allow":["GET"]}}],"collection":[{"href":"https:\/\/turkishtrade.co\/fr\/wp-json\/wp\/v2\/product"}],"about":[{"href":"https:\/\/turkishtrade.co\/fr\/wp-json\/wp\/v2\/types\/product"}],"wp:featuredmedia":[{"embeddable":true,"href":"https:\/\/turkishtrade.co\/fr\/wp-json\/wp\/v2\/media\/6890"}],"wp:attachment":[{"href":"https:\/\/turkishtrade.co\/fr\/wp-json\/wp\/v2\/media?parent=8351"}],"wp:term":[{"taxonomy":"product_brand","embeddable":true,"href":"https:\/\/turkishtrade.co\/fr\/wp-json\/wp\/v2\/product_brand?post=8351"},{"taxonomy":"product_cat","embeddable":true,"href":"https:\/\/turkishtrade.co\/fr\/wp-json\/wp\/v2\/product_cat?post=8351"},{"taxonomy":"product_tag","embeddable":true,"href":"https:\/\/turkishtrade.co\/fr\/wp-json\/wp\/v2\/product_tag?post=8351"}],"curies":[{"name":"wp","href":"https:\/\/api.w.org\/{rel}","templated":true}]}}