{"id":8348,"date":"2026-01-29T14:49:33","date_gmt":"2026-01-29T14:49:33","guid":{"rendered":"https:\/\/turkishtrade.co\/?post_type=product&#038;p=8348"},"modified":"2026-04-09T20:28:37","modified_gmt":"2026-04-09T20:28:37","slug":"mens-genuine-leather-classic-shoes","status":"publish","type":"product","link":"https:\/\/turkishtrade.co\/fr\/shop\/mens-genuine-leather-classic-shoes\/","title":{"rendered":"Chaussures classiques en cuir v\u00e9ritable pour hommes Sensational | Oxford classique en cuir v\u00e9ritable pour hommes"},"content":{"rendered":"<p><strong>Chaussures classiques en cuir v\u00e9ritable pour hommes<\/strong>. Une qualit\u00e9 et un design sensationnels.<\/p>\n<p>Entrez dans une sophistication in\u00e9gal\u00e9e gr\u00e2ce \u00e0 nos magnifiques <strong>Chaussures classiques en cuir v\u00e9ritable pour hommes<\/strong>. Con\u00e7ues pour le gentleman exigeant, ces chaussures allient savoir-faire traditionnel et confort moderne, ce qui en fait un compl\u00e9ment indispensable \u00e0 toute garde-robe. Chaque paire est m\u00e9ticuleusement fabriqu\u00e9e en cuir v\u00e9ritable de premi\u00e8re qualit\u00e9, garantissant non seulement une esth\u00e9tique luxueuse, mais aussi une durabilit\u00e9 exceptionnelle qui r\u00e9siste \u00e0 l'\u00e9preuve du temps. La riche teinte marron fonc\u00e9, associ\u00e9e \u00e0 la texture subtile de l'empeigne et des quartiers, d\u00e9gage un air d'\u00e9l\u00e9gance discr\u00e8te qui convient \u00e0 une multitude d'occasions.<\/p>\n<h3>Un savoir-faire in\u00e9gal\u00e9 et des mat\u00e9riaux de premi\u00e8re qualit\u00e9<\/h3>\n<p>Notre engagement en faveur de la qualit\u00e9 est \u00e9vident dans chaque point et chaque d\u00e9tail de ces chaussures classiques. L'utilisation de cuir v\u00e9ritable, notamment de cuir de ch\u00e8vre et de veau, permet d'obtenir une tige souple et robuste qui se moule \u00e0 votre pied au fil du temps, offrant ainsi un ajustement personnalis\u00e9. La silhouette Oxford intemporelle est rehauss\u00e9e par un design cap toe distinct, une marque de fabrique de la chaussure formelle, ce qui fait de ces chaussures des chaussures \u00e0 la fois souples et robustes. <strong>Chaussures classiques en cuir v\u00e9ritable pour hommes<\/strong> Id\u00e9ale pour les r\u00e9unions d'affaires, les \u00e9v\u00e9nements formels ou toute autre occasion o\u00f9 une apparence soign\u00e9e est primordiale. Sous l'ext\u00e9rieur raffin\u00e9 se cache une semelle EVA confortable, connue pour ses propri\u00e9t\u00e9s l\u00e9g\u00e8res et son excellente absorption des chocs, garantissant le confort m\u00eame en cas de port prolong\u00e9.<\/p>\n<h3>Style intemporel et \u00e9l\u00e9gance polyvalente<\/h3>\n<p>La teinte marron fonc\u00e9 de ces chaussures de ville offre une immense polyvalence, s'associant parfaitement \u00e0 une gamme de costumes formels, de pantalons d\u00e9contract\u00e9s \u00e9l\u00e9gants et m\u00eame de jeans sophistiqu\u00e9s. Que vous assistiez \u00e0 un mariage ou \u00e0 un gala, ou que vous souhaitiez simplement rehausser votre tenue de bureau quotidienne, ces chaussures apportent la touche finale parfaite. La fermeture \u00e0 lacets assure un bon maintien, tandis que les coutures impeccables de la semelle soulignent la qualit\u00e9 de la construction. Investissez dans une paire de chaussures qui ne se contente pas d'\u00eatre exceptionnelle, mais qui vous promet un style et un confort durables pour les ann\u00e9es \u00e0 venir.<\/p>\n<p>Pour les d\u00e9taillants et les entreprises qui souhaitent proposer des chaussures de haute qualit\u00e9, nos <strong>Chaussures classiques en cuir v\u00e9ritable pour hommes<\/strong> sont disponibles \u00e0 l'achat en gros. Avec une commande minimum de seulement 8 paires, vous pouvez facilement approvisionner votre stock avec ces chaussures classiques recherch\u00e9es, qui s\u00e9duisent les clients qui appr\u00e9cient le travail du cuir v\u00e9ritable et le design intemporel. Am\u00e9liorez votre collection avec des chaussures qui allient \u00e9l\u00e9gance, confort et valeur exceptionnelle.<\/p>","protected":false},"excerpt":{"rendered":"<ul>\n<li>Fabriqu\u00e9 de mani\u00e8re experte en cuir v\u00e9ritable de premi\u00e8re qualit\u00e9 pour un aspect et un toucher luxueux.<\/li>\n<li>Elle pr\u00e9sente un design Oxford classique et intemporel, avec des d\u00e9tails \u00e9l\u00e9gants au niveau du bout du pied.<\/li>\n<li>Dot\u00e9e d'une semelle EVA confortable et l\u00e9g\u00e8re pour une utilisation tout au long de la journ\u00e9e.<\/li>\n<li>Disponible dans une large gamme de tailles allant de 39 \u00e0 45 pour garantir un ajustement parfait.<\/li>\n<li>Les commandes en gros sont les bienvenues avec une quantit\u00e9 minimale de 8 paires.<\/li>\n<\/ul>","protected":false},"featured_media":6887,"template":"","meta":{"_acf_changed":false,"_uag_custom_page_level_css":"","site-sidebar-layout":"default","site-content-layout":"","ast-site-content-layout":"default","site-content-style":"default","site-sidebar-style":"default","ast-global-header-display":"","ast-banner-title-visibility":"","ast-main-header-display":"","ast-hfb-above-header-display":"","ast-hfb-below-header-display":"","ast-hfb-mobile-header-display":"","site-post-title":"","ast-breadcrumbs-content":"","ast-featured-img":"","footer-sml-layout":"","ast-disable-related-posts":"","theme-transparent-header-meta":"","adv-header-id-meta":"","stick-header-meta":"","header-above-stick-meta":"","header-main-stick-meta":"","header-below-stick-meta":"","astra-migrate-meta-layouts":"default","ast-page-background-enabled":"default","ast-page-background-meta":{"desktop":{"background-color":"var(--ast-global-color-4)","background-image":"","background-repeat":"repeat","background-position":"center center","background-size":"auto","background-attachment":"scroll","background-type":"","background-media":"","overlay-type":"","overlay-color":"","overlay-opacity":"","overlay-gradient":""},"tablet":{"background-color":"","background-image":"","background-repeat":"repeat","background-position":"center center","background-size":"auto","background-attachment":"scroll","background-type":"","background-media":"","overlay-type":"","overlay-color":"","overlay-opacity":"","overlay-gradient":""},"mobile":{"background-color":"","background-image":"","background-repeat":"repeat","background-position":"center center","background-size":"auto","background-attachment":"scroll","background-type":"","background-media":"","overlay-type":"","overlay-color":"","overlay-opacity":"","overlay-gradient":""}},"ast-content-background-meta":{"desktop":{"background-color":"var(--ast-global-color-5)","background-image":"","background-repeat":"repeat","background-position":"center center","background-size":"auto","background-attachment":"scroll","background-type":"","background-media":"","overlay-type":"","overlay-color":"","overlay-opacity":"","overlay-gradient":""},"tablet":{"background-color":"var(--ast-global-color-5)","background-image":"","background-repeat":"repeat","background-position":"center center","background-size":"auto","background-attachment":"scroll","background-type":"","background-media":"","overlay-type":"","overlay-color":"","overlay-opacity":"","overlay-gradient":""},"mobile":{"background-color":"var(--ast-global-color-5)","background-image":"","background-repeat":"repeat","background-position":"center center","background-size":"auto","background-attachment":"scroll","background-type":"","background-media":"","overlay-type":"","overlay-color":"","overlay-opacity":"","overlay-gradient":""}}},"product_brand":[],"product_cat":[47,430,1200],"product_tag":[292,145,284,438,251,221,351,204,281],"class_list":{"0":"post-8348","1":"product","2":"type-product","3":"status-publish","4":"has-post-thumbnail","6":"product_cat-classic","7":"product_cat-men","8":"product_cat-mens-shoes-2","9":"product_tag-brown-leather-shoes","10":"product_tag-classic-shoes","11":"product_tag-dress-shoes","12":"product_tag-eva-sole","13":"product_tag-formal-shoes","14":"product_tag-genuine-leather","15":"product_tag-leather-footwear","16":"product_tag-oxford-shoes","17":"product_tag-wholesale-shoes","18":"desktop-align-center","19":"tablet-align-center","20":"mobile-align-center","22":"first","23":"instock","24":"shipping-taxable","25":"purchasable","26":"product-type-variable","27":"has-default-attributes"},"acf":[],"uagb_featured_image_src":{"full":["https:\/\/turkishtrade.co\/wp-content\/uploads\/2026\/01\/2600NZWMN00032-BROWN.png",453,250,false],"thumbnail":["https:\/\/turkishtrade.co\/wp-content\/uploads\/2026\/01\/2600NZWMN00032-BROWN-150x150.png",150,150,true],"medium":["https:\/\/turkishtrade.co\/wp-content\/uploads\/2026\/01\/2600NZWMN00032-BROWN-300x166.png",300,166,true],"medium_large":["https:\/\/turkishtrade.co\/wp-content\/uploads\/2026\/01\/2600NZWMN00032-BROWN.png",453,250,false],"large":["https:\/\/turkishtrade.co\/wp-content\/uploads\/2026\/01\/2600NZWMN00032-BROWN.png",453,250,false],"1536x1536":["https:\/\/turkishtrade.co\/wp-content\/uploads\/2026\/01\/2600NZWMN00032-BROWN.png",453,250,false],"2048x2048":["https:\/\/turkishtrade.co\/wp-content\/uploads\/2026\/01\/2600NZWMN00032-BROWN.png",453,250,false],"trp-custom-language-flag":["https:\/\/turkishtrade.co\/wp-content\/uploads\/2026\/01\/2600NZWMN00032-BROWN-18x10.png",18,10,true],"woocommerce_thumbnail":["https:\/\/turkishtrade.co\/wp-content\/uploads\/2026\/01\/2600NZWMN00032-BROWN-400x250.png",400,250,true],"woocommerce_single":["https:\/\/turkishtrade.co\/wp-content\/uploads\/2026\/01\/2600NZWMN00032-BROWN.png",453,250,false],"woocommerce_gallery_thumbnail":["https:\/\/turkishtrade.co\/wp-content\/uploads\/2026\/01\/2600NZWMN00032-BROWN-100x100.png",100,100,true]},"uagb_author_info":{"display_name":"python python","author_link":"https:\/\/turkishtrade.co\/fr\/author\/"},"uagb_comment_info":0,"uagb_excerpt":"Expertly crafted from premium genuine leather for a luxurious look and feel. Features a timeless classic Oxford design with elegant cap-toe detailing. Equipped with a comfortable and lightweight EVA sole for all-day wear. Available in a wide range of sizes from 39 to 45 to ensure a perfect fit. Wholesale orders welcome with a minimum\u2026","_links":{"self":[{"href":"https:\/\/turkishtrade.co\/fr\/wp-json\/wp\/v2\/product\/8348","targetHints":{"allow":["GET"]}}],"collection":[{"href":"https:\/\/turkishtrade.co\/fr\/wp-json\/wp\/v2\/product"}],"about":[{"href":"https:\/\/turkishtrade.co\/fr\/wp-json\/wp\/v2\/types\/product"}],"wp:featuredmedia":[{"embeddable":true,"href":"https:\/\/turkishtrade.co\/fr\/wp-json\/wp\/v2\/media\/6887"}],"wp:attachment":[{"href":"https:\/\/turkishtrade.co\/fr\/wp-json\/wp\/v2\/media?parent=8348"}],"wp:term":[{"taxonomy":"product_brand","embeddable":true,"href":"https:\/\/turkishtrade.co\/fr\/wp-json\/wp\/v2\/product_brand?post=8348"},{"taxonomy":"product_cat","embeddable":true,"href":"https:\/\/turkishtrade.co\/fr\/wp-json\/wp\/v2\/product_cat?post=8348"},{"taxonomy":"product_tag","embeddable":true,"href":"https:\/\/turkishtrade.co\/fr\/wp-json\/wp\/v2\/product_tag?post=8348"}],"curies":[{"name":"wp","href":"https:\/\/api.w.org\/{rel}","templated":true}]}}