{"id":8346,"date":"2026-01-29T14:49:33","date_gmt":"2026-01-29T14:49:33","guid":{"rendered":"https:\/\/turkishtrade.co\/?post_type=product&#038;p=8346"},"modified":"2026-04-09T20:28:45","modified_gmt":"2026-04-09T20:28:45","slug":"black-patent-leather-oxford-dress-shoes","status":"publish","type":"product","link":"https:\/\/turkishtrade.co\/fr\/shop\/black-patent-leather-oxford-dress-shoes\/","title":{"rendered":"Oxford en cuir verni noir Chaussures habill\u00e9es Exclusive | Men's"},"content":{"rendered":"<p><strong>Chaussures habill\u00e9es Oxford en cuir verni noir<\/strong>. Qualit\u00e9 et design exclusifs.<\/p>\n<p>Lorsque la sophistication vous appelle, r\u00e9pondez avec une \u00e9l\u00e9gance in\u00e9gal\u00e9e dans notre <strong>Chaussures habill\u00e9es Oxford en cuir verni noir<\/strong>. M\u00e9ticuleusement fabriqu\u00e9es \u00e0 la main pour le gentleman exigeant, ces chaussures sont l'incarnation d'un style et d'un luxe intemporels. Parfaites pour les \u00e9v\u00e9nements en tenue noire, les mariages, les galas et toute autre occasion exigeant une d\u00e9claration sartoriale raffin\u00e9e, nos <strong>chaussures de sport en cuir verni noir<\/strong> pour que vous laissiez une impression durable.<\/p>\n<h3>Un savoir-faire in\u00e9gal\u00e9 et des mat\u00e9riaux de premi\u00e8re qualit\u00e9<\/h3>\n<p>Chaque paire de ces exquises <strong>chaussures de ville en cuir verni noir<\/strong> t\u00e9moigne d'un savoir-faire sup\u00e9rieur. La tige est fabriqu\u00e9e \u00e0 partir du cuir de veau v\u00e9ritable le plus fin, poli pour obtenir une finition vernie brillante qui capte magnifiquement la lumi\u00e8re. \u00c0 l'int\u00e9rieur, vos pieds sont berc\u00e9s par le confort d'une doublure en cuir de ch\u00e8vre v\u00e9ritable, douce et respirante, qui garantit un port luxueux m\u00eame pendant de longues p\u00e9riodes. Cette combinaison de mat\u00e9riaux haut de gamme est non seulement un gage de qualit\u00e9, mais elle garantit \u00e9galement une durabilit\u00e9 et un confort exceptionnels.<\/p>\n<h3>Un design intemporel pour un confort moderne<\/h3>\n<p>La silhouette Oxford classique est r\u00e9put\u00e9e pour ses lignes \u00e9pur\u00e9es et son syst\u00e8me de la\u00e7age ferm\u00e9, offrant une esth\u00e9tique formelle qui ne se d\u00e9mode jamais. Nos <strong>chaussures en cuir verni noir pour hommes<\/strong> pr\u00e9sentent ce design embl\u00e9matique, ce qui en fait une pierre angulaire polyvalente de toute garde-robe sophistiqu\u00e9e. Tout en d\u00e9gageant un charme traditionnel, ces chaussures sont con\u00e7ues pour offrir un confort contemporain. Elles sont dot\u00e9es d'une semelle int\u00e9rieure l\u00e9g\u00e8re en EVA, offrant un excellent soutien et r\u00e9duisant la fatigue du pied, ce qui vous permet de vous d\u00e9placer avec confiance et aisance tout au long de la journ\u00e9e ou de la soir\u00e9e. La semelle ext\u00e9rieure en cuir robuste et de haute qualit\u00e9 renforce encore la long\u00e9vit\u00e9 de la chaussure et son attrait traditionnel.<\/p>\n<h3>Le choix parfait pour toutes les occasions formelles<\/h3>\n<p>Que vous marchiez vers l'autel, que vous assistiez \u00e0 une r\u00e9union d'affaires cruciale ou que vous fouliez le tapis rouge, notre <strong>chaussures de ville en cuir verni noir<\/strong> sont votre compagnon id\u00e9al. Elles compl\u00e8tent sans effort un smoking, un costume \u00e9l\u00e9gant ou toute autre tenue formelle, rehaussant votre look gr\u00e2ce \u00e0 leur brillance impeccable et \u00e0 leur pr\u00e9sence distingu\u00e9e. Disponibles dans une gamme compl\u00e8te de tailles europ\u00e9ennes allant du 39 au 45, il est facile de trouver la taille id\u00e9ale. En investissant dans ces <strong>chaussures habill\u00e9es en cuir verni<\/strong> est un investissement dans un style durable et une confiance in\u00e9branlable.<\/p>\n<p>D\u00e9couvrez l'alliance de la tradition et de l'innovation. Ces magnifiques <strong>chaussures de sport en cuir verni noir<\/strong> sont con\u00e7ues pour offrir \u00e0 la fois un impact visuel et un confort in\u00e9gal\u00e9. Nous proposons \u00e9galement des prix de gros attractifs avec une commande minimum de 8 paires, ce qui en fait un excellent choix pour les d\u00e9taillants \u00e0 la recherche de chaussures formelles de haute qualit\u00e9. Am\u00e9liorez votre collection avec ces chaussures essentielles. <strong>chaussures de ville en cuir verni noir<\/strong> aujourd'hui.<\/p>","protected":false},"excerpt":{"rendered":"<ul>\n<li>Tige exquise en cuir de veau v\u00e9ritable avec finition vernie<\/li>\n<li>Doublure int\u00e9rieure en cuir de ch\u00e8vre luxueux pour une meilleure respirabilit\u00e9<\/li>\n<li>Design Oxford classique pour une \u00e9l\u00e9gance intemporelle<\/li>\n<li>Semelle int\u00e9rieure coussin\u00e9e EVA am\u00e9liorant le confort<\/li>\n<li>Semelle ext\u00e9rieure en cuir durable et \u00e9l\u00e9gante<\/li>\n<li>Disponible en tailles europ\u00e9ennes : 39, 40, 41, 42, 43, 44, 45<\/li>\n<li>Les commandes en gros sont les bienvenues (minimum 8 paires)<\/li>\n<\/ul>","protected":false},"featured_media":6884,"template":"","meta":{"_acf_changed":false,"_uag_custom_page_level_css":"","site-sidebar-layout":"default","site-content-layout":"","ast-site-content-layout":"default","site-content-style":"default","site-sidebar-style":"default","ast-global-header-display":"","ast-banner-title-visibility":"","ast-main-header-display":"","ast-hfb-above-header-display":"","ast-hfb-below-header-display":"","ast-hfb-mobile-header-display":"","site-post-title":"","ast-breadcrumbs-content":"","ast-featured-img":"","footer-sml-layout":"","ast-disable-related-posts":"","theme-transparent-header-meta":"","adv-header-id-meta":"","stick-header-meta":"","header-above-stick-meta":"","header-main-stick-meta":"","header-below-stick-meta":"","astra-migrate-meta-layouts":"default","ast-page-background-enabled":"default","ast-page-background-meta":{"desktop":{"background-color":"var(--ast-global-color-4)","background-image":"","background-repeat":"repeat","background-position":"center center","background-size":"auto","background-attachment":"scroll","background-type":"","background-media":"","overlay-type":"","overlay-color":"","overlay-opacity":"","overlay-gradient":""},"tablet":{"background-color":"","background-image":"","background-repeat":"repeat","background-position":"center center","background-size":"auto","background-attachment":"scroll","background-type":"","background-media":"","overlay-type":"","overlay-color":"","overlay-opacity":"","overlay-gradient":""},"mobile":{"background-color":"","background-image":"","background-repeat":"repeat","background-position":"center center","background-size":"auto","background-attachment":"scroll","background-type":"","background-media":"","overlay-type":"","overlay-color":"","overlay-opacity":"","overlay-gradient":""}},"ast-content-background-meta":{"desktop":{"background-color":"var(--ast-global-color-5)","background-image":"","background-repeat":"repeat","background-position":"center center","background-size":"auto","background-attachment":"scroll","background-type":"","background-media":"","overlay-type":"","overlay-color":"","overlay-opacity":"","overlay-gradient":""},"tablet":{"background-color":"var(--ast-global-color-5)","background-image":"","background-repeat":"repeat","background-position":"center center","background-size":"auto","background-attachment":"scroll","background-type":"","background-media":"","overlay-type":"","overlay-color":"","overlay-opacity":"","overlay-gradient":""},"mobile":{"background-color":"var(--ast-global-color-5)","background-image":"","background-repeat":"repeat","background-position":"center center","background-size":"auto","background-attachment":"scroll","background-type":"","background-media":"","overlay-type":"","overlay-color":"","overlay-opacity":"","overlay-gradient":""}}},"product_brand":[],"product_cat":[47,430,1200],"product_tag":[663,1285,1317,734,198,565,1316,1318,664,675],"class_list":{"0":"post-8346","1":"product","2":"type-product","3":"status-publish","4":"has-post-thumbnail","6":"product_cat-classic","7":"product_cat-men","8":"product_cat-mens-shoes-2","9":"product_tag-black-patent-leather-shoes","10":"product_tag-classic-dress-shoes","11":"product_tag-genuine-leather-oxfords","12":"product_tag-luxury-dress-shoes","13":"product_tag-mens-fashion","14":"product_tag-mens-formal-shoes","15":"product_tag-oxford-dress-shoes","16":"product_tag-patent-leather-oxfords","17":"product_tag-tuxedo-shoes","18":"product_tag-wedding-shoes","19":"desktop-align-center","20":"tablet-align-center","21":"mobile-align-center","23":"first","24":"instock","25":"shipping-taxable","26":"purchasable","27":"product-type-variable","28":"has-default-attributes"},"acf":[],"uagb_featured_image_src":{"full":["https:\/\/turkishtrade.co\/wp-content\/uploads\/2026\/01\/2600NZWMN00030-BLACK.png",453,250,false],"thumbnail":["https:\/\/turkishtrade.co\/wp-content\/uploads\/2026\/01\/2600NZWMN00030-BLACK-150x150.png",150,150,true],"medium":["https:\/\/turkishtrade.co\/wp-content\/uploads\/2026\/01\/2600NZWMN00030-BLACK-300x166.png",300,166,true],"medium_large":["https:\/\/turkishtrade.co\/wp-content\/uploads\/2026\/01\/2600NZWMN00030-BLACK.png",453,250,false],"large":["https:\/\/turkishtrade.co\/wp-content\/uploads\/2026\/01\/2600NZWMN00030-BLACK.png",453,250,false],"1536x1536":["https:\/\/turkishtrade.co\/wp-content\/uploads\/2026\/01\/2600NZWMN00030-BLACK.png",453,250,false],"2048x2048":["https:\/\/turkishtrade.co\/wp-content\/uploads\/2026\/01\/2600NZWMN00030-BLACK.png",453,250,false],"trp-custom-language-flag":["https:\/\/turkishtrade.co\/wp-content\/uploads\/2026\/01\/2600NZWMN00030-BLACK-18x10.png",18,10,true],"woocommerce_thumbnail":["https:\/\/turkishtrade.co\/wp-content\/uploads\/2026\/01\/2600NZWMN00030-BLACK-400x250.png",400,250,true],"woocommerce_single":["https:\/\/turkishtrade.co\/wp-content\/uploads\/2026\/01\/2600NZWMN00030-BLACK.png",453,250,false],"woocommerce_gallery_thumbnail":["https:\/\/turkishtrade.co\/wp-content\/uploads\/2026\/01\/2600NZWMN00030-BLACK-100x100.png",100,100,true]},"uagb_author_info":{"display_name":"python python","author_link":"https:\/\/turkishtrade.co\/fr\/author\/"},"uagb_comment_info":0,"uagb_excerpt":"Exquisite Genuine Calf Leather Upper with Patent Finish Luxurious Goat Leather Inner Lining for Breathability Classic Oxford Design for Timeless Elegance Comfort-Enhancing EVA Cushioned Insole Durable and Stylish Leather Outsole Available in European Sizes: 39, 40, 41, 42, 43, 44, 45 Wholesale orders welcome (minimum 8 pairs)","_links":{"self":[{"href":"https:\/\/turkishtrade.co\/fr\/wp-json\/wp\/v2\/product\/8346","targetHints":{"allow":["GET"]}}],"collection":[{"href":"https:\/\/turkishtrade.co\/fr\/wp-json\/wp\/v2\/product"}],"about":[{"href":"https:\/\/turkishtrade.co\/fr\/wp-json\/wp\/v2\/types\/product"}],"wp:featuredmedia":[{"embeddable":true,"href":"https:\/\/turkishtrade.co\/fr\/wp-json\/wp\/v2\/media\/6884"}],"wp:attachment":[{"href":"https:\/\/turkishtrade.co\/fr\/wp-json\/wp\/v2\/media?parent=8346"}],"wp:term":[{"taxonomy":"product_brand","embeddable":true,"href":"https:\/\/turkishtrade.co\/fr\/wp-json\/wp\/v2\/product_brand?post=8346"},{"taxonomy":"product_cat","embeddable":true,"href":"https:\/\/turkishtrade.co\/fr\/wp-json\/wp\/v2\/product_cat?post=8346"},{"taxonomy":"product_tag","embeddable":true,"href":"https:\/\/turkishtrade.co\/fr\/wp-json\/wp\/v2\/product_tag?post=8346"}],"curies":[{"name":"wp","href":"https:\/\/api.w.org\/{rel}","templated":true}]}}