{"id":8328,"date":"2026-01-29T14:49:19","date_gmt":"2026-01-29T14:49:19","guid":{"rendered":"https:\/\/turkishtrade.co\/?post_type=product&#038;p=8328"},"modified":"2026-04-09T20:28:52","modified_gmt":"2026-04-09T20:28:52","slug":"mens-black-leather-loafers-14","status":"publish","type":"product","link":"https:\/\/turkishtrade.co\/fr\/shop\/mens-black-leather-loafers-14\/","title":{"rendered":"Mocassins en cuir noir pour hommes Best-Selling | Mocassins en cuir v\u00e9ritable noir pour hommes Classic"},"content":{"rendered":"<p><strong>Mocassins en cuir noir pour hommes<\/strong>. La qualit\u00e9 et le design les plus vendus.<\/p>\n<p>D\u00e9couvrez l'incarnation d'un style classique et d'un confort in\u00e9gal\u00e9 avec notre exquise <strong>Mocassins en cuir noir pour hommes<\/strong>. Con\u00e7us pour l'homme exigeant, ces mocassins haut de gamme allient savoir-faire traditionnel et \u00e9l\u00e9gance moderne. Chaque paire est m\u00e9ticuleusement fabriqu\u00e9e \u00e0 partir du cuir noir v\u00e9ritable le plus fin, promettant non seulement un toucher luxueux mais aussi une durabilit\u00e9 exceptionnelle qui r\u00e9siste \u00e0 l'\u00e9preuve du temps. La finition riche et textur\u00e9e du cuir est imm\u00e9diatement synonyme de qualit\u00e9, ce qui fait de ces mocassins plus que de simples chaussures - ils sont l'expression d'un go\u00fbt sophistiqu\u00e9.<\/p>\n<h3>Qualit\u00e9 in\u00e9gal\u00e9e et design intemporel<\/h3>\n<p>Notre <strong>Mocassins en cuir noir pour hommes<\/strong> pr\u00e9sentent une silhouette intemporelle \u00e0 enfiler, caract\u00e9ris\u00e9e par l'embl\u00e9matique bride penny sur l'empeigne. Ce design classique garantit la polyvalence de ces mocassins, qui passent sans probl\u00e8me d'une tenue d'affaires formelle \u00e0 un ensemble \u00e9l\u00e9gant et d\u00e9contract\u00e9 pour le week-end. La teinte noire profonde offre une finition \u00e9l\u00e9gante et polie qui s'associe sans effort \u00e0 un large \u00e9ventail de tenues, des costumes cintr\u00e9s aux chinos ou aux jeans sombres. Faites l'exp\u00e9rience de la confiance que procure le port de chaussures \u00e0 la fois \u00e9l\u00e9gantes et durables.<\/p>\n<p>Au-del\u00e0 de leur apparence frappante, ces chaussures classiques en cuir v\u00e9ritable sont con\u00e7ues pour un confort ultime. La tige en cuir souple se moule \u00e0 votre pied au fil du temps, offrant un ajustement sur mesure. La semelle robuste, fabriqu\u00e9e avec le souci du d\u00e9tail, offre un excellent soutien et une grande stabilit\u00e9 pour une utilisation tout au long de la journ\u00e9e. Que vous naviguiez dans le paysage urbain ou que vous assistiez \u00e0 un \u00e9v\u00e9nement important, vous appr\u00e9cierez la sensation sup\u00e9rieure et la construction robuste de ces mocassins exceptionnels. Nous comprenons l'importance d'un ajustement parfait, c'est pourquoi nos <strong>Mocassins en cuir noir pour hommes<\/strong> sont disponibles dans une large gamme de tailles allant de 39 \u00e0 45.<\/p>\n<h3>Investir dans un style et un confort durables<\/h3>\n<p>Choisir notre <strong>Mocassins en cuir noir pour hommes<\/strong> signifie investir dans une chaussure qui allie tradition et besoins contemporains. L'engagement d'utiliser du cuir v\u00e9ritable ne rehausse pas seulement l'attrait esth\u00e9tique, mais contribue \u00e9galement \u00e0 la respirabilit\u00e9 et \u00e0 la long\u00e9vit\u00e9 de la chaussure. Ces mocassins sont con\u00e7us pour \u00eatre la pierre angulaire de votre garde-robe pendant des ann\u00e9es, et pour s'\u00e9panouir avec l'\u00e2ge et l'usure. Pour les d\u00e9taillants et les entreprises qui souhaitent offrir des chaussures de qualit\u00e9 sup\u00e9rieure \u00e0 leur client\u00e8le, nous proposons \u00e9galement des options de vente en gros attrayantes avec une commande minimum de 8 paires. Rehaussez votre collection et offrez \u00e0 vos clients l'\u00e9l\u00e9gance intemporelle et le confort de ces magnifiques mocassins en cuir v\u00e9ritable.<\/p>","protected":false},"excerpt":{"rendered":"<ul>\n<li>Fabriqu\u00e9 avec soin en cuir noir v\u00e9ritable pour une qualit\u00e9 sup\u00e9rieure.<\/li>\n<li>Un mocassin classique avec une lani\u00e8re raffin\u00e9e, pour une sophistication intemporelle.<\/li>\n<li>Style confortable \u00e0 enfiler, id\u00e9al pour une \u00e9l\u00e9gance sans effort et une tenue polyvalente.<\/li>\n<li>Construction durable avec une semelle en cuir m\u00e9ticuleusement cousue.<\/li>\n<li>Disponible dans une large gamme de tailles : 39, 40, 41, 42, 43, 44, 45.<\/li>\n<li>Des possibilit\u00e9s de vente en gros sont disponibles \u00e0 partir d'une quantit\u00e9 minimale de 8 paires.<\/li>\n<\/ul>","protected":false},"featured_media":6882,"template":"","meta":{"_acf_changed":false,"_uag_custom_page_level_css":"","site-sidebar-layout":"default","site-content-layout":"","ast-site-content-layout":"default","site-content-style":"default","site-sidebar-style":"default","ast-global-header-display":"","ast-banner-title-visibility":"","ast-main-header-display":"","ast-hfb-above-header-display":"","ast-hfb-below-header-display":"","ast-hfb-mobile-header-display":"","site-post-title":"","ast-breadcrumbs-content":"","ast-featured-img":"","footer-sml-layout":"","ast-disable-related-posts":"","theme-transparent-header-meta":"","adv-header-id-meta":"","stick-header-meta":"","header-above-stick-meta":"","header-main-stick-meta":"","header-below-stick-meta":"","astra-migrate-meta-layouts":"default","ast-page-background-enabled":"default","ast-page-background-meta":{"desktop":{"background-color":"var(--ast-global-color-4)","background-image":"","background-repeat":"repeat","background-position":"center center","background-size":"auto","background-attachment":"scroll","background-type":"","background-media":"","overlay-type":"","overlay-color":"","overlay-opacity":"","overlay-gradient":""},"tablet":{"background-color":"","background-image":"","background-repeat":"repeat","background-position":"center center","background-size":"auto","background-attachment":"scroll","background-type":"","background-media":"","overlay-type":"","overlay-color":"","overlay-opacity":"","overlay-gradient":""},"mobile":{"background-color":"","background-image":"","background-repeat":"repeat","background-position":"center center","background-size":"auto","background-attachment":"scroll","background-type":"","background-media":"","overlay-type":"","overlay-color":"","overlay-opacity":"","overlay-gradient":""}},"ast-content-background-meta":{"desktop":{"background-color":"var(--ast-global-color-5)","background-image":"","background-repeat":"repeat","background-position":"center center","background-size":"auto","background-attachment":"scroll","background-type":"","background-media":"","overlay-type":"","overlay-color":"","overlay-opacity":"","overlay-gradient":""},"tablet":{"background-color":"var(--ast-global-color-5)","background-image":"","background-repeat":"repeat","background-position":"center center","background-size":"auto","background-attachment":"scroll","background-type":"","background-media":"","overlay-type":"","overlay-color":"","overlay-opacity":"","overlay-gradient":""},"mobile":{"background-color":"var(--ast-global-color-5)","background-image":"","background-repeat":"repeat","background-position":"center center","background-size":"auto","background-attachment":"scroll","background-type":"","background-media":"","overlay-type":"","overlay-color":"","overlay-opacity":"","overlay-gradient":""}}},"product_brand":[],"product_cat":[47,430,1200],"product_tag":[1314,513,457,1315,952,297,733,565,279,184],"class_list":{"0":"post-8328","1":"product","2":"type-product","3":"status-publish","4":"has-post-thumbnail","6":"product_cat-classic","7":"product_cat-men","8":"product_cat-mens-shoes-2","9":"product_tag-black-leather-footwear","10":"product_tag-business-casual-shoes","11":"product_tag-classic-loafers","12":"product_tag-elegant-mens-loafers","13":"product_tag-genuine-leather-shoes","14":"product_tag-handmade-leather-shoes","15":"product_tag-mens-black-leather-loafers","16":"product_tag-mens-formal-shoes","17":"product_tag-penny-loafers","18":"product_tag-slip-on-shoes","19":"desktop-align-center","20":"tablet-align-center","21":"mobile-align-center","23":"first","24":"instock","25":"shipping-taxable","26":"purchasable","27":"product-type-variable","28":"has-default-attributes"},"acf":[],"uagb_featured_image_src":{"full":["https:\/\/turkishtrade.co\/wp-content\/uploads\/2026\/01\/2600NZWMN00029-BLACK.png",453,250,false],"thumbnail":["https:\/\/turkishtrade.co\/wp-content\/uploads\/2026\/01\/2600NZWMN00029-BLACK-150x150.png",150,150,true],"medium":["https:\/\/turkishtrade.co\/wp-content\/uploads\/2026\/01\/2600NZWMN00029-BLACK-300x166.png",300,166,true],"medium_large":["https:\/\/turkishtrade.co\/wp-content\/uploads\/2026\/01\/2600NZWMN00029-BLACK.png",453,250,false],"large":["https:\/\/turkishtrade.co\/wp-content\/uploads\/2026\/01\/2600NZWMN00029-BLACK.png",453,250,false],"1536x1536":["https:\/\/turkishtrade.co\/wp-content\/uploads\/2026\/01\/2600NZWMN00029-BLACK.png",453,250,false],"2048x2048":["https:\/\/turkishtrade.co\/wp-content\/uploads\/2026\/01\/2600NZWMN00029-BLACK.png",453,250,false],"trp-custom-language-flag":["https:\/\/turkishtrade.co\/wp-content\/uploads\/2026\/01\/2600NZWMN00029-BLACK-18x10.png",18,10,true],"woocommerce_thumbnail":["https:\/\/turkishtrade.co\/wp-content\/uploads\/2026\/01\/2600NZWMN00029-BLACK-400x250.png",400,250,true],"woocommerce_single":["https:\/\/turkishtrade.co\/wp-content\/uploads\/2026\/01\/2600NZWMN00029-BLACK.png",453,250,false],"woocommerce_gallery_thumbnail":["https:\/\/turkishtrade.co\/wp-content\/uploads\/2026\/01\/2600NZWMN00029-BLACK-100x100.png",100,100,true]},"uagb_author_info":{"display_name":"python python","author_link":"https:\/\/turkishtrade.co\/fr\/author\/"},"uagb_comment_info":0,"uagb_excerpt":"Exquisitely crafted from genuine black leather for superior quality. Classic loafer design with a refined strap, offering timeless sophistication. Comfortable slip-on style, ideal for effortless elegance and versatile wear. Features a durable construction with a meticulously stitched leather sole. Available in a comprehensive range of sizes: 39, 40, 41, 42, 43, 44, 45. Wholesale opportunities\u2026","_links":{"self":[{"href":"https:\/\/turkishtrade.co\/fr\/wp-json\/wp\/v2\/product\/8328","targetHints":{"allow":["GET"]}}],"collection":[{"href":"https:\/\/turkishtrade.co\/fr\/wp-json\/wp\/v2\/product"}],"about":[{"href":"https:\/\/turkishtrade.co\/fr\/wp-json\/wp\/v2\/types\/product"}],"wp:featuredmedia":[{"embeddable":true,"href":"https:\/\/turkishtrade.co\/fr\/wp-json\/wp\/v2\/media\/6882"}],"wp:attachment":[{"href":"https:\/\/turkishtrade.co\/fr\/wp-json\/wp\/v2\/media?parent=8328"}],"wp:term":[{"taxonomy":"product_brand","embeddable":true,"href":"https:\/\/turkishtrade.co\/fr\/wp-json\/wp\/v2\/product_brand?post=8328"},{"taxonomy":"product_cat","embeddable":true,"href":"https:\/\/turkishtrade.co\/fr\/wp-json\/wp\/v2\/product_cat?post=8328"},{"taxonomy":"product_tag","embeddable":true,"href":"https:\/\/turkishtrade.co\/fr\/wp-json\/wp\/v2\/product_tag?post=8328"}],"curies":[{"name":"wp","href":"https:\/\/api.w.org\/{rel}","templated":true}]}}