{"id":8325,"date":"2026-01-29T14:49:19","date_gmt":"2026-01-29T14:49:19","guid":{"rendered":"https:\/\/turkishtrade.co\/?post_type=product&#038;p=8325"},"modified":"2026-04-09T20:29:06","modified_gmt":"2026-04-09T20:29:06","slug":"mens-classic-tassel-loafers","status":"publish","type":"product","link":"https:\/\/turkishtrade.co\/fr\/shop\/mens-classic-tassel-loafers\/","title":{"rendered":"Mocassins classiques pour hommes Best-Selling | Mocassins classiques en cuir marron pour hommes"},"content":{"rendered":"<p><strong>Mocassins classiques \u00e0 glands pour hommes<\/strong>. La qualit\u00e9 et le design les plus vendus.<\/p>\n<p>D\u00e9couvrez l'incarnation d'un style intemporel et d'un confort sup\u00e9rieur avec notre collection de <strong>Mocassins classiques \u00e0 glands pour hommes<\/strong>. Ces mocassins sont con\u00e7us pour les hommes exigeants qui appr\u00e9cient \u00e0 la fois l'\u00e9l\u00e9gance et la durabilit\u00e9. Ils sont fabriqu\u00e9s avec le plus grand soin en cuir v\u00e9ritable. Que vous assistiez \u00e0 un \u00e9v\u00e9nement formel, que vous vous rendiez au bureau ou que vous assistiez \u00e0 une r\u00e9union sociale sophistiqu\u00e9e, ces chaussures offrent un m\u00e9lange parfait de charme traditionnel et de facilit\u00e9 d'utilisation moderne. La riche teinte brune du cuir offre une polyvalence remarquable, faisant de ces mocassins un compl\u00e9ment essentiel \u00e0 toute garde-robe.<\/p>\n<h3>Un savoir-faire et des mat\u00e9riaux in\u00e9gal\u00e9s<\/h3>\n<p>Chaque paire de nos <strong>Mocassins classiques \u00e0 glands pour hommes<\/strong> t\u00e9moigne d'un savoir-faire exceptionnel. L'ext\u00e9rieur est en cuir de veau v\u00e9ritable de premi\u00e8re qualit\u00e9, choisi pour sa texture lisse, la richesse de ses couleurs et sa remarquable r\u00e9sistance. Ce cuir de haute qualit\u00e9 n'a pas seulement une apparence exquise, il d\u00e9veloppe \u00e9galement une belle patine au fil du temps, ce qui renforce son caract\u00e8re unique. \u00c0 l'int\u00e9rieur, vos pieds seront envelopp\u00e9s dans la douce \u00e9treinte d'une doublure en cuir de ch\u00e8vre v\u00e9ritable, garantissant la respirabilit\u00e9 et le confort tout au long de la journ\u00e9e. Cette attention m\u00e9ticuleuse port\u00e9e \u00e0 la s\u00e9lection des mat\u00e9riaux garantit une sensation de luxe \u00e0 chaque pas.<\/p>\n<h3>Le confort au service d'un design classique<\/h3>\n<p>Au-del\u00e0 de leur apparence \u00e9tonnante, ces <strong>Mocassins classiques \u00e0 glands pour hommes<\/strong> privil\u00e9gient le confort sans compromettre le style. Elles sont dot\u00e9es d'une semelle EVA l\u00e9g\u00e8re et flexible, r\u00e9put\u00e9e pour ses excellentes propri\u00e9t\u00e9s d'absorption des chocs et d'amortissement. Cette technologie de semelle innovante offre une exp\u00e9rience de marche incroyablement confortable, ce qui permet de les porter longtemps. Le d\u00e9tail embl\u00e9matique de la houppe, associ\u00e9 \u00e0 la couture moc-toe, cr\u00e9e une silhouette \u00e0 la fois raffin\u00e9e et classique, qui vous permet de toujours faire bonne figure.<\/p>\n<h3>Un style polyvalent pour toutes les occasions<\/h3>\n<p>Nos mocassins \u00e0 glands en cuir marron sont incroyablement polyvalents. Associez-les \u00e0 un costume cintr\u00e9 pour un look professionnel \u00e9l\u00e9gant, \u00e0 un pantalon chino et \u00e0 un blazer pour une \u00e9l\u00e9gance d\u00e9contract\u00e9e, ou m\u00eame \u00e0 un jean fonc\u00e9 pour un ensemble sophistiqu\u00e9 le week-end. Disponibles dans une large gamme de pointures allant du 39 au 45, il est facile de trouver la chaussure id\u00e9ale. Rehaussez votre collection de chaussures avec ces mocassins au style durable qui passent sans probl\u00e8me du jour \u00e0 la nuit, des occasions formelles aux occasions semi-formelles.<\/p>\n<h3>Possibilit\u00e9s de vente en gros<\/h3>\n<p>Pour les d\u00e9taillants et les entreprises qui cherchent \u00e0 offrir des chaussures de haute qualit\u00e9, nos mocassins classiques \u00e0 glands pour hommes sont disponibles \u00e0 l'achat en gros. Nous demandons une commande minimum de 8 paires, ce qui vous permet d'approvisionner votre stock avec ces chaussures en cuir v\u00e9ritable tr\u00e8s recherch\u00e9es. Contactez-nous d\u00e8s aujourd'hui pour discuter de vos besoins en gros et offrir \u00e0 vos clients des chaussures de qualit\u00e9 sup\u00e9rieure qui allient esth\u00e9tique traditionnelle et confort contemporain.<\/p>","protected":false},"excerpt":{"rendered":"<ul>\n<li>Tige en cuir de veau v\u00e9ritable de premi\u00e8re qualit\u00e9 pour une qualit\u00e9 durable et un attrait sophistiqu\u00e9.<\/li>\n<li>La doublure en cuir de ch\u00e8vre luxueux assure un confort et une respirabilit\u00e9 exceptionnels.<\/li>\n<li>Semelle EVA l\u00e9g\u00e8re et flexible pour un amorti et un soutien tout au long de la journ\u00e9e.<\/li>\n<li>Le design intemporel du pompon ajoute une touche d'\u00e9l\u00e9gance classique \u00e0 n'importe quelle tenue.<\/li>\n<li>Disponible pour les achats en gros avec une commande minimum de 8 paires.<\/li>\n<\/ul>","protected":false},"featured_media":6879,"template":"","meta":{"_acf_changed":false,"_uag_custom_page_level_css":"","site-sidebar-layout":"default","site-content-layout":"","ast-site-content-layout":"default","site-content-style":"default","site-sidebar-style":"default","ast-global-header-display":"","ast-banner-title-visibility":"","ast-main-header-display":"","ast-hfb-above-header-display":"","ast-hfb-below-header-display":"","ast-hfb-mobile-header-display":"","site-post-title":"","ast-breadcrumbs-content":"","ast-featured-img":"","footer-sml-layout":"","ast-disable-related-posts":"","theme-transparent-header-meta":"","adv-header-id-meta":"","stick-header-meta":"","header-above-stick-meta":"","header-main-stick-meta":"","header-below-stick-meta":"","astra-migrate-meta-layouts":"default","ast-page-background-enabled":"default","ast-page-background-meta":{"desktop":{"background-color":"var(--ast-global-color-4)","background-image":"","background-repeat":"repeat","background-position":"center center","background-size":"auto","background-attachment":"scroll","background-type":"","background-media":"","overlay-type":"","overlay-color":"","overlay-opacity":"","overlay-gradient":""},"tablet":{"background-color":"","background-image":"","background-repeat":"repeat","background-position":"center center","background-size":"auto","background-attachment":"scroll","background-type":"","background-media":"","overlay-type":"","overlay-color":"","overlay-opacity":"","overlay-gradient":""},"mobile":{"background-color":"","background-image":"","background-repeat":"repeat","background-position":"center center","background-size":"auto","background-attachment":"scroll","background-type":"","background-media":"","overlay-type":"","overlay-color":"","overlay-opacity":"","overlay-gradient":""}},"ast-content-background-meta":{"desktop":{"background-color":"var(--ast-global-color-5)","background-image":"","background-repeat":"repeat","background-position":"center center","background-size":"auto","background-attachment":"scroll","background-type":"","background-media":"","overlay-type":"","overlay-color":"","overlay-opacity":"","overlay-gradient":""},"tablet":{"background-color":"var(--ast-global-color-5)","background-image":"","background-repeat":"repeat","background-position":"center center","background-size":"auto","background-attachment":"scroll","background-type":"","background-media":"","overlay-type":"","overlay-color":"","overlay-opacity":"","overlay-gradient":""},"mobile":{"background-color":"var(--ast-global-color-5)","background-image":"","background-repeat":"repeat","background-position":"center center","background-size":"auto","background-attachment":"scroll","background-type":"","background-media":"","overlay-type":"","overlay-color":"","overlay-opacity":"","overlay-gradient":""}}},"product_brand":[],"product_cat":[47,430,1200],"product_tag":[292,457,287,352,1294,1310,324,1309,280,456],"class_list":{"0":"post-8325","1":"product","2":"type-product","3":"status-publish","4":"has-post-thumbnail","6":"product_cat-classic","7":"product_cat-men","8":"product_cat-mens-shoes-2","9":"product_tag-brown-leather-shoes","10":"product_tag-classic-loafers","11":"product_tag-eva-sole-shoes","12":"product_tag-formal-loafers","13":"product_tag-genuine-leather-loafers","14":"product_tag-leather-tassel-shoes","15":"product_tag-mens-dress-shoes","16":"product_tag-mens-tassel-loafers","17":"product_tag-smart-casual-shoes","18":"product_tag-wholesale-loafers","19":"desktop-align-center","20":"tablet-align-center","21":"mobile-align-center","23":"first","24":"instock","25":"shipping-taxable","26":"purchasable","27":"product-type-variable","28":"has-default-attributes"},"acf":[],"uagb_featured_image_src":{"full":["https:\/\/turkishtrade.co\/wp-content\/uploads\/2026\/01\/2600NZWMN00026-BROWN.png",453,250,false],"thumbnail":["https:\/\/turkishtrade.co\/wp-content\/uploads\/2026\/01\/2600NZWMN00026-BROWN-150x150.png",150,150,true],"medium":["https:\/\/turkishtrade.co\/wp-content\/uploads\/2026\/01\/2600NZWMN00026-BROWN-300x166.png",300,166,true],"medium_large":["https:\/\/turkishtrade.co\/wp-content\/uploads\/2026\/01\/2600NZWMN00026-BROWN.png",453,250,false],"large":["https:\/\/turkishtrade.co\/wp-content\/uploads\/2026\/01\/2600NZWMN00026-BROWN.png",453,250,false],"1536x1536":["https:\/\/turkishtrade.co\/wp-content\/uploads\/2026\/01\/2600NZWMN00026-BROWN.png",453,250,false],"2048x2048":["https:\/\/turkishtrade.co\/wp-content\/uploads\/2026\/01\/2600NZWMN00026-BROWN.png",453,250,false],"trp-custom-language-flag":["https:\/\/turkishtrade.co\/wp-content\/uploads\/2026\/01\/2600NZWMN00026-BROWN-18x10.png",18,10,true],"woocommerce_thumbnail":["https:\/\/turkishtrade.co\/wp-content\/uploads\/2026\/01\/2600NZWMN00026-BROWN-400x250.png",400,250,true],"woocommerce_single":["https:\/\/turkishtrade.co\/wp-content\/uploads\/2026\/01\/2600NZWMN00026-BROWN.png",453,250,false],"woocommerce_gallery_thumbnail":["https:\/\/turkishtrade.co\/wp-content\/uploads\/2026\/01\/2600NZWMN00026-BROWN-100x100.png",100,100,true]},"uagb_author_info":{"display_name":"python python","author_link":"https:\/\/turkishtrade.co\/fr\/author\/"},"uagb_comment_info":0,"uagb_excerpt":"Premium genuine calf leather upper for lasting quality and sophisticated appeal. Luxurious goat leather lining ensures exceptional comfort and breathability. Lightweight and flexible EVA sole provides all-day cushioning and support. Timeless tassel design adds a touch of classic elegance to any outfit. Available for wholesale purchase with a minimum order of 8 pairs.","_links":{"self":[{"href":"https:\/\/turkishtrade.co\/fr\/wp-json\/wp\/v2\/product\/8325","targetHints":{"allow":["GET"]}}],"collection":[{"href":"https:\/\/turkishtrade.co\/fr\/wp-json\/wp\/v2\/product"}],"about":[{"href":"https:\/\/turkishtrade.co\/fr\/wp-json\/wp\/v2\/types\/product"}],"wp:featuredmedia":[{"embeddable":true,"href":"https:\/\/turkishtrade.co\/fr\/wp-json\/wp\/v2\/media\/6879"}],"wp:attachment":[{"href":"https:\/\/turkishtrade.co\/fr\/wp-json\/wp\/v2\/media?parent=8325"}],"wp:term":[{"taxonomy":"product_brand","embeddable":true,"href":"https:\/\/turkishtrade.co\/fr\/wp-json\/wp\/v2\/product_brand?post=8325"},{"taxonomy":"product_cat","embeddable":true,"href":"https:\/\/turkishtrade.co\/fr\/wp-json\/wp\/v2\/product_cat?post=8325"},{"taxonomy":"product_tag","embeddable":true,"href":"https:\/\/turkishtrade.co\/fr\/wp-json\/wp\/v2\/product_tag?post=8325"}],"curies":[{"name":"wp","href":"https:\/\/api.w.org\/{rel}","templated":true}]}}