{"id":8324,"date":"2026-01-29T14:49:19","date_gmt":"2026-01-29T14:49:19","guid":{"rendered":"https:\/\/turkishtrade.co\/?post_type=product&#038;p=8324"},"modified":"2026-04-09T20:29:09","modified_gmt":"2026-04-09T20:29:09","slug":"mens-black-patent-leather-dress-shoes","status":"publish","type":"product","link":"https:\/\/turkishtrade.co\/fr\/shop\/mens-black-patent-leather-dress-shoes\/","title":{"rendered":"Chaussures habill\u00e9es en cuir verni noir pour hommes Incredible | Cap-Toe en cuir verni noir pour hommes"},"content":{"rendered":"<p><strong>Chaussures habill\u00e9es en cuir verni noir pour hommes<\/strong>. Une qualit\u00e9 et un design incroyables.<\/p>\n<p>Entrez dans une sophistication in\u00e9gal\u00e9e gr\u00e2ce \u00e0 nos magnifiques <strong>Chaussures habill\u00e9es en cuir verni noir pour hommes<\/strong>. Con\u00e7ues pour le gentleman exigeant, ces chaussures sont l'incarnation de l'\u00e9l\u00e9gance et du style intemporel. Que vous assistiez \u00e0 un \u00e9v\u00e9nement de soir\u00e9e, \u00e0 un mariage ou \u00e0 une importante r\u00e9union d'affaires, ces chaussures habill\u00e9es vous permettront de faire une impression durable. Leur finition vernie \u00e9clatante capte magnifiquement la lumi\u00e8re, ajoutant une touche de grandeur \u00e0 tout ensemble formel. Ces chaussures ne sont pas seulement des chaussures, elles sont l'expression d'un go\u00fbt et d'une assurance impeccables.<\/p>\n<h3>Un savoir-faire in\u00e9gal\u00e9 et des mat\u00e9riaux de premi\u00e8re qualit\u00e9<\/h3>\n<p>Au c\u0153ur de ces remarquables <strong>Chaussures habill\u00e9es en cuir verni noir pour hommes<\/strong> est le fruit d'un travail artisanal exceptionnel et d'un engagement en faveur de la qualit\u00e9. L'ext\u00e9rieur est m\u00e9ticuleusement fa\u00e7onn\u00e9 en cuir de veau v\u00e9ritable, trait\u00e9 de mani\u00e8re experte pour obtenir la finition brevet\u00e9e et brillante tant convoit\u00e9e. Cette finition n'est pas seulement esth\u00e9tique, elle est aussi durable et luxueuse. \u00c0 l'int\u00e9rieur, vos pieds seront berc\u00e9s dans un confort ultime, gr\u00e2ce \u00e0 la doublure en cuir de ch\u00e8vre v\u00e9ritable, douce et respirante. Cette combinaison de mat\u00e9riaux haut de gamme garantit \u00e0 la fois un look sophistiqu\u00e9 et une exp\u00e9rience de port confortable, m\u00eame pendant de longues p\u00e9riodes.<\/p>\n<h3>Le design classique rencontre le confort moderne<\/h3>\n<p>Incarnant le design classique du Cap-Toe Oxford, ces chaussures pr\u00e9sentent des lignes \u00e9pur\u00e9es et une silhouette distingu\u00e9e qui est rest\u00e9e un symbole de la tenue de soir\u00e9e depuis des si\u00e8cles. L'\u00e9l\u00e9gant syst\u00e8me de la\u00e7age ajoute \u00e0 leur aspect raffin\u00e9, ce qui les rend suffisamment polyvalentes pour les occasions les plus formelles. Au-del\u00e0 de leur aspect remarquable, ces <strong>Chaussures habill\u00e9es en cuir verni noir pour hommes<\/strong> sont con\u00e7ues pour un confort moderne. Elles sont dot\u00e9es d'une semelle EVA l\u00e9g\u00e8re et r\u00e9siliente, r\u00e9put\u00e9e pour ses propri\u00e9t\u00e9s d'absorption des chocs et son excellente flexibilit\u00e9. Cette technologie de semelle avanc\u00e9e permet d'amortir chaque pas, offrant un confort sup\u00e9rieur que les semelles traditionnelles n'offrent souvent pas, ce qui vous permet de vous d\u00e9placer avec aisance et confiance.<\/p>\n<h3>Parfait pour toutes les grandes occasions<\/h3>\n<p>Ces chaussures sont un compl\u00e9ment indispensable \u00e0 toute garde-robe sophistiqu\u00e9e. Elles sont le choix id\u00e9al pour les mari\u00e9s, les invit\u00e9s de mariage, les galas, les c\u00e9r\u00e9monies de remise de prix et tout autre \u00e9v\u00e9nement o\u00f9 un look poli et formel est essentiel. Associez-les \u00e0 un smoking, \u00e0 un costume \u00e9l\u00e9gant ou m\u00eame \u00e0 un smoking sophistiqu\u00e9 pour une tenue qui respire la classe. Investir dans une paire de ces chaussures habill\u00e9es en cuir v\u00e9ritable, c'est investir dans un style et un confort durables. Si vous les entretenez avec soin, elles resteront un \u00e9l\u00e9ment pr\u00e9cieux de votre collection formelle pendant des ann\u00e9es. Nous nous adressons \u00e9galement aux entreprises et aux d\u00e9taillants, en proposant des options de vente en gros avec une commande minimum de 8 paires, ce qui facilite le stockage de ces chaussures classiques tr\u00e8s recherch\u00e9es.<\/p>","protected":false},"excerpt":{"rendered":"<ul>\n<li>Fabriqu\u00e9 en cuir de veau v\u00e9ritable de premi\u00e8re qualit\u00e9 pour une finition \u00e9l\u00e9gante et vernie.<\/li>\n<li>La doublure int\u00e9rieure en cuir de ch\u00e8vre luxueux assure un confort exceptionnel.<\/li>\n<li>\u00c9quip\u00e9e d'une semelle EVA l\u00e9g\u00e8re et durable pour une utilisation tout au long de la journ\u00e9e.<\/li>\n<li>Le mod\u00e8le Oxford classique \u00e0 bouts pointus est parfait pour les tenues formelles.<\/li>\n<li>Disponible dans les tailles europ\u00e9ennes 39, 40, 41, 42, 43, 44, 45.<\/li>\n<li>Les commandes en gros sont les bienvenues avec un minimum d'achat de 8 paires.<\/li>\n<\/ul>","protected":false},"featured_media":6878,"template":"","meta":{"_acf_changed":false,"_uag_custom_page_level_css":"","site-sidebar-layout":"default","site-content-layout":"","ast-site-content-layout":"default","site-content-style":"default","site-sidebar-style":"default","ast-global-header-display":"","ast-banner-title-visibility":"","ast-main-header-display":"","ast-hfb-above-header-display":"","ast-hfb-below-header-display":"","ast-hfb-mobile-header-display":"","site-post-title":"","ast-breadcrumbs-content":"","ast-featured-img":"","footer-sml-layout":"","ast-disable-related-posts":"","theme-transparent-header-meta":"","adv-header-id-meta":"","stick-header-meta":"","header-above-stick-meta":"","header-main-stick-meta":"","header-below-stick-meta":"","astra-migrate-meta-layouts":"default","ast-page-background-enabled":"default","ast-page-background-meta":{"desktop":{"background-color":"var(--ast-global-color-4)","background-image":"","background-repeat":"repeat","background-position":"center center","background-size":"auto","background-attachment":"scroll","background-type":"","background-media":"","overlay-type":"","overlay-color":"","overlay-opacity":"","overlay-gradient":""},"tablet":{"background-color":"","background-image":"","background-repeat":"repeat","background-position":"center center","background-size":"auto","background-attachment":"scroll","background-type":"","background-media":"","overlay-type":"","overlay-color":"","overlay-opacity":"","overlay-gradient":""},"mobile":{"background-color":"","background-image":"","background-repeat":"repeat","background-position":"center center","background-size":"auto","background-attachment":"scroll","background-type":"","background-media":"","overlay-type":"","overlay-color":"","overlay-opacity":"","overlay-gradient":""}},"ast-content-background-meta":{"desktop":{"background-color":"var(--ast-global-color-5)","background-image":"","background-repeat":"repeat","background-position":"center center","background-size":"auto","background-attachment":"scroll","background-type":"","background-media":"","overlay-type":"","overlay-color":"","overlay-opacity":"","overlay-gradient":""},"tablet":{"background-color":"var(--ast-global-color-5)","background-image":"","background-repeat":"repeat","background-position":"center center","background-size":"auto","background-attachment":"scroll","background-type":"","background-media":"","overlay-type":"","overlay-color":"","overlay-opacity":"","overlay-gradient":""},"mobile":{"background-color":"var(--ast-global-color-5)","background-image":"","background-repeat":"repeat","background-position":"center center","background-size":"auto","background-attachment":"scroll","background-type":"","background-media":"","overlay-type":"","overlay-color":"","overlay-opacity":"","overlay-gradient":""}}},"product_brand":[],"product_cat":[47,430,1200],"product_tag":[663,405,458,145,454,251,952,324,204,675],"class_list":{"0":"post-8324","1":"product","2":"type-product","3":"status-publish","4":"has-post-thumbnail","6":"product_cat-classic","7":"product_cat-men","8":"product_cat-mens-shoes-2","9":"product_tag-black-patent-leather-shoes","10":"product_tag-business-shoes","11":"product_tag-cap-toe-shoes","12":"product_tag-classic-shoes","13":"product_tag-elegant-footwear","14":"product_tag-formal-shoes","15":"product_tag-genuine-leather-shoes","16":"product_tag-mens-dress-shoes","17":"product_tag-oxford-shoes","18":"product_tag-wedding-shoes","19":"desktop-align-center","20":"tablet-align-center","21":"mobile-align-center","23":"first","24":"instock","25":"shipping-taxable","26":"purchasable","27":"product-type-variable","28":"has-default-attributes"},"acf":[],"uagb_featured_image_src":{"full":["https:\/\/turkishtrade.co\/wp-content\/uploads\/2026\/01\/2600NZWMN00025-BLACK.png",453,250,false],"thumbnail":["https:\/\/turkishtrade.co\/wp-content\/uploads\/2026\/01\/2600NZWMN00025-BLACK-150x150.png",150,150,true],"medium":["https:\/\/turkishtrade.co\/wp-content\/uploads\/2026\/01\/2600NZWMN00025-BLACK-300x166.png",300,166,true],"medium_large":["https:\/\/turkishtrade.co\/wp-content\/uploads\/2026\/01\/2600NZWMN00025-BLACK.png",453,250,false],"large":["https:\/\/turkishtrade.co\/wp-content\/uploads\/2026\/01\/2600NZWMN00025-BLACK.png",453,250,false],"1536x1536":["https:\/\/turkishtrade.co\/wp-content\/uploads\/2026\/01\/2600NZWMN00025-BLACK.png",453,250,false],"2048x2048":["https:\/\/turkishtrade.co\/wp-content\/uploads\/2026\/01\/2600NZWMN00025-BLACK.png",453,250,false],"trp-custom-language-flag":["https:\/\/turkishtrade.co\/wp-content\/uploads\/2026\/01\/2600NZWMN00025-BLACK-18x10.png",18,10,true],"woocommerce_thumbnail":["https:\/\/turkishtrade.co\/wp-content\/uploads\/2026\/01\/2600NZWMN00025-BLACK-400x250.png",400,250,true],"woocommerce_single":["https:\/\/turkishtrade.co\/wp-content\/uploads\/2026\/01\/2600NZWMN00025-BLACK.png",453,250,false],"woocommerce_gallery_thumbnail":["https:\/\/turkishtrade.co\/wp-content\/uploads\/2026\/01\/2600NZWMN00025-BLACK-100x100.png",100,100,true]},"uagb_author_info":{"display_name":"python python","author_link":"https:\/\/turkishtrade.co\/fr\/author\/"},"uagb_comment_info":0,"uagb_excerpt":"Crafted from premium genuine calf leather for a sleek patent finish. Luxurious goat leather interior lining ensures exceptional comfort. Equipped with a lightweight and durable EVA sole for all-day wear. Features a classic cap-toe Oxford design, perfect for formal attire. Available in European sizes 39, 40, 41, 42, 43, 44, 45. Wholesale orders are welcome\u2026","_links":{"self":[{"href":"https:\/\/turkishtrade.co\/fr\/wp-json\/wp\/v2\/product\/8324","targetHints":{"allow":["GET"]}}],"collection":[{"href":"https:\/\/turkishtrade.co\/fr\/wp-json\/wp\/v2\/product"}],"about":[{"href":"https:\/\/turkishtrade.co\/fr\/wp-json\/wp\/v2\/types\/product"}],"wp:featuredmedia":[{"embeddable":true,"href":"https:\/\/turkishtrade.co\/fr\/wp-json\/wp\/v2\/media\/6878"}],"wp:attachment":[{"href":"https:\/\/turkishtrade.co\/fr\/wp-json\/wp\/v2\/media?parent=8324"}],"wp:term":[{"taxonomy":"product_brand","embeddable":true,"href":"https:\/\/turkishtrade.co\/fr\/wp-json\/wp\/v2\/product_brand?post=8324"},{"taxonomy":"product_cat","embeddable":true,"href":"https:\/\/turkishtrade.co\/fr\/wp-json\/wp\/v2\/product_cat?post=8324"},{"taxonomy":"product_tag","embeddable":true,"href":"https:\/\/turkishtrade.co\/fr\/wp-json\/wp\/v2\/product_tag?post=8324"}],"curies":[{"name":"wp","href":"https:\/\/api.w.org\/{rel}","templated":true}]}}