{"id":8323,"date":"2026-01-29T14:49:19","date_gmt":"2026-01-29T14:49:19","guid":{"rendered":"https:\/\/turkishtrade.co\/?post_type=product&#038;p=8323"},"modified":"2026-04-09T20:29:12","modified_gmt":"2026-04-09T20:29:12","slug":"mens-black-leather-loafers-17","status":"publish","type":"product","link":"https:\/\/turkishtrade.co\/fr\/shop\/mens-black-leather-loafers-17\/","title":{"rendered":"Mocassins en cuir noir pour hommes Authentic | Classic Black Genuine Leather"},"content":{"rendered":"<p><strong>Mocassins en cuir noir pour hommes<\/strong>. Qualit\u00e9 et design authentiques.<\/p>\n<p>Entrez dans une sophistication et un confort in\u00e9gal\u00e9s gr\u00e2ce \u00e0 nos magnifiques chambres d'h\u00f4tes. <b>Mocassins classiques en cuir v\u00e9ritable noir pour hommes<\/b>. M\u00e9ticuleusement fabriqu\u00e9es \u00e0 la main par des artisans qualifi\u00e9s, ces chaussures sont l'incarnation du style intemporel, con\u00e7ues pour le gentleman moderne qui appr\u00e9cie \u00e0 la fois l'\u00e9l\u00e9gance et la durabilit\u00e9. Qu'il s'agisse de r\u00e9unions d'affaires importantes ou de soir\u00e9es sophistiqu\u00e9es, ces chaussures polyvalentes sont la quintessence d'un style intemporel. <b>mocassins en cuir noir<\/b> vous permettra de toujours faire une impression distingu\u00e9e, en offrant un m\u00e9lange harmonieux de charme classique et d'attrait contemporain.<\/p>\n<h3>Une qualit\u00e9 et un savoir-faire in\u00e9gal\u00e9s<\/h3>\n<p>Notre <b>Mocassins en cuir noir pour hommes<\/b> sont fabriqu\u00e9es \u00e0 partir des mat\u00e9riaux les plus fins, soigneusement s\u00e9lectionn\u00e9s. La tige est en cuir de veau v\u00e9ritable souple et de grande qualit\u00e9, r\u00e9put\u00e9 pour sa texture lisse, sa brillance naturelle, son \u00e9lasticit\u00e9 et son toucher luxueux. \u00c0 l'int\u00e9rieur, vos pieds seront berc\u00e9s par une doublure en cuir de ch\u00e8vre v\u00e9ritable, douce et respirante, offrant un confort sup\u00e9rieur, d'excellentes propri\u00e9t\u00e9s d'\u00e9vacuation de l'humidit\u00e9 et une sensation de peluche tout au long de la journ\u00e9e. Cette combinaison de qualit\u00e9 sup\u00e9rieure garantit non seulement une exp\u00e9rience de port indulgente, mais aussi une durabilit\u00e9 exceptionnelle, ce qui permet \u00e0 ces chaussures classiques de s'adapter \u00e0 toutes les situations. <b>mocassins en cuir v\u00e9ritable<\/b> pour conserver leur aspect impeccable et leur int\u00e9grit\u00e9 structurelle pendant des ann\u00e9es.<\/p>\n<h3>Un design intemporel et un style polyvalent<\/h3>\n<p>La silhouette embl\u00e9matique du penny loafer de ces chaussures offre un \u00e9quilibre parfait entre charme traditionnel et sophistication moderne. La finition noire \u00e9l\u00e9gante et profonde les rend incroyablement adaptables, s'associant sans effort \u00e0 un costume sur mesure pour les occasions formelles ou rehaussant un ensemble \u00e9l\u00e9gant et d\u00e9contract\u00e9 lorsqu'elles sont port\u00e9es avec un pantalon chino et un blazer. Chaque paire de ces <b>mocassins classiques<\/b> est dot\u00e9e d'une semelle en cuir v\u00e9ritable m\u00e9ticuleusement cousue, offrant une excellente adh\u00e9rence, une stabilit\u00e9 sup\u00e9rieure et une esth\u00e9tique raffin\u00e9e qui en dit long sur la qualit\u00e9 et l'attention port\u00e9e aux d\u00e9tails. Investissez dans une paire de <b>mocassins en cuir noir<\/b> qui transcende les tendances \u00e9ph\u00e9m\u00e8res et reste un \u00e9l\u00e9ment fondamental de votre garde-robe distingu\u00e9e.<\/p>\n<h3>Confort et durabilit\u00e9 \u00e0 chaque pas<\/h3>\n<p>D\u00e9couvrez la diff\u00e9rence remarquable que font l'artisanat d'art et les mat\u00e9riaux de qualit\u00e9 sup\u00e9rieure. La robuste semelle en cuir v\u00e9ritable n'est pas qu'une question d'esth\u00e9tique ; elle offre un soutien et une flexibilit\u00e9 exceptionnels, s'adaptant naturellement \u00e0 la forme unique de votre pied au fil du temps pour un ajustement vraiment personnalis\u00e9 et confortable. Nos <b>Mocassins en cuir noir pour hommes<\/b> sont con\u00e7ues pour r\u00e9sister aux rigueurs de l'usure quotidienne, offrant un confort durable, que vous naviguiez dans une journ\u00e9e de travail charg\u00e9e ou que vous profitiez d'une soir\u00e9e d\u00e9contract\u00e9e. Disponibles dans une gamme compl\u00e8te de pointures europ\u00e9ennes allant de 39 \u00e0 45, il est facile de trouver la chaussure id\u00e9ale. Rehaussez votre collection de chaussures avec ces chaussures exceptionnelles. <b>mocassins en cuir v\u00e9ritable<\/b>, La gamme de produits de la marque \"B\", qui offre un m\u00e9lange ultime de style, de confort et de long\u00e9vit\u00e9, a \u00e9t\u00e9 con\u00e7ue pour r\u00e9pondre aux besoins de la client\u00e8le.<\/p>","protected":false},"excerpt":{"rendered":"<ul>\n<li>Fabriqu\u00e9 \u00e0 la main en cuir de veau v\u00e9ritable pour une tige sophistiqu\u00e9e et \u00e9l\u00e9gante.<\/li>\n<li>La doublure en cuir de ch\u00e8vre v\u00e9ritable, souple et respirante, assure un confort exceptionnel tout au long de la journ\u00e9e.<\/li>\n<li>Ces mocassins intemporels sont polyvalents et conviennent aussi bien aux tenues habill\u00e9es qu'aux tenues d\u00e9contract\u00e9es.<\/li>\n<li>\u00c9quip\u00e9 d'une semelle en cuir v\u00e9ritable durable, m\u00e9ticuleusement cousue, pour une qualit\u00e9 et une \u00e9l\u00e9gance durables.<\/li>\n<li>Disponible dans une large gamme de tailles europ\u00e9ennes : 39, 40, 41, 42, 43, 44, 45.<\/li>\n<li>Les demandes de vente en gros sont les bienvenues, avec une quantit\u00e9 minimale de commande de 8 paires.<\/li>\n<\/ul>","protected":false},"featured_media":6877,"template":"","meta":{"_acf_changed":false,"_uag_custom_page_level_css":"","site-sidebar-layout":"default","site-content-layout":"","ast-site-content-layout":"default","site-content-style":"default","site-sidebar-style":"default","ast-global-header-display":"","ast-banner-title-visibility":"","ast-main-header-display":"","ast-hfb-above-header-display":"","ast-hfb-below-header-display":"","ast-hfb-mobile-header-display":"","site-post-title":"","ast-breadcrumbs-content":"","ast-featured-img":"","footer-sml-layout":"","ast-disable-related-posts":"","theme-transparent-header-meta":"","adv-header-id-meta":"","stick-header-meta":"","header-above-stick-meta":"","header-main-stick-meta":"","header-below-stick-meta":"","astra-migrate-meta-layouts":"default","ast-page-background-enabled":"default","ast-page-background-meta":{"desktop":{"background-color":"var(--ast-global-color-4)","background-image":"","background-repeat":"repeat","background-position":"center center","background-size":"auto","background-attachment":"scroll","background-type":"","background-media":"","overlay-type":"","overlay-color":"","overlay-opacity":"","overlay-gradient":""},"tablet":{"background-color":"","background-image":"","background-repeat":"repeat","background-position":"center center","background-size":"auto","background-attachment":"scroll","background-type":"","background-media":"","overlay-type":"","overlay-color":"","overlay-opacity":"","overlay-gradient":""},"mobile":{"background-color":"","background-image":"","background-repeat":"repeat","background-position":"center center","background-size":"auto","background-attachment":"scroll","background-type":"","background-media":"","overlay-type":"","overlay-color":"","overlay-opacity":"","overlay-gradient":""}},"ast-content-background-meta":{"desktop":{"background-color":"var(--ast-global-color-5)","background-image":"","background-repeat":"repeat","background-position":"center center","background-size":"auto","background-attachment":"scroll","background-type":"","background-media":"","overlay-type":"","overlay-color":"","overlay-opacity":"","overlay-gradient":""},"tablet":{"background-color":"var(--ast-global-color-5)","background-image":"","background-repeat":"repeat","background-position":"center center","background-size":"auto","background-attachment":"scroll","background-type":"","background-media":"","overlay-type":"","overlay-color":"","overlay-opacity":"","overlay-gradient":""},"mobile":{"background-color":"var(--ast-global-color-5)","background-image":"","background-repeat":"repeat","background-position":"center center","background-size":"auto","background-attachment":"scroll","background-type":"","background-media":"","overlay-type":"","overlay-color":"","overlay-opacity":"","overlay-gradient":""}}},"product_brand":[],"product_cat":[47,430,1200],"product_tag":[196,582,145,251,221,189,186,279,210,281],"class_list":{"0":"post-8323","1":"product","2":"type-product","3":"status-publish","4":"has-post-thumbnail","6":"product_cat-classic","7":"product_cat-men","8":"product_cat-mens-shoes-2","9":"product_tag-black-leather-shoes","10":"product_tag-calfskin","11":"product_tag-classic-shoes","12":"product_tag-formal-shoes","13":"product_tag-genuine-leather","14":"product_tag-goat-leather-lining","15":"product_tag-mens-loafers","16":"product_tag-penny-loafers","17":"product_tag-smart-casual","18":"product_tag-wholesale-shoes","19":"desktop-align-center","20":"tablet-align-center","21":"mobile-align-center","23":"first","24":"instock","25":"shipping-taxable","26":"purchasable","27":"product-type-variable","28":"has-default-attributes"},"acf":[],"uagb_featured_image_src":{"full":["https:\/\/turkishtrade.co\/wp-content\/uploads\/2026\/01\/2600NZWMN00023-BLACK.png",453,250,false],"thumbnail":["https:\/\/turkishtrade.co\/wp-content\/uploads\/2026\/01\/2600NZWMN00023-BLACK-150x150.png",150,150,true],"medium":["https:\/\/turkishtrade.co\/wp-content\/uploads\/2026\/01\/2600NZWMN00023-BLACK-300x166.png",300,166,true],"medium_large":["https:\/\/turkishtrade.co\/wp-content\/uploads\/2026\/01\/2600NZWMN00023-BLACK.png",453,250,false],"large":["https:\/\/turkishtrade.co\/wp-content\/uploads\/2026\/01\/2600NZWMN00023-BLACK.png",453,250,false],"1536x1536":["https:\/\/turkishtrade.co\/wp-content\/uploads\/2026\/01\/2600NZWMN00023-BLACK.png",453,250,false],"2048x2048":["https:\/\/turkishtrade.co\/wp-content\/uploads\/2026\/01\/2600NZWMN00023-BLACK.png",453,250,false],"trp-custom-language-flag":["https:\/\/turkishtrade.co\/wp-content\/uploads\/2026\/01\/2600NZWMN00023-BLACK-18x10.png",18,10,true],"woocommerce_thumbnail":["https:\/\/turkishtrade.co\/wp-content\/uploads\/2026\/01\/2600NZWMN00023-BLACK-400x250.png",400,250,true],"woocommerce_single":["https:\/\/turkishtrade.co\/wp-content\/uploads\/2026\/01\/2600NZWMN00023-BLACK.png",453,250,false],"woocommerce_gallery_thumbnail":["https:\/\/turkishtrade.co\/wp-content\/uploads\/2026\/01\/2600NZWMN00023-BLACK-100x100.png",100,100,true]},"uagb_author_info":{"display_name":"python python","author_link":"https:\/\/turkishtrade.co\/fr\/author\/"},"uagb_comment_info":0,"uagb_excerpt":"Handcrafted from genuine calfskin leather for a sophisticated, sleek upper. Soft and breathable genuine goat leather lining ensures exceptional all-day comfort. Features a timeless penny loafer design, versatile for formal and smart-casual attire. Equipped with a durable, meticulously stitched genuine leather sole for lasting quality and elegance. Available in a comprehensive range of EU sizes:\u2026","_links":{"self":[{"href":"https:\/\/turkishtrade.co\/fr\/wp-json\/wp\/v2\/product\/8323","targetHints":{"allow":["GET"]}}],"collection":[{"href":"https:\/\/turkishtrade.co\/fr\/wp-json\/wp\/v2\/product"}],"about":[{"href":"https:\/\/turkishtrade.co\/fr\/wp-json\/wp\/v2\/types\/product"}],"wp:featuredmedia":[{"embeddable":true,"href":"https:\/\/turkishtrade.co\/fr\/wp-json\/wp\/v2\/media\/6877"}],"wp:attachment":[{"href":"https:\/\/turkishtrade.co\/fr\/wp-json\/wp\/v2\/media?parent=8323"}],"wp:term":[{"taxonomy":"product_brand","embeddable":true,"href":"https:\/\/turkishtrade.co\/fr\/wp-json\/wp\/v2\/product_brand?post=8323"},{"taxonomy":"product_cat","embeddable":true,"href":"https:\/\/turkishtrade.co\/fr\/wp-json\/wp\/v2\/product_cat?post=8323"},{"taxonomy":"product_tag","embeddable":true,"href":"https:\/\/turkishtrade.co\/fr\/wp-json\/wp\/v2\/product_tag?post=8323"}],"curies":[{"name":"wp","href":"https:\/\/api.w.org\/{rel}","templated":true}]}}