{"id":8321,"date":"2026-01-29T14:49:19","date_gmt":"2026-01-29T14:49:19","guid":{"rendered":"https:\/\/turkishtrade.co\/?post_type=product&#038;p=8321"},"modified":"2026-04-09T20:29:17","modified_gmt":"2026-04-09T20:29:17","slug":"mens-black-genuine-leather-oxford-shoes","status":"publish","type":"product","link":"https:\/\/turkishtrade.co\/fr\/shop\/mens-black-genuine-leather-oxford-shoes\/","title":{"rendered":"Chaussures Oxford en cuir v\u00e9ritable noir pour hommes Provenance"},"content":{"rendered":"<p><strong>Chaussures Oxford en cuir v\u00e9ritable noir pour hommes<\/strong>. Qualit\u00e9 et conception \u00e9prouv\u00e9es.<\/p>\n<p>Entrez dans un monde d'\u00e9l\u00e9gance intemporelle et d'artisanat sup\u00e9rieur gr\u00e2ce \u00e0 nos produits exquis. <strong>Chaussures Oxford en cuir v\u00e9ritable noir pour hommes<\/strong>. Con\u00e7ues pour le gentleman exigeant, ces chaussures sont l'incarnation de la sophistication, offrant \u00e0 la fois un style impeccable et un confort durable. Que vous assistiez \u00e0 une r\u00e9union d'affaires de haut niveau, \u00e0 un mariage formel ou \u00e0 une soir\u00e9e sophistiqu\u00e9e, ces Oxfords vous permettront de faire une impression durable.<\/p>\n<h3>Qualit\u00e9 et mat\u00e9riaux in\u00e9gal\u00e9s<\/h3>\n<p>Chaque paire de ces <strong>Chaussures Oxford en cuir v\u00e9ritable noir pour hommes<\/strong> est m\u00e9ticuleusement fabriqu\u00e9e \u00e0 partir des mat\u00e9riaux les plus nobles. La tige est en cuir de veau v\u00e9ritable, connu pour sa texture lisse, sa durabilit\u00e9 et son aspect luxueux. Cela garantit une finition polie qui vieillit gracieusement au fil du temps. En compl\u00e9ment de l'ext\u00e9rieur robuste, la doublure int\u00e9rieure est fabriqu\u00e9e en cuir de ch\u00e8vre souple et respirant, offrant un confort exceptionnel et aidant \u00e0 \u00e9vacuer l'humidit\u00e9 pour une fra\u00eecheur tout au long de la journ\u00e9e. Ces chaussures \u00e9l\u00e9gantes reposent sur une semelle EVA \u00e0 la fois l\u00e9g\u00e8re et robuste, qui offre un excellent amorti et une grande souplesse, r\u00e9duisant ainsi la fatigue du pied, m\u00eame apr\u00e8s des heures de port.<\/p>\n<h3>Design classique, attrait polyvalent<\/h3>\n<p>La silhouette Oxford classique de ces chaussures, caract\u00e9ris\u00e9e par un syst\u00e8me de la\u00e7age ferm\u00e9 et un bout en forme de capuchon, d\u00e9gage un charme traditionnel et une excellence sartoriale. Sa finition noire \u00e9l\u00e9gante en fait un compl\u00e9ment incroyablement polyvalent \u00e0 toute garde-robe, s'associant sans effort avec des costumes, des smokings et m\u00eame des ensembles \u00e9l\u00e9gants et d\u00e9contract\u00e9s. De la salle de r\u00e9union \u00e0 la salle de bal, ces <strong>Chaussures Oxford en cuir v\u00e9ritable noir pour hommes<\/strong> sont con\u00e7ues pour rehausser votre tenue vestimentaire, en projetant une aura de confiance et de go\u00fbt raffin\u00e9. Elles sont disponibles dans une large gamme de pointures allant du 39 au 45, garantissant un ajustement parfait \u00e0 chaque pied.<\/p>\n<h3>La durabilit\u00e9 au service du confort<\/h3>\n<p>Investir dans ces oxfords en cuir v\u00e9ritable, c'est investir dans des chaussures qui r\u00e9sistent \u00e0 l'\u00e9preuve du temps. La construction robuste et les mat\u00e9riaux de haute qualit\u00e9 garantissent la long\u00e9vit\u00e9, tandis que la conception r\u00e9fl\u00e9chie donne la priorit\u00e9 \u00e0 votre confort. L'association d'un cuir souple et d'une semelle ergonomique en EVA offre un ajustement comme un gant et un soutien sup\u00e9rieur, ce qui les rend adapt\u00e9s \u00e0 de longues p\u00e9riodes de marche ou de station debout. Faites l'exp\u00e9rience de la diff\u00e9rence que fait la vraie qualit\u00e9, d\u00e8s le premier pas.<\/p>\n<h3>Opportunit\u00e9s pour le commerce de gros<\/h3>\n<p>Ces chaussures \u00e9l\u00e9gantes sont disponibles en gros pour les d\u00e9taillants et les entreprises qui souhaitent proposer des chaussures de qualit\u00e9 sup\u00e9rieure. Nous demandons une commande minimum de 8 paires, ce qui vous permet de stocker une gamme de tailles et de r\u00e9pondre \u00e0 la demande de vos clients pour des chaussures formelles de haute qualit\u00e9. Faites \u00e9quipe avec nous pour offrir \u00e0 votre client\u00e8le un style et un savoir-faire exceptionnels.<\/p>\n<p>Choisissez ces superbes chaussures Oxford en cuir v\u00e9ritable noir pour hommes pour compl\u00e9ter votre ensemble formel. D\u00e9couvrez le m\u00e9lange parfait de tradition, de luxe et de confort que seul le cuir v\u00e9ritable peut offrir.<\/p>","protected":false},"excerpt":{"rendered":"<ul>\n<li>Faites l'exp\u00e9rience d'une sophistication in\u00e9gal\u00e9e avec ce mod\u00e8le classique. <strong>Chaussures Oxford en cuir v\u00e9ritable noir pour hommes<\/strong>.<\/li>\n<li>Fabriqu\u00e9 en cuir de veau v\u00e9ritable de premi\u00e8re qualit\u00e9 pour la tige et en cuir de ch\u00e8vre souple pour la doublure int\u00e9rieure.<\/li>\n<li>Semelle EVA confortable et l\u00e9g\u00e8re, parfaite pour une utilisation prolong\u00e9e.<\/li>\n<li>Id\u00e9al pour les \u00e9v\u00e9nements formels, les r\u00e9unions d'affaires et les tenues de soir\u00e9e \u00e9l\u00e9gantes.<\/li>\n<li>Les commandes en gros sont les bienvenues avec une quantit\u00e9 minimale de 8 paires.<\/li>\n<li>Disponible dans une large gamme de tailles : 39, 40, 41, 42, 43, 44, 45.<\/li>\n<\/ul>","protected":false},"featured_media":6875,"template":"","meta":{"_acf_changed":false,"_uag_custom_page_level_css":"","site-sidebar-layout":"default","site-content-layout":"","ast-site-content-layout":"default","site-content-style":"default","site-sidebar-style":"default","ast-global-header-display":"","ast-banner-title-visibility":"","ast-main-header-display":"","ast-hfb-above-header-display":"","ast-hfb-below-header-display":"","ast-hfb-mobile-header-display":"","site-post-title":"","ast-breadcrumbs-content":"","ast-featured-img":"","footer-sml-layout":"","ast-disable-related-posts":"","theme-transparent-header-meta":"","adv-header-id-meta":"","stick-header-meta":"","header-above-stick-meta":"","header-main-stick-meta":"","header-below-stick-meta":"","astra-migrate-meta-layouts":"default","ast-page-background-enabled":"default","ast-page-background-meta":{"desktop":{"background-color":"var(--ast-global-color-4)","background-image":"","background-repeat":"repeat","background-position":"center center","background-size":"auto","background-attachment":"scroll","background-type":"","background-media":"","overlay-type":"","overlay-color":"","overlay-opacity":"","overlay-gradient":""},"tablet":{"background-color":"","background-image":"","background-repeat":"repeat","background-position":"center center","background-size":"auto","background-attachment":"scroll","background-type":"","background-media":"","overlay-type":"","overlay-color":"","overlay-opacity":"","overlay-gradient":""},"mobile":{"background-color":"","background-image":"","background-repeat":"repeat","background-position":"center center","background-size":"auto","background-attachment":"scroll","background-type":"","background-media":"","overlay-type":"","overlay-color":"","overlay-opacity":"","overlay-gradient":""}},"ast-content-background-meta":{"desktop":{"background-color":"var(--ast-global-color-5)","background-image":"","background-repeat":"repeat","background-position":"center center","background-size":"auto","background-attachment":"scroll","background-type":"","background-media":"","overlay-type":"","overlay-color":"","overlay-opacity":"","overlay-gradient":""},"tablet":{"background-color":"var(--ast-global-color-5)","background-image":"","background-repeat":"repeat","background-position":"center center","background-size":"auto","background-attachment":"scroll","background-type":"","background-media":"","overlay-type":"","overlay-color":"","overlay-opacity":"","overlay-gradient":""},"mobile":{"background-color":"var(--ast-global-color-5)","background-image":"","background-repeat":"repeat","background-position":"center center","background-size":"auto","background-attachment":"scroll","background-type":"","background-media":"","overlay-type":"","overlay-color":"","overlay-opacity":"","overlay-gradient":""}}},"product_brand":[],"product_cat":[47,430,1200],"product_tag":[540,405,145,609,251,260,227,1307,324,666],"class_list":{"0":"post-8321","1":"product","2":"type-product","3":"status-publish","4":"has-post-thumbnail","6":"product_cat-classic","7":"product_cat-men","8":"product_cat-mens-shoes-2","9":"product_tag-black-oxford-shoes","10":"product_tag-business-shoes","11":"product_tag-classic-shoes","12":"product_tag-elegant-mens-shoes","13":"product_tag-formal-shoes","14":"product_tag-genuine-leather-footwear","15":"product_tag-leather-shoes","16":"product_tag-mens-black-genuine-leather-oxford-shoes","17":"product_tag-mens-dress-shoes","18":"product_tag-mens-formal-footwear","19":"desktop-align-center","20":"tablet-align-center","21":"mobile-align-center","23":"first","24":"instock","25":"shipping-taxable","26":"purchasable","27":"product-type-variable","28":"has-default-attributes"},"acf":[],"uagb_featured_image_src":{"full":["https:\/\/turkishtrade.co\/wp-content\/uploads\/2026\/01\/2600NZWMN00021-BLACK.png",453,250,false],"thumbnail":["https:\/\/turkishtrade.co\/wp-content\/uploads\/2026\/01\/2600NZWMN00021-BLACK-150x150.png",150,150,true],"medium":["https:\/\/turkishtrade.co\/wp-content\/uploads\/2026\/01\/2600NZWMN00021-BLACK-300x166.png",300,166,true],"medium_large":["https:\/\/turkishtrade.co\/wp-content\/uploads\/2026\/01\/2600NZWMN00021-BLACK.png",453,250,false],"large":["https:\/\/turkishtrade.co\/wp-content\/uploads\/2026\/01\/2600NZWMN00021-BLACK.png",453,250,false],"1536x1536":["https:\/\/turkishtrade.co\/wp-content\/uploads\/2026\/01\/2600NZWMN00021-BLACK.png",453,250,false],"2048x2048":["https:\/\/turkishtrade.co\/wp-content\/uploads\/2026\/01\/2600NZWMN00021-BLACK.png",453,250,false],"trp-custom-language-flag":["https:\/\/turkishtrade.co\/wp-content\/uploads\/2026\/01\/2600NZWMN00021-BLACK-18x10.png",18,10,true],"woocommerce_thumbnail":["https:\/\/turkishtrade.co\/wp-content\/uploads\/2026\/01\/2600NZWMN00021-BLACK-400x250.png",400,250,true],"woocommerce_single":["https:\/\/turkishtrade.co\/wp-content\/uploads\/2026\/01\/2600NZWMN00021-BLACK.png",453,250,false],"woocommerce_gallery_thumbnail":["https:\/\/turkishtrade.co\/wp-content\/uploads\/2026\/01\/2600NZWMN00021-BLACK-100x100.png",100,100,true]},"uagb_author_info":{"display_name":"python python","author_link":"https:\/\/turkishtrade.co\/fr\/author\/"},"uagb_comment_info":0,"uagb_excerpt":"Experience unparalleled sophistication with these classic Men's Black Genuine Leather Oxford Shoes. Crafted from premium genuine calf leather for the upper and soft goat leather for the inner lining. Features a comfortable and lightweight EVA sole, perfect for extended wear. Ideal for formal events, business meetings, and elegant evening wear. Wholesale orders are welcome with\u2026","_links":{"self":[{"href":"https:\/\/turkishtrade.co\/fr\/wp-json\/wp\/v2\/product\/8321","targetHints":{"allow":["GET"]}}],"collection":[{"href":"https:\/\/turkishtrade.co\/fr\/wp-json\/wp\/v2\/product"}],"about":[{"href":"https:\/\/turkishtrade.co\/fr\/wp-json\/wp\/v2\/types\/product"}],"wp:featuredmedia":[{"embeddable":true,"href":"https:\/\/turkishtrade.co\/fr\/wp-json\/wp\/v2\/media\/6875"}],"wp:attachment":[{"href":"https:\/\/turkishtrade.co\/fr\/wp-json\/wp\/v2\/media?parent=8321"}],"wp:term":[{"taxonomy":"product_brand","embeddable":true,"href":"https:\/\/turkishtrade.co\/fr\/wp-json\/wp\/v2\/product_brand?post=8321"},{"taxonomy":"product_cat","embeddable":true,"href":"https:\/\/turkishtrade.co\/fr\/wp-json\/wp\/v2\/product_cat?post=8321"},{"taxonomy":"product_tag","embeddable":true,"href":"https:\/\/turkishtrade.co\/fr\/wp-json\/wp\/v2\/product_tag?post=8321"}],"curies":[{"name":"wp","href":"https:\/\/api.w.org\/{rel}","templated":true}]}}