{"id":8319,"date":"2026-01-29T14:49:18","date_gmt":"2026-01-29T14:49:18","guid":{"rendered":"https:\/\/turkishtrade.co\/?post_type=product&#038;p=8319"},"modified":"2026-04-09T20:29:23","modified_gmt":"2026-04-09T20:29:23","slug":"mens-black-cap-toe-oxfords","status":"publish","type":"product","link":"https:\/\/turkishtrade.co\/fr\/shop\/mens-black-cap-toe-oxfords\/","title":{"rendered":"Oxfords Cap Toe Noirs pour Homme Ultimate | Oxfords Cap Toe Noirs en Cuir V\u00e9ritable pour Homme"},"content":{"rendered":"<p>Rehaussez votre garde-robe formelle gr\u00e2ce \u00e0 nos produits exquis. <strong>Oxfords noirs \u00e0 bouts pointus pour hommes<\/strong>. Ces chaussures classiques sont l'incarnation de la sophistication et du style intemporel, m\u00e9ticuleusement fabriqu\u00e9es pour le gentleman exigeant. Chaque paire est fabriqu\u00e9e \u00e0 partir d'un m\u00e9lange harmonieux de cuir de veau v\u00e9ritable pour l'ext\u00e9rieur, offrant une finition lisse et polie, et de cuir de ch\u00e8vre souple pour la doublure int\u00e9rieure, assurant un confort respirant et une sensation de luxe \u00e0 chaque pas.<\/p>\n<p>Le design embl\u00e9matique de ces <strong>Oxfords noirs \u00e0 bouts pointus pour hommes<\/strong> en font un \u00e9l\u00e9ment indispensable pour toute occasion formelle. Que vous assistiez \u00e0 une r\u00e9union d'affaires cruciale, \u00e0 un mariage ou \u00e0 une soir\u00e9e sophistiqu\u00e9e, ces chaussures compl\u00e8teront votre ensemble avec une touche d'\u00e9l\u00e9gance in\u00e9gal\u00e9e. La fermeture traditionnelle \u00e0 lacets offre un ajustement s\u00fbr et ajustable, tandis que la silhouette \u00e9l\u00e9gante rehausse votre image professionnelle.<\/p>\n<h3>Un confort et un savoir-faire in\u00e9gal\u00e9s dans chaque paire<\/h3>\n<p>Au-del\u00e0 de leur esth\u00e9tique \u00e9tonnante, le confort est primordial dans nos <strong>Oxfords noirs \u00e0 bouts pointus pour hommes<\/strong>. Chaque chaussure est dot\u00e9e d'une assise plantaire ergonomique, renforc\u00e9e par un mat\u00e9riau EVA, qui offre un amorti et un soutien sup\u00e9rieurs tout au long de la journ\u00e9e. Cette construction interne innovante garantit que le confort ne compromet pas la conception ext\u00e9rieure classique, ce qui permet de porter ces chaussures pendant de longues p\u00e9riodes sans fatigue. La semelle traditionnelle durable offre une adh\u00e9rence et une r\u00e9silience fiables, gage de long\u00e9vit\u00e9 et de performances constantes.<\/p>\n<p>Nous sommes fiers de l'exceptionnelle qualit\u00e9 de fabrication de chaque paire de ces chaussures de ville en cuir v\u00e9ritable. Des coutures pr\u00e9cises aux bords finis de mani\u00e8re experte, chaque d\u00e9tail refl\u00e8te notre engagement en faveur de la qualit\u00e9. Disponibles dans un large \u00e9ventail de pointures allant du 39 au 45, vous trouverez sans peine la chaussure qui vous convient, ce qui vous garantira confiance et confort. Pour les entreprises qui cherchent \u00e0 stocker des chaussures de haute qualit\u00e9, ces <strong>Oxfords noirs \u00e0 bouts pointus pour hommes<\/strong> sont \u00e9galement disponibles \u00e0 l'achat en gros, avec une commande minimale de seulement 8 paires, ce qui constitue une excellente occasion d'offrir des chaussures habill\u00e9es pour hommes de qualit\u00e9 sup\u00e9rieure \u00e0 votre client\u00e8le.<\/p>\n<p>Investissez dans une paire de nos <strong>Oxfords noirs \u00e0 bouts pointus pour hommes<\/strong> et faites l'exp\u00e9rience de la fusion parfaite du style classique, des mat\u00e9riaux sup\u00e9rieurs et du confort moderne. Plus que de simples chaussures, elles sont une d\u00e9claration de classe et de qualit\u00e9 durable, con\u00e7ue pour accompagner vos moments les plus distingu\u00e9s.<\/p>","protected":false},"excerpt":{"rendered":"<ul>\n<li>Fabriqu\u00e9 en cuir de veau et de ch\u00e8vre v\u00e9ritable de premi\u00e8re qualit\u00e9 pour un toucher luxueux et une grande durabilit\u00e9.<\/li>\n<li>Il pr\u00e9sente un design Oxford intemporel, parfait pour les tenues de ville et d'affaires.<\/li>\n<li>Con\u00e7ue avec une assise plantaire confortable, elle se porte tout au long de la journ\u00e9e.<\/li>\n<li>La semelle classique et durable assure une traction stable et une qualit\u00e9 durable.<\/li>\n<li>Disponible dans une large gamme de tailles allant de 39 \u00e0 45 pour garantir un ajustement parfait.<\/li>\n<li>Les commandes en gros sont les bienvenues avec une quantit\u00e9 minimale de 8 paires.<\/li>\n<\/ul>","protected":false},"featured_media":6873,"template":"","meta":{"_acf_changed":false,"_uag_custom_page_level_css":"","site-sidebar-layout":"default","site-content-layout":"","ast-site-content-layout":"default","site-content-style":"default","site-sidebar-style":"default","ast-global-header-display":"","ast-banner-title-visibility":"","ast-main-header-display":"","ast-hfb-above-header-display":"","ast-hfb-below-header-display":"","ast-hfb-mobile-header-display":"","site-post-title":"","ast-breadcrumbs-content":"","ast-featured-img":"","footer-sml-layout":"","ast-disable-related-posts":"","theme-transparent-header-meta":"","adv-header-id-meta":"","stick-header-meta":"","header-above-stick-meta":"","header-main-stick-meta":"","header-below-stick-meta":"","astra-migrate-meta-layouts":"default","ast-page-background-enabled":"default","ast-page-background-meta":{"desktop":{"background-color":"var(--ast-global-color-4)","background-image":"","background-repeat":"repeat","background-position":"center center","background-size":"auto","background-attachment":"scroll","background-type":"","background-media":"","overlay-type":"","overlay-color":"","overlay-opacity":"","overlay-gradient":""},"tablet":{"background-color":"","background-image":"","background-repeat":"repeat","background-position":"center center","background-size":"auto","background-attachment":"scroll","background-type":"","background-media":"","overlay-type":"","overlay-color":"","overlay-opacity":"","overlay-gradient":""},"mobile":{"background-color":"","background-image":"","background-repeat":"repeat","background-position":"center center","background-size":"auto","background-attachment":"scroll","background-type":"","background-media":"","overlay-type":"","overlay-color":"","overlay-opacity":"","overlay-gradient":""}},"ast-content-background-meta":{"desktop":{"background-color":"var(--ast-global-color-5)","background-image":"","background-repeat":"repeat","background-position":"center center","background-size":"auto","background-attachment":"scroll","background-type":"","background-media":"","overlay-type":"","overlay-color":"","overlay-opacity":"","overlay-gradient":""},"tablet":{"background-color":"var(--ast-global-color-5)","background-image":"","background-repeat":"repeat","background-position":"center center","background-size":"auto","background-attachment":"scroll","background-type":"","background-media":"","overlay-type":"","overlay-color":"","overlay-opacity":"","overlay-gradient":""},"mobile":{"background-color":"var(--ast-global-color-5)","background-image":"","background-repeat":"repeat","background-position":"center center","background-size":"auto","background-attachment":"scroll","background-type":"","background-media":"","overlay-type":"","overlay-color":"","overlay-opacity":"","overlay-gradient":""}}},"product_brand":[],"product_cat":[47,430,1200],"product_tag":[405,185,1305,609,251,1304,1306,1303,666,633],"class_list":{"0":"post-8319","1":"product","2":"type-product","3":"status-publish","4":"has-post-thumbnail","6":"product_cat-classic","7":"product_cat-men","8":"product_cat-mens-shoes-2","9":"product_tag-business-shoes","10":"product_tag-calf-leather-shoes","11":"product_tag-classic-oxford-shoes","12":"product_tag-elegant-mens-shoes","13":"product_tag-formal-shoes","14":"product_tag-genuine-leather-dress-shoes","15":"product_tag-lace-up-oxfords","16":"product_tag-mens-black-cap-toe-oxfords","17":"product_tag-mens-formal-footwear","18":"product_tag-wholesale-dress-shoes","19":"desktop-align-center","20":"tablet-align-center","21":"mobile-align-center","23":"first","24":"instock","25":"shipping-taxable","26":"purchasable","27":"product-type-variable","28":"has-default-attributes"},"acf":[],"uagb_featured_image_src":{"full":["https:\/\/turkishtrade.co\/wp-content\/uploads\/2026\/01\/2600NZWMN00019-BLACK.png",453,250,false],"thumbnail":["https:\/\/turkishtrade.co\/wp-content\/uploads\/2026\/01\/2600NZWMN00019-BLACK-150x150.png",150,150,true],"medium":["https:\/\/turkishtrade.co\/wp-content\/uploads\/2026\/01\/2600NZWMN00019-BLACK-300x166.png",300,166,true],"medium_large":["https:\/\/turkishtrade.co\/wp-content\/uploads\/2026\/01\/2600NZWMN00019-BLACK.png",453,250,false],"large":["https:\/\/turkishtrade.co\/wp-content\/uploads\/2026\/01\/2600NZWMN00019-BLACK.png",453,250,false],"1536x1536":["https:\/\/turkishtrade.co\/wp-content\/uploads\/2026\/01\/2600NZWMN00019-BLACK.png",453,250,false],"2048x2048":["https:\/\/turkishtrade.co\/wp-content\/uploads\/2026\/01\/2600NZWMN00019-BLACK.png",453,250,false],"trp-custom-language-flag":["https:\/\/turkishtrade.co\/wp-content\/uploads\/2026\/01\/2600NZWMN00019-BLACK-18x10.png",18,10,true],"woocommerce_thumbnail":["https:\/\/turkishtrade.co\/wp-content\/uploads\/2026\/01\/2600NZWMN00019-BLACK-400x250.png",400,250,true],"woocommerce_single":["https:\/\/turkishtrade.co\/wp-content\/uploads\/2026\/01\/2600NZWMN00019-BLACK.png",453,250,false],"woocommerce_gallery_thumbnail":["https:\/\/turkishtrade.co\/wp-content\/uploads\/2026\/01\/2600NZWMN00019-BLACK-100x100.png",100,100,true]},"uagb_author_info":{"display_name":"python python","author_link":"https:\/\/turkishtrade.co\/fr\/author\/"},"uagb_comment_info":0,"uagb_excerpt":"Crafted from premium genuine calf and goat leather for luxurious feel and durability. Features a timeless cap toe Oxford design, perfect for formal and business attire. Engineered with a comfort-enhanced footbed, providing all-day wearability. Durable, classic sole ensures stable traction and long-lasting quality. Available in a comprehensive range of sizes from 39 to 45 to\u2026","_links":{"self":[{"href":"https:\/\/turkishtrade.co\/fr\/wp-json\/wp\/v2\/product\/8319","targetHints":{"allow":["GET"]}}],"collection":[{"href":"https:\/\/turkishtrade.co\/fr\/wp-json\/wp\/v2\/product"}],"about":[{"href":"https:\/\/turkishtrade.co\/fr\/wp-json\/wp\/v2\/types\/product"}],"wp:featuredmedia":[{"embeddable":true,"href":"https:\/\/turkishtrade.co\/fr\/wp-json\/wp\/v2\/media\/6873"}],"wp:attachment":[{"href":"https:\/\/turkishtrade.co\/fr\/wp-json\/wp\/v2\/media?parent=8319"}],"wp:term":[{"taxonomy":"product_brand","embeddable":true,"href":"https:\/\/turkishtrade.co\/fr\/wp-json\/wp\/v2\/product_brand?post=8319"},{"taxonomy":"product_cat","embeddable":true,"href":"https:\/\/turkishtrade.co\/fr\/wp-json\/wp\/v2\/product_cat?post=8319"},{"taxonomy":"product_tag","embeddable":true,"href":"https:\/\/turkishtrade.co\/fr\/wp-json\/wp\/v2\/product_tag?post=8319"}],"curies":[{"name":"wp","href":"https:\/\/api.w.org\/{rel}","templated":true}]}}