{"id":8317,"date":"2026-01-29T14:49:18","date_gmt":"2026-01-29T14:49:18","guid":{"rendered":"https:\/\/turkishtrade.co\/?post_type=product&#038;p=8317"},"modified":"2026-04-09T20:29:29","modified_gmt":"2026-04-09T20:29:29","slug":"mens-genuine-leather-oxford-shoes","status":"publish","type":"product","link":"https:\/\/turkishtrade.co\/fr\/shop\/mens-genuine-leather-oxford-shoes\/","title":{"rendered":"Chaussures Oxford en cuir v\u00e9ritable pour hommes Incroyable avec d\u00e9tail gaufr\u00e9 en crocodile"},"content":{"rendered":"<p><strong>Chaussures Oxford en cuir v\u00e9ritable pour hommes<\/strong>. Une qualit\u00e9 et un design incroyables.<\/p>\n<p>Entrez dans un style et un confort in\u00e9gal\u00e9s gr\u00e2ce \u00e0 nos magnifiques <strong>Chaussures Oxford en cuir v\u00e9ritable pour hommes<\/strong>. M\u00e9ticuleusement fabriqu\u00e9es \u00e0 partir des meilleurs cuirs de veau et de ch\u00e8vre, ces chaussures sont con\u00e7ues pour les hommes exigeants qui appr\u00e9cient \u00e0 la fois l'\u00e9l\u00e9gance et la durabilit\u00e9. Le cuir noir riche, associ\u00e9 \u00e0 un gaufrage crocodile distinctif sur le bout du pied et les panneaux lat\u00e9raux, ajoute une texture unique et un flair sophistiqu\u00e9 qui font de ces chaussures classiques un produit hors du commun. Chaque point de couture t\u00e9moigne d'un savoir-faire artisanal, garantissant un produit non seulement magnifique, mais aussi r\u00e9sistant \u00e0 l'\u00e9preuve du temps.<\/p>\n<p>Notre <strong>Chaussures Oxford en cuir v\u00e9ritable pour hommes<\/strong> sont plus qu'un simple effet de mode, elles sont un investissement dans une qualit\u00e9 durable. La construction en cuir v\u00e9ritable assure la respirabilit\u00e9 et se moule \u00e0 votre pied au fil du temps, offrant un ajustement sur mesure qui devient de plus en plus confortable au fur et \u00e0 mesure que vous le portez. La semelle EVA, \u00e0 la fois l\u00e9g\u00e8re et incroyablement durable, compl\u00e8te la tige de qualit\u00e9 sup\u00e9rieure. Cette technologie de semelle avanc\u00e9e offre un amorti et un soutien exceptionnels, r\u00e9duisant la fatigue du pied et vous permettant de vous d\u00e9placer avec aisance et confiance tout au long de vos journ\u00e9es les plus charg\u00e9es ou de vos soir\u00e9es les plus sp\u00e9ciales. Que vous assistiez \u00e0 une r\u00e9union d'affaires cruciale, \u00e0 un mariage ou \u00e0 un d\u00eener \u00e9l\u00e9gant, ces chaussures constitueront la base parfaite de votre ensemble.<\/p>\n<h3>Un design intemporel pour un confort moderne<\/h3>\n<p>Le design Oxford intemporel fait de ces chaussures un compl\u00e9ment polyvalent \u00e0 toute garde-robe. Elles passent sans probl\u00e8me d'une tenue d'affaires formelle \u00e0 une tenue de soir\u00e9e sophistiqu\u00e9e, vous assurant une impression toujours impeccable. Disponibles dans une large gamme de pointures allant du 39 au 45, elles s'adaptent parfaitement \u00e0 tous les pieds. Gr\u00e2ce \u00e0 leur construction robuste et \u00e0 leurs mat\u00e9riaux de haute qualit\u00e9, ces <strong>Chaussures Oxford en cuir v\u00e9ritable pour hommes<\/strong> sont con\u00e7ues pour durer, ce qui en fait un choix durable pour votre collection de chaussures.<\/p>\n<h3>Opportunit\u00e9s pour le commerce de gros<\/h3>\n<p>Pour les d\u00e9taillants et les entreprises qui souhaitent proposer des chaussures de qualit\u00e9 sup\u00e9rieure, ces chaussures classiques sont disponibles \u00e0 l'achat en gros. Avec une commande minimum de seulement 8 paires, vous pouvez vous approvisionner avec un produit qui promet la satisfaction du client et la r\u00e9p\u00e9tition des affaires. Notre engagement en mati\u00e8re de qualit\u00e9 et de style classique garantit que ces chaussures en cuir v\u00e9ritable seront un article recherch\u00e9. Faites l'exp\u00e9rience d'un m\u00e9lange parfait de tradition, de luxe et de confort moderne avec nos exceptionnels oxfords en cuir noir.<\/p>","protected":false},"excerpt":{"rendered":"<ul>\n<li>Fabriqu\u00e9 en cuir de veau et de ch\u00e8vre v\u00e9ritable de premi\u00e8re qualit\u00e9.<\/li>\n<li>D\u00e9tail emboss\u00e9 en forme de crocodile sur le bout du pied et les empi\u00e8cements lat\u00e9raux.<\/li>\n<li>Mod\u00e8le classique Oxford \u00e0 lacets pour un look raffin\u00e9 et sophistiqu\u00e9.<\/li>\n<li>La semelle EVA l\u00e9g\u00e8re et durable assure un confort tout au long de la journ\u00e9e.<\/li>\n<li>Disponible dans une large gamme de tailles : 39, 40, 41, 42, 43, 44, 45.<\/li>\n<li>Id\u00e9al pour les affaires, les \u00e9v\u00e9nements formels et les tenues d\u00e9contract\u00e9es haut de gamme.<\/li>\n<li>Possibilit\u00e9 de vente en gros avec une commande minimum de 8 paires.<\/li>\n<\/ul>","protected":false},"featured_media":6871,"template":"","meta":{"_acf_changed":false,"_uag_custom_page_level_css":"","site-sidebar-layout":"default","site-content-layout":"","ast-site-content-layout":"default","site-content-style":"default","site-sidebar-style":"default","ast-global-header-display":"","ast-banner-title-visibility":"","ast-main-header-display":"","ast-hfb-above-header-display":"","ast-hfb-below-header-display":"","ast-hfb-mobile-header-display":"","site-post-title":"","ast-breadcrumbs-content":"","ast-featured-img":"","footer-sml-layout":"","ast-disable-related-posts":"","theme-transparent-header-meta":"","adv-header-id-meta":"","stick-header-meta":"","header-above-stick-meta":"","header-main-stick-meta":"","header-below-stick-meta":"","astra-migrate-meta-layouts":"default","ast-page-background-enabled":"default","ast-page-background-meta":{"desktop":{"background-color":"var(--ast-global-color-4)","background-image":"","background-repeat":"repeat","background-position":"center center","background-size":"auto","background-attachment":"scroll","background-type":"","background-media":"","overlay-type":"","overlay-color":"","overlay-opacity":"","overlay-gradient":""},"tablet":{"background-color":"","background-image":"","background-repeat":"repeat","background-position":"center center","background-size":"auto","background-attachment":"scroll","background-type":"","background-media":"","overlay-type":"","overlay-color":"","overlay-opacity":"","overlay-gradient":""},"mobile":{"background-color":"","background-image":"","background-repeat":"repeat","background-position":"center center","background-size":"auto","background-attachment":"scroll","background-type":"","background-media":"","overlay-type":"","overlay-color":"","overlay-opacity":"","overlay-gradient":""}},"ast-content-background-meta":{"desktop":{"background-color":"var(--ast-global-color-5)","background-image":"","background-repeat":"repeat","background-position":"center center","background-size":"auto","background-attachment":"scroll","background-type":"","background-media":"","overlay-type":"","overlay-color":"","overlay-opacity":"","overlay-gradient":""},"tablet":{"background-color":"var(--ast-global-color-5)","background-image":"","background-repeat":"repeat","background-position":"center center","background-size":"auto","background-attachment":"scroll","background-type":"","background-media":"","overlay-type":"","overlay-color":"","overlay-opacity":"","overlay-gradient":""},"mobile":{"background-color":"var(--ast-global-color-5)","background-image":"","background-repeat":"repeat","background-position":"center center","background-size":"auto","background-attachment":"scroll","background-type":"","background-media":"","overlay-type":"","overlay-color":"","overlay-opacity":"","overlay-gradient":""}}},"product_brand":[],"product_cat":[47,430,1200],"product_tag":[196,405,534,284,287,251,221,286,204,281],"class_list":{"0":"post-8317","1":"product","2":"type-product","3":"status-publish","4":"has-post-thumbnail","6":"product_cat-classic","7":"product_cat-men","8":"product_cat-mens-shoes-2","9":"product_tag-black-leather-shoes","10":"product_tag-business-shoes","11":"product_tag-crocodile-embossed-shoes","12":"product_tag-dress-shoes","13":"product_tag-eva-sole-shoes","14":"product_tag-formal-shoes","15":"product_tag-genuine-leather","16":"product_tag-mens-leather-shoes","17":"product_tag-oxford-shoes","18":"product_tag-wholesale-shoes","19":"desktop-align-center","20":"tablet-align-center","21":"mobile-align-center","23":"first","24":"instock","25":"shipping-taxable","26":"purchasable","27":"product-type-variable","28":"has-default-attributes"},"acf":[],"uagb_featured_image_src":{"full":["https:\/\/turkishtrade.co\/wp-content\/uploads\/2026\/01\/2600NZWMN00017-BLACK.png",453,250,false],"thumbnail":["https:\/\/turkishtrade.co\/wp-content\/uploads\/2026\/01\/2600NZWMN00017-BLACK-150x150.png",150,150,true],"medium":["https:\/\/turkishtrade.co\/wp-content\/uploads\/2026\/01\/2600NZWMN00017-BLACK-300x166.png",300,166,true],"medium_large":["https:\/\/turkishtrade.co\/wp-content\/uploads\/2026\/01\/2600NZWMN00017-BLACK.png",453,250,false],"large":["https:\/\/turkishtrade.co\/wp-content\/uploads\/2026\/01\/2600NZWMN00017-BLACK.png",453,250,false],"1536x1536":["https:\/\/turkishtrade.co\/wp-content\/uploads\/2026\/01\/2600NZWMN00017-BLACK.png",453,250,false],"2048x2048":["https:\/\/turkishtrade.co\/wp-content\/uploads\/2026\/01\/2600NZWMN00017-BLACK.png",453,250,false],"trp-custom-language-flag":["https:\/\/turkishtrade.co\/wp-content\/uploads\/2026\/01\/2600NZWMN00017-BLACK-18x10.png",18,10,true],"woocommerce_thumbnail":["https:\/\/turkishtrade.co\/wp-content\/uploads\/2026\/01\/2600NZWMN00017-BLACK-400x250.png",400,250,true],"woocommerce_single":["https:\/\/turkishtrade.co\/wp-content\/uploads\/2026\/01\/2600NZWMN00017-BLACK.png",453,250,false],"woocommerce_gallery_thumbnail":["https:\/\/turkishtrade.co\/wp-content\/uploads\/2026\/01\/2600NZWMN00017-BLACK-100x100.png",100,100,true]},"uagb_author_info":{"display_name":"python python","author_link":"https:\/\/turkishtrade.co\/fr\/author\/"},"uagb_comment_info":0,"uagb_excerpt":"Crafted from premium genuine calf and goat leather for superior quality. Distinguished crocodile embossed detail on the toe cap and side panels. Classic Oxford lace-up design for a refined, sophisticated look. Lightweight and durable EVA sole ensures all-day comfort. Available in a wide range of sizes: 39, 40, 41, 42, 43, 44, 45. Ideal for\u2026","_links":{"self":[{"href":"https:\/\/turkishtrade.co\/fr\/wp-json\/wp\/v2\/product\/8317","targetHints":{"allow":["GET"]}}],"collection":[{"href":"https:\/\/turkishtrade.co\/fr\/wp-json\/wp\/v2\/product"}],"about":[{"href":"https:\/\/turkishtrade.co\/fr\/wp-json\/wp\/v2\/types\/product"}],"wp:featuredmedia":[{"embeddable":true,"href":"https:\/\/turkishtrade.co\/fr\/wp-json\/wp\/v2\/media\/6871"}],"wp:attachment":[{"href":"https:\/\/turkishtrade.co\/fr\/wp-json\/wp\/v2\/media?parent=8317"}],"wp:term":[{"taxonomy":"product_brand","embeddable":true,"href":"https:\/\/turkishtrade.co\/fr\/wp-json\/wp\/v2\/product_brand?post=8317"},{"taxonomy":"product_cat","embeddable":true,"href":"https:\/\/turkishtrade.co\/fr\/wp-json\/wp\/v2\/product_cat?post=8317"},{"taxonomy":"product_tag","embeddable":true,"href":"https:\/\/turkishtrade.co\/fr\/wp-json\/wp\/v2\/product_tag?post=8317"}],"curies":[{"name":"wp","href":"https:\/\/api.w.org\/{rel}","templated":true}]}}