{"id":8315,"date":"2026-01-29T14:49:16","date_gmt":"2026-01-29T14:49:16","guid":{"rendered":"https:\/\/turkishtrade.co\/product\/men-2600nzwmn00014\/"},"modified":"2026-04-09T20:29:40","modified_gmt":"2026-04-09T20:29:40","slug":"mens-black-leather-loafers-18","status":"publish","type":"product","link":"https:\/\/turkishtrade.co\/fr\/shop\/mens-black-leather-loafers-18\/","title":{"rendered":"Mocassins en cuir noir pour hommes Proven | Penny Loafers en cuir noir pour hommes"},"content":{"rendered":"<p><strong>Mocassins en cuir noir pour hommes<\/strong>. Qualit\u00e9 et conception \u00e9prouv\u00e9es.<\/p>\n<p>Entrez dans une sophistication in\u00e9gal\u00e9e gr\u00e2ce \u00e0 nos magnifiques <strong>Mocassins en cuir noir pour hommes<\/strong>. Ces chaussures classiques sont m\u00e9ticuleusement fabriqu\u00e9es pour offrir un style intemporel et un confort exceptionnel, ce qui en fait un compl\u00e9ment indispensable \u00e0 la garde-robe de tout gentleman exigeant. Parfaites pour toutes les occasions, des r\u00e9unions d'affaires aux \u00e9v\u00e9nements sociaux \u00e9l\u00e9gants, ces mocassins promettent de rehausser votre look gr\u00e2ce \u00e0 leur design raffin\u00e9 et \u00e0 leurs mat\u00e9riaux de qualit\u00e9 sup\u00e9rieure.<\/p>\n<p>Au c\u0153ur de ces mocassins haut de gamme se trouve un engagement de qualit\u00e9. La tige est en cuir de veau v\u00e9ritable, r\u00e9put\u00e9 pour sa texture lisse, sa durabilit\u00e9 et sa capacit\u00e9 \u00e0 vieillir en beaut\u00e9. En compl\u00e9ment, l'int\u00e9rieur est dot\u00e9 d'une doublure en cuir de ch\u00e8vre souple, qui assure une bonne respirabilit\u00e9 et une sensation de confort \u00e0 chaque pas. Cette combinaison judicieuse de mat\u00e9riaux garantit un confort durable tout au long de la journ\u00e9e.<\/p>\n<h3>Un savoir-faire et un design in\u00e9gal\u00e9s<\/h3>\n<p>Notre <strong>mocassins en cuir noir pour hommes<\/strong> incarnent une silhouette classique de penny loafer, rehauss\u00e9e d'une sangle d\u00e9corative subtile mais distinctive sur l'empeigne. Ce d\u00e9tail \u00e9l\u00e9gant ajoute une touche d'individualit\u00e9 au design traditionnel. La finition noire \u00e9l\u00e9gante offre une immense polyvalence, s'associant sans effort avec des costumes, des pantalons \u00e9l\u00e9gants ou m\u00eame des tenues d\u00e9contract\u00e9es sophistiqu\u00e9es. Chaque paire t\u00e9moigne d'une fabrication de chaussures experte, avec des coutures m\u00e9ticuleuses et une structure bien d\u00e9finie qui en dit long sur sa qualit\u00e9.<\/p>\n<p>La base de ces mocassins est une semelle en cuir v\u00e9ritable robuste et cousue. Contrairement aux alternatives synth\u00e9tiques, une semelle en cuir offre une respirabilit\u00e9 sup\u00e9rieure et se moule \u00e0 votre pied au fil du temps, am\u00e9liorant le confort et offrant une flexion naturelle. Cela garantit non seulement la long\u00e9vit\u00e9 de votre investissement, mais aussi une sensation d'authenticit\u00e9 que seul le cuir v\u00e9ritable peut offrir. Lorsque vous choisissez ces <strong>mocassins en cuir noir pour hommes<\/strong>, vous investissez dans un produit construit pour durer et con\u00e7u pour un style durable.<\/p>\n<h3>Le confort au service de la polyvalence<\/h3>\n<p>Con\u00e7us pour l'homme moderne, ces mocassins en cuir noir s'enfilent facilement sans compromettre l'\u00e9l\u00e9gance. Ils sont id\u00e9aux pour ceux qui appr\u00e9cient \u00e0 la fois la facilit\u00e9 et le style. Qu'il s'agisse d'une journ\u00e9e de travail bien remplie, d'un \u00e9v\u00e9nement officiel ou d'un week-end tranquille, ces mocassins offrent un m\u00e9lange parfait de confort et de classe. Disponibles dans une large gamme de tailles europ\u00e9ennes allant du 39 au 45, il est facile de trouver la chaussure id\u00e9ale.<\/p>\n<p>Pour les d\u00e9taillants et les entreprises qui souhaitent proposer des chaussures haut de gamme, nos <strong>mocassins en cuir noir pour hommes<\/strong> sont disponibles \u00e0 l'achat en gros. Avec une quantit\u00e9 minimale de commande de seulement 8 paires, vous pouvez facilement vous approvisionner en un produit vraiment d\u00e9sirable qui plaira aux clients qui recherchent des chaussures de haute qualit\u00e9, \u00e9l\u00e9gantes et confortables. Investissez dans nos mocassins en cuir noir pour hommes et d\u00e9couvrez l'harmonie parfaite entre la tradition, la qualit\u00e9 et la mode contemporaine.<\/p>","protected":false},"excerpt":{"rendered":"<ul>\n<li>Fabriqu\u00e9 en cuir de veau v\u00e9ritable de premi\u00e8re qualit\u00e9<\/li>\n<li>Doublure en cuir de ch\u00e8vre luxueux pour un confort sup\u00e9rieur<\/li>\n<li>Penny Loafer classique avec une lani\u00e8re d\u00e9corative distinctive<\/li>\n<li>Semelle en cuir v\u00e9ritable cousue pour une utilisation durable<\/li>\n<li>Disponible dans les tailles europ\u00e9ennes 39-45<\/li>\n<li>Possibilit\u00e9 de vente en gros avec une commande minimum de 8 paires.<\/li>\n<\/ul>","protected":false},"featured_media":6867,"template":"","meta":{"_acf_changed":false,"_uag_custom_page_level_css":"","site-sidebar-layout":"default","site-content-layout":"","ast-site-content-layout":"default","site-content-style":"default","site-sidebar-style":"default","ast-global-header-display":"","ast-banner-title-visibility":"","ast-main-header-display":"","ast-hfb-above-header-display":"","ast-hfb-below-header-display":"","ast-hfb-mobile-header-display":"","site-post-title":"","ast-breadcrumbs-content":"","ast-featured-img":"","footer-sml-layout":"","ast-disable-related-posts":"","theme-transparent-header-meta":"","adv-header-id-meta":"","stick-header-meta":"","header-above-stick-meta":"","header-main-stick-meta":"","header-below-stick-meta":"","astra-migrate-meta-layouts":"default","ast-page-background-enabled":"default","ast-page-background-meta":{"desktop":{"background-color":"var(--ast-global-color-4)","background-image":"","background-repeat":"repeat","background-position":"center center","background-size":"auto","background-attachment":"scroll","background-type":"","background-media":"","overlay-type":"","overlay-color":"","overlay-opacity":"","overlay-gradient":""},"tablet":{"background-color":"","background-image":"","background-repeat":"repeat","background-position":"center center","background-size":"auto","background-attachment":"scroll","background-type":"","background-media":"","overlay-type":"","overlay-color":"","overlay-opacity":"","overlay-gradient":""},"mobile":{"background-color":"","background-image":"","background-repeat":"repeat","background-position":"center center","background-size":"auto","background-attachment":"scroll","background-type":"","background-media":"","overlay-type":"","overlay-color":"","overlay-opacity":"","overlay-gradient":""}},"ast-content-background-meta":{"desktop":{"background-color":"var(--ast-global-color-5)","background-image":"","background-repeat":"repeat","background-position":"center center","background-size":"auto","background-attachment":"scroll","background-type":"","background-media":"","overlay-type":"","overlay-color":"","overlay-opacity":"","overlay-gradient":""},"tablet":{"background-color":"var(--ast-global-color-5)","background-image":"","background-repeat":"repeat","background-position":"center center","background-size":"auto","background-attachment":"scroll","background-type":"","background-media":"","overlay-type":"","overlay-color":"","overlay-opacity":"","overlay-gradient":""},"mobile":{"background-color":"var(--ast-global-color-5)","background-image":"","background-repeat":"repeat","background-position":"center center","background-size":"auto","background-attachment":"scroll","background-type":"","background-media":"","overlay-type":"","overlay-color":"","overlay-opacity":"","overlay-gradient":""}}},"product_brand":[],"product_cat":[47,430,1200],"product_tag":[185,754,737,251,1294,189,733,372,279,281],"class_list":{"0":"post-8315","1":"product","2":"type-product","3":"status-publish","4":"has-post-thumbnail","6":"product_cat-classic","7":"product_cat-men","8":"product_cat-mens-shoes-2","9":"product_tag-calf-leather-shoes","10":"product_tag-classic-mens-shoes","11":"product_tag-dress-loafers","12":"product_tag-formal-shoes","13":"product_tag-genuine-leather-loafers","14":"product_tag-goat-leather-lining","15":"product_tag-mens-black-leather-loafers","16":"product_tag-mens-slip-on-shoes","17":"product_tag-penny-loafers","18":"product_tag-wholesale-shoes","19":"desktop-align-center","20":"tablet-align-center","21":"mobile-align-center","23":"first","24":"instock","25":"shipping-taxable","26":"purchasable","27":"product-type-variable","28":"has-default-attributes"},"acf":[],"uagb_featured_image_src":{"full":["https:\/\/turkishtrade.co\/wp-content\/uploads\/2026\/01\/2600NZWMN00014-BLACK.png",453,250,false],"thumbnail":["https:\/\/turkishtrade.co\/wp-content\/uploads\/2026\/01\/2600NZWMN00014-BLACK-150x150.png",150,150,true],"medium":["https:\/\/turkishtrade.co\/wp-content\/uploads\/2026\/01\/2600NZWMN00014-BLACK-300x166.png",300,166,true],"medium_large":["https:\/\/turkishtrade.co\/wp-content\/uploads\/2026\/01\/2600NZWMN00014-BLACK.png",453,250,false],"large":["https:\/\/turkishtrade.co\/wp-content\/uploads\/2026\/01\/2600NZWMN00014-BLACK.png",453,250,false],"1536x1536":["https:\/\/turkishtrade.co\/wp-content\/uploads\/2026\/01\/2600NZWMN00014-BLACK.png",453,250,false],"2048x2048":["https:\/\/turkishtrade.co\/wp-content\/uploads\/2026\/01\/2600NZWMN00014-BLACK.png",453,250,false],"trp-custom-language-flag":["https:\/\/turkishtrade.co\/wp-content\/uploads\/2026\/01\/2600NZWMN00014-BLACK-18x10.png",18,10,true],"woocommerce_thumbnail":["https:\/\/turkishtrade.co\/wp-content\/uploads\/2026\/01\/2600NZWMN00014-BLACK-400x250.png",400,250,true],"woocommerce_single":["https:\/\/turkishtrade.co\/wp-content\/uploads\/2026\/01\/2600NZWMN00014-BLACK.png",453,250,false],"woocommerce_gallery_thumbnail":["https:\/\/turkishtrade.co\/wp-content\/uploads\/2026\/01\/2600NZWMN00014-BLACK-100x100.png",100,100,true]},"uagb_author_info":{"display_name":"python python","author_link":"https:\/\/turkishtrade.co\/fr\/author\/"},"uagb_comment_info":0,"uagb_excerpt":"Crafted from premium Genuine Calf Leather Luxurious Goat Leather Lining for superior comfort Classic Penny Loafer design with a distinctive decorative strap Durable, stitched genuine leather sole for long-lasting wear Available in European sizes 39-45 Wholesale opportunities available with a minimum order of 8 pairs","_links":{"self":[{"href":"https:\/\/turkishtrade.co\/fr\/wp-json\/wp\/v2\/product\/8315","targetHints":{"allow":["GET"]}}],"collection":[{"href":"https:\/\/turkishtrade.co\/fr\/wp-json\/wp\/v2\/product"}],"about":[{"href":"https:\/\/turkishtrade.co\/fr\/wp-json\/wp\/v2\/types\/product"}],"wp:featuredmedia":[{"embeddable":true,"href":"https:\/\/turkishtrade.co\/fr\/wp-json\/wp\/v2\/media\/6867"}],"wp:attachment":[{"href":"https:\/\/turkishtrade.co\/fr\/wp-json\/wp\/v2\/media?parent=8315"}],"wp:term":[{"taxonomy":"product_brand","embeddable":true,"href":"https:\/\/turkishtrade.co\/fr\/wp-json\/wp\/v2\/product_brand?post=8315"},{"taxonomy":"product_cat","embeddable":true,"href":"https:\/\/turkishtrade.co\/fr\/wp-json\/wp\/v2\/product_cat?post=8315"},{"taxonomy":"product_tag","embeddable":true,"href":"https:\/\/turkishtrade.co\/fr\/wp-json\/wp\/v2\/product_tag?post=8315"}],"curies":[{"name":"wp","href":"https:\/\/api.w.org\/{rel}","templated":true}]}}