{"id":8296,"date":"2026-01-29T14:49:05","date_gmt":"2026-01-29T14:49:05","guid":{"rendered":"https:\/\/turkishtrade.co\/?post_type=product&#038;p=8296"},"modified":"2026-04-09T20:29:49","modified_gmt":"2026-04-09T20:29:49","slug":"mens-black-leather-dress-shoes-3","status":"publish","type":"product","link":"https:\/\/turkishtrade.co\/fr\/shop\/mens-black-leather-dress-shoes-3\/","title":{"rendered":"Chaussures habill\u00e9es en cuir noir pour hommes Incredible | Chaussures habill\u00e9es en cuir v\u00e9ritable noir pour hommes Classic"},"content":{"rendered":"<p>Entrez dans l'\u00e9l\u00e9gance intemporelle avec nos produits haut de gamme <strong>Chaussures habill\u00e9es en cuir noir pour hommes<\/strong>. Con\u00e7ues pour le gentleman exigeant, ces chaussures classiques \u00e0 bout pointu sont l'incarnation de la sophistication, parfaites pour toute occasion formelle ou r\u00e9union d'affaires importante. Chaque paire de ces exquises <strong>chaussures habill\u00e9es en cuir noir pour hommes<\/strong> est le fruit d'un savoir-faire sup\u00e9rieur et d'un souci de qualit\u00e9 qui s'impose dans tous les contextes.<\/p>\n<h3>Un savoir-faire in\u00e9gal\u00e9 et des mat\u00e9riaux de premi\u00e8re qualit\u00e9<\/h3>\n<p>Notre <strong>Chaussures habill\u00e9es en cuir noir pour hommes<\/strong> sont m\u00e9ticuleusement construites en cuir de veau v\u00e9ritable pour la tige, offrant une apparence \u00e9l\u00e9gante et polie et une durabilit\u00e9 exceptionnelle. Les perforations subtiles sur l'empeigne ajoutent une touche de raffinement, tandis que le bout lustr\u00e9 accentue l'attrait classique de ces chaussures. \u00c0 l'int\u00e9rieur, vos pieds sont envelopp\u00e9s dans le confort luxueux d'une doublure en cuir de ch\u00e8vre v\u00e9ritable, qui assure une bonne respirabilit\u00e9 et une sensation de confort \u00e0 chaque pas. Cet engagement \u00e0 utiliser des mat\u00e9riaux de haute qualit\u00e9 garantit qu'il ne s'agit pas de simples chaussures, mais d'un investissement dans un style durable. D\u00e9couvrez la diff\u00e9rence des vraies <strong>chaussures en cuir v\u00e9ritable<\/strong>.<\/p>\n<h3>Con\u00e7u pour le confort et la polyvalence<\/h3>\n<p>Au-del\u00e0 de leur esth\u00e9tique frappante, ces <strong>chaussures habill\u00e9es en cuir noir pour hommes<\/strong> sont con\u00e7ues pour un confort tout au long de la journ\u00e9e. Dot\u00e9es d'un syst\u00e8me d'amorti EVA avanc\u00e9, elles offrent un soutien l\u00e9ger et une absorption des chocs, ce qui rend les longues heures pass\u00e9es debout beaucoup plus faciles \u00e0 g\u00e9rer. La semelle robuste mais flexible offre une excellente adh\u00e9rence et une grande stabilit\u00e9, garantissant la confiance \u00e0 chaque foul\u00e9e. Que vous assistiez \u00e0 un mariage, \u00e0 un gala ou que vous concluiez une affaire cruciale, ces chaussures polyvalentes vous aideront \u00e0 vous sentir \u00e0 l'aise. <strong>chaussures habill\u00e9es en cuir noir<\/strong> compl\u00e8teront votre ensemble avec un go\u00fbt impeccable. Disponibles dans une large gamme de tailles europ\u00e9ennes allant du 39 au 45, ces chaussures de qualit\u00e9 sup\u00e9rieure vous permettront de trouver facilement la taille qui vous convient. <strong>chaussures de ville pour hommes<\/strong>.<\/p>\n<h3>Am\u00e9liorez vos stocks gr\u00e2ce aux possibilit\u00e9s de vente en gros<\/h3>\n<p>Pour les d\u00e9taillants et les entreprises qui souhaitent proposer des chaussures haut de gamme, nos <strong>Chaussures habill\u00e9es en cuir noir pour hommes<\/strong> sont disponibles \u00e0 l'achat en gros. Avec une commande minimale de seulement 8 paires, vous pouvez facilement vous approvisionner en ces chaussures classiques tr\u00e8s recherch\u00e9es. Nous sommes fiers d'offrir une qualit\u00e9 et un style exceptionnels. <strong>chaussures habill\u00e9es en cuir v\u00e9ritable pour hommes<\/strong> un choix judicieux pour \u00e9largir votre gamme de produits. Offrez \u00e0 vos clients ce qu'il y a de mieux en mati\u00e8re de chaussures de c\u00e9r\u00e9monie, en associant l'\u00e9l\u00e9gance traditionnelle aux technologies modernes de confort. Investissez dans la qualit\u00e9, investissez dans le style, investissez dans ces chaussures remarquables. <strong>chaussures habill\u00e9es en cuir noir pour hommes<\/strong> aujourd'hui.<\/p>","protected":false},"excerpt":{"rendered":"<ul>\n<li>Tige en cuir de veau v\u00e9ritable de premi\u00e8re qualit\u00e9<\/li>\n<li>Doublure luxueuse en cuir de ch\u00e8vre v\u00e9ritable<\/li>\n<li>\u00c9l\u00e9gant design Cap-Toe avec d\u00e9tails perfor\u00e9s<\/li>\n<li>Amortissement EVA avanc\u00e9 pour un confort sup\u00e9rieur<\/li>\n<li>Semelle ext\u00e9rieure durable et flexible pour une utilisation tout au long de la journ\u00e9e<\/li>\n<li>Disponible en tailles UE : 39, 40, 41, 42, 43, 44, 45<\/li>\n<li>Commandes en gros accept\u00e9es (commande minimum : 8 paires)<\/li>\n<\/ul>","protected":false},"featured_media":6864,"template":"","meta":{"_acf_changed":false,"_uag_custom_page_level_css":"","site-sidebar-layout":"default","site-content-layout":"","ast-site-content-layout":"default","site-content-style":"default","site-sidebar-style":"default","ast-global-header-display":"","ast-banner-title-visibility":"","ast-main-header-display":"","ast-hfb-above-header-display":"","ast-hfb-below-header-display":"","ast-hfb-mobile-header-display":"","site-post-title":"","ast-breadcrumbs-content":"","ast-featured-img":"","footer-sml-layout":"","ast-disable-related-posts":"","theme-transparent-header-meta":"","adv-header-id-meta":"","stick-header-meta":"","header-above-stick-meta":"","header-main-stick-meta":"","header-below-stick-meta":"","astra-migrate-meta-layouts":"default","ast-page-background-enabled":"default","ast-page-background-meta":{"desktop":{"background-color":"var(--ast-global-color-4)","background-image":"","background-repeat":"repeat","background-position":"center center","background-size":"auto","background-attachment":"scroll","background-type":"","background-media":"","overlay-type":"","overlay-color":"","overlay-opacity":"","overlay-gradient":""},"tablet":{"background-color":"","background-image":"","background-repeat":"repeat","background-position":"center center","background-size":"auto","background-attachment":"scroll","background-type":"","background-media":"","overlay-type":"","overlay-color":"","overlay-opacity":"","overlay-gradient":""},"mobile":{"background-color":"","background-image":"","background-repeat":"repeat","background-position":"center center","background-size":"auto","background-attachment":"scroll","background-type":"","background-media":"","overlay-type":"","overlay-color":"","overlay-opacity":"","overlay-gradient":""}},"ast-content-background-meta":{"desktop":{"background-color":"var(--ast-global-color-5)","background-image":"","background-repeat":"repeat","background-position":"center center","background-size":"auto","background-attachment":"scroll","background-type":"","background-media":"","overlay-type":"","overlay-color":"","overlay-opacity":"","overlay-gradient":""},"tablet":{"background-color":"var(--ast-global-color-5)","background-image":"","background-repeat":"repeat","background-position":"center center","background-size":"auto","background-attachment":"scroll","background-type":"","background-media":"","overlay-type":"","overlay-color":"","overlay-opacity":"","overlay-gradient":""},"mobile":{"background-color":"var(--ast-global-color-5)","background-image":"","background-repeat":"repeat","background-position":"center center","background-size":"auto","background-attachment":"scroll","background-type":"","background-media":"","overlay-type":"","overlay-color":"","overlay-opacity":"","overlay-gradient":""}}},"product_brand":[],"product_cat":[47,430,1200],"product_tag":[196,405,458,145,1301,251,221,324,285,281],"class_list":{"0":"post-8296","1":"product","2":"type-product","3":"status-publish","4":"has-post-thumbnail","6":"product_cat-classic","7":"product_cat-men","8":"product_cat-mens-shoes-2","9":"product_tag-black-leather-shoes","10":"product_tag-business-shoes","11":"product_tag-cap-toe-shoes","12":"product_tag-classic-shoes","13":"product_tag-eva-comfort-shoes","14":"product_tag-formal-shoes","15":"product_tag-genuine-leather","16":"product_tag-mens-dress-shoes","17":"product_tag-turkish-shoes","18":"product_tag-wholesale-shoes","19":"desktop-align-center","20":"tablet-align-center","21":"mobile-align-center","23":"first","24":"instock","25":"shipping-taxable","26":"purchasable","27":"product-type-variable","28":"has-default-attributes"},"acf":[],"uagb_featured_image_src":{"full":["https:\/\/turkishtrade.co\/wp-content\/uploads\/2026\/01\/2600NZWMN00012-BLACK.png",453,250,false],"thumbnail":["https:\/\/turkishtrade.co\/wp-content\/uploads\/2026\/01\/2600NZWMN00012-BLACK-150x150.png",150,150,true],"medium":["https:\/\/turkishtrade.co\/wp-content\/uploads\/2026\/01\/2600NZWMN00012-BLACK-300x166.png",300,166,true],"medium_large":["https:\/\/turkishtrade.co\/wp-content\/uploads\/2026\/01\/2600NZWMN00012-BLACK.png",453,250,false],"large":["https:\/\/turkishtrade.co\/wp-content\/uploads\/2026\/01\/2600NZWMN00012-BLACK.png",453,250,false],"1536x1536":["https:\/\/turkishtrade.co\/wp-content\/uploads\/2026\/01\/2600NZWMN00012-BLACK.png",453,250,false],"2048x2048":["https:\/\/turkishtrade.co\/wp-content\/uploads\/2026\/01\/2600NZWMN00012-BLACK.png",453,250,false],"trp-custom-language-flag":["https:\/\/turkishtrade.co\/wp-content\/uploads\/2026\/01\/2600NZWMN00012-BLACK-18x10.png",18,10,true],"woocommerce_thumbnail":["https:\/\/turkishtrade.co\/wp-content\/uploads\/2026\/01\/2600NZWMN00012-BLACK-400x250.png",400,250,true],"woocommerce_single":["https:\/\/turkishtrade.co\/wp-content\/uploads\/2026\/01\/2600NZWMN00012-BLACK.png",453,250,false],"woocommerce_gallery_thumbnail":["https:\/\/turkishtrade.co\/wp-content\/uploads\/2026\/01\/2600NZWMN00012-BLACK-100x100.png",100,100,true]},"uagb_author_info":{"display_name":"python python","author_link":"https:\/\/turkishtrade.co\/fr\/author\/"},"uagb_comment_info":0,"uagb_excerpt":"Premium Genuine Calf Leather Upper Luxurious Genuine Goat Leather Lining Elegant Cap-Toe Design with Perforated Detailing Advanced EVA Cushioning for Superior Comfort Durable, Flexible Outsole for All-Day Wear Available in EU Sizes: 39, 40, 41, 42, 43, 44, 45 Wholesale Orders Welcome (Minimum Order: 8 Pairs)","_links":{"self":[{"href":"https:\/\/turkishtrade.co\/fr\/wp-json\/wp\/v2\/product\/8296","targetHints":{"allow":["GET"]}}],"collection":[{"href":"https:\/\/turkishtrade.co\/fr\/wp-json\/wp\/v2\/product"}],"about":[{"href":"https:\/\/turkishtrade.co\/fr\/wp-json\/wp\/v2\/types\/product"}],"wp:featuredmedia":[{"embeddable":true,"href":"https:\/\/turkishtrade.co\/fr\/wp-json\/wp\/v2\/media\/6864"}],"wp:attachment":[{"href":"https:\/\/turkishtrade.co\/fr\/wp-json\/wp\/v2\/media?parent=8296"}],"wp:term":[{"taxonomy":"product_brand","embeddable":true,"href":"https:\/\/turkishtrade.co\/fr\/wp-json\/wp\/v2\/product_brand?post=8296"},{"taxonomy":"product_cat","embeddable":true,"href":"https:\/\/turkishtrade.co\/fr\/wp-json\/wp\/v2\/product_cat?post=8296"},{"taxonomy":"product_tag","embeddable":true,"href":"https:\/\/turkishtrade.co\/fr\/wp-json\/wp\/v2\/product_tag?post=8296"}],"curies":[{"name":"wp","href":"https:\/\/api.w.org\/{rel}","templated":true}]}}