{"id":8295,"date":"2026-01-29T14:49:05","date_gmt":"2026-01-29T14:49:05","guid":{"rendered":"https:\/\/turkishtrade.co\/?post_type=product&#038;p=8295"},"modified":"2026-04-09T20:29:53","modified_gmt":"2026-04-09T20:29:53","slug":"brown-leather-loafers-men","status":"publish","type":"product","link":"https:\/\/turkishtrade.co\/fr\/shop\/brown-leather-loafers-men\/","title":{"rendered":"Brown Leather Loafers Men Incredible | Men's Classic Brown Genuine Leather"},"content":{"rendered":"<p><strong>Mocassins en cuir marron pour hommes<\/strong>. Une qualit\u00e9 et un design incroyables.<\/p>\n<p>\u00c9levez votre collection de chaussures avec ces chaussures exquises. <strong>Mocassins en cuir marron pour hommes<\/strong>, Ces mocassins ont \u00e9t\u00e9 con\u00e7us avec le plus grand soin pour les hommes exigeants. Ces mocassins classiques allient un style intemporel \u00e0 un confort in\u00e9gal\u00e9, ce qui en fait un \u00e9l\u00e9ment essentiel de toute garde-robe. Con\u00e7us pour impressionner, nos <strong>Mocassins en cuir marron pour hommes<\/strong> sont l'incarnation de la sophistication et de la durabilit\u00e9.<\/p>\n<h3>Une qualit\u00e9 et un savoir-faire in\u00e9gal\u00e9s<\/h3>\n<p>Chaque paire de ces mocassins haut de gamme est fabriqu\u00e9e \u00e0 partir des meilleurs cuirs de ch\u00e8vre et de veau v\u00e9ritables, offrant un toucher luxueux et une long\u00e9vit\u00e9 exceptionnelle. La riche teinte brune naturelle de ces <strong>Mocassins en cuir marron pour hommes<\/strong> est une option polyvalente qui s'associe parfaitement \u00e0 une tenue formelle ou d\u00e9contract\u00e9e. Les coutures d\u00e9taill\u00e9es et la quincaillerie raffin\u00e9e de la tige t\u00e9moignent de l'attention m\u00e9ticuleuse port\u00e9e \u00e0 chaque chaussure. Vous appr\u00e9cierez la texture souple et la nature respirante du cuir de haute qualit\u00e9, qui garantit le confort de vos pieds tout au long de la journ\u00e9e. Il ne s'agit pas seulement de chaussures, mais d'une d\u00e9claration de savoir-faire sup\u00e9rieur et de style durable pour l'homme moderne.<\/p>\n<h3>Confort ultime gr\u00e2ce \u00e0 la technologie de la semelle EVA<\/h3>\n<p>Au-del\u00e0 de leur esth\u00e9tique \u00e9tonnante, ces <strong>Mocassins en cuir marron pour hommes<\/strong> sont con\u00e7ues pour un confort supr\u00eame. Dot\u00e9es d'une semelle EVA avanc\u00e9e, elles offrent un amorti l\u00e9ger et une excellente absorption des chocs, r\u00e9duisant la fatigue m\u00eame apr\u00e8s de longues heures de port. La semelle flexible s'adapte au mouvement naturel de votre pied, offrant un soutien et une foul\u00e9e confortable. Que vous passiez une journ\u00e9e de travail bien remplie ou que vous profitiez d'une soir\u00e9e tranquille, le confort offert par ces chaussures de sport authentiques vous permettra de vous sentir \u00e0 l'aise. <strong>Mocassins en cuir marron pour hommes<\/strong> d\u00e9passera vos attentes. Disponible dans une large gamme de tailles allant du 39 au 45, il est facile de trouver la taille id\u00e9ale.<\/p>\n<h3>Un style polyvalent pour toutes les occasions<\/h3>\n<p>La silhouette classique des mocassins fait de ces <strong>Mocassins en cuir marron pour hommes<\/strong> incroyablement polyvalents. Elles sont parfaites pour les r\u00e9unions d'affaires, les mariages, les d\u00eeners, ou pour ajouter une touche d'\u00e9l\u00e9gance \u00e0 votre tenue de tous les jours. Associez-les \u00e0 un costume \u00e9l\u00e9gant pour un look formel, ou habillez-les d'un pantalon chino et d'un blazer pour une ambiance d\u00e9contract\u00e9e et sophistiqu\u00e9e. Ce sont vraiment les chaussures id\u00e9ales <strong>Mocassins en cuir marron pour hommes<\/strong> pour tout \u00e9v\u00e9nement o\u00f9 le style et le confort sont primordiaux. Investissez dans une paire qui promet de rehausser votre style personnel pour les ann\u00e9es \u00e0 venir.<\/p>\n<h3>Possibilit\u00e9s de vente en gros<\/h3>\n<p>Pour les d\u00e9taillants et les entreprises qui souhaitent offrir des chaussures de haute qualit\u00e9 \u00e0 leurs clients, ces chaussures exceptionnelles ont \u00e9t\u00e9 con\u00e7ues pour r\u00e9pondre \u00e0 leurs besoins. <strong>Mocassins en cuir marron pour hommes<\/strong> sont disponibles \u00e0 l'achat en gros. Avec une quantit\u00e9 minimale de commande de seulement 8 paires, vous pouvez facilement vous approvisionner sur un produit qui allie luxe, confort et attrait intemporel. Contactez-nous d\u00e8s aujourd'hui pour en savoir plus sur nos options de vente en gros et apporter ces remarquables chaussures \u00e0 vos clients. <strong>Mocassins en cuir marron pour hommes<\/strong> \u00e0 votre client\u00e8le.<\/p>","protected":false},"excerpt":{"rendered":"<ul>\n<li>Fabriqu\u00e9 en cuir de ch\u00e8vre et de veau v\u00e9ritable de premi\u00e8re qualit\u00e9.<\/li>\n<li>Mocassins classiques \u00e0 l'allure intemporelle<\/li>\n<li>Semelle EVA confortable pour une utilisation tout au long de la journ\u00e9e<\/li>\n<li>Disponible dans une large gamme de tailles : 39, 40, 41, 42, 43, 44, 45<\/li>\n<li>Les demandes de vente en gros sont les bienvenues - Quantit\u00e9 minimale de commande : 8 paires<\/li>\n<\/ul>","protected":false},"featured_media":6863,"template":"","meta":{"_acf_changed":false,"_uag_custom_page_level_css":"","site-sidebar-layout":"default","site-content-layout":"","ast-site-content-layout":"default","site-content-style":"default","site-sidebar-style":"default","ast-global-header-display":"","ast-banner-title-visibility":"","ast-main-header-display":"","ast-hfb-above-header-display":"","ast-hfb-below-header-display":"","ast-hfb-mobile-header-display":"","site-post-title":"","ast-breadcrumbs-content":"","ast-featured-img":"","footer-sml-layout":"","ast-disable-related-posts":"","theme-transparent-header-meta":"default","adv-header-id-meta":"","stick-header-meta":"","header-above-stick-meta":"","header-main-stick-meta":"","header-below-stick-meta":"","astra-migrate-meta-layouts":"set","ast-page-background-enabled":"default","ast-page-background-meta":{"desktop":{"background-color":"var(--ast-global-color-4)","background-image":"","background-repeat":"repeat","background-position":"center center","background-size":"auto","background-attachment":"scroll","background-type":"","background-media":"","overlay-type":"","overlay-color":"","overlay-opacity":"","overlay-gradient":""},"tablet":{"background-color":"","background-image":"","background-repeat":"repeat","background-position":"center center","background-size":"auto","background-attachment":"scroll","background-type":"","background-media":"","overlay-type":"","overlay-color":"","overlay-opacity":"","overlay-gradient":""},"mobile":{"background-color":"","background-image":"","background-repeat":"repeat","background-position":"center center","background-size":"auto","background-attachment":"scroll","background-type":"","background-media":"","overlay-type":"","overlay-color":"","overlay-opacity":"","overlay-gradient":""}},"ast-content-background-meta":{"desktop":{"background-color":"var(--ast-global-color-5)","background-image":"","background-repeat":"repeat","background-position":"center center","background-size":"auto","background-attachment":"scroll","background-type":"","background-media":"","overlay-type":"","overlay-color":"","overlay-opacity":"","overlay-gradient":""},"tablet":{"background-color":"var(--ast-global-color-5)","background-image":"","background-repeat":"repeat","background-position":"center center","background-size":"auto","background-attachment":"scroll","background-type":"","background-media":"","overlay-type":"","overlay-color":"","overlay-opacity":"","overlay-gradient":""},"mobile":{"background-color":"var(--ast-global-color-5)","background-image":"","background-repeat":"repeat","background-position":"center center","background-size":"auto","background-attachment":"scroll","background-type":"","background-media":"","overlay-type":"","overlay-color":"","overlay-opacity":"","overlay-gradient":""}}},"product_brand":[],"product_cat":[47,430,1200],"product_tag":[292,1285,287,1294,746,969,565,186,936,280],"class_list":{"0":"post-8295","1":"product","2":"type-product","3":"status-publish","4":"has-post-thumbnail","6":"product_cat-classic","7":"product_cat-men","8":"product_cat-mens-shoes-2","9":"product_tag-brown-leather-shoes","10":"product_tag-classic-dress-shoes","11":"product_tag-eva-sole-shoes","12":"product_tag-genuine-leather-loafers","13":"product_tag-leather-slip-ons","14":"product_tag-mens-fashion-shoes","15":"product_tag-mens-formal-shoes","16":"product_tag-mens-loafers","17":"product_tag-premium-mens-footwear","18":"product_tag-smart-casual-shoes","19":"desktop-align-center","20":"tablet-align-center","21":"mobile-align-center","23":"first","24":"instock","25":"shipping-taxable","26":"purchasable","27":"product-type-variable","28":"has-default-attributes"},"acf":[],"uagb_featured_image_src":{"full":["https:\/\/turkishtrade.co\/wp-content\/uploads\/2026\/01\/2600NZWMN00011-BROWN.png",453,250,false],"thumbnail":["https:\/\/turkishtrade.co\/wp-content\/uploads\/2026\/01\/2600NZWMN00011-BROWN-150x150.png",150,150,true],"medium":["https:\/\/turkishtrade.co\/wp-content\/uploads\/2026\/01\/2600NZWMN00011-BROWN-300x166.png",300,166,true],"medium_large":["https:\/\/turkishtrade.co\/wp-content\/uploads\/2026\/01\/2600NZWMN00011-BROWN.png",453,250,false],"large":["https:\/\/turkishtrade.co\/wp-content\/uploads\/2026\/01\/2600NZWMN00011-BROWN.png",453,250,false],"1536x1536":["https:\/\/turkishtrade.co\/wp-content\/uploads\/2026\/01\/2600NZWMN00011-BROWN.png",453,250,false],"2048x2048":["https:\/\/turkishtrade.co\/wp-content\/uploads\/2026\/01\/2600NZWMN00011-BROWN.png",453,250,false],"trp-custom-language-flag":["https:\/\/turkishtrade.co\/wp-content\/uploads\/2026\/01\/2600NZWMN00011-BROWN-18x10.png",18,10,true],"woocommerce_thumbnail":["https:\/\/turkishtrade.co\/wp-content\/uploads\/2026\/01\/2600NZWMN00011-BROWN-400x250.png",400,250,true],"woocommerce_single":["https:\/\/turkishtrade.co\/wp-content\/uploads\/2026\/01\/2600NZWMN00011-BROWN.png",453,250,false],"woocommerce_gallery_thumbnail":["https:\/\/turkishtrade.co\/wp-content\/uploads\/2026\/01\/2600NZWMN00011-BROWN-100x100.png",100,100,true]},"uagb_author_info":{"display_name":"python python","author_link":"https:\/\/turkishtrade.co\/fr\/author\/"},"uagb_comment_info":0,"uagb_excerpt":"Crafted from premium genuine goat and calf leather for superior quality Classic loafer design with a timeless appeal Features a comfortable EVA sole for all-day wear Available in a wide range of sizes: 39, 40, 41, 42, 43, 44, 45 Wholesale inquiries welcome - Minimum order quantity: 8 pairs","_links":{"self":[{"href":"https:\/\/turkishtrade.co\/fr\/wp-json\/wp\/v2\/product\/8295","targetHints":{"allow":["GET"]}}],"collection":[{"href":"https:\/\/turkishtrade.co\/fr\/wp-json\/wp\/v2\/product"}],"about":[{"href":"https:\/\/turkishtrade.co\/fr\/wp-json\/wp\/v2\/types\/product"}],"wp:featuredmedia":[{"embeddable":true,"href":"https:\/\/turkishtrade.co\/fr\/wp-json\/wp\/v2\/media\/6863"}],"wp:attachment":[{"href":"https:\/\/turkishtrade.co\/fr\/wp-json\/wp\/v2\/media?parent=8295"}],"wp:term":[{"taxonomy":"product_brand","embeddable":true,"href":"https:\/\/turkishtrade.co\/fr\/wp-json\/wp\/v2\/product_brand?post=8295"},{"taxonomy":"product_cat","embeddable":true,"href":"https:\/\/turkishtrade.co\/fr\/wp-json\/wp\/v2\/product_cat?post=8295"},{"taxonomy":"product_tag","embeddable":true,"href":"https:\/\/turkishtrade.co\/fr\/wp-json\/wp\/v2\/product_tag?post=8295"}],"curies":[{"name":"wp","href":"https:\/\/api.w.org\/{rel}","templated":true}]}}