{"id":8294,"date":"2026-01-29T14:49:05","date_gmt":"2026-01-29T14:49:05","guid":{"rendered":"https:\/\/turkishtrade.co\/?post_type=product&#038;p=8294"},"modified":"2026-04-09T20:29:58","modified_gmt":"2026-04-09T20:29:58","slug":"mens-black-leather-cap-toe-shoes","status":"publish","type":"product","link":"https:\/\/turkishtrade.co\/fr\/shop\/mens-black-leather-cap-toe-shoes\/","title":{"rendered":"Chaussures \u00e0 capuchon en cuir noir pour hommes Ultimate | Cuir de veau v\u00e9ritable noir pour hommes"},"content":{"rendered":"<p><strong>Chaussures \u00e0 capuchon en cuir noir pour hommes<\/strong>. Qualit\u00e9 et design ultimes.<\/p>\n<p>Entrez dans l'\u00e9l\u00e9gance intemporelle et le confort in\u00e9gal\u00e9 de notre exquise collection d'objets d'art. <strong>Chaussures classiques \u00e0 capuchon en cuir de veau v\u00e9ritable noir pour hommes<\/strong>. M\u00e9ticuleusement fabriqu\u00e9es \u00e0 la main, ces chaussures sont con\u00e7ues pour le gentleman moderne qui appr\u00e9cie \u00e0 la fois le style et la substance. La tige est en cuir de veau v\u00e9ritable de qualit\u00e9 sup\u00e9rieure, offrant un toucher luxueux, une durabilit\u00e9 remarquable et un aspect poli qui ne fait que s'am\u00e9liorer avec l'\u00e2ge. La finition noire classique garantit que ces chaussures sont un compl\u00e9ment polyvalent \u00e0 toute garde-robe, parfaites pour toute une s\u00e9rie d'occasions, des r\u00e9unions d'affaires importantes aux soir\u00e9es sophistiqu\u00e9es.<\/p>\n<h3>Un savoir-faire in\u00e9gal\u00e9 et des mat\u00e9riaux de premi\u00e8re qualit\u00e9<\/h3>\n<p>Chaque paire de nos <strong>Chaussures \u00e0 capuchon en cuir noir pour hommes<\/strong> fait preuve d'un talent artistique exceptionnel. Le bout capot distingu\u00e9 pr\u00e9sente des perforations brogue subtiles mais \u00e9l\u00e9gantes, qui ajoutent une touche de charme traditionnel sans compromettre l'\u00e9l\u00e9gance. L'int\u00e9rieur est dot\u00e9 d'une doublure souple en cuir de ch\u00e8vre v\u00e9ritable, qui assure une bonne respirabilit\u00e9 et un confort supr\u00eame sur la peau, ce qui en fait la chaussure id\u00e9ale pour un usage prolong\u00e9. Nous comprenons l'importance de la qualit\u00e9 de l'int\u00e9rieur, c'est pourquoi nous ne s\u00e9lectionnons que les mat\u00e9riaux les plus nobles.<\/p>\n<h3>Con\u00e7u pour le confort et la durabilit\u00e9<\/h3>\n<p>Au-del\u00e0 de leur esth\u00e9tique \u00e9tonnante, ces <strong>Chaussures \u00e0 capuchon en cuir noir pour hommes<\/strong> sont con\u00e7ues pour un confort ultime. Elles sont dot\u00e9es d'une semelle EVA l\u00e9g\u00e8re et flexible, offrant un excellent amorti et un soutien \u00e0 chaque pas. La semelle EVA offre \u00e9galement une absorption sup\u00e9rieure des chocs, r\u00e9duisant la fatigue du pied et faisant de ces chaussures un plaisir \u00e0 porter tout au long d'une journ\u00e9e bien remplie. Disponibles dans une gamme compl\u00e8te de tailles europ\u00e9ennes allant de 39 \u00e0 45, nous garantissons un ajustement parfait pour chaque client exigeant.<\/p>\n<h3>Le choix parfait pour toutes les occasions<\/h3>\n<p>Que vous vous habilliez pour un \u00e9v\u00e9nement professionnel, que vous assistiez \u00e0 un mariage ou que vous recherchiez simplement un look pointu et sophistiqu\u00e9, ces chaussures en cuir de veau v\u00e9ritable pour homme sont votre compagnon id\u00e9al. Leur style durable transcende les tendances et vous permet de toujours faire preuve de raffinement. Investissez dans une paire de chaussures qui allie un design classique \u00e0 un confort contemporain et \u00e0 une construction robuste. Pour les entreprises qui cherchent \u00e0 stocker des chaussures pour hommes de haute qualit\u00e9, ces chaussures classiques \u00e0 bout pointu sont disponibles \u00e0 l'achat en gros avec une quantit\u00e9 minimale de commande de 8 paires, offrant un excellent rapport qualit\u00e9-prix et un attrait pour votre client\u00e8le.<\/p>","protected":false},"excerpt":{"rendered":"<ul>\n<li>Fabriqu\u00e9 de mani\u00e8re experte en cuir de veau v\u00e9ritable de premi\u00e8re qualit\u00e9.<\/li>\n<li>Mod\u00e8le sophistiqu\u00e9 \u00e0 capuchon avec d'\u00e9l\u00e9gants d\u00e9tails de broderie.<\/li>\n<li>Semelle EVA l\u00e9g\u00e8re et confortable pour une utilisation tout au long de la journ\u00e9e.<\/li>\n<li>Couleur noire classique pour une association polyvalente avec des tenues formelles ou d\u00e9contract\u00e9es.<\/li>\n<li>Disponible dans les tailles 39-45 de l'UE.<\/li>\n<li>Les commandes en gros sont les bienvenues (commande minimum de 8 paires).<\/li>\n<\/ul>","protected":false},"featured_media":6861,"template":"","meta":{"_acf_changed":false,"_uag_custom_page_level_css":"","site-sidebar-layout":"default","site-content-layout":"","ast-site-content-layout":"default","site-content-style":"default","site-sidebar-style":"default","ast-global-header-display":"","ast-banner-title-visibility":"","ast-main-header-display":"","ast-hfb-above-header-display":"","ast-hfb-below-header-display":"","ast-hfb-mobile-header-display":"","site-post-title":"","ast-breadcrumbs-content":"","ast-featured-img":"","footer-sml-layout":"","ast-disable-related-posts":"","theme-transparent-header-meta":"","adv-header-id-meta":"","stick-header-meta":"","header-above-stick-meta":"","header-main-stick-meta":"","header-below-stick-meta":"","astra-migrate-meta-layouts":"default","ast-page-background-enabled":"default","ast-page-background-meta":{"desktop":{"background-color":"var(--ast-global-color-4)","background-image":"","background-repeat":"repeat","background-position":"center center","background-size":"auto","background-attachment":"scroll","background-type":"","background-media":"","overlay-type":"","overlay-color":"","overlay-opacity":"","overlay-gradient":""},"tablet":{"background-color":"","background-image":"","background-repeat":"repeat","background-position":"center center","background-size":"auto","background-attachment":"scroll","background-type":"","background-media":"","overlay-type":"","overlay-color":"","overlay-opacity":"","overlay-gradient":""},"mobile":{"background-color":"","background-image":"","background-repeat":"repeat","background-position":"center center","background-size":"auto","background-attachment":"scroll","background-type":"","background-media":"","overlay-type":"","overlay-color":"","overlay-opacity":"","overlay-gradient":""}},"ast-content-background-meta":{"desktop":{"background-color":"var(--ast-global-color-5)","background-image":"","background-repeat":"repeat","background-position":"center center","background-size":"auto","background-attachment":"scroll","background-type":"","background-media":"","overlay-type":"","overlay-color":"","overlay-opacity":"","overlay-gradient":""},"tablet":{"background-color":"var(--ast-global-color-5)","background-image":"","background-repeat":"repeat","background-position":"center center","background-size":"auto","background-attachment":"scroll","background-type":"","background-media":"","overlay-type":"","overlay-color":"","overlay-opacity":"","overlay-gradient":""},"mobile":{"background-color":"var(--ast-global-color-5)","background-image":"","background-repeat":"repeat","background-position":"center center","background-size":"auto","background-attachment":"scroll","background-type":"","background-media":"","overlay-type":"","overlay-color":"","overlay-opacity":"","overlay-gradient":""}}},"product_brand":[],"product_cat":[47,430,1200],"product_tag":[605,202,145,284,438,251,227,254],"class_list":{"0":"post-8294","1":"product","2":"type-product","3":"status-publish","4":"has-post-thumbnail","6":"product_cat-classic","7":"product_cat-men","8":"product_cat-mens-shoes-2","9":"product_tag-black-shoes","10":"product_tag-calf-leather","11":"product_tag-classic-shoes","12":"product_tag-dress-shoes","13":"product_tag-eva-sole","14":"product_tag-formal-shoes","15":"product_tag-leather-shoes","16":"product_tag-wholesale-footwear","17":"desktop-align-center","18":"tablet-align-center","19":"mobile-align-center","21":"first","22":"instock","23":"shipping-taxable","24":"purchasable","25":"product-type-variable","26":"has-default-attributes"},"acf":[],"uagb_featured_image_src":{"full":["https:\/\/turkishtrade.co\/wp-content\/uploads\/2026\/01\/2600NZWMN00010-BLACK.png",453,250,false],"thumbnail":["https:\/\/turkishtrade.co\/wp-content\/uploads\/2026\/01\/2600NZWMN00010-BLACK-150x150.png",150,150,true],"medium":["https:\/\/turkishtrade.co\/wp-content\/uploads\/2026\/01\/2600NZWMN00010-BLACK-300x166.png",300,166,true],"medium_large":["https:\/\/turkishtrade.co\/wp-content\/uploads\/2026\/01\/2600NZWMN00010-BLACK.png",453,250,false],"large":["https:\/\/turkishtrade.co\/wp-content\/uploads\/2026\/01\/2600NZWMN00010-BLACK.png",453,250,false],"1536x1536":["https:\/\/turkishtrade.co\/wp-content\/uploads\/2026\/01\/2600NZWMN00010-BLACK.png",453,250,false],"2048x2048":["https:\/\/turkishtrade.co\/wp-content\/uploads\/2026\/01\/2600NZWMN00010-BLACK.png",453,250,false],"trp-custom-language-flag":["https:\/\/turkishtrade.co\/wp-content\/uploads\/2026\/01\/2600NZWMN00010-BLACK-18x10.png",18,10,true],"woocommerce_thumbnail":["https:\/\/turkishtrade.co\/wp-content\/uploads\/2026\/01\/2600NZWMN00010-BLACK-400x250.png",400,250,true],"woocommerce_single":["https:\/\/turkishtrade.co\/wp-content\/uploads\/2026\/01\/2600NZWMN00010-BLACK.png",453,250,false],"woocommerce_gallery_thumbnail":["https:\/\/turkishtrade.co\/wp-content\/uploads\/2026\/01\/2600NZWMN00010-BLACK-100x100.png",100,100,true]},"uagb_author_info":{"display_name":"python python","author_link":"https:\/\/turkishtrade.co\/fr\/author\/"},"uagb_comment_info":0,"uagb_excerpt":"Expertly crafted from premium genuine calf leather. Sophisticated cap-toe design with elegant brogue detailing. Lightweight and comfortable EVA sole for all-day wear. Classic black color for versatile pairing with formal and smart-casual attire. Available in EU sizes 39-45. Wholesale orders welcome (minimum order of 8 pairs).","_links":{"self":[{"href":"https:\/\/turkishtrade.co\/fr\/wp-json\/wp\/v2\/product\/8294","targetHints":{"allow":["GET"]}}],"collection":[{"href":"https:\/\/turkishtrade.co\/fr\/wp-json\/wp\/v2\/product"}],"about":[{"href":"https:\/\/turkishtrade.co\/fr\/wp-json\/wp\/v2\/types\/product"}],"wp:featuredmedia":[{"embeddable":true,"href":"https:\/\/turkishtrade.co\/fr\/wp-json\/wp\/v2\/media\/6861"}],"wp:attachment":[{"href":"https:\/\/turkishtrade.co\/fr\/wp-json\/wp\/v2\/media?parent=8294"}],"wp:term":[{"taxonomy":"product_brand","embeddable":true,"href":"https:\/\/turkishtrade.co\/fr\/wp-json\/wp\/v2\/product_brand?post=8294"},{"taxonomy":"product_cat","embeddable":true,"href":"https:\/\/turkishtrade.co\/fr\/wp-json\/wp\/v2\/product_cat?post=8294"},{"taxonomy":"product_tag","embeddable":true,"href":"https:\/\/turkishtrade.co\/fr\/wp-json\/wp\/v2\/product_tag?post=8294"}],"curies":[{"name":"wp","href":"https:\/\/api.w.org\/{rel}","templated":true}]}}