{"id":8293,"date":"2026-01-29T14:49:05","date_gmt":"2026-01-29T14:49:05","guid":{"rendered":"https:\/\/turkishtrade.co\/?post_type=product&#038;p=8293"},"modified":"2026-04-09T20:30:05","modified_gmt":"2026-04-09T20:30:05","slug":"mens-black-leather-oxford-shoes-5","status":"publish","type":"product","link":"https:\/\/turkishtrade.co\/fr\/shop\/mens-black-leather-oxford-shoes-5\/","title":{"rendered":"Chaussures Oxford en cuir noir pour hommes Sensational | Classic Oxford en cuir noir pour hommes"},"content":{"rendered":"<p><strong>Chaussures Oxford en cuir noir pour hommes<\/strong>. Une qualit\u00e9 et un design sensationnels.<\/p>\n<p>Entrez dans une sophistication in\u00e9gal\u00e9e gr\u00e2ce \u00e0 nos magnifiques <strong>Chaussures Oxford en cuir noir pour hommes<\/strong>. M\u00e9ticuleusement fabriqu\u00e9es \u00e0 partir du cuir v\u00e9ritable le plus fin, ces chaussures sont l'incarnation d'un style classique et d'une qualit\u00e9 durable. Con\u00e7ues pour le gentleman moderne, ces chaussures oxfords en cuir noir allient sans effort l'\u00e9l\u00e9gance traditionnelle au confort contemporain, ce qui en fait un compl\u00e9ment indispensable \u00e0 toute garde-robe exigeante.<\/p>\n<h3>Un savoir-faire in\u00e9gal\u00e9 et des mat\u00e9riaux authentiques<\/h3>\n<p>Chaque paire de ces <strong>Chaussures Oxford en cuir noir pour hommes<\/strong> t\u00e9moigne d'un savoir-faire artistique sup\u00e9rieur. Nous utilisons du cuir de veau et de ch\u00e8vre v\u00e9ritable de qualit\u00e9 sup\u00e9rieure pour la tige, ce qui garantit non seulement un toucher luxueux, mais aussi une durabilit\u00e9 exceptionnelle qui r\u00e9siste \u00e0 l'\u00e9preuve du temps. Le design classique \u00e0 bout pointu, accentu\u00e9 par de d\u00e9licates perforations de type brogue, ajoute une touche de raffinement sans dominer l'\u00e9l\u00e9gance discr\u00e8te de ce mod\u00e8le. La construction robuste promet la long\u00e9vit\u00e9, faisant de ces chaussures Oxford en cuir v\u00e9ritable un investissement intelligent pour votre collection de chaussures.<\/p>\n<h3>Un style intemporel pour toutes les occasions<\/h3>\n<p>Notre <strong>Chaussures Oxford en cuir noir pour hommes<\/strong> sont incroyablement polyvalents, con\u00e7us pour s'adapter \u00e0 un large \u00e9ventail de tenues et d'occasions. Que vous assistiez \u00e0 une r\u00e9union d'affaires formelle, \u00e0 un \u00e9v\u00e9nement \u00e0 cravate noire, \u00e0 un mariage ou que vous souhaitiez simplement rehausser votre tenue professionnelle quotidienne, ces chaussures oxfords classiques en cuir noir vous permettront de faire une impression durable. Leur silhouette \u00e9l\u00e9gante et leur finition impeccable inspirent confiance et professionnalisme, et s'accordent parfaitement avec les costumes, les blazers et les pantalons \u00e9l\u00e9gants. Profitez de l'attrait intemporel que seules les chaussures de ville en cuir v\u00e9ritable peuvent offrir.<\/p>\n<h3>Un confort et une tenue exceptionnels<\/h3>\n<p>Au-del\u00e0 de leur esth\u00e9tique \u00e9tonnante, ces <strong>Chaussures Oxford en cuir noir pour hommes<\/strong> sont con\u00e7ues pour un confort supr\u00eame. La doublure en cuir v\u00e9ritable, souple et respirante, assure un ajustement confortable, r\u00e9duisant la fatigue m\u00eame apr\u00e8s de longues heures de port. Disponibles dans une large gamme de tailles allant du 39 au 45, il est facile de trouver la chaussure id\u00e9ale. D\u00e9couvrez le m\u00e9lange de design classique et de confort moderne qui distingue nos oxfords en cuir noir. Nous sommes \u00e9galement heureux de proposer ces chaussures Oxford en cuir noir de haute qualit\u00e9 pour hommes \u00e0 la vente en gros, avec une commande minimum de 8 paires.<\/p>","protected":false},"excerpt":{"rendered":"<ul>\n<li>Tige en cuir v\u00e9ritable de premi\u00e8re qualit\u00e9 pour une sensation de luxe et une durabilit\u00e9 exceptionnelle.<\/li>\n<li>Elle pr\u00e9sente un design Oxford classique avec un bout de chaussure raffin\u00e9 et des perforations subtiles de type brogue.<\/li>\n<li>Con\u00e7ue pour le confort avec une doublure respirante, disponible dans une large gamme de tailles (39-45).<\/li>\n<li>Id\u00e9al pour les \u00e9v\u00e9nements formels, les tenues professionnelles et toute occasion exigeant un style sophistiqu\u00e9.<\/li>\n<li>Les demandes de vente en gros sont les bienvenues ; la quantit\u00e9 minimale de commande est de 8 paires.<\/li>\n<\/ul>","protected":false},"featured_media":6859,"template":"","meta":{"_acf_changed":false,"_uag_custom_page_level_css":"","site-sidebar-layout":"default","site-content-layout":"","ast-site-content-layout":"default","site-content-style":"default","site-sidebar-style":"default","ast-global-header-display":"","ast-banner-title-visibility":"","ast-main-header-display":"","ast-hfb-above-header-display":"","ast-hfb-below-header-display":"","ast-hfb-mobile-header-display":"","site-post-title":"","ast-breadcrumbs-content":"","ast-featured-img":"","footer-sml-layout":"","ast-disable-related-posts":"","theme-transparent-header-meta":"","adv-header-id-meta":"","stick-header-meta":"","header-above-stick-meta":"","header-main-stick-meta":"","header-below-stick-meta":"","astra-migrate-meta-layouts":"default","ast-page-background-enabled":"default","ast-page-background-meta":{"desktop":{"background-color":"var(--ast-global-color-4)","background-image":"","background-repeat":"repeat","background-position":"center center","background-size":"auto","background-attachment":"scroll","background-type":"","background-media":"","overlay-type":"","overlay-color":"","overlay-opacity":"","overlay-gradient":""},"tablet":{"background-color":"","background-image":"","background-repeat":"repeat","background-position":"center center","background-size":"auto","background-attachment":"scroll","background-type":"","background-media":"","overlay-type":"","overlay-color":"","overlay-opacity":"","overlay-gradient":""},"mobile":{"background-color":"","background-image":"","background-repeat":"repeat","background-position":"center center","background-size":"auto","background-attachment":"scroll","background-type":"","background-media":"","overlay-type":"","overlay-color":"","overlay-opacity":"","overlay-gradient":""}},"ast-content-background-meta":{"desktop":{"background-color":"var(--ast-global-color-5)","background-image":"","background-repeat":"repeat","background-position":"center center","background-size":"auto","background-attachment":"scroll","background-type":"","background-media":"","overlay-type":"","overlay-color":"","overlay-opacity":"","overlay-gradient":""},"tablet":{"background-color":"var(--ast-global-color-5)","background-image":"","background-repeat":"repeat","background-position":"center center","background-size":"auto","background-attachment":"scroll","background-type":"","background-media":"","overlay-type":"","overlay-color":"","overlay-opacity":"","overlay-gradient":""},"mobile":{"background-color":"var(--ast-global-color-5)","background-image":"","background-repeat":"repeat","background-position":"center center","background-size":"auto","background-attachment":"scroll","background-type":"","background-media":"","overlay-type":"","overlay-color":"","overlay-opacity":"","overlay-gradient":""}}},"product_brand":[],"product_cat":[47,430,1200],"product_tag":[1299,405,1300,284,480,201,221,204,281],"class_list":{"0":"post-8293","1":"product","2":"type-product","3":"status-publish","4":"has-post-thumbnail","6":"product_cat-classic","7":"product_cat-men","8":"product_cat-mens-shoes-2","9":"product_tag-black-leather-oxfords","10":"product_tag-business-shoes","11":"product_tag-cap-toe-brogue","12":"product_tag-dress-shoes","13":"product_tag-elegant-shoes","14":"product_tag-formal-footwear","15":"product_tag-genuine-leather","16":"product_tag-oxford-shoes","17":"product_tag-wholesale-shoes","18":"desktop-align-center","19":"tablet-align-center","20":"mobile-align-center","22":"first","23":"instock","24":"shipping-taxable","25":"purchasable","26":"product-type-variable","27":"has-default-attributes"},"acf":[],"uagb_featured_image_src":{"full":["https:\/\/turkishtrade.co\/wp-content\/uploads\/2026\/01\/2600NZWMN00009-BLACK.png",453,250,false],"thumbnail":["https:\/\/turkishtrade.co\/wp-content\/uploads\/2026\/01\/2600NZWMN00009-BLACK-150x150.png",150,150,true],"medium":["https:\/\/turkishtrade.co\/wp-content\/uploads\/2026\/01\/2600NZWMN00009-BLACK-300x166.png",300,166,true],"medium_large":["https:\/\/turkishtrade.co\/wp-content\/uploads\/2026\/01\/2600NZWMN00009-BLACK.png",453,250,false],"large":["https:\/\/turkishtrade.co\/wp-content\/uploads\/2026\/01\/2600NZWMN00009-BLACK.png",453,250,false],"1536x1536":["https:\/\/turkishtrade.co\/wp-content\/uploads\/2026\/01\/2600NZWMN00009-BLACK.png",453,250,false],"2048x2048":["https:\/\/turkishtrade.co\/wp-content\/uploads\/2026\/01\/2600NZWMN00009-BLACK.png",453,250,false],"trp-custom-language-flag":["https:\/\/turkishtrade.co\/wp-content\/uploads\/2026\/01\/2600NZWMN00009-BLACK-18x10.png",18,10,true],"woocommerce_thumbnail":["https:\/\/turkishtrade.co\/wp-content\/uploads\/2026\/01\/2600NZWMN00009-BLACK-400x250.png",400,250,true],"woocommerce_single":["https:\/\/turkishtrade.co\/wp-content\/uploads\/2026\/01\/2600NZWMN00009-BLACK.png",453,250,false],"woocommerce_gallery_thumbnail":["https:\/\/turkishtrade.co\/wp-content\/uploads\/2026\/01\/2600NZWMN00009-BLACK-100x100.png",100,100,true]},"uagb_author_info":{"display_name":"python python","author_link":"https:\/\/turkishtrade.co\/fr\/author\/"},"uagb_comment_info":0,"uagb_excerpt":"Premium genuine leather upper for a luxurious feel and exceptional durability. Features a classic Oxford design with a refined cap-toe and subtle brogue perforations. Designed for comfort with a breathable lining, available in a wide range of sizes (39-45). Ideal for formal events, professional attire, and any occasion demanding sophisticated style. Wholesale inquiries are welcome;\u2026","_links":{"self":[{"href":"https:\/\/turkishtrade.co\/fr\/wp-json\/wp\/v2\/product\/8293","targetHints":{"allow":["GET"]}}],"collection":[{"href":"https:\/\/turkishtrade.co\/fr\/wp-json\/wp\/v2\/product"}],"about":[{"href":"https:\/\/turkishtrade.co\/fr\/wp-json\/wp\/v2\/types\/product"}],"wp:featuredmedia":[{"embeddable":true,"href":"https:\/\/turkishtrade.co\/fr\/wp-json\/wp\/v2\/media\/6859"}],"wp:attachment":[{"href":"https:\/\/turkishtrade.co\/fr\/wp-json\/wp\/v2\/media?parent=8293"}],"wp:term":[{"taxonomy":"product_brand","embeddable":true,"href":"https:\/\/turkishtrade.co\/fr\/wp-json\/wp\/v2\/product_brand?post=8293"},{"taxonomy":"product_cat","embeddable":true,"href":"https:\/\/turkishtrade.co\/fr\/wp-json\/wp\/v2\/product_cat?post=8293"},{"taxonomy":"product_tag","embeddable":true,"href":"https:\/\/turkishtrade.co\/fr\/wp-json\/wp\/v2\/product_tag?post=8293"}],"curies":[{"name":"wp","href":"https:\/\/api.w.org\/{rel}","templated":true}]}}