{"id":8268,"date":"2026-01-29T14:48:51","date_gmt":"2026-01-29T14:48:51","guid":{"rendered":"https:\/\/turkishtrade.co\/?post_type=product&#038;p=8268"},"modified":"2026-04-09T20:30:37","modified_gmt":"2026-04-09T20:30:37","slug":"mens-cap-toe-leather-derby-shoes","status":"publish","type":"product","link":"https:\/\/turkishtrade.co\/fr\/shop\/mens-cap-toe-leather-derby-shoes\/","title":{"rendered":"Chaussures de derby en cuir \u00e0 bout arrondi pour hommes Chaussures de derby en cuir \u00e0 bout arrondi classiques pour hommes"},"content":{"rendered":"<p>Entrez dans un confort sophistiqu\u00e9 avec nos produits de qualit\u00e9 sup\u00e9rieure. <strong>Chaussures derby en cuir \u00e0 bout arrondi pour hommes<\/strong>. Con\u00e7ues pour l'homme moderne qui appr\u00e9cie la qualit\u00e9 et le style, ces chaussures allient esth\u00e9tique classique et confort contemporain. Fabriqu\u00e9es \u00e0 la main \u00e0 partir de cuir de vachette v\u00e9ritable, l'\u00e9l\u00e9gante conception \u00e0 capuchon, combin\u00e9e \u00e0 une construction robuste, fait de ces chaussures un produit de qualit\u00e9. <strong>Chaussures derby en cuir \u00e0 bout arrondi pour hommes<\/strong> un compl\u00e9ment polyvalent \u00e0 toute garde-robe. Que vous vous habilliez pour une sortie d\u00e9contract\u00e9e, un \u00e9v\u00e9nement chic et d\u00e9contract\u00e9 ou une tenue de bureau quotidienne, ces chaussures offrent l'\u00e9quilibre parfait entre style raffin\u00e9 et facilit\u00e9 d'utilisation au quotidien.<\/p>\n<h3>Un savoir-faire in\u00e9gal\u00e9 et des mat\u00e9riaux de qualit\u00e9 sup\u00e9rieure<\/h3>\n<p>Notre <strong>Chaussures derby en cuir \u00e0 bout arrondi pour hommes<\/strong> sont m\u00e9ticuleusement fabriqu\u00e9es pour garantir \u00e0 la fois durabilit\u00e9 et sensation de luxe. La tige est fabriqu\u00e9e en cuir de vachette v\u00e9ritable de qualit\u00e9 sup\u00e9rieure, ce qui lui conf\u00e8re une texture riche et une r\u00e9sistance exceptionnelle. Les d\u00e9tails distinctifs du bout du pied ajoutent une touche d'\u00e9l\u00e9gance traditionnelle, tandis que la fermeture \u00e0 lacets assure un ajustement confortable. \u00c0 l'int\u00e9rieur, vos pieds seront trait\u00e9s au toucher doux d'une doublure en cuir de ch\u00e8vre v\u00e9ritable, connue pour sa respirabilit\u00e9 et ses propri\u00e9t\u00e9s d'\u00e9vacuation de l'humidit\u00e9, gardant vos pieds \u00e0 l'aise et frais tout au long de la journ\u00e9e.<\/p>\n<h3>Confort et l\u00e9g\u00e8ret\u00e9 gr\u00e2ce \u00e0 la semelle EVA<\/h3>\n<p>Le confort est primordial gr\u00e2ce \u00e0 ces <strong>Chaussures derby en cuir \u00e0 bout arrondi pour hommes<\/strong>. Nous avons int\u00e9gr\u00e9 une semelle EVA de pointe, r\u00e9put\u00e9e pour sa l\u00e9g\u00e8ret\u00e9, sa flexibilit\u00e9 et ses qualit\u00e9s d'absorption des chocs. Ce mat\u00e9riau innovant r\u00e9duit consid\u00e9rablement le poids total de la chaussure, ce qui permet des mouvements sans effort et un port prolong\u00e9 sans fatigue. La semelle EVA robuste offre \u00e9galement une excellente traction et une grande durabilit\u00e9, garantissant que vos pas sont fermes et s\u00fbrs sur diff\u00e9rentes surfaces. Des trajets du matin aux promenades du soir, profitez d'un confort in\u00e9gal\u00e9 \u00e0 chaque pas.<\/p>\n<h3>Un style polyvalent pour toutes les occasions<\/h3>\n<p>Le design intemporel de ces chaussures derby les rend incroyablement polyvalentes. Leur silhouette classique et leur aspect raffin\u00e9 leur permettent de s'adapter \u00e0 un large \u00e9ventail de tenues vestimentaires, des costumes \u00e9l\u00e9gants aux pantalons chinos et aux jeans. Le bleu fonc\u00e9 profond et riche de la tige en cuir offre une alternative sophistiqu\u00e9e au noir ou au marron traditionnels, ce qui permet de l'associer facilement \u00e0 diverses palettes de couleurs dans votre garde-robe. Rehaussez votre look professionnel ou ajoutez une touche raffin\u00e9e \u00e0 votre ensemble d\u00e9contract\u00e9 du week-end avec ces chaussures en cuir essentielles pour hommes. Pour les entreprises qui cherchent \u00e0 stocker des chaussures de haute qualit\u00e9, ces <strong>Chaussures derby en cuir \u00e0 bout arrondi pour hommes<\/strong> sont disponibles en gros, avec une quantit\u00e9 minimale de commande de 16 paires, ce qui est parfait pour \u00e9largir votre stock avec un article qui se vend bien.<\/p>","protected":false},"excerpt":{"rendered":"<ul>\n<li>Fabriqu\u00e9 en cuir de vachette v\u00e9ritable de premi\u00e8re qualit\u00e9<\/li>\n<li>Doublure en cuir de ch\u00e8vre souple et respirant<\/li>\n<li>\u00c9quip\u00e9 d'une semelle EVA l\u00e9g\u00e8re et confortable<\/li>\n<li>Derby classique \u00e0 lacets pour un style intemporel<\/li>\n<li>Disponible en taille homme : 40, 41, 42, 43, 44<\/li>\n<li>Parfait pour les tenues d\u00e9contract\u00e9es, \u00e9l\u00e9gantes et professionnelles<\/li>\n<li>Disponibilit\u00e9 en gros : Commande minimum de 16 paires<\/li>\n<\/ul>","protected":false},"featured_media":6914,"template":"","meta":{"_acf_changed":false,"_uag_custom_page_level_css":"","site-sidebar-layout":"default","site-content-layout":"","ast-site-content-layout":"default","site-content-style":"default","site-sidebar-style":"default","ast-global-header-display":"","ast-banner-title-visibility":"","ast-main-header-display":"","ast-hfb-above-header-display":"","ast-hfb-below-header-display":"","ast-hfb-mobile-header-display":"","site-post-title":"","ast-breadcrumbs-content":"","ast-featured-img":"","footer-sml-layout":"","ast-disable-related-posts":"","theme-transparent-header-meta":"","adv-header-id-meta":"","stick-header-meta":"","header-above-stick-meta":"","header-main-stick-meta":"","header-below-stick-meta":"","astra-migrate-meta-layouts":"default","ast-page-background-enabled":"default","ast-page-background-meta":{"desktop":{"background-color":"var(--ast-global-color-4)","background-image":"","background-repeat":"repeat","background-position":"center center","background-size":"auto","background-attachment":"scroll","background-type":"","background-media":"","overlay-type":"","overlay-color":"","overlay-opacity":"","overlay-gradient":""},"tablet":{"background-color":"","background-image":"","background-repeat":"repeat","background-position":"center center","background-size":"auto","background-attachment":"scroll","background-type":"","background-media":"","overlay-type":"","overlay-color":"","overlay-opacity":"","overlay-gradient":""},"mobile":{"background-color":"","background-image":"","background-repeat":"repeat","background-position":"center center","background-size":"auto","background-attachment":"scroll","background-type":"","background-media":"","overlay-type":"","overlay-color":"","overlay-opacity":"","overlay-gradient":""}},"ast-content-background-meta":{"desktop":{"background-color":"var(--ast-global-color-5)","background-image":"","background-repeat":"repeat","background-position":"center center","background-size":"auto","background-attachment":"scroll","background-type":"","background-media":"","overlay-type":"","overlay-color":"","overlay-opacity":"","overlay-gradient":""},"tablet":{"background-color":"var(--ast-global-color-5)","background-image":"","background-repeat":"repeat","background-position":"center center","background-size":"auto","background-attachment":"scroll","background-type":"","background-media":"","overlay-type":"","overlay-color":"","overlay-opacity":"","overlay-gradient":""},"mobile":{"background-color":"var(--ast-global-color-5)","background-image":"","background-repeat":"repeat","background-position":"center center","background-size":"auto","background-attachment":"scroll","background-type":"","background-media":"","overlay-type":"","overlay-color":"","overlay-opacity":"","overlay-gradient":""}}},"product_brand":[],"product_cat":[48,47,49,430,1200],"product_tag":[1076,287,952,1278,649,1394,312,380,262],"class_list":{"0":"post-8268","1":"product","2":"type-product","3":"status-publish","4":"has-post-thumbnail","6":"product_cat-casual","7":"product_cat-classic","8":"product_cat-loafer","9":"product_cat-men","10":"product_cat-mens-shoes-2","11":"product_tag-classic-derby","12":"product_tag-eva-sole-shoes","13":"product_tag-genuine-leather-shoes","14":"product_tag-goat-lining-shoes","15":"product_tag-leather-derby-shoes","16":"product_tag-mens-cap-toe-leather-derby-shoes","17":"product_tag-mens-lace-up-shoes","18":"product_tag-smart-casual-footwear","19":"product_tag-wholesale-mens-shoes","20":"desktop-align-center","21":"tablet-align-center","22":"mobile-align-center","24":"first","25":"instock","26":"shipping-taxable","27":"purchasable","28":"product-type-variable","29":"has-default-attributes"},"acf":[],"uagb_featured_image_src":{"full":["https:\/\/turkishtrade.co\/wp-content\/uploads\/2026\/01\/2600NZTMN00083-BLUE.png",453,250,false],"thumbnail":["https:\/\/turkishtrade.co\/wp-content\/uploads\/2026\/01\/2600NZTMN00083-BLUE-150x150.png",150,150,true],"medium":["https:\/\/turkishtrade.co\/wp-content\/uploads\/2026\/01\/2600NZTMN00083-BLUE-300x166.png",300,166,true],"medium_large":["https:\/\/turkishtrade.co\/wp-content\/uploads\/2026\/01\/2600NZTMN00083-BLUE.png",453,250,false],"large":["https:\/\/turkishtrade.co\/wp-content\/uploads\/2026\/01\/2600NZTMN00083-BLUE.png",453,250,false],"1536x1536":["https:\/\/turkishtrade.co\/wp-content\/uploads\/2026\/01\/2600NZTMN00083-BLUE.png",453,250,false],"2048x2048":["https:\/\/turkishtrade.co\/wp-content\/uploads\/2026\/01\/2600NZTMN00083-BLUE.png",453,250,false],"trp-custom-language-flag":["https:\/\/turkishtrade.co\/wp-content\/uploads\/2026\/01\/2600NZTMN00083-BLUE-18x10.png",18,10,true],"woocommerce_thumbnail":["https:\/\/turkishtrade.co\/wp-content\/uploads\/2026\/01\/2600NZTMN00083-BLUE-400x250.png",400,250,true],"woocommerce_single":["https:\/\/turkishtrade.co\/wp-content\/uploads\/2026\/01\/2600NZTMN00083-BLUE.png",453,250,false],"woocommerce_gallery_thumbnail":["https:\/\/turkishtrade.co\/wp-content\/uploads\/2026\/01\/2600NZTMN00083-BLUE-100x100.png",100,100,true]},"uagb_author_info":{"display_name":"python python","author_link":"https:\/\/turkishtrade.co\/fr\/author\/"},"uagb_comment_info":0,"uagb_excerpt":"Crafted from Premium Genuine Cow Leather Features a Soft and Breathable Goat Leather Lining Equipped with a Lightweight and Comfortable EVA Sole Classic Cap-Toe Lace-Up Derby Design for Timeless Style Available in Men's Sizes: 40, 41, 42, 43, 44 Perfect for Casual, Smart-Casual, and Business Casual Outfits Wholesale Availability: Minimum Order of 16 Pairs","_links":{"self":[{"href":"https:\/\/turkishtrade.co\/fr\/wp-json\/wp\/v2\/product\/8268","targetHints":{"allow":["GET"]}}],"collection":[{"href":"https:\/\/turkishtrade.co\/fr\/wp-json\/wp\/v2\/product"}],"about":[{"href":"https:\/\/turkishtrade.co\/fr\/wp-json\/wp\/v2\/types\/product"}],"wp:featuredmedia":[{"embeddable":true,"href":"https:\/\/turkishtrade.co\/fr\/wp-json\/wp\/v2\/media\/6914"}],"wp:attachment":[{"href":"https:\/\/turkishtrade.co\/fr\/wp-json\/wp\/v2\/media?parent=8268"}],"wp:term":[{"taxonomy":"product_brand","embeddable":true,"href":"https:\/\/turkishtrade.co\/fr\/wp-json\/wp\/v2\/product_brand?post=8268"},{"taxonomy":"product_cat","embeddable":true,"href":"https:\/\/turkishtrade.co\/fr\/wp-json\/wp\/v2\/product_cat?post=8268"},{"taxonomy":"product_tag","embeddable":true,"href":"https:\/\/turkishtrade.co\/fr\/wp-json\/wp\/v2\/product_tag?post=8268"}],"curies":[{"name":"wp","href":"https:\/\/api.w.org\/{rel}","templated":true}]}}