{"id":8266,"date":"2026-01-29T14:48:51","date_gmt":"2026-01-29T14:48:51","guid":{"rendered":"https:\/\/turkishtrade.co\/?post_type=product&#038;p=8266"},"modified":"2026-04-09T20:30:43","modified_gmt":"2026-04-09T20:30:43","slug":"brown-leather-casual-loafers","status":"publish","type":"product","link":"https:\/\/turkishtrade.co\/fr\/shop\/brown-leather-casual-loafers\/","title":{"rendered":"Mocassins d\u00e9contract\u00e9s en cuir marron Amazing | Hommes avec d\u00e9tails de broderie"},"content":{"rendered":"<p><strong>Mocassins d\u00e9contract\u00e9s en cuir marron<\/strong>. Une qualit\u00e9 et un design \u00e9tonnants.<\/p>\n<p>\u00c9levez votre collection de chaussures gr\u00e2ce \u00e0 nos chaussures exquises. <strong>Mocassins d\u00e9contract\u00e9s en cuir marron<\/strong>, Ces chaussures ont \u00e9t\u00e9 con\u00e7ues pour l'homme moderne qui appr\u00e9cie \u00e0 la fois le style et le confort. Ces chaussures \u00e0 enfiler allient parfaitement l'\u00e9l\u00e9gance intemporelle \u00e0 la praticit\u00e9 quotidienne, ce qui en fait un compl\u00e9ment indispensable \u00e0 toute garde-robe. Fabriqu\u00e9s avec une attention m\u00e9ticuleuse aux d\u00e9tails, ces mocassins promettent d'offrir une exp\u00e9rience haut de gamme d\u00e8s le moment o\u00f9 vous les enfilez. Leur teinte marron polyvalente et leurs d\u00e9tails raffin\u00e9s en font un must-have pour tout gentleman exigeant.<\/p>\n<h3>Un confort in\u00e9gal\u00e9 et des mat\u00e9riaux de premi\u00e8re qualit\u00e9<\/h3>\n<p>Profitez d'un confort in\u00e9gal\u00e9 gr\u00e2ce aux mat\u00e9riaux de qualit\u00e9 sup\u00e9rieure utilis\u00e9s dans ces produits. <strong>Mocassins d\u00e9contract\u00e9s en cuir marron<\/strong>. La tige est fabriqu\u00e9e en cuir de veau de haute qualit\u00e9, offrant un toucher luxueux et une durabilit\u00e9 exceptionnelle qui vieillit magnifiquement au fil du temps. \u00c0 l'int\u00e9rieur, vos pieds b\u00e9n\u00e9ficieront de la douceur de la doublure en cuir de ch\u00e8vre v\u00e9ritable, connue pour sa respirabilit\u00e9 et ses propri\u00e9t\u00e9s d'\u00e9vacuation de l'humidit\u00e9, garantissant ainsi la fra\u00eecheur et le confort de vos pieds tout au long de la journ\u00e9e. La semelle innovante en EVA offre un amorti l\u00e9ger et une grande souplesse, absorbant les chocs \u00e0 chaque pas et faisant de ces mocassins des chaussures id\u00e9ales pour une utilisation prolong\u00e9e, que ce soit pour sillonner les rues de la ville ou pour profiter d'un week-end d\u00e9contract\u00e9.<\/p>\n<h3>Un style sophistiqu\u00e9 pour toutes les occasions<\/h3>\n<p>La conception de ces <strong>Mocassins d\u00e9contract\u00e9s en cuir marron<\/strong> en dit long sur la sophistication d'une tenue d\u00e9contract\u00e9e. Dot\u00e9es de perforations subtiles mais distinctives d'inspiration brogue le long de l'empeigne et des orteils, elles ajoutent une touche de d\u00e9tail classique sans \u00eatre trop formelles. Leur riche teinte marron offre une incroyable polyvalence, s'associant sans effort \u00e0 un large \u00e9ventail de tenues, des chinos et jeans aux pantalons d\u00e9contract\u00e9s plus ajust\u00e9s. Ces mocassins sont la quintessence de la chaussure polyvalente, passant sans probl\u00e8me d'un look de bureau \u00e9l\u00e9gant et d\u00e9contract\u00e9 \u00e0 une soir\u00e9e entre amis, vous assurant de toujours sortir avec style.<\/p>\n<h3>Artisanat durable et possibilit\u00e9s de vente en gros<\/h3>\n<p>Notre engagement en faveur de la qualit\u00e9 garantit que ces <strong>Mocassins d\u00e9contract\u00e9s en cuir marron<\/strong> sont con\u00e7ues pour durer. Chaque paire est soumise \u00e0 des contr\u00f4les de qualit\u00e9 rigoureux afin de garantir une qualit\u00e9 de fabrication et une finition sup\u00e9rieures, ce qui vous permet d'avoir des chaussures non seulement esth\u00e9tiques mais aussi r\u00e9sistantes \u00e0 l'\u00e9preuve du temps. Disponibles dans les pointures 40, 41, 42, 43 et 44, il est facile de trouver la chaussure id\u00e9ale. Nous sommes convaincus de l'attrait et de la qualit\u00e9 durables de ces mocassins \u00e9l\u00e9gants pour hommes.<\/p>\n<p>Pour les entreprises qui souhaitent offrir \u00e0 leurs clients des chaussures de qualit\u00e9 sup\u00e9rieure, ces chaussures d'exception ont \u00e9t\u00e9 con\u00e7ues pour r\u00e9pondre \u00e0 leurs besoins. <strong>Mocassins d\u00e9contract\u00e9s en cuir marron<\/strong> sont disponibles \u00e0 l'achat en gros. Avec une quantit\u00e9 minimale de commande de seulement 16 paires, vous pouvez facilement vous approvisionner en un produit qui combine un style recherch\u00e9, un confort exceptionnel et une qualit\u00e9 durable. Investissez dans ces mocassins et offrez \u00e0 votre client\u00e8le un produit qui repr\u00e9sente vraiment le luxe sophistiqu\u00e9 de tous les jours.<\/p>","protected":false},"excerpt":{"rendered":"<ul>\n<li>Dessus en cuir de veau de premi\u00e8re qualit\u00e9 pour une finition sophistiqu\u00e9e<\/li>\n<li>La doublure en cuir de ch\u00e8vre respirant assure un confort tout au long de la journ\u00e9e.<\/li>\n<li>Semelle EVA l\u00e9g\u00e8re et flexible pour un amorti sup\u00e9rieur<\/li>\n<li>Les d\u00e9tails \u00e9l\u00e9gants des brogues ajoutent une touche d'\u00e9l\u00e9gance classique.<\/li>\n<li>Disponible en tailles 40, 41, 42, 43, 44<\/li>\n<li>Quantit\u00e9 minimale de commande : 16 paires (possibilit\u00e9 de vente en gros)<\/li>\n<\/ul>","protected":false},"featured_media":6974,"template":"","meta":{"_acf_changed":false,"_uag_custom_page_level_css":"","site-sidebar-layout":"default","site-content-layout":"","ast-site-content-layout":"default","site-content-style":"default","site-sidebar-style":"default","ast-global-header-display":"","ast-banner-title-visibility":"","ast-main-header-display":"","ast-hfb-above-header-display":"","ast-hfb-below-header-display":"","ast-hfb-mobile-header-display":"","site-post-title":"","ast-breadcrumbs-content":"","ast-featured-img":"","footer-sml-layout":"","ast-disable-related-posts":"","theme-transparent-header-meta":"","adv-header-id-meta":"","stick-header-meta":"","header-above-stick-meta":"","header-main-stick-meta":"","header-below-stick-meta":"","astra-migrate-meta-layouts":"default","ast-page-background-enabled":"default","ast-page-background-meta":{"desktop":{"background-color":"var(--ast-global-color-4)","background-image":"","background-repeat":"repeat","background-position":"center center","background-size":"auto","background-attachment":"scroll","background-type":"","background-media":"","overlay-type":"","overlay-color":"","overlay-opacity":"","overlay-gradient":""},"tablet":{"background-color":"","background-image":"","background-repeat":"repeat","background-position":"center center","background-size":"auto","background-attachment":"scroll","background-type":"","background-media":"","overlay-type":"","overlay-color":"","overlay-opacity":"","overlay-gradient":""},"mobile":{"background-color":"","background-image":"","background-repeat":"repeat","background-position":"center center","background-size":"auto","background-attachment":"scroll","background-type":"","background-media":"","overlay-type":"","overlay-color":"","overlay-opacity":"","overlay-gradient":""}},"ast-content-background-meta":{"desktop":{"background-color":"var(--ast-global-color-5)","background-image":"","background-repeat":"repeat","background-position":"center center","background-size":"auto","background-attachment":"scroll","background-type":"","background-media":"","overlay-type":"","overlay-color":"","overlay-opacity":"","overlay-gradient":""},"tablet":{"background-color":"var(--ast-global-color-5)","background-image":"","background-repeat":"repeat","background-position":"center center","background-size":"auto","background-attachment":"scroll","background-type":"","background-media":"","overlay-type":"","overlay-color":"","overlay-opacity":"","overlay-gradient":""},"mobile":{"background-color":"var(--ast-global-color-5)","background-image":"","background-repeat":"repeat","background-position":"center center","background-size":"auto","background-attachment":"scroll","background-type":"","background-media":"","overlay-type":"","overlay-color":"","overlay-opacity":"","overlay-gradient":""}}},"product_brand":[],"product_cat":[48,47,49,430,1200],"product_tag":[654,147,202,512,438,1249,215,186,184],"class_list":{"0":"post-8266","1":"product","2":"type-product","3":"status-publish","4":"has-post-thumbnail","6":"product_cat-casual","7":"product_cat-classic","8":"product_cat-loafer","9":"product_cat-men","10":"product_cat-mens-shoes-2","11":"product_tag-brogue-shoes","12":"product_tag-brown-loafers","13":"product_tag-calf-leather","14":"product_tag-casual-loafers","15":"product_tag-eva-sole","16":"product_tag-goat-lining","17":"product_tag-leather-loafers","18":"product_tag-mens-loafers","19":"product_tag-slip-on-shoes","20":"desktop-align-center","21":"tablet-align-center","22":"mobile-align-center","24":"first","25":"instock","26":"shipping-taxable","27":"purchasable","28":"product-type-variable","29":"has-default-attributes"},"acf":[],"uagb_featured_image_src":{"full":["https:\/\/turkishtrade.co\/wp-content\/uploads\/2026\/01\/2600NZTMN00081-BROWN.png",453,250,false],"thumbnail":["https:\/\/turkishtrade.co\/wp-content\/uploads\/2026\/01\/2600NZTMN00081-BROWN-150x150.png",150,150,true],"medium":["https:\/\/turkishtrade.co\/wp-content\/uploads\/2026\/01\/2600NZTMN00081-BROWN-300x166.png",300,166,true],"medium_large":["https:\/\/turkishtrade.co\/wp-content\/uploads\/2026\/01\/2600NZTMN00081-BROWN.png",453,250,false],"large":["https:\/\/turkishtrade.co\/wp-content\/uploads\/2026\/01\/2600NZTMN00081-BROWN.png",453,250,false],"1536x1536":["https:\/\/turkishtrade.co\/wp-content\/uploads\/2026\/01\/2600NZTMN00081-BROWN.png",453,250,false],"2048x2048":["https:\/\/turkishtrade.co\/wp-content\/uploads\/2026\/01\/2600NZTMN00081-BROWN.png",453,250,false],"trp-custom-language-flag":["https:\/\/turkishtrade.co\/wp-content\/uploads\/2026\/01\/2600NZTMN00081-BROWN-18x10.png",18,10,true],"woocommerce_thumbnail":["https:\/\/turkishtrade.co\/wp-content\/uploads\/2026\/01\/2600NZTMN00081-BROWN-400x250.png",400,250,true],"woocommerce_single":["https:\/\/turkishtrade.co\/wp-content\/uploads\/2026\/01\/2600NZTMN00081-BROWN.png",453,250,false],"woocommerce_gallery_thumbnail":["https:\/\/turkishtrade.co\/wp-content\/uploads\/2026\/01\/2600NZTMN00081-BROWN-100x100.png",100,100,true]},"uagb_author_info":{"display_name":"python python","author_link":"https:\/\/turkishtrade.co\/fr\/author\/"},"uagb_comment_info":0,"uagb_excerpt":"Premium calf leather upper for a sophisticated finish Breathable goat leather lining ensures all-day comfort Lightweight and flexible EVA sole for superior cushioning Stylish brogue detailing adds a touch of classic elegance Available in sizes 40, 41, 42, 43, 44 Minimum order quantity: 16 pairs (wholesale available)","_links":{"self":[{"href":"https:\/\/turkishtrade.co\/fr\/wp-json\/wp\/v2\/product\/8266","targetHints":{"allow":["GET"]}}],"collection":[{"href":"https:\/\/turkishtrade.co\/fr\/wp-json\/wp\/v2\/product"}],"about":[{"href":"https:\/\/turkishtrade.co\/fr\/wp-json\/wp\/v2\/types\/product"}],"wp:featuredmedia":[{"embeddable":true,"href":"https:\/\/turkishtrade.co\/fr\/wp-json\/wp\/v2\/media\/6974"}],"wp:attachment":[{"href":"https:\/\/turkishtrade.co\/fr\/wp-json\/wp\/v2\/media?parent=8266"}],"wp:term":[{"taxonomy":"product_brand","embeddable":true,"href":"https:\/\/turkishtrade.co\/fr\/wp-json\/wp\/v2\/product_brand?post=8266"},{"taxonomy":"product_cat","embeddable":true,"href":"https:\/\/turkishtrade.co\/fr\/wp-json\/wp\/v2\/product_cat?post=8266"},{"taxonomy":"product_tag","embeddable":true,"href":"https:\/\/turkishtrade.co\/fr\/wp-json\/wp\/v2\/product_tag?post=8266"}],"curies":[{"name":"wp","href":"https:\/\/api.w.org\/{rel}","templated":true}]}}