{"id":8265,"date":"2026-01-29T14:48:51","date_gmt":"2026-01-29T14:48:51","guid":{"rendered":"https:\/\/turkishtrade.co\/?post_type=product&#038;p=8265"},"modified":"2026-04-09T20:30:46","modified_gmt":"2026-04-09T20:30:46","slug":"mens-perforated-leather-loafers","status":"publish","type":"product","link":"https:\/\/turkishtrade.co\/fr\/shop\/mens-perforated-leather-loafers\/","title":{"rendered":"Mocassins en cuir perfor\u00e9 pour hommes Premium | Mocassins en cuir perfor\u00e9 pour hommes Classic Brown Calf"},"content":{"rendered":"<p><strong>Mocassins en cuir perfor\u00e9 pour hommes<\/strong>. Qualit\u00e9 et design haut de gamme.<\/p>\n<p>D\u00e9couvrez l'ultime m\u00e9lange de style et de confort avec notre exquise <b>Mocassins en cuir perfor\u00e9 pour hommes<\/b>. Con\u00e7us pour l'homme exigeant, ces mocassins red\u00e9finissent l'\u00e9l\u00e9gance d\u00e9contract\u00e9e et sont con\u00e7us pour rehausser n'importe quelle tenue. Chaque paire de nos <b>Mocassins en cuir perfor\u00e9 pour hommes<\/b> est dot\u00e9e d'une tige en cuir de veau de premi\u00e8re qualit\u00e9, r\u00e9put\u00e9e pour sa texture douce, sa remarquable durabilit\u00e9 et sa riche teinte brune. Les perforations m\u00e9ticuleusement appliqu\u00e9es ajoutent non seulement une touche de sophistication, mais garantissent \u00e9galement une respirabilit\u00e9 sup\u00e9rieure, ce qui permet \u00e0 vos pieds de rester au frais et \u00e0 l'aise tout au long de la journ\u00e9e. Ce design classique fait de ces <b>Mocassins en cuir perfor\u00e9 pour hommes<\/b> un choix vraiment polyvalent, qui passe sans probl\u00e8me de la journ\u00e9e \u00e0 la soir\u00e9e.<\/p>\n<h3>Un confort et un savoir-faire in\u00e9gal\u00e9s<\/h3>\n<p>La luxueuse doublure en cuir de ch\u00e8vre offre un confort in\u00e9gal\u00e9. Cet int\u00e9rieur doux et souple berce votre pied, offrant une exp\u00e9rience douce et sans frottement d\u00e8s le moment o\u00f9 vous les enfilez. Associ\u00e9es \u00e0 une semelle EVA \u00e0 la fois l\u00e9g\u00e8re et robuste, ces <b>Mocassins en cuir perfor\u00e9 pour hommes<\/b> offrent un amorti et une flexibilit\u00e9 exceptionnels, permettant des mouvements sans effort et r\u00e9duisant la fatigue, m\u00eame apr\u00e8s des heures de port. La semelle EVA durable offre \u00e9galement une excellente adh\u00e9rence, ce qui les rend adapt\u00e9es \u00e0 diverses surfaces et garantit la long\u00e9vit\u00e9 de votre investissement dans des chaussures de qualit\u00e9 sup\u00e9rieure. Notre attachement \u00e0 la qualit\u00e9 garantit que chaque pas est un plaisir, en fusionnant la fabrication traditionnelle de chaussures avec la technologie moderne du confort.<\/p>\n<h3>Un style polyvalent pour toutes les occasions<\/h3>\n<p>Que vous vous rendiez \u00e0 une r\u00e9union d'affaires d\u00e9contract\u00e9e, que vous preniez un brunch le week-end ou que vous recherchiez simplement des chaussures de tous les jours raffin\u00e9es, ces mocassins classiques sont votre compagnon id\u00e9al. Leur design intemporel, associ\u00e9 \u00e0 des technologies de confort modernes, les rend incroyablement polyvalents. Les surpiq\u00fbres subtiles et l'\u00e9l\u00e9gante bride de ces mocassins renforcent encore leur attrait sophistiqu\u00e9, ce qui fait de ces mocassins des chaussures de luxe. <b>Mocassins en cuir perfor\u00e9 pour hommes<\/b> un compl\u00e9ment indispensable \u00e0 toute garde-robe contemporaine. Disponibles dans les tailles courantes 40, 41c, 42c, 43c et 44, ces chaussures \u00e9l\u00e9gantes vous conviendront parfaitement. <b>Mocassins en cuir perfor\u00e9 pour hommes<\/b> est facile, ce qui permet \u00e0 tout le monde de profiter de ce m\u00e9lange de luxe et de praticit\u00e9.<\/p>\n<h3>Opportunit\u00e9 de vente en gros : Am\u00e9liorez vos stocks<\/h3>\n<p>Pour les d\u00e9taillants et les entreprises qui souhaitent proposer des chaussures de haute qualit\u00e9, nos <b>Mocassins en cuir perfor\u00e9 pour hommes<\/b> sont disponibles \u00e0 l'achat en gros. Avec une commande minimale de seulement 16 paires, vous pouvez facilement vous approvisionner avec un produit qui promet la satisfaction du client et la fid\u00e9lisation de la client\u00e8le. Ces mocassins sont disponibles dans une gamme de tailles populaires (40, 41c, 42c, 43c, 44), ce qui permet de r\u00e9pondre aux besoins d'une large client\u00e8le. Investissez dans des chaussures qui allient savoir-faire traditionnel et design innovant. Rehaussez votre collection avec nos chaussures de qualit\u00e9 sup\u00e9rieure. <b>Mocassins en cuir perfor\u00e9 pour hommes<\/b> d\u00e8s aujourd'hui et faites d\u00e9couvrir \u00e0 vos clients le summum du confort et du style. Il ne s'agit pas seulement de chaussures, mais d'une d\u00e9claration de qualit\u00e9 durable et de go\u00fbt raffin\u00e9 qui rehaussera n'importe quelle offre de chaussures.<\/p>","protected":false},"excerpt":{"rendered":"<ul>\n<li>Dessus en cuir de veau de premi\u00e8re qualit\u00e9 pour une durabilit\u00e9 et un style sophistiqu\u00e9<\/li>\n<li>La conception perfor\u00e9e respirante assure une meilleure circulation de l'air et un plus grand confort.<\/li>\n<li>La doublure en cuir de ch\u00e8vre luxueux offre une sensation de douceur exceptionnelle.<\/li>\n<li>Semelle EVA l\u00e9g\u00e8re et flexible pour un confort et un soutien tout au long de la journ\u00e9e<\/li>\n<li>Mocassin classique, id\u00e9al pour les occasions d\u00e9contract\u00e9es et semi-formelles<\/li>\n<li>Vente en gros possible avec une commande minimum de 16 paires<\/li>\n<\/ul>","protected":false},"featured_media":6973,"template":"","meta":{"_acf_changed":false,"_uag_custom_page_level_css":"","site-sidebar-layout":"default","site-content-layout":"","ast-site-content-layout":"default","site-content-style":"default","site-sidebar-style":"default","ast-global-header-display":"","ast-banner-title-visibility":"","ast-main-header-display":"","ast-hfb-above-header-display":"","ast-hfb-below-header-display":"","ast-hfb-mobile-header-display":"","site-post-title":"","ast-breadcrumbs-content":"","ast-featured-img":"","footer-sml-layout":"","ast-disable-related-posts":"","theme-transparent-header-meta":"","adv-header-id-meta":"","stick-header-meta":"","header-above-stick-meta":"","header-main-stick-meta":"","header-below-stick-meta":"","astra-migrate-meta-layouts":"default","ast-page-background-enabled":"default","ast-page-background-meta":{"desktop":{"background-color":"var(--ast-global-color-4)","background-image":"","background-repeat":"repeat","background-position":"center center","background-size":"auto","background-attachment":"scroll","background-type":"","background-media":"","overlay-type":"","overlay-color":"","overlay-opacity":"","overlay-gradient":""},"tablet":{"background-color":"","background-image":"","background-repeat":"repeat","background-position":"center center","background-size":"auto","background-attachment":"scroll","background-type":"","background-media":"","overlay-type":"","overlay-color":"","overlay-opacity":"","overlay-gradient":""},"mobile":{"background-color":"","background-image":"","background-repeat":"repeat","background-position":"center center","background-size":"auto","background-attachment":"scroll","background-type":"","background-media":"","overlay-type":"","overlay-color":"","overlay-opacity":"","overlay-gradient":""}},"ast-content-background-meta":{"desktop":{"background-color":"var(--ast-global-color-5)","background-image":"","background-repeat":"repeat","background-position":"center center","background-size":"auto","background-attachment":"scroll","background-type":"","background-media":"","overlay-type":"","overlay-color":"","overlay-opacity":"","overlay-gradient":""},"tablet":{"background-color":"var(--ast-global-color-5)","background-image":"","background-repeat":"repeat","background-position":"center center","background-size":"auto","background-attachment":"scroll","background-type":"","background-media":"","overlay-type":"","overlay-color":"","overlay-opacity":"","overlay-gradient":""},"mobile":{"background-color":"var(--ast-global-color-5)","background-image":"","background-repeat":"repeat","background-position":"center center","background-size":"auto","background-attachment":"scroll","background-type":"","background-media":"","overlay-type":"","overlay-color":"","overlay-opacity":"","overlay-gradient":""}}},"product_brand":[],"product_cat":[48,47,49,430,1200],"product_tag":[147,185,512,457,438,1249,215,186,279,1289],"class_list":{"0":"post-8265","1":"product","2":"type-product","3":"status-publish","4":"has-post-thumbnail","6":"product_cat-casual","7":"product_cat-classic","8":"product_cat-loafer","9":"product_cat-men","10":"product_cat-mens-shoes-2","11":"product_tag-brown-loafers","12":"product_tag-calf-leather-shoes","13":"product_tag-casual-loafers","14":"product_tag-classic-loafers","15":"product_tag-eva-sole","16":"product_tag-goat-lining","17":"product_tag-leather-loafers","18":"product_tag-mens-loafers","19":"product_tag-penny-loafers","20":"product_tag-perforated-loafers","21":"desktop-align-center","22":"tablet-align-center","23":"mobile-align-center","25":"first","26":"instock","27":"shipping-taxable","28":"purchasable","29":"product-type-variable","30":"has-default-attributes"},"acf":[],"uagb_featured_image_src":{"full":["https:\/\/turkishtrade.co\/wp-content\/uploads\/2026\/01\/2600NZTMN00080-CAMEL.png",453,250,false],"thumbnail":["https:\/\/turkishtrade.co\/wp-content\/uploads\/2026\/01\/2600NZTMN00080-CAMEL-150x150.png",150,150,true],"medium":["https:\/\/turkishtrade.co\/wp-content\/uploads\/2026\/01\/2600NZTMN00080-CAMEL-300x166.png",300,166,true],"medium_large":["https:\/\/turkishtrade.co\/wp-content\/uploads\/2026\/01\/2600NZTMN00080-CAMEL.png",453,250,false],"large":["https:\/\/turkishtrade.co\/wp-content\/uploads\/2026\/01\/2600NZTMN00080-CAMEL.png",453,250,false],"1536x1536":["https:\/\/turkishtrade.co\/wp-content\/uploads\/2026\/01\/2600NZTMN00080-CAMEL.png",453,250,false],"2048x2048":["https:\/\/turkishtrade.co\/wp-content\/uploads\/2026\/01\/2600NZTMN00080-CAMEL.png",453,250,false],"trp-custom-language-flag":["https:\/\/turkishtrade.co\/wp-content\/uploads\/2026\/01\/2600NZTMN00080-CAMEL-18x10.png",18,10,true],"woocommerce_thumbnail":["https:\/\/turkishtrade.co\/wp-content\/uploads\/2026\/01\/2600NZTMN00080-CAMEL-400x250.png",400,250,true],"woocommerce_single":["https:\/\/turkishtrade.co\/wp-content\/uploads\/2026\/01\/2600NZTMN00080-CAMEL.png",453,250,false],"woocommerce_gallery_thumbnail":["https:\/\/turkishtrade.co\/wp-content\/uploads\/2026\/01\/2600NZTMN00080-CAMEL-100x100.png",100,100,true]},"uagb_author_info":{"display_name":"python python","author_link":"https:\/\/turkishtrade.co\/fr\/author\/"},"uagb_comment_info":0,"uagb_excerpt":"Premium calf leather upper for durability and sophisticated style Breathable perforated design ensures enhanced airflow and comfort Luxurious goat leather lining provides an exceptionally soft feel Lightweight and flexible EVA sole for all-day comfort and support Classic loafer design, ideal for casual and semi-formal occasions Wholesale available with a minimum order of 16 pairs","_links":{"self":[{"href":"https:\/\/turkishtrade.co\/fr\/wp-json\/wp\/v2\/product\/8265","targetHints":{"allow":["GET"]}}],"collection":[{"href":"https:\/\/turkishtrade.co\/fr\/wp-json\/wp\/v2\/product"}],"about":[{"href":"https:\/\/turkishtrade.co\/fr\/wp-json\/wp\/v2\/types\/product"}],"wp:featuredmedia":[{"embeddable":true,"href":"https:\/\/turkishtrade.co\/fr\/wp-json\/wp\/v2\/media\/6973"}],"wp:attachment":[{"href":"https:\/\/turkishtrade.co\/fr\/wp-json\/wp\/v2\/media?parent=8265"}],"wp:term":[{"taxonomy":"product_brand","embeddable":true,"href":"https:\/\/turkishtrade.co\/fr\/wp-json\/wp\/v2\/product_brand?post=8265"},{"taxonomy":"product_cat","embeddable":true,"href":"https:\/\/turkishtrade.co\/fr\/wp-json\/wp\/v2\/product_cat?post=8265"},{"taxonomy":"product_tag","embeddable":true,"href":"https:\/\/turkishtrade.co\/fr\/wp-json\/wp\/v2\/product_tag?post=8265"}],"curies":[{"name":"wp","href":"https:\/\/api.w.org\/{rel}","templated":true}]}}