{"id":8257,"date":"2026-01-29T14:48:50","date_gmt":"2026-01-29T14:48:50","guid":{"rendered":"https:\/\/turkishtrade.co\/?post_type=product&#038;p=8257"},"modified":"2026-04-09T20:31:17","modified_gmt":"2026-04-09T20:31:17","slug":"mens-leather-cap-toe-derby","status":"publish","type":"product","link":"https:\/\/turkishtrade.co\/fr\/shop\/mens-leather-cap-toe-derby\/","title":{"rendered":"Derby Cap Toe en cuir pour homme Meilleures ventes - Cap Toe en cuir de qualit\u00e9 sup\u00e9rieure pour homme"},"content":{"rendered":"<h3>Nos chaussures de derby en cuir haut de gamme pour hommes rehaussent votre quotidien.<\/h3>\n<p>Entrez dans un style et un confort in\u00e9gal\u00e9s gr\u00e2ce \u00e0 nos magnifiques <strong>Derby en cuir pour hommes<\/strong> chaussures. Con\u00e7ues pour les personnes exigeantes qui appr\u00e9cient \u00e0 la fois l'esth\u00e9tique classique et la praticit\u00e9 moderne, ces chaussures sont le compl\u00e9ment indispensable de toute garde-robe sophistiqu\u00e9e. Nos <strong>Derby en cuir pour hommes<\/strong> fait sans effort le lien entre le chic-d\u00e9contract\u00e9 et le semi-formel, ce qui les rend incroyablement polyvalents pour diverses occasions, des r\u00e9unions d'affaires importantes aux soir\u00e9es sophistiqu\u00e9es.<\/p>\n<p>Fabriqu\u00e9 en cuir de veau v\u00e9ritable de la plus haute qualit\u00e9, l'empeigne de ces <strong>Derby en cuir pour hommes<\/strong> La couleur riche et profonde de cette chaussure est un gage de luxe et de long\u00e9vit\u00e9. Le d\u00e9tail du bout de la chaussure ajoute une touche d'\u00e9l\u00e9gance traditionnelle, tandis que les subtiles perforations pr\u00e8s du la\u00e7age rehaussent leur attrait raffin\u00e9. \u00c0 l'int\u00e9rieur, vos pieds seront berc\u00e9s dans un confort ultime gr\u00e2ce \u00e0 la doublure en cuir de ch\u00e8vre souple et respirant, garantissant une exp\u00e9rience agr\u00e9able m\u00eame apr\u00e8s des heures de port. Cette combinaison judicieuse de mat\u00e9riaux de qualit\u00e9 sup\u00e9rieure souligne notre engagement \u00e0 l'\u00e9gard de la qualit\u00e9 dans toutes les paires de chaussures. <strong>Derby en cuir pour hommes<\/strong> chaussures que nous proposons.<\/p>\n<p>Ce qui distingue vraiment ces <strong>Derby en cuir pour hommes<\/strong> La semelle EVA, \u00e0 la fois robuste et l\u00e9g\u00e8re, est l'un des \u00e9l\u00e9ments qui distinguent ces chaussures des autres. Con\u00e7ue pour une absorption des chocs et une traction sup\u00e9rieures, la semelle stri\u00e9e offre un confort et une stabilit\u00e9 exceptionnels, que vous naviguiez dans les rues de la ville ou que vous passiez une journ\u00e9e au bureau. Cette conception innovante de la semelle garantit que, tout en conservant un aspect classique, ces <strong>Derby en cuir pour hommes<\/strong> offrent des performances contemporaines et une r\u00e9sistance \u00e0 l'usure quotidienne. Des r\u00e9unions d'affaires aux sorties du week-end, ces chaussures sont con\u00e7ues pour vous offrir confort et \u00e9l\u00e9gance, en mettant en valeur le meilleur de la technologie moderne en mati\u00e8re de chaussures.<\/p>\n<p>Disponible dans une gamme compl\u00e8te de tailles europ\u00e9ennes allant du 40 au 44, vous trouverez la taille id\u00e9ale pour ces produits essentiels. <strong>Derby en cuir pour hommes<\/strong> est simple. Leur design intemporel leur permet de s'associer parfaitement \u00e0 des pantalons cintr\u00e9s, des jeans \u00e9l\u00e9gants ou des chinos, offrant ainsi une finition soign\u00e9e \u00e0 n'importe quel ensemble. Investissez dans une paire de <strong>Derby en cuir pour hommes<\/strong> des chaussures qui ne se contentent pas d'\u00eatre exceptionnelles, mais qui sont aussi faites pour durer, refl\u00e9tant un savoir-faire artisanal impeccable et une attention particuli\u00e8re aux d\u00e9tails. Pour les entreprises d\u00e9sireuses de stocker des chaussures de haute qualit\u00e9, ces exquises <strong>Derby en cuir pour hommes<\/strong> sont disponibles en gros, avec une commande minimum de 16 paires. Contactez-nous pour des prix de gros et augmentez votre stock avec ce style recherch\u00e9.<\/p>","protected":false},"excerpt":{"rendered":"<ul>\n<li>Fabriqu\u00e9 en cuir de veau v\u00e9ritable pour une qualit\u00e9 sup\u00e9rieure.<\/li>\n<li>La doublure en cuir de ch\u00e8vre luxueux assure un confort ultime et une bonne respirabilit\u00e9.<\/li>\n<li>Elle est dot\u00e9e d'une semelle moderne en EVA qui absorbe les chocs pour une utilisation tout au long de la journ\u00e9e.<\/li>\n<li>Le mod\u00e8le classique Cap Toe Derby est parfait pour les tenues d\u00e9contract\u00e9es et semi-d\u00e9contract\u00e9es.<\/li>\n<li>Disponible en tailles europ\u00e9ennes : 40, 41, 42, 43, 44.<\/li>\n<li>Possibilit\u00e9 de vente en gros (commande minimale : 16 paires).<\/li>\n<\/ul>","protected":false},"featured_media":6910,"template":"","meta":{"_acf_changed":false,"_uag_custom_page_level_css":"","site-sidebar-layout":"default","site-content-layout":"","ast-site-content-layout":"default","site-content-style":"default","site-sidebar-style":"default","ast-global-header-display":"","ast-banner-title-visibility":"","ast-main-header-display":"","ast-hfb-above-header-display":"","ast-hfb-below-header-display":"","ast-hfb-mobile-header-display":"","site-post-title":"","ast-breadcrumbs-content":"","ast-featured-img":"","footer-sml-layout":"","ast-disable-related-posts":"","theme-transparent-header-meta":"","adv-header-id-meta":"","stick-header-meta":"","header-above-stick-meta":"","header-main-stick-meta":"","header-below-stick-meta":"","astra-migrate-meta-layouts":"default","ast-page-background-enabled":"default","ast-page-background-meta":{"desktop":{"background-color":"var(--ast-global-color-4)","background-image":"","background-repeat":"repeat","background-position":"center center","background-size":"auto","background-attachment":"scroll","background-type":"","background-media":"","overlay-type":"","overlay-color":"","overlay-opacity":"","overlay-gradient":""},"tablet":{"background-color":"","background-image":"","background-repeat":"repeat","background-position":"center center","background-size":"auto","background-attachment":"scroll","background-type":"","background-media":"","overlay-type":"","overlay-color":"","overlay-opacity":"","overlay-gradient":""},"mobile":{"background-color":"","background-image":"","background-repeat":"repeat","background-position":"center center","background-size":"auto","background-attachment":"scroll","background-type":"","background-media":"","overlay-type":"","overlay-color":"","overlay-opacity":"","overlay-gradient":""}},"ast-content-background-meta":{"desktop":{"background-color":"var(--ast-global-color-5)","background-image":"","background-repeat":"repeat","background-position":"center center","background-size":"auto","background-attachment":"scroll","background-type":"","background-media":"","overlay-type":"","overlay-color":"","overlay-opacity":"","overlay-gradient":""},"tablet":{"background-color":"var(--ast-global-color-5)","background-image":"","background-repeat":"repeat","background-position":"center center","background-size":"auto","background-attachment":"scroll","background-type":"","background-media":"","overlay-type":"","overlay-color":"","overlay-opacity":"","overlay-gradient":""},"mobile":{"background-color":"var(--ast-global-color-5)","background-image":"","background-repeat":"repeat","background-position":"center center","background-size":"auto","background-attachment":"scroll","background-type":"","background-media":"","overlay-type":"","overlay-color":"","overlay-opacity":"","overlay-gradient":""}}},"product_brand":[],"product_cat":[48,47,49,430,1200],"product_tag":[202,458,449,145,212,438,1249,227,380],"class_list":{"0":"post-8257","1":"product","2":"type-product","3":"status-publish","4":"has-post-thumbnail","6":"product_cat-casual","7":"product_cat-classic","8":"product_cat-loafer","9":"product_cat-men","10":"product_cat-mens-shoes-2","11":"product_tag-calf-leather","12":"product_tag-cap-toe-shoes","13":"product_tag-casual-shoes","14":"product_tag-classic-shoes","15":"product_tag-derby-shoes","16":"product_tag-eva-sole","17":"product_tag-goat-lining","18":"product_tag-leather-shoes","19":"product_tag-smart-casual-footwear","20":"desktop-align-center","21":"tablet-align-center","22":"mobile-align-center","24":"first","25":"instock","26":"shipping-taxable","27":"purchasable","28":"product-type-variable","29":"has-default-attributes"},"acf":[],"uagb_featured_image_src":{"full":["https:\/\/turkishtrade.co\/wp-content\/uploads\/2026\/01\/2600NZTMN00071-BROWN.png",453,250,false],"thumbnail":["https:\/\/turkishtrade.co\/wp-content\/uploads\/2026\/01\/2600NZTMN00071-BROWN-150x150.png",150,150,true],"medium":["https:\/\/turkishtrade.co\/wp-content\/uploads\/2026\/01\/2600NZTMN00071-BROWN-300x166.png",300,166,true],"medium_large":["https:\/\/turkishtrade.co\/wp-content\/uploads\/2026\/01\/2600NZTMN00071-BROWN.png",453,250,false],"large":["https:\/\/turkishtrade.co\/wp-content\/uploads\/2026\/01\/2600NZTMN00071-BROWN.png",453,250,false],"1536x1536":["https:\/\/turkishtrade.co\/wp-content\/uploads\/2026\/01\/2600NZTMN00071-BROWN.png",453,250,false],"2048x2048":["https:\/\/turkishtrade.co\/wp-content\/uploads\/2026\/01\/2600NZTMN00071-BROWN.png",453,250,false],"trp-custom-language-flag":["https:\/\/turkishtrade.co\/wp-content\/uploads\/2026\/01\/2600NZTMN00071-BROWN-18x10.png",18,10,true],"woocommerce_thumbnail":["https:\/\/turkishtrade.co\/wp-content\/uploads\/2026\/01\/2600NZTMN00071-BROWN-400x250.png",400,250,true],"woocommerce_single":["https:\/\/turkishtrade.co\/wp-content\/uploads\/2026\/01\/2600NZTMN00071-BROWN.png",453,250,false],"woocommerce_gallery_thumbnail":["https:\/\/turkishtrade.co\/wp-content\/uploads\/2026\/01\/2600NZTMN00071-BROWN-100x100.png",100,100,true]},"uagb_author_info":{"display_name":"python python","author_link":"https:\/\/turkishtrade.co\/fr\/author\/"},"uagb_comment_info":0,"uagb_excerpt":"Crafted from genuine Calf Leather for superior quality. Luxurious Goat Leather lining ensures ultimate comfort and breathability. Features a modern, shock-absorbent EVA Outsole for all-day wear. Classic Cap Toe Derby design, perfect for smart-casual and semi-formal looks. Available in European sizes: 40, 41, 42, 43, 44. Wholesale opportunities available (Minimum Order: 16 Pairs).","_links":{"self":[{"href":"https:\/\/turkishtrade.co\/fr\/wp-json\/wp\/v2\/product\/8257","targetHints":{"allow":["GET"]}}],"collection":[{"href":"https:\/\/turkishtrade.co\/fr\/wp-json\/wp\/v2\/product"}],"about":[{"href":"https:\/\/turkishtrade.co\/fr\/wp-json\/wp\/v2\/types\/product"}],"wp:featuredmedia":[{"embeddable":true,"href":"https:\/\/turkishtrade.co\/fr\/wp-json\/wp\/v2\/media\/6910"}],"wp:attachment":[{"href":"https:\/\/turkishtrade.co\/fr\/wp-json\/wp\/v2\/media?parent=8257"}],"wp:term":[{"taxonomy":"product_brand","embeddable":true,"href":"https:\/\/turkishtrade.co\/fr\/wp-json\/wp\/v2\/product_brand?post=8257"},{"taxonomy":"product_cat","embeddable":true,"href":"https:\/\/turkishtrade.co\/fr\/wp-json\/wp\/v2\/product_cat?post=8257"},{"taxonomy":"product_tag","embeddable":true,"href":"https:\/\/turkishtrade.co\/fr\/wp-json\/wp\/v2\/product_tag?post=8257"}],"curies":[{"name":"wp","href":"https:\/\/api.w.org\/{rel}","templated":true}]}}