{"id":8235,"date":"2026-01-29T14:48:36","date_gmt":"2026-01-29T14:48:36","guid":{"rendered":"https:\/\/turkishtrade.co\/?post_type=product&#038;p=8235"},"modified":"2026-04-09T20:31:26","modified_gmt":"2026-04-09T20:31:26","slug":"mens-black-chunky-loafers","status":"publish","type":"product","link":"https:\/\/turkishtrade.co\/fr\/shop\/mens-black-chunky-loafers\/","title":{"rendered":"Mocassins en cuir noir pour hommes Elite | Mocassins en cuir noir pour hommes"},"content":{"rendered":"<p>Nous vous pr\u00e9sentons notre collection exquise de <strong>Mocassins noirs pour hommes<\/strong>, Ces mocassins ont \u00e9t\u00e9 con\u00e7us pour l'homme moderne qui appr\u00e9cie \u00e0 la fois le style et le confort. Ces mocassins haut de gamme allient harmonieusement l'\u00e9l\u00e9gance classique \u00e0 une touche contemporaine, ce qui en fait un compl\u00e9ment polyvalent \u00e0 toute garde-robe. Fabriqu\u00e9s \u00e0 partir du meilleur cuir de veau, ils pr\u00e9sentent une finition \u00e9l\u00e9gante et sophistiqu\u00e9e, tandis que la semelle en EVA, tr\u00e8s \u00e9paisse, leur conf\u00e8re un look audacieux et tendance.<\/p>\n<p>Chaque d\u00e9tail de ces <strong>Mocassins noirs pour hommes<\/strong> a \u00e9t\u00e9 m\u00e9ticuleusement \u00e9tudi\u00e9e pour garantir une exp\u00e9rience de port in\u00e9gal\u00e9e. La tige est fabriqu\u00e9e en cuir de veau de haute qualit\u00e9, r\u00e9put\u00e9 pour sa durabilit\u00e9 et sa texture lisse, gage de long\u00e9vit\u00e9 et d'aspect raffin\u00e9. \u00c0 l'int\u00e9rieur, vos pieds seront berc\u00e9s dans le luxe gr\u00e2ce \u00e0 la doublure en cuir de ch\u00e8vre souple et respirant, qui vous assurera un confort tout au long de la journ\u00e9e, que vous naviguiez dans les rues de la ville ou que vous assistiez \u00e0 une r\u00e9union d\u00e9contract\u00e9e. La semelle EVA innovante contribue non seulement \u00e0 l'esth\u00e9tique moderne de la chaussure, mais offre \u00e9galement une absorption des chocs sup\u00e9rieure et une flexibilit\u00e9 l\u00e9g\u00e8re, ce qui en fait l'une des chaussures les plus confortables au monde. <strong>Mocassins noirs pour hommes<\/strong> que vous ne poss\u00e9derez jamais.<\/p>\n<h3>Style et polyvalence in\u00e9gal\u00e9s<\/h3>\n<p>Notre <strong>Mocassins noirs pour hommes<\/strong> sont plus que de simples chaussures, elles sont une d\u00e9claration. La silhouette classique d'un mocassin, rehauss\u00e9e d'une semelle \u00e9paisse et robuste, offre un m\u00e9lange unique de charme traditionnel et de mode contemporaine. Ces mocassins sont parfaits pour rehausser une tenue d\u00e9contract\u00e9e, ajouter une touche de sophistication \u00e0 un ensemble chic et d\u00e9contract\u00e9, ou m\u00eame donner une touche d\u00e9contract\u00e9e \u00e0 une tenue plus formelle. D'une journ\u00e9e au bureau \u00e0 une soir\u00e9e, ces chaussures s'adaptent sans effort \u00e0 diverses occasions, prouvant ainsi leur immense polyvalence.<\/p>\n<h3>Des mat\u00e9riaux de premi\u00e8re qualit\u00e9 pour une qualit\u00e9 durable<\/h3>\n<p>Nous sommes fiers de n'utiliser que les meilleurs mat\u00e9riaux. La tige en cuir de veau riche n'est pas seulement esth\u00e9tique, elle est aussi incroyablement r\u00e9sistante, con\u00e7ue pour r\u00e9sister \u00e0 l'\u00e9preuve du temps et conserver son aspect impeccable. La doublure en cuir de ch\u00e8vre souple offre une respirabilit\u00e9 exceptionnelle, ce qui permet \u00e0 vos pieds de rester confortables et frais. Associ\u00e9es \u00e0 une semelle en EVA l\u00e9g\u00e8re et durable, ces <strong>Mocassins noirs pour hommes<\/strong> sont con\u00e7ues pour le style et l'endurance. Disponibles dans une large gamme de tailles allant du 40 au 44, il est facile de trouver la taille id\u00e9ale.<\/p>\n<h3>Possibilit\u00e9s de vente en gros<\/h3>\n<p>Pour les d\u00e9taillants et les entreprises qui souhaitent proposer des chaussures de qualit\u00e9 et \u00e0 la mode, ces <strong>Mocassins noirs pour hommes<\/strong> sont disponibles \u00e0 l'achat en gros. Avec une quantit\u00e9 minimale de commande de seulement 16 paires, vous pouvez facilement vous approvisionner sur un produit qui sera certainement le pr\u00e9f\u00e9r\u00e9 de vos clients. Offrez \u00e0 votre client\u00e8le des chaussures pour hommes de qualit\u00e9 sup\u00e9rieure qui allient un design intemporel \u00e0 un confort moderne. Investissez dans ces mocassins \u00e9l\u00e9gants et durables et regardez vos clients sortir avec confiance et style.<\/p>","protected":false},"excerpt":{"rendered":"<ul>\n<li>Un confort ultime gr\u00e2ce \u00e0 une tige en cuir de veau de premi\u00e8re qualit\u00e9.<\/li>\n<li>Douceur luxueuse gr\u00e2ce \u00e0 la doublure en cuir de ch\u00e8vre.<\/li>\n<li>Marchez en toute confiance sur une semelle l\u00e9g\u00e8re mais durable en EVA.<\/li>\n<li>Il s'agit d'un mocassin classique avec une touche moderne et \u00e9l\u00e9gante.<\/li>\n<li>Disponible en plusieurs tailles : 40, 41, 42, 43, 44.<\/li>\n<li>Les commandes en gros sont les bienvenues avec une quantit\u00e9 minimale de 16 paires.<\/li>\n<\/ul>","protected":false},"featured_media":6907,"template":"","meta":{"_acf_changed":false,"_uag_custom_page_level_css":"","site-sidebar-layout":"default","site-content-layout":"","ast-site-content-layout":"default","site-content-style":"default","site-sidebar-style":"default","ast-global-header-display":"","ast-banner-title-visibility":"","ast-main-header-display":"","ast-hfb-above-header-display":"","ast-hfb-below-header-display":"","ast-hfb-mobile-header-display":"","site-post-title":"","ast-breadcrumbs-content":"","ast-featured-img":"","footer-sml-layout":"","ast-disable-related-posts":"","theme-transparent-header-meta":"","adv-header-id-meta":"","stick-header-meta":"","header-above-stick-meta":"","header-main-stick-meta":"","header-below-stick-meta":"","astra-migrate-meta-layouts":"default","ast-page-background-enabled":"default","ast-page-background-meta":{"desktop":{"background-color":"var(--ast-global-color-4)","background-image":"","background-repeat":"repeat","background-position":"center center","background-size":"auto","background-attachment":"scroll","background-type":"","background-media":"","overlay-type":"","overlay-color":"","overlay-opacity":"","overlay-gradient":""},"tablet":{"background-color":"","background-image":"","background-repeat":"repeat","background-position":"center center","background-size":"auto","background-attachment":"scroll","background-type":"","background-media":"","overlay-type":"","overlay-color":"","overlay-opacity":"","overlay-gradient":""},"mobile":{"background-color":"","background-image":"","background-repeat":"repeat","background-position":"center center","background-size":"auto","background-attachment":"scroll","background-type":"","background-media":"","overlay-type":"","overlay-color":"","overlay-opacity":"","overlay-gradient":""}},"ast-content-background-meta":{"desktop":{"background-color":"var(--ast-global-color-5)","background-image":"","background-repeat":"repeat","background-position":"center center","background-size":"auto","background-attachment":"scroll","background-type":"","background-media":"","overlay-type":"","overlay-color":"","overlay-opacity":"","overlay-gradient":""},"tablet":{"background-color":"var(--ast-global-color-5)","background-image":"","background-repeat":"repeat","background-position":"center center","background-size":"auto","background-attachment":"scroll","background-type":"","background-media":"","overlay-type":"","overlay-color":"","overlay-opacity":"","overlay-gradient":""},"mobile":{"background-color":"var(--ast-global-color-5)","background-image":"","background-repeat":"repeat","background-position":"center center","background-size":"auto","background-attachment":"scroll","background-type":"","background-media":"","overlay-type":"","overlay-color":"","overlay-opacity":"","overlay-gradient":""}}},"product_brand":[],"product_cat":[48,47,49,430,1200],"product_tag":[185,512,304,457,303,215,517,969,279,456],"class_list":{"0":"post-8235","1":"product","2":"type-product","3":"status-publish","4":"has-post-thumbnail","6":"product_cat-casual","7":"product_cat-classic","8":"product_cat-loafer","9":"product_cat-men","10":"product_cat-mens-shoes-2","11":"product_tag-calf-leather-shoes","12":"product_tag-casual-loafers","13":"product_tag-chunky-sole-loafers","14":"product_tag-classic-loafers","15":"product_tag-eva-sole-footwear","16":"product_tag-leather-loafers","17":"product_tag-mens-black-loafers","18":"product_tag-mens-fashion-shoes","19":"product_tag-penny-loafers","20":"product_tag-wholesale-loafers","21":"desktop-align-center","22":"tablet-align-center","23":"mobile-align-center","25":"first","26":"instock","27":"shipping-taxable","28":"purchasable","29":"product-type-variable","30":"has-default-attributes"},"acf":[],"uagb_featured_image_src":{"full":["https:\/\/turkishtrade.co\/wp-content\/uploads\/2026\/01\/2600NZTMN00069-BLACK.png",453,250,false],"thumbnail":["https:\/\/turkishtrade.co\/wp-content\/uploads\/2026\/01\/2600NZTMN00069-BLACK-150x150.png",150,150,true],"medium":["https:\/\/turkishtrade.co\/wp-content\/uploads\/2026\/01\/2600NZTMN00069-BLACK-300x166.png",300,166,true],"medium_large":["https:\/\/turkishtrade.co\/wp-content\/uploads\/2026\/01\/2600NZTMN00069-BLACK.png",453,250,false],"large":["https:\/\/turkishtrade.co\/wp-content\/uploads\/2026\/01\/2600NZTMN00069-BLACK.png",453,250,false],"1536x1536":["https:\/\/turkishtrade.co\/wp-content\/uploads\/2026\/01\/2600NZTMN00069-BLACK.png",453,250,false],"2048x2048":["https:\/\/turkishtrade.co\/wp-content\/uploads\/2026\/01\/2600NZTMN00069-BLACK.png",453,250,false],"trp-custom-language-flag":["https:\/\/turkishtrade.co\/wp-content\/uploads\/2026\/01\/2600NZTMN00069-BLACK-18x10.png",18,10,true],"woocommerce_thumbnail":["https:\/\/turkishtrade.co\/wp-content\/uploads\/2026\/01\/2600NZTMN00069-BLACK-400x250.png",400,250,true],"woocommerce_single":["https:\/\/turkishtrade.co\/wp-content\/uploads\/2026\/01\/2600NZTMN00069-BLACK.png",453,250,false],"woocommerce_gallery_thumbnail":["https:\/\/turkishtrade.co\/wp-content\/uploads\/2026\/01\/2600NZTMN00069-BLACK-100x100.png",100,100,true]},"uagb_author_info":{"display_name":"python python","author_link":"https:\/\/turkishtrade.co\/fr\/author\/"},"uagb_comment_info":0,"uagb_excerpt":"Experience ultimate comfort with premium calf leather uppers. Enjoy luxurious softness with a full goat leather lining. Walk with confidence on a lightweight yet durable EVA chunky sole. Features a classic loafer design with a modern, stylish twist. Available in versatile sizes: 40, 41, 42, 43, 44. Wholesale orders are welcome with a minimum quantity\u2026","_links":{"self":[{"href":"https:\/\/turkishtrade.co\/fr\/wp-json\/wp\/v2\/product\/8235","targetHints":{"allow":["GET"]}}],"collection":[{"href":"https:\/\/turkishtrade.co\/fr\/wp-json\/wp\/v2\/product"}],"about":[{"href":"https:\/\/turkishtrade.co\/fr\/wp-json\/wp\/v2\/types\/product"}],"wp:featuredmedia":[{"embeddable":true,"href":"https:\/\/turkishtrade.co\/fr\/wp-json\/wp\/v2\/media\/6907"}],"wp:attachment":[{"href":"https:\/\/turkishtrade.co\/fr\/wp-json\/wp\/v2\/media?parent=8235"}],"wp:term":[{"taxonomy":"product_brand","embeddable":true,"href":"https:\/\/turkishtrade.co\/fr\/wp-json\/wp\/v2\/product_brand?post=8235"},{"taxonomy":"product_cat","embeddable":true,"href":"https:\/\/turkishtrade.co\/fr\/wp-json\/wp\/v2\/product_cat?post=8235"},{"taxonomy":"product_tag","embeddable":true,"href":"https:\/\/turkishtrade.co\/fr\/wp-json\/wp\/v2\/product_tag?post=8235"}],"curies":[{"name":"wp","href":"https:\/\/api.w.org\/{rel}","templated":true}]}}