{"id":8234,"date":"2026-01-29T14:48:36","date_gmt":"2026-01-29T14:48:36","guid":{"rendered":"https:\/\/turkishtrade.co\/?post_type=product&#038;p=8234"},"modified":"2026-04-09T20:31:32","modified_gmt":"2026-04-09T20:31:32","slug":"mens-black-leather-brogue-derby","status":"publish","type":"product","link":"https:\/\/turkishtrade.co\/fr\/shop\/mens-black-leather-brogue-derby\/","title":{"rendered":"Chaussures Brogue Derby Elite en cuir noir pour hommes avec semelle EVA"},"content":{"rendered":"<p><strong>Derby Brogue en cuir noir pour hommes<\/strong>. Qualit\u00e9 et design d'\u00e9lite.<\/p>\n<p>\u00c9levez votre collection de chaussures gr\u00e2ce \u00e0 nos chaussures exquises. <strong>Chaussures derby brogue en cuir noir pour hommes<\/strong>. Con\u00e7ues pour le gentleman moderne qui appr\u00e9cie \u00e0 la fois le style et la substance, ces chaussures allient harmonieusement savoir-faire classique et confort contemporain. Fabriqu\u00e9es \u00e0 la main \u00e0 partir du meilleur cuir de veau pleine fleur, elles offrent une esth\u00e9tique sophistiqu\u00e9e qui passe sans effort du bureau aux sorties \u00e9l\u00e9gantes et d\u00e9contract\u00e9es. La riche teinte noire leur conf\u00e8re un attrait intemporel, ce qui en fait un compl\u00e9ment polyvalent \u00e0 toute garde-robe.<\/p>\n<h3>Un confort in\u00e9gal\u00e9 et des mat\u00e9riaux de premi\u00e8re qualit\u00e9<\/h3>\n<p>Un confort in\u00e9gal\u00e9 \u00e0 chaque pas, gr\u00e2ce \u00e0 une s\u00e9lection minutieuse des mat\u00e9riaux. L'int\u00e9rieur est m\u00e9ticuleusement doubl\u00e9 de cuir de ch\u00e8vre souple, offrant une sensation de respirabilit\u00e9 et de luxe contre votre pied. Cette doublure naturelle \u00e9vacue l'humidit\u00e9, pour que vos pieds restent frais et confortables tout au long de la journ\u00e9e. En dessous, la semelle EVA innovante offre un amorti exceptionnel et une flexibilit\u00e9 l\u00e9g\u00e8re. Contrairement aux semelles lourdes traditionnelles, notre semelle EVA absorbe les chocs, ce qui r\u00e9duit la fatigue et rend ces chaussures plus faciles \u00e0 porter. <strong>Chaussures derby brogue en cuir noir pour hommes<\/strong> parfait pour une utilisation prolong\u00e9e.<\/p>\n<h3>Un design intemporel pour une durabilit\u00e9 moderne<\/h3>\n<p>Ces chaussures Derby pr\u00e9sentent des perforations brogue classiques qui ajoutent une touche d'\u00e9l\u00e9gance traditionnelle et t\u00e9moignent d'une attention m\u00e9ticuleuse aux d\u00e9tails. Le syst\u00e8me de la\u00e7age ouvert caract\u00e9ristique des chaussures Derby offre un ajustement confortable et r\u00e9glable, s'adaptant \u00e0 diff\u00e9rentes formes de pieds. La semelle EVA robuste et l\u00e9g\u00e8rement \u00e9paisse am\u00e9liore non seulement le confort, mais conf\u00e8re \u00e9galement une touche de modernit\u00e9 \u00e0 ce mod\u00e8le classique, en garantissant une excellente traction et une grande durabilit\u00e9. Qu'elles soient associ\u00e9es \u00e0 un pantalon de tailleur, \u00e0 un pantalon chino \u00e9l\u00e9gant ou m\u00eame \u00e0 un jean fonc\u00e9, ces <strong>Chaussures derby brogue en cuir noir pour hommes<\/strong> compl\u00e8tera votre look avec une sophistication sans effort.<\/p>\n<h3>Con\u00e7u pour les personnes exigeantes<\/h3>\n<p>Chaque paire t\u00e9moigne d'une fabrication artisanale de qualit\u00e9, construite pour durer et con\u00e7ue pour impressionner. Le cuir de veau durable vieillira magnifiquement, d\u00e9veloppant une patine unique au fil du temps qui raconte sa propre histoire. Disponible dans une large gamme de pointures europ\u00e9ennes allant du 40 au 44, il est facile de trouver la chaussure id\u00e9ale. Investissez dans une paire de chaussures qui ne se contente pas d'\u00eatre exceptionnelle, mais qui offre une sensation incroyable, jour apr\u00e8s jour. Pour nos partenaires grossistes, ces chaussures haut de gamme sont disponibles \u00e0 partir d'une quantit\u00e9 minimale de 16 paires, ce qui offre une excellente occasion de stocker un produit de qualit\u00e9 tr\u00e8s demand\u00e9.<\/p>","protected":false},"excerpt":{"rendered":"<ul>\n<li>Fabriqu\u00e9 \u00e0 la main en cuir de veau de premi\u00e8re qualit\u00e9 pour une qualit\u00e9 sup\u00e9rieure<\/li>\n<li>La doublure luxueuse en cuir de ch\u00e8vre assure un confort exceptionnel.<\/li>\n<li>Semelle EVA l\u00e9g\u00e8re et durable pour une utilisation tout au long de la journ\u00e9e<\/li>\n<li>Une silhouette de Derby moderne avec des d\u00e9tails de broderie classique.<\/li>\n<li>Disponible dans les tailles europ\u00e9ennes polyvalentes 40-44<\/li>\n<li>Possibilit\u00e9 de vente en gros (commande minimale : 16 paires)<\/li>\n<\/ul>","protected":false},"featured_media":6905,"template":"","meta":{"_acf_changed":false,"_uag_custom_page_level_css":"","site-sidebar-layout":"default","site-content-layout":"","ast-site-content-layout":"default","site-content-style":"default","site-sidebar-style":"default","ast-global-header-display":"","ast-banner-title-visibility":"","ast-main-header-display":"","ast-hfb-above-header-display":"","ast-hfb-below-header-display":"","ast-hfb-mobile-header-display":"","site-post-title":"","ast-breadcrumbs-content":"","ast-featured-img":"","footer-sml-layout":"","ast-disable-related-posts":"","theme-transparent-header-meta":"","adv-header-id-meta":"","stick-header-meta":"","header-above-stick-meta":"","header-main-stick-meta":"","header-below-stick-meta":"","astra-migrate-meta-layouts":"default","ast-page-background-enabled":"default","ast-page-background-meta":{"desktop":{"background-color":"var(--ast-global-color-4)","background-image":"","background-repeat":"repeat","background-position":"center center","background-size":"auto","background-attachment":"scroll","background-type":"","background-media":"","overlay-type":"","overlay-color":"","overlay-opacity":"","overlay-gradient":""},"tablet":{"background-color":"","background-image":"","background-repeat":"repeat","background-position":"center center","background-size":"auto","background-attachment":"scroll","background-type":"","background-media":"","overlay-type":"","overlay-color":"","overlay-opacity":"","overlay-gradient":""},"mobile":{"background-color":"","background-image":"","background-repeat":"repeat","background-position":"center center","background-size":"auto","background-attachment":"scroll","background-type":"","background-media":"","overlay-type":"","overlay-color":"","overlay-opacity":"","overlay-gradient":""}},"ast-content-background-meta":{"desktop":{"background-color":"var(--ast-global-color-5)","background-image":"","background-repeat":"repeat","background-position":"center center","background-size":"auto","background-attachment":"scroll","background-type":"","background-media":"","overlay-type":"","overlay-color":"","overlay-opacity":"","overlay-gradient":""},"tablet":{"background-color":"var(--ast-global-color-5)","background-image":"","background-repeat":"repeat","background-position":"center center","background-size":"auto","background-attachment":"scroll","background-type":"","background-media":"","overlay-type":"","overlay-color":"","overlay-opacity":"","overlay-gradient":""},"mobile":{"background-color":"var(--ast-global-color-5)","background-image":"","background-repeat":"repeat","background-position":"center center","background-size":"auto","background-attachment":"scroll","background-type":"","background-media":"","overlay-type":"","overlay-color":"","overlay-opacity":"","overlay-gradient":""}}},"product_brand":[],"product_cat":[48,47,49,430,1200],"product_tag":[605,654,202,449,145,212,438,1389,227],"class_list":{"0":"post-8234","1":"product","2":"type-product","3":"status-publish","4":"has-post-thumbnail","6":"product_cat-casual","7":"product_cat-classic","8":"product_cat-loafer","9":"product_cat-men","10":"product_cat-mens-shoes-2","11":"product_tag-black-shoes","12":"product_tag-brogue-shoes","13":"product_tag-calf-leather","14":"product_tag-casual-shoes","15":"product_tag-classic-shoes","16":"product_tag-derby-shoes","17":"product_tag-eva-sole","18":"product_tag-goat-lined","19":"product_tag-leather-shoes","20":"desktop-align-center","21":"tablet-align-center","22":"mobile-align-center","24":"first","25":"instock","26":"shipping-taxable","27":"purchasable","28":"product-type-variable","29":"has-default-attributes"},"acf":[],"uagb_featured_image_src":{"full":["https:\/\/turkishtrade.co\/wp-content\/uploads\/2026\/01\/2600NZTMN00068-BLACK.png",453,250,false],"thumbnail":["https:\/\/turkishtrade.co\/wp-content\/uploads\/2026\/01\/2600NZTMN00068-BLACK-150x150.png",150,150,true],"medium":["https:\/\/turkishtrade.co\/wp-content\/uploads\/2026\/01\/2600NZTMN00068-BLACK-300x166.png",300,166,true],"medium_large":["https:\/\/turkishtrade.co\/wp-content\/uploads\/2026\/01\/2600NZTMN00068-BLACK.png",453,250,false],"large":["https:\/\/turkishtrade.co\/wp-content\/uploads\/2026\/01\/2600NZTMN00068-BLACK.png",453,250,false],"1536x1536":["https:\/\/turkishtrade.co\/wp-content\/uploads\/2026\/01\/2600NZTMN00068-BLACK.png",453,250,false],"2048x2048":["https:\/\/turkishtrade.co\/wp-content\/uploads\/2026\/01\/2600NZTMN00068-BLACK.png",453,250,false],"trp-custom-language-flag":["https:\/\/turkishtrade.co\/wp-content\/uploads\/2026\/01\/2600NZTMN00068-BLACK-18x10.png",18,10,true],"woocommerce_thumbnail":["https:\/\/turkishtrade.co\/wp-content\/uploads\/2026\/01\/2600NZTMN00068-BLACK-400x250.png",400,250,true],"woocommerce_single":["https:\/\/turkishtrade.co\/wp-content\/uploads\/2026\/01\/2600NZTMN00068-BLACK.png",453,250,false],"woocommerce_gallery_thumbnail":["https:\/\/turkishtrade.co\/wp-content\/uploads\/2026\/01\/2600NZTMN00068-BLACK-100x100.png",100,100,true]},"uagb_author_info":{"display_name":"python python","author_link":"https:\/\/turkishtrade.co\/fr\/author\/"},"uagb_comment_info":0,"uagb_excerpt":"Handcrafted from premium calf leather for superior quality Luxurious goat leather lining ensures exceptional comfort Lightweight and durable EVA sole for all-day wear Features classic brogue detailing on a modern Derby silhouette Available in versatile European sizes 40-44 Wholesale opportunities available (Minimum Order: 16 Pairs)","_links":{"self":[{"href":"https:\/\/turkishtrade.co\/fr\/wp-json\/wp\/v2\/product\/8234","targetHints":{"allow":["GET"]}}],"collection":[{"href":"https:\/\/turkishtrade.co\/fr\/wp-json\/wp\/v2\/product"}],"about":[{"href":"https:\/\/turkishtrade.co\/fr\/wp-json\/wp\/v2\/types\/product"}],"wp:featuredmedia":[{"embeddable":true,"href":"https:\/\/turkishtrade.co\/fr\/wp-json\/wp\/v2\/media\/6905"}],"wp:attachment":[{"href":"https:\/\/turkishtrade.co\/fr\/wp-json\/wp\/v2\/media?parent=8234"}],"wp:term":[{"taxonomy":"product_brand","embeddable":true,"href":"https:\/\/turkishtrade.co\/fr\/wp-json\/wp\/v2\/product_brand?post=8234"},{"taxonomy":"product_cat","embeddable":true,"href":"https:\/\/turkishtrade.co\/fr\/wp-json\/wp\/v2\/product_cat?post=8234"},{"taxonomy":"product_tag","embeddable":true,"href":"https:\/\/turkishtrade.co\/fr\/wp-json\/wp\/v2\/product_tag?post=8234"}],"curies":[{"name":"wp","href":"https:\/\/api.w.org\/{rel}","templated":true}]}}