{"id":8230,"date":"2026-01-29T14:48:35","date_gmt":"2026-01-29T14:48:35","guid":{"rendered":"https:\/\/turkishtrade.co\/?post_type=product&#038;p=8230"},"modified":"2026-04-09T20:31:46","modified_gmt":"2026-04-09T20:31:46","slug":"mens-suede-brogue-casual-sneakers","status":"publish","type":"product","link":"https:\/\/turkishtrade.co\/fr\/shop\/mens-suede-brogue-casual-sneakers\/","title":{"rendered":"Hommes Brogue en daim Baskets Casual Proven | Olive Green"},"content":{"rendered":"<p>Rehaussez vos chaussures de tous les jours avec notre <strong>Baskets d\u00e9contract\u00e9es en daim pour hommes<\/strong> dans un vert olive sophistiqu\u00e9. Ces chaussures exceptionnelles allient harmonieusement l'\u00e9l\u00e9gance traditionnelle et le confort moderne, ce qui en fait le choix id\u00e9al pour les hommes exigeants qui appr\u00e9cient \u00e0 la fois le style et l'aspect pratique. Faites l'exp\u00e9rience d'une fusion unique entre les d\u00e9tails classiques d'une chaussure de type brogue et l'attrait d\u00e9contract\u00e9 d'une chaussure de sport d\u00e9contract\u00e9e.<\/p>\n<p>Confectionn\u00e9e en cuir de veau velours v\u00e9ritable de premi\u00e8re qualit\u00e9, la tige de ces <strong>chaussures de sport d\u00e9contract\u00e9es en daim<\/strong> offre une texture luxueuse et une durabilit\u00e9 remarquable. La riche teinte vert olive ajoute une touche de sophistication discr\u00e8te, garantissant que ces chaussures s'accordent avec un large \u00e9ventail de tenues, des chinos d\u00e9contract\u00e9s aux jeans pr\u00e9f\u00e9r\u00e9s. Chaque point et chaque perforation de la conception brogue \u00e0 bout d'aile refl\u00e8tent un travail artisanal m\u00e9ticuleux, ce qui distingue ces baskets des chaussures ordinaires.<\/p>\n<h3>Un confort et une qualit\u00e9 in\u00e9gal\u00e9s<\/h3>\n<p>Au-del\u00e0 de leur apparence frappante, le confort est primordial. Chaque paire de ces <strong>Baskets d\u00e9contract\u00e9es en daim pour hommes<\/strong> est dot\u00e9e d'une doublure en cuir de ch\u00e8vre pelucheux qui offre une respirabilit\u00e9 exceptionnelle et une \u00e9treinte douce et confortable pour vos pieds tout au long de la journ\u00e9e. Cette doublure de qualit\u00e9 sup\u00e9rieure aide \u00e0 r\u00e9guler la temp\u00e9rature, garantissant fra\u00eecheur et confort m\u00eame en cas de port prolong\u00e9. La base de ces chaussures incroyables est une semelle EVA l\u00e9g\u00e8re mais incroyablement durable. Cette technologie de semelle avanc\u00e9e offre un amorti et une flexibilit\u00e9 sup\u00e9rieurs, absorbant les impacts \u00e0 chaque pas et les rendant id\u00e9ales pour un port tout au long de la journ\u00e9e, que vous naviguiez dans les rues de la ville ou que vous profitiez d'un week-end d\u00e9contract\u00e9.<\/p>\n<p>Ce design innovant r\u00e9unit le meilleur des deux mondes : l'attrait intemporel d'une chaussure de type brogue et l'aisance contemporaine d'une basket. C'est ce qui fait de notre <strong>Baskets d\u00e9contract\u00e9es en daim pour hommes<\/strong> incroyablement polyvalent. Elles constituent un excellent choix pour une vari\u00e9t\u00e9 d'occasions, passant sans effort de r\u00e9unions d'affaires d\u00e9contract\u00e9es \u00e0 des sorties entre amis le week-end. Leur construction robuste, associ\u00e9e \u00e0 des mat\u00e9riaux de qualit\u00e9 tels que le cuir de veau velours et une semelle EVA r\u00e9sistante, garantit leur long\u00e9vit\u00e9, ce qui en fait un investissement judicieux pour votre garde-robe. Ne faites pas de compromis sur le style ou le confort ; choisissez ces baskets d\u00e9contract\u00e9es distinctives pour faire une impression durable.<\/p>","protected":false},"excerpt":{"rendered":"<ul>\n<li>Dessus en cuir de veau v\u00e9ritable de premi\u00e8re qualit\u00e9 en vert olive<\/li>\n<li>Doublure en cuir de ch\u00e8vre luxueux et respirant<\/li>\n<li>Semelle EVA l\u00e9g\u00e8re, flexible et durable pour un confort tout au long de la journ\u00e9e.<\/li>\n<li>Brogue classique et bouts d'aile avec surpiq\u00fbres contrast\u00e9es.<\/li>\n<li>Design polyvalent et d\u00e9contract\u00e9 convenant \u00e0 diverses occasions<\/li>\n<li>Disponible en tailles 40, 41, 42, 43, 44<\/li>\n<li>Les commandes en gros sont disponibles avec un minimum de 16 paires.<\/li>\n<\/ul>","protected":false},"featured_media":6900,"template":"","meta":{"_acf_changed":false,"_uag_custom_page_level_css":"","site-sidebar-layout":"default","site-content-layout":"","ast-site-content-layout":"default","site-content-style":"default","site-sidebar-style":"default","ast-global-header-display":"","ast-banner-title-visibility":"","ast-main-header-display":"","ast-hfb-above-header-display":"","ast-hfb-below-header-display":"","ast-hfb-mobile-header-display":"","site-post-title":"","ast-breadcrumbs-content":"","ast-featured-img":"","footer-sml-layout":"","ast-disable-related-posts":"","theme-transparent-header-meta":"","adv-header-id-meta":"","stick-header-meta":"","header-above-stick-meta":"","header-main-stick-meta":"","header-below-stick-meta":"","astra-migrate-meta-layouts":"default","ast-page-background-enabled":"default","ast-page-background-meta":{"desktop":{"background-color":"var(--ast-global-color-4)","background-image":"","background-repeat":"repeat","background-position":"center center","background-size":"auto","background-attachment":"scroll","background-type":"","background-media":"","overlay-type":"","overlay-color":"","overlay-opacity":"","overlay-gradient":""},"tablet":{"background-color":"","background-image":"","background-repeat":"repeat","background-position":"center center","background-size":"auto","background-attachment":"scroll","background-type":"","background-media":"","overlay-type":"","overlay-color":"","overlay-opacity":"","overlay-gradient":""},"mobile":{"background-color":"","background-image":"","background-repeat":"repeat","background-position":"center center","background-size":"auto","background-attachment":"scroll","background-type":"","background-media":"","overlay-type":"","overlay-color":"","overlay-opacity":"","overlay-gradient":""}},"ast-content-background-meta":{"desktop":{"background-color":"var(--ast-global-color-5)","background-image":"","background-repeat":"repeat","background-position":"center center","background-size":"auto","background-attachment":"scroll","background-type":"","background-media":"","overlay-type":"","overlay-color":"","overlay-opacity":"","overlay-gradient":""},"tablet":{"background-color":"var(--ast-global-color-5)","background-image":"","background-repeat":"repeat","background-position":"center center","background-size":"auto","background-attachment":"scroll","background-type":"","background-media":"","overlay-type":"","overlay-color":"","overlay-opacity":"","overlay-gradient":""},"mobile":{"background-color":"var(--ast-global-color-5)","background-image":"","background-repeat":"repeat","background-position":"center center","background-size":"auto","background-attachment":"scroll","background-type":"","background-media":"","overlay-type":"","overlay-color":"","overlay-opacity":"","overlay-gradient":""}}},"product_brand":[],"product_cat":[48,49,430,1200,50],"product_tag":[216,1117,287,1278,286,1396,1353,936,380,1397],"class_list":{"0":"post-8230","1":"product","2":"type-product","3":"status-publish","4":"has-post-thumbnail","6":"product_cat-casual","7":"product_cat-loafer","8":"product_cat-men","9":"product_cat-mens-shoes-2","10":"product_cat-sneakers","11":"product_tag-casual-sneakers","12":"product_tag-comfortable-sneakers","13":"product_tag-eva-sole-shoes","14":"product_tag-goat-lining-shoes","15":"product_tag-mens-leather-shoes","16":"product_tag-mens-suede-brogue-sneakers","17":"product_tag-olive-green-shoes","18":"product_tag-premium-mens-footwear","19":"product_tag-smart-casual-footwear","20":"product_tag-wingtip-sneakers","21":"desktop-align-center","22":"tablet-align-center","23":"mobile-align-center","25":"first","26":"instock","27":"shipping-taxable","28":"purchasable","29":"product-type-variable","30":"has-default-attributes"},"acf":[],"uagb_featured_image_src":{"full":["https:\/\/turkishtrade.co\/wp-content\/uploads\/2026\/01\/2600NZTMN00064-GREEN.png",453,250,false],"thumbnail":["https:\/\/turkishtrade.co\/wp-content\/uploads\/2026\/01\/2600NZTMN00064-GREEN-150x150.png",150,150,true],"medium":["https:\/\/turkishtrade.co\/wp-content\/uploads\/2026\/01\/2600NZTMN00064-GREEN-300x166.png",300,166,true],"medium_large":["https:\/\/turkishtrade.co\/wp-content\/uploads\/2026\/01\/2600NZTMN00064-GREEN.png",453,250,false],"large":["https:\/\/turkishtrade.co\/wp-content\/uploads\/2026\/01\/2600NZTMN00064-GREEN.png",453,250,false],"1536x1536":["https:\/\/turkishtrade.co\/wp-content\/uploads\/2026\/01\/2600NZTMN00064-GREEN.png",453,250,false],"2048x2048":["https:\/\/turkishtrade.co\/wp-content\/uploads\/2026\/01\/2600NZTMN00064-GREEN.png",453,250,false],"trp-custom-language-flag":["https:\/\/turkishtrade.co\/wp-content\/uploads\/2026\/01\/2600NZTMN00064-GREEN-18x10.png",18,10,true],"woocommerce_thumbnail":["https:\/\/turkishtrade.co\/wp-content\/uploads\/2026\/01\/2600NZTMN00064-GREEN-400x250.png",400,250,true],"woocommerce_single":["https:\/\/turkishtrade.co\/wp-content\/uploads\/2026\/01\/2600NZTMN00064-GREEN.png",453,250,false],"woocommerce_gallery_thumbnail":["https:\/\/turkishtrade.co\/wp-content\/uploads\/2026\/01\/2600NZTMN00064-GREEN-100x100.png",100,100,true]},"uagb_author_info":{"display_name":"python python","author_link":"https:\/\/turkishtrade.co\/fr\/author\/"},"uagb_comment_info":0,"uagb_excerpt":"Premium genuine calf leather suede upper in olive green Luxurious and breathable goat leather lining Lightweight, flexible, and durable EVA sole for all-day comfort Classic brogue and wingtip detailing with contrasting stitching Versatile casual design suitable for various occasions Available in sizes 40, 41, 42, 43, 44 Wholesale orders are available with a minimum of\u2026","_links":{"self":[{"href":"https:\/\/turkishtrade.co\/fr\/wp-json\/wp\/v2\/product\/8230","targetHints":{"allow":["GET"]}}],"collection":[{"href":"https:\/\/turkishtrade.co\/fr\/wp-json\/wp\/v2\/product"}],"about":[{"href":"https:\/\/turkishtrade.co\/fr\/wp-json\/wp\/v2\/types\/product"}],"wp:featuredmedia":[{"embeddable":true,"href":"https:\/\/turkishtrade.co\/fr\/wp-json\/wp\/v2\/media\/6900"}],"wp:attachment":[{"href":"https:\/\/turkishtrade.co\/fr\/wp-json\/wp\/v2\/media?parent=8230"}],"wp:term":[{"taxonomy":"product_brand","embeddable":true,"href":"https:\/\/turkishtrade.co\/fr\/wp-json\/wp\/v2\/product_brand?post=8230"},{"taxonomy":"product_cat","embeddable":true,"href":"https:\/\/turkishtrade.co\/fr\/wp-json\/wp\/v2\/product_cat?post=8230"},{"taxonomy":"product_tag","embeddable":true,"href":"https:\/\/turkishtrade.co\/fr\/wp-json\/wp\/v2\/product_tag?post=8230"}],"curies":[{"name":"wp","href":"https:\/\/api.w.org\/{rel}","templated":true}]}}