{"id":8229,"date":"2026-01-29T14:48:35","date_gmt":"2026-01-29T14:48:35","guid":{"rendered":"https:\/\/turkishtrade.co\/?post_type=product&#038;p=8229"},"modified":"2026-04-09T20:31:52","modified_gmt":"2026-04-09T20:31:52","slug":"mens-black-platform-leather-shoes","status":"publish","type":"product","link":"https:\/\/turkishtrade.co\/fr\/shop\/mens-black-platform-leather-shoes\/","title":{"rendered":"Chaussures en cuir noir \u00e0 plateforme pour hommes Amazing | Classique en cuir noir \u00e0 plateforme pour hommes"},"content":{"rendered":"<p><strong>Chaussures en cuir noir \u00e0 plateforme pour hommes<\/strong>. Une qualit\u00e9 et un design \u00e9tonnants.<\/p>\n<p>Entrez dans un confort sophistiqu\u00e9 gr\u00e2ce \u00e0 notre gamme exclusive de <strong>Chaussures en cuir noir \u00e0 plateforme pour hommes<\/strong>. Con\u00e7ues pour allier un style intemporel \u00e0 une \u00e9l\u00e9vation moderne, ces chaussures sont destin\u00e9es aux personnes exigeantes qui appr\u00e9cient \u00e0 la fois l'esth\u00e9tique et la qualit\u00e9 durable. La teinte noire frappante, associ\u00e9e \u00e0 la semelle compens\u00e9e distinctive, fait de ces chaussures un mod\u00e8le de luxe. <strong>Chaussures en cuir noir \u00e0 plateforme pour hommes<\/strong> un compl\u00e9ment polyvalent \u00e0 toute garde-robe, parfait pour passer d'un environnement de bureau \u00e9l\u00e9gant et d\u00e9contract\u00e9 \u00e0 une sortie d\u00e9contract\u00e9e le week-end. D\u00e9couvrez la fusion parfaite entre un design classique et un style contemporain avec des chaussures qui se d\u00e9marquent vraiment.<\/p>\n<h3>Une qualit\u00e9 et un savoir-faire in\u00e9gal\u00e9s<\/h3>\n<p>Notre engagement \u00e0 l'\u00e9gard de l'excellence est \u00e9vident dans chaque point de ces produits. <strong>Chaussures en cuir noir \u00e0 plateforme pour hommes<\/strong>. La tige est m\u00e9ticuleusement fabriqu\u00e9e en cuir de vachette de premi\u00e8re qualit\u00e9, connu pour sa durabilit\u00e9 exceptionnelle, son toucher luxueux et sa capacit\u00e9 \u00e0 vieillir en beaut\u00e9. Ce mat\u00e9riau robuste garantit que vos chaussures ne seront pas seulement belles d\u00e8s le premier jour, mais qu'elles continueront d'impressionner pendant des ann\u00e9es. \u00c0 l'int\u00e9rieur, vos pieds seront berc\u00e9s par une doublure en cuir de ch\u00e8vre doux et respirant, offrant un confort in\u00e9gal\u00e9 et aidant \u00e0 r\u00e9guler la temp\u00e9rature, ce qui rend ces chaussures adapt\u00e9es \u00e0 un port tout au long de la journ\u00e9e. L'attention port\u00e9e aux d\u00e9tails dans le choix des mat\u00e9riaux et la construction conf\u00e8re \u00e0 ces chaussures un caract\u00e8re unique. <strong>Chaussures en cuir noir \u00e0 plateforme pour hommes<\/strong> \u00e0 part.<\/p>\n<h3>Style et confort \u00e9lev\u00e9s<\/h3>\n<p>La caract\u00e9ristique principale de ces chaussures est la semelle EVA innovante, qui offre une l\u00e9g\u00e8ret\u00e9 et une flexibilit\u00e9 remarquables sans compromettre le soutien ou le style. Le design de la plateforme, \u00e0 la fois subtil et percutant, ajoute une touche contemporaine et fournit un amorti suppl\u00e9mentaire, garantissant un confort sup\u00e9rieur \u00e0 chaque pas. La fermeture \u00e0 lacets classique permet un ajustement personnalis\u00e9 et s\u00fbr, s'adaptant parfaitement \u00e0 votre pied. Que vous vous habilliez pour une r\u00e9union d'affaires d\u00e9contract\u00e9e ou pour rehausser votre tenue de tous les jours, ces <strong>Chaussures en cuir noir \u00e0 plateforme pour hommes<\/strong> offrent un \u00e9quilibre parfait entre sophistication et modernit\u00e9. Disponibles dans une large gamme de tailles europ\u00e9ennes allant du 40 au 44, il est facile de trouver la taille id\u00e9ale.<\/p>\n<h3>Pourquoi choisir nos chaussures en cuir noir \u00e0 plateforme pour hommes ?<\/h3>\n<p>Il ne s'agit pas de simples chaussures, mais d'un investissement dans le style, le confort et la durabilit\u00e9. La combinaison d'un cuir de vachette de haute qualit\u00e9, d'une doublure en ch\u00e8vre luxueuse et d'une semelle EVA r\u00e9siliente garantit un produit con\u00e7u pour durer et impressionner. De leur silhouette \u00e9l\u00e9gante \u00e0 leurs caract\u00e9ristiques pratiques, ces <strong>Chaussures en cuir noir \u00e0 plateforme pour hommes<\/strong> sont con\u00e7ues pour l'homme moderne. Nous nous adressons \u00e9galement aux entreprises qui souhaitent stocker des chaussures de haute qualit\u00e9 ; les commandes en gros sont les bienvenues avec une quantit\u00e9 minimale de 16 paires, ce qui constitue une excellente occasion d'offrir \u00e0 vos clients des chaussures de qualit\u00e9 sup\u00e9rieure. <strong>Chaussures en cuir noir \u00e0 plateforme pour hommes<\/strong>.<\/p>","protected":false},"excerpt":{"rendered":"<ul>\n<li>Tige en cuir de vachette de premi\u00e8re qualit\u00e9 pour une qualit\u00e9 et un style sup\u00e9rieurs.<\/li>\n<li>La doublure en cuir de ch\u00e8vre souple assure un confort et une respirabilit\u00e9 exceptionnels.<\/li>\n<li>Semelle EVA l\u00e9g\u00e8re et durable avec un design de plateforme \u00e9l\u00e9gant.<\/li>\n<li>La fermeture classique \u00e0 lacets offre un ajustement s\u00fbr et ajustable.<\/li>\n<li>Le design noir polyvalent est parfait pour les tenues d\u00e9contract\u00e9es et classiques.<\/li>\n<li>Disponible dans les tailles EU 40, 41, 42, 43, 44.<\/li>\n<li>Les demandes de vente en gros sont les bienvenues (commande minimale : 16 paires).<\/li>\n<\/ul>","protected":false},"featured_media":6898,"template":"","meta":{"_acf_changed":false,"_uag_custom_page_level_css":"","site-sidebar-layout":"default","site-content-layout":"","ast-site-content-layout":"default","site-content-style":"default","site-sidebar-style":"default","ast-global-header-display":"","ast-banner-title-visibility":"","ast-main-header-display":"","ast-hfb-above-header-display":"","ast-hfb-below-header-display":"","ast-hfb-mobile-header-display":"","site-post-title":"","ast-breadcrumbs-content":"","ast-featured-img":"","footer-sml-layout":"","ast-disable-related-posts":"","theme-transparent-header-meta":"","adv-header-id-meta":"","stick-header-meta":"","header-above-stick-meta":"","header-main-stick-meta":"","header-below-stick-meta":"","astra-migrate-meta-layouts":"default","ast-page-background-enabled":"default","ast-page-background-meta":{"desktop":{"background-color":"var(--ast-global-color-4)","background-image":"","background-repeat":"repeat","background-position":"center center","background-size":"auto","background-attachment":"scroll","background-type":"","background-media":"","overlay-type":"","overlay-color":"","overlay-opacity":"","overlay-gradient":""},"tablet":{"background-color":"","background-image":"","background-repeat":"repeat","background-position":"center center","background-size":"auto","background-attachment":"scroll","background-type":"","background-media":"","overlay-type":"","overlay-color":"","overlay-opacity":"","overlay-gradient":""},"mobile":{"background-color":"","background-image":"","background-repeat":"repeat","background-position":"center center","background-size":"auto","background-attachment":"scroll","background-type":"","background-media":"","overlay-type":"","overlay-color":"","overlay-opacity":"","overlay-gradient":""}},"ast-content-background-meta":{"desktop":{"background-color":"var(--ast-global-color-5)","background-image":"","background-repeat":"repeat","background-position":"center center","background-size":"auto","background-attachment":"scroll","background-type":"","background-media":"","overlay-type":"","overlay-color":"","overlay-opacity":"","overlay-gradient":""},"tablet":{"background-color":"var(--ast-global-color-5)","background-image":"","background-repeat":"repeat","background-position":"center center","background-size":"auto","background-attachment":"scroll","background-type":"","background-media":"","overlay-type":"","overlay-color":"","overlay-opacity":"","overlay-gradient":""},"mobile":{"background-color":"var(--ast-global-color-5)","background-image":"","background-repeat":"repeat","background-position":"center center","background-size":"auto","background-attachment":"scroll","background-type":"","background-media":"","overlay-type":"","overlay-color":"","overlay-opacity":"","overlay-gradient":""}}},"product_brand":[],"product_cat":[48,47,49,430,1200],"product_tag":[1387,449,145,272,1029,287,189,198,286],"class_list":{"0":"post-8229","1":"product","2":"type-product","3":"status-publish","4":"has-post-thumbnail","6":"product_cat-casual","7":"product_cat-classic","8":"product_cat-loafer","9":"product_cat-men","10":"product_cat-mens-shoes-2","11":"product_tag-black-platform-shoes","12":"product_tag-casual-shoes","13":"product_tag-classic-shoes","14":"product_tag-comfort-shoes","15":"product_tag-cowhide-leather","16":"product_tag-eva-sole-shoes","17":"product_tag-goat-leather-lining","18":"product_tag-mens-fashion","19":"product_tag-mens-leather-shoes","20":"desktop-align-center","21":"tablet-align-center","22":"mobile-align-center","24":"first","25":"instock","26":"shipping-taxable","27":"purchasable","28":"product-type-variable","29":"has-default-attributes"},"acf":[],"uagb_featured_image_src":{"full":["https:\/\/turkishtrade.co\/wp-content\/uploads\/2026\/01\/2600NZTMN00063-BLACK.png",453,250,false],"thumbnail":["https:\/\/turkishtrade.co\/wp-content\/uploads\/2026\/01\/2600NZTMN00063-BLACK-150x150.png",150,150,true],"medium":["https:\/\/turkishtrade.co\/wp-content\/uploads\/2026\/01\/2600NZTMN00063-BLACK-300x166.png",300,166,true],"medium_large":["https:\/\/turkishtrade.co\/wp-content\/uploads\/2026\/01\/2600NZTMN00063-BLACK.png",453,250,false],"large":["https:\/\/turkishtrade.co\/wp-content\/uploads\/2026\/01\/2600NZTMN00063-BLACK.png",453,250,false],"1536x1536":["https:\/\/turkishtrade.co\/wp-content\/uploads\/2026\/01\/2600NZTMN00063-BLACK.png",453,250,false],"2048x2048":["https:\/\/turkishtrade.co\/wp-content\/uploads\/2026\/01\/2600NZTMN00063-BLACK.png",453,250,false],"trp-custom-language-flag":["https:\/\/turkishtrade.co\/wp-content\/uploads\/2026\/01\/2600NZTMN00063-BLACK-18x10.png",18,10,true],"woocommerce_thumbnail":["https:\/\/turkishtrade.co\/wp-content\/uploads\/2026\/01\/2600NZTMN00063-BLACK-400x250.png",400,250,true],"woocommerce_single":["https:\/\/turkishtrade.co\/wp-content\/uploads\/2026\/01\/2600NZTMN00063-BLACK.png",453,250,false],"woocommerce_gallery_thumbnail":["https:\/\/turkishtrade.co\/wp-content\/uploads\/2026\/01\/2600NZTMN00063-BLACK-100x100.png",100,100,true]},"uagb_author_info":{"display_name":"python python","author_link":"https:\/\/turkishtrade.co\/fr\/author\/"},"uagb_comment_info":0,"uagb_excerpt":"Premium cowhide leather upper for superior quality and style. Soft goat leather lining ensures exceptional comfort and breathability. Lightweight and durable EVA sole with a stylish platform design. Classic lace-up closure provides a secure and adjustable fit. Versatile black design perfect for casual and classic outfits. Available in EU sizes 40, 41, 42, 43, 44.\u2026","_links":{"self":[{"href":"https:\/\/turkishtrade.co\/fr\/wp-json\/wp\/v2\/product\/8229","targetHints":{"allow":["GET"]}}],"collection":[{"href":"https:\/\/turkishtrade.co\/fr\/wp-json\/wp\/v2\/product"}],"about":[{"href":"https:\/\/turkishtrade.co\/fr\/wp-json\/wp\/v2\/types\/product"}],"wp:featuredmedia":[{"embeddable":true,"href":"https:\/\/turkishtrade.co\/fr\/wp-json\/wp\/v2\/media\/6898"}],"wp:attachment":[{"href":"https:\/\/turkishtrade.co\/fr\/wp-json\/wp\/v2\/media?parent=8229"}],"wp:term":[{"taxonomy":"product_brand","embeddable":true,"href":"https:\/\/turkishtrade.co\/fr\/wp-json\/wp\/v2\/product_brand?post=8229"},{"taxonomy":"product_cat","embeddable":true,"href":"https:\/\/turkishtrade.co\/fr\/wp-json\/wp\/v2\/product_cat?post=8229"},{"taxonomy":"product_tag","embeddable":true,"href":"https:\/\/turkishtrade.co\/fr\/wp-json\/wp\/v2\/product_tag?post=8229"}],"curies":[{"name":"wp","href":"https:\/\/api.w.org\/{rel}","templated":true}]}}