{"id":8228,"date":"2026-01-29T14:48:35","date_gmt":"2026-01-29T14:48:35","guid":{"rendered":"https:\/\/turkishtrade.co\/?post_type=product&#038;p=8228"},"modified":"2026-04-09T20:31:57","modified_gmt":"2026-04-09T20:31:57","slug":"mens-black-calf-leather-derby-sneakers","status":"publish","type":"product","link":"https:\/\/turkishtrade.co\/fr\/shop\/mens-black-calf-leather-derby-sneakers\/","title":{"rendered":"Hommes - Derby en cuir de veau noir - Baskets incroyables avec semelle en EVA"},"content":{"rendered":"<p><strong>Baskets derby en cuir de veau noir pour hommes<\/strong>. Une qualit\u00e9 et un design incroyables.<\/p>\n<p>Entrez dans un style et un confort in\u00e9gal\u00e9s gr\u00e2ce \u00e0 nos produits de qualit\u00e9 sup\u00e9rieure. <strong>Baskets derby en cuir de veau noir pour hommes<\/strong>. Con\u00e7ues pour l'homme moderne, ces chaussures sophistiqu\u00e9es allient l'\u00e9l\u00e9gance intemporelle d'une silhouette Derby \u00e0 l'attrait contemporain et au confort d'une basket. Que vous naviguiez dans les rues de la ville ou que vous profitiez d'un week-end d\u00e9contract\u00e9, ces baskets sont con\u00e7ues pour vous permettre de rester \u00e9l\u00e9gant et de vous sentir bien.<\/p>\n<h3>Qualit\u00e9 et confort in\u00e9gal\u00e9s<\/h3>\n<p>Au c\u0153ur de ces chaussures exceptionnelles se trouve une s\u00e9lection de mat\u00e9riaux de qualit\u00e9 sup\u00e9rieure. La tige est m\u00e9ticuleusement fabriqu\u00e9e en cuir de veau v\u00e9ritable, connu pour sa texture lisse, sa durabilit\u00e9 et sa capacit\u00e9 \u00e0 vieillir en beaut\u00e9. Ce cuir de qualit\u00e9 sup\u00e9rieure offre une finition raffin\u00e9e qui rehausse n'importe quelle tenue. \u00c0 l'int\u00e9rieur, vos pieds sont berc\u00e9s par une luxueuse doublure en cuir de ch\u00e8vre, qui offre un toucher incroyablement doux, une excellente respirabilit\u00e9 et des propri\u00e9t\u00e9s d'\u00e9vacuation de l'humidit\u00e9, garantissant le confort m\u00eame apr\u00e8s un port prolong\u00e9. La base de ces <strong>Baskets derby en cuir de veau noir pour hommes<\/strong> est une semelle EVA \u00e0 la fois robuste et l\u00e9g\u00e8re. Cette technologie de semelle avanc\u00e9e offre un amorti, une absorption des chocs et une flexibilit\u00e9 sup\u00e9rieurs, faisant de chaque pas un plaisir. D\u00e9couvrez la synergie parfaite entre des mat\u00e9riaux de haute qualit\u00e9 et un design bien pens\u00e9 qui fait de ces chaussures un v\u00e9ritable \u00e9l\u00e9ment de base de votre garde-robe.<\/p>\n<h3>Un style polyvalent pour toutes les occasions<\/h3>\n<p>La couleur noire \u00e9l\u00e9gante combin\u00e9e \u00e0 la semelle EVA blanche distinctive et aux lacets blancs assortis cr\u00e9e un contraste frappant qui est \u00e0 la fois moderne et polyvalent. Ces chaussures <strong>Baskets derby en cuir de veau noir pour hommes<\/strong> ne sont pas seulement des chaussures, elles sont une d\u00e9claration de style d\u00e9contract\u00e9 et sophistiqu\u00e9. Associez-les \u00e0 un pantalon de tailleur pour un look de bureau chic et d\u00e9contract\u00e9, \u00e0 un jean fonc\u00e9 pour un ensemble \u00e9l\u00e9gant le week-end, ou m\u00eame \u00e0 un pantalon chino pour une ambiance cool sans effort. Leur design adaptable leur permet de s'int\u00e9grer parfaitement dans diff\u00e9rents contextes de mode, offrant une alternative raffin\u00e9e aux baskets traditionnelles tout en offrant un confort sup\u00e9rieur.<\/p>\n<h3>Artisanat et souci du d\u00e9tail<\/h3>\n<p>Chaque paire de nos <strong>Baskets derby en cuir de veau noir pour hommes<\/strong> refl\u00e8te un engagement en faveur d'un savoir-faire de qualit\u00e9 sup\u00e9rieure. Des coutures de pr\u00e9cision aux accessoires soigneusement choisis, chaque d\u00e9tail est pris en compte pour garantir un produit qui non seulement a fi\u00e8re allure, mais qui r\u00e9siste aussi \u00e0 l'\u00e9preuve du temps. Disponibles dans une large gamme de pointures allant du 40 au 44, il est facile de trouver la chaussure id\u00e9ale. Investissez dans une paire de chaussures qui vous promet un style durable, un confort exceptionnel et la qualit\u00e9 que vous m\u00e9ritez.<\/p>\n<p>Pour les d\u00e9taillants qui souhaitent offrir \u00e0 leurs clients des chaussures de qualit\u00e9 sup\u00e9rieure, ces <strong>Baskets derby en cuir de veau noir pour hommes<\/strong> sont disponibles \u00e0 l'achat en gros avec une quantit\u00e9 minimum de 16 paires. Contactez-nous d\u00e8s aujourd'hui pour en savoir plus sur nos possibilit\u00e9s de vente en gros et ajoutez ces chaussures \u00e0 succ\u00e8s \u00e0 votre collection.<\/p>","protected":false},"excerpt":{"rendered":"<ul>\n<li>Fabriqu\u00e9 en cuir de veau v\u00e9ritable pour un look sophistiqu\u00e9 et une durabilit\u00e9 \u00e0 toute \u00e9preuve.<\/li>\n<li>La doublure en cuir de ch\u00e8vre luxueux offre une respirabilit\u00e9 et un confort exceptionnels.<\/li>\n<li>La semelle EVA l\u00e9g\u00e8re et r\u00e9active assure un confort et un soutien tout au long de la journ\u00e9e.<\/li>\n<li>Derby \u00e9l\u00e9gant \u00e0 lacets, parfait pour une tenue \u00e9l\u00e9gante et d\u00e9contract\u00e9e au quotidien.<\/li>\n<li>Disponible dans les tailles 40, 41, 42, 43 et 44.<\/li>\n<li><strong>Disponible en gros : Quantit\u00e9 minimale de commande de 16 paires.<\/strong><\/li>\n<\/ul>","protected":false},"featured_media":6896,"template":"","meta":{"_acf_changed":false,"_uag_custom_page_level_css":"","site-sidebar-layout":"default","site-content-layout":"","ast-site-content-layout":"default","site-content-style":"default","site-sidebar-style":"default","ast-global-header-display":"","ast-banner-title-visibility":"","ast-main-header-display":"","ast-hfb-above-header-display":"","ast-hfb-below-header-display":"","ast-hfb-mobile-header-display":"","site-post-title":"","ast-breadcrumbs-content":"","ast-featured-img":"","footer-sml-layout":"","ast-disable-related-posts":"","theme-transparent-header-meta":"","adv-header-id-meta":"","stick-header-meta":"","header-above-stick-meta":"","header-main-stick-meta":"","header-below-stick-meta":"","astra-migrate-meta-layouts":"default","ast-page-background-enabled":"default","ast-page-background-meta":{"desktop":{"background-color":"var(--ast-global-color-4)","background-image":"","background-repeat":"repeat","background-position":"center center","background-size":"auto","background-attachment":"scroll","background-type":"","background-media":"","overlay-type":"","overlay-color":"","overlay-opacity":"","overlay-gradient":""},"tablet":{"background-color":"","background-image":"","background-repeat":"repeat","background-position":"center center","background-size":"auto","background-attachment":"scroll","background-type":"","background-media":"","overlay-type":"","overlay-color":"","overlay-opacity":"","overlay-gradient":""},"mobile":{"background-color":"","background-image":"","background-repeat":"repeat","background-position":"center center","background-size":"auto","background-attachment":"scroll","background-type":"","background-media":"","overlay-type":"","overlay-color":"","overlay-opacity":"","overlay-gradient":""}},"ast-content-background-meta":{"desktop":{"background-color":"var(--ast-global-color-5)","background-image":"","background-repeat":"repeat","background-position":"center center","background-size":"auto","background-attachment":"scroll","background-type":"","background-media":"","overlay-type":"","overlay-color":"","overlay-opacity":"","overlay-gradient":""},"tablet":{"background-color":"var(--ast-global-color-5)","background-image":"","background-repeat":"repeat","background-position":"center center","background-size":"auto","background-attachment":"scroll","background-type":"","background-media":"","overlay-type":"","overlay-color":"","overlay-opacity":"","overlay-gradient":""},"mobile":{"background-color":"var(--ast-global-color-5)","background-image":"","background-repeat":"repeat","background-position":"center center","background-size":"auto","background-attachment":"scroll","background-type":"","background-media":"","overlay-type":"","overlay-color":"","overlay-opacity":"","overlay-gradient":""}}},"product_brand":[],"product_cat":[48,49,430,1200,50],"product_tag":[238,185,449,1395,438,189,214,936,1124,281],"class_list":{"0":"post-8228","1":"product","2":"type-product","3":"status-publish","4":"has-post-thumbnail","6":"product_cat-casual","7":"product_cat-loafer","8":"product_cat-men","9":"product_cat-mens-shoes-2","10":"product_cat-sneakers","11":"product_tag-black-leather-sneakers","12":"product_tag-calf-leather-shoes","13":"product_tag-casual-shoes","14":"product_tag-derby-sneakers","15":"product_tag-eva-sole","16":"product_tag-goat-leather-lining","17":"product_tag-mens-sneakers","18":"product_tag-premium-mens-footwear","19":"product_tag-stylish-sneakers","20":"product_tag-wholesale-shoes","21":"desktop-align-center","22":"tablet-align-center","23":"mobile-align-center","25":"first","26":"instock","27":"shipping-taxable","28":"purchasable","29":"product-type-variable","30":"has-default-attributes"},"acf":[],"uagb_featured_image_src":{"full":["https:\/\/turkishtrade.co\/wp-content\/uploads\/2026\/01\/2600NZTMN00062-BLACK.png",453,250,false],"thumbnail":["https:\/\/turkishtrade.co\/wp-content\/uploads\/2026\/01\/2600NZTMN00062-BLACK-150x150.png",150,150,true],"medium":["https:\/\/turkishtrade.co\/wp-content\/uploads\/2026\/01\/2600NZTMN00062-BLACK-300x166.png",300,166,true],"medium_large":["https:\/\/turkishtrade.co\/wp-content\/uploads\/2026\/01\/2600NZTMN00062-BLACK.png",453,250,false],"large":["https:\/\/turkishtrade.co\/wp-content\/uploads\/2026\/01\/2600NZTMN00062-BLACK.png",453,250,false],"1536x1536":["https:\/\/turkishtrade.co\/wp-content\/uploads\/2026\/01\/2600NZTMN00062-BLACK.png",453,250,false],"2048x2048":["https:\/\/turkishtrade.co\/wp-content\/uploads\/2026\/01\/2600NZTMN00062-BLACK.png",453,250,false],"trp-custom-language-flag":["https:\/\/turkishtrade.co\/wp-content\/uploads\/2026\/01\/2600NZTMN00062-BLACK-18x10.png",18,10,true],"woocommerce_thumbnail":["https:\/\/turkishtrade.co\/wp-content\/uploads\/2026\/01\/2600NZTMN00062-BLACK-400x250.png",400,250,true],"woocommerce_single":["https:\/\/turkishtrade.co\/wp-content\/uploads\/2026\/01\/2600NZTMN00062-BLACK.png",453,250,false],"woocommerce_gallery_thumbnail":["https:\/\/turkishtrade.co\/wp-content\/uploads\/2026\/01\/2600NZTMN00062-BLACK-100x100.png",100,100,true]},"uagb_author_info":{"display_name":"python python","author_link":"https:\/\/turkishtrade.co\/fr\/author\/"},"uagb_comment_info":0,"uagb_excerpt":"Crafted from genuine calf leather for a sophisticated look and lasting durability. Luxurious goat leather lining provides exceptional breathability and comfort. Lightweight and responsive EVA sole ensures all-day comfort and support. Stylish lace-up Derby design perfect for smart-casual and everyday wear. Available in sizes 40, 41, 42, 43, and 44. Wholesale Available: Minimum order quantity\u2026","_links":{"self":[{"href":"https:\/\/turkishtrade.co\/fr\/wp-json\/wp\/v2\/product\/8228","targetHints":{"allow":["GET"]}}],"collection":[{"href":"https:\/\/turkishtrade.co\/fr\/wp-json\/wp\/v2\/product"}],"about":[{"href":"https:\/\/turkishtrade.co\/fr\/wp-json\/wp\/v2\/types\/product"}],"wp:featuredmedia":[{"embeddable":true,"href":"https:\/\/turkishtrade.co\/fr\/wp-json\/wp\/v2\/media\/6896"}],"wp:attachment":[{"href":"https:\/\/turkishtrade.co\/fr\/wp-json\/wp\/v2\/media?parent=8228"}],"wp:term":[{"taxonomy":"product_brand","embeddable":true,"href":"https:\/\/turkishtrade.co\/fr\/wp-json\/wp\/v2\/product_brand?post=8228"},{"taxonomy":"product_cat","embeddable":true,"href":"https:\/\/turkishtrade.co\/fr\/wp-json\/wp\/v2\/product_cat?post=8228"},{"taxonomy":"product_tag","embeddable":true,"href":"https:\/\/turkishtrade.co\/fr\/wp-json\/wp\/v2\/product_tag?post=8228"}],"curies":[{"name":"wp","href":"https:\/\/api.w.org\/{rel}","templated":true}]}}